{"id":9899,"date":"2024-06-12T09:47:28","date_gmt":"2024-06-12T09:47:28","guid":{"rendered":"https:\/\/spectrebaltics.com\/?post_type=product&#038;p=9899"},"modified":"2024-06-12T09:48:29","modified_gmt":"2024-06-12T09:48:29","slug":"keevitusaparaat-cloos-qineo-next-602-master","status":"publish","type":"product","link":"https:\/\/spectrebaltics.com\/en\/toode\/keevitusaparaat-cloos-qineo-next-602-master\/","title":{"rendered":"Keevitusaparaat CLOOS QINEO NexT 602 Master"},"content":{"rendered":"<p>Keevitusseade <strong>QINEO NexT-602 Master <\/strong>on kolmefaasiline mudel, mis on m\u00f5eldud kasutamiseks re\u017eiimides <strong>MIG-MAG\/MMA<\/strong> ja <strong>TIG<\/strong>. See seade on terviklik lahendus igasuguste \u00fclesannete jaoks.<\/p>\n<p><strong>QINEO NexT-602 Master <\/strong>on varustatud s\u00fcnergilise juhtimisega, mis v\u00f5imaldab keevitajal keskenduda keevitusprotsessile ja h\u00f5lpsasti vahetada re\u017eiime vastavalt t\u00f6\u00f6tingimustele, s\u00e4ilitades need parameetrid stabiilse kaare tagamiseks kogu keevitusperioodi v\u00e4ltel. Modulaarne s\u00fcsteem on universaalne lahendus igale kasutajale, v\u00f5imaldades valida komponente vastavalt individuaalsetele vajadustele. See mudel on suurep\u00e4rane hinna ja kvaliteedi suhe. Lihtne ja arusaadav juhtpaneeli liides tagab kasutusmugavuse.<\/p>\n<p>CLOOS ettev\u00f5te paneb oma toodetesse aastatepikkuse kogemuse ja k\u00f5ige uuenduslikumad tehnoloogiad, et pakkuda kvaliteetset ja usaldusv\u00e4\u00e4rset tehnikat. K\u00f5ik elemendid ja konstruktsioonid on valmistatud vastupidavatest materjalidest ja ei vea teid alt isegi k\u00f5ige karmimates ja ekstreemsemates tingimustes. Seadmed on projekteeritud ja toodetud Saksamaal.<\/p>\n<p><strong>QINEO NexT-602 Master <\/strong><strong>poolautomaatkeevituse protsessid<\/strong><\/p>\n<p><strong>Control Weld<\/strong> &#8211; MIG\/MAG keevitusprotsess ilma impulssideta s\u00fcnergeetilise funktsiooniga.<\/p>\n<p><strong>Vari Weld<\/strong> &#8211; see on protsess I\/I-reguleeritava impulss-elektrikaariga.<\/p>\n<p><strong>Rapid Weld<\/strong> &#8211; protsess loob v\u00e4ga kontsentreeritud kaare ja tagab v\u00e4ga s\u00fcgava l\u00e4bivoolu.<\/p>\n<p><strong>Duo Pulse<\/strong> &#8211; v\u00f5imaldab genereerida teise keevitusre\u017eiimi parameetrite komplekti m\u00e4\u00e4ratud p\u00f5hiv\u00e4\u00e4rtuse alusel. See v\u00f5ib olla suurem v\u00f5i v\u00e4iksem m\u00e4\u00e4ratud v\u00e4\u00e4rtusest. Re\u017eiim v\u00e4hendab pritsmete teket, parandab \u00f5mbluse kvaliteeti ja v\u00e4hendab materjalikulu.<\/p>\n<p><strong>Root Weld<\/strong> &#8211; energias\u00e4\u00e4stlik kontrollitud l\u00fchikaar kaitsegaasikeskkonnas, mis on spetsiaalselt ette n\u00e4htud juurekeevituseks v\u00f5i \u00f5hukeste lehtede keevitamiseks.<\/p>\n<p><strong>Speed Weld<\/strong> &#8211; see on impulss-elektrikaar reguleeritud sulamisv\u00f5imsusega. Ideaalne plekkmetallist detailide paksusega 0,1 kuni 5 mm \u00fchendamiseks.<\/p>\n<p><strong>Fine Weld<\/strong> &#8211; tehnoloogia, mis tagab minimaalse pritsmete tekkimise \u00f5hukeste lehtede puhul, mis asuvad n\u00e4htaval alal.<\/p>\n<p>Keevitusvool &#8211; 20 A &#8211; 600 A<br \/>\nKeevitusvool 60% t\u00f6\u00f6ts\u00fckliga &#8211; 600 A \/ 44 V<br \/>\nKeevitusvool 100% t\u00f6\u00f6ts\u00fckliga &#8211; 500 A \/ 39 V<br \/>\nT\u00fchik\u00e4igupinge &#8211; 80 V<br \/>\nToitepinge &#8211; 380 V &#8211; 480 V \/ 50 Hz \/ 3-faasiline<br \/>\n\u00dchenduskaabel &#8211; 4 x 10 mm\u00b2<br \/>\nToite kaitse\/400V &#8211; 50 A<br \/>\nKaitseklass &#8211; IP 23<br \/>\nIsolatsiooniklass &#8211; F<br \/>\nJahutuse t\u00fc\u00fcp &#8211; F<br \/>\nM\u00f5\u00f5dud P\/L\/K (ilma traadita) &#8211; 819 x 348 x 498 mm<br \/>\nKaal (ilma traadiajamita) &#8211; 67 kg<\/p>\n<p>&nbsp;<\/p>\n<p>&nbsp;<\/p>\n<p>&nbsp;<\/p>\n<p>&nbsp;<\/p>\n<p>&nbsp;<\/p>\n<p>&nbsp;<\/p>\n<p>&nbsp;<\/p>\n<p>&nbsp;<\/p>\n<p>&nbsp;<\/p>\n<p>&nbsp;<\/p>\n<p>&nbsp;<\/p>\n<p>&nbsp;<\/p>\n<p>Keevitusvool &#8211; 20 A &#8211; 600 A<br \/>\nKeevitusvool 60% t\u00f6\u00f6ts\u00fckliga &#8211; 600 A \/ 44 V<br \/>\nKeevitusvool 100% t\u00f6\u00f6ts\u00fckliga &#8211; 500 A \/ 39 V<br \/>\nT\u00fchik\u00e4igupinge &#8211; 80 V<br \/>\nToitepinge &#8211; 380 V &#8211; 480 V \/ 50 Hz \/ 3-faasiline<br \/>\n\u00dchenduskaabel &#8211; 4 x 10 mm\u00b2<br \/>\nToite kaitse\/400V &#8211; 50 A<br \/>\nKaitseklass &#8211; IP 23<br \/>\nIsolatsiooniklass &#8211; F<br \/>\nJahutuse t\u00fc\u00fcp &#8211; F<br \/>\nM\u00f5\u00f5dud P\/L\/K (ilma traadita) &#8211; 819 x 348 x 498 mm<br \/>\nKaal (ilma traadiajamita) &#8211; 67 kg<\/p>\n","protected":false},"excerpt":{"rendered":"<p>Keevitusseade QINEO NexT-602 Master on kolmefaasiline mudel, mis on m\u00f5eldud kasutamiseks re\u017eiimides MIG-MAG\/MMA ja TIG. See seade on terviklik lahendus igasuguste \u00fclesannete jaoks. QINEO NexT-602 Master on varustatud s\u00fcnergilise juhtimisega, mis v\u00f5imaldab keevitajal keskenduda keevitusprotsessile ja h\u00f5lpsasti vahetada re\u017eiime vastavalt t\u00f6\u00f6tingimustele, s\u00e4ilitades need parameetrid stabiilse kaare tagamiseks kogu keevitusperioodi v\u00e4ltel. Modulaarne s\u00fcsteem on universaalne lahendus&#8230;<\/p>\n","protected":false},"featured_media":9900,"template":"","meta":[],"product_cat":[59,60],"product_tag":[],"yoast_head":"<!-- This site is optimized with the Yoast SEO plugin v18.4.1 - https:\/\/yoast.com\/wordpress\/plugins\/seo\/ -->\n<title>Keevitusaparaat CLOOS QINEO NexT 602 Master<\/title>\n<meta name=\"robots\" content=\"index, follow, max-snippet:-1, max-image-preview:large, max-video-preview:-1\" \/>\n<link rel=\"canonical\" href=\"https:\/\/spectrebaltics.com\/toode\/keevitusaparaat-cloos-qineo-next-602-master\/\" \/>\n<meta property=\"og:locale\" content=\"en_US\" \/>\n<meta property=\"og:type\" content=\"article\" \/>\n<meta property=\"og:title\" content=\"Keevitusaparaat CLOOS QINEO NexT 602 Master\" \/>\n<meta property=\"og:description\" content=\"Keevitusseade QINEO NexT-602 Master on kolmefaasiline mudel, mis on m\u00f5eldud kasutamiseks re\u017eiimides MIG-MAG\/MMA ja TIG. See seade on terviklik lahendus igasuguste \u00fclesannete jaoks. QINEO NexT-602 Master on varustatud s\u00fcnergilise juhtimisega, mis v\u00f5imaldab keevitajal keskenduda keevitusprotsessile ja h\u00f5lpsasti vahetada re\u017eiime vastavalt t\u00f6\u00f6tingimustele, s\u00e4ilitades need parameetrid stabiilse kaare tagamiseks kogu keevitusperioodi v\u00e4ltel. Modulaarne s\u00fcsteem on universaalne lahendus...\" \/>\n<meta property=\"og:url\" content=\"https:\/\/spectrebaltics.com\/toode\/keevitusaparaat-cloos-qineo-next-602-master\/\" \/>\n<meta property=\"og:site_name\" content=\"Spectrebaltics\" \/>\n<meta property=\"article:modified_time\" content=\"2024-06-12T09:48:29+00:00\" \/>\n<meta property=\"og:image\" content=\"https:\/\/spectrebaltics.com\/wp-content\/uploads\/2024\/06\/csm_qineo_next_402_602_master_ad587ba12f-1.png\" \/>\n\t<meta property=\"og:image:width\" content=\"400\" \/>\n\t<meta property=\"og:image:height\" content=\"450\" \/>\n\t<meta property=\"og:image:type\" content=\"image\/png\" \/>\n<meta name=\"twitter:card\" content=\"summary_large_image\" \/>\n<meta name=\"twitter:label1\" content=\"Est. reading time\" \/>\n\t<meta name=\"twitter:data1\" content=\"2 minutes\" \/>\n<script type=\"application\/ld+json\" class=\"yoast-schema-graph\">{\"@context\":\"https:\/\/schema.org\",\"@graph\":[{\"@type\":\"Organization\",\"@id\":\"https:\/\/spectrebaltics.com\/ru\/#organization\",\"name\":\"Spectrebaltics\",\"url\":\"https:\/\/spectrebaltics.com\/ru\/\",\"sameAs\":[],\"logo\":{\"@type\":\"ImageObject\",\"@id\":\"https:\/\/spectrebaltics.com\/ru\/#logo\",\"inLanguage\":\"en-US\",\"url\":\"https:\/\/spectrebaltics.com\/wp-content\/uploads\/2024\/03\/Spectrebaltics-logo.svg\",\"contentUrl\":\"https:\/\/spectrebaltics.com\/wp-content\/uploads\/2024\/03\/Spectrebaltics-logo.svg\",\"caption\":\"Spectrebaltics\"},\"image\":{\"@id\":\"https:\/\/spectrebaltics.com\/ru\/#logo\"}},{\"@type\":\"WebSite\",\"@id\":\"https:\/\/spectrebaltics.com\/ru\/#website\",\"url\":\"https:\/\/spectrebaltics.com\/ru\/\",\"name\":\"Spectrebaltics\",\"description\":\"\",\"publisher\":{\"@id\":\"https:\/\/spectrebaltics.com\/ru\/#organization\"},\"potentialAction\":[{\"@type\":\"SearchAction\",\"target\":{\"@type\":\"EntryPoint\",\"urlTemplate\":\"https:\/\/spectrebaltics.com\/ru\/?s={search_term_string}\"},\"query-input\":\"required name=search_term_string\"}],\"inLanguage\":\"en-US\"},{\"@type\":\"ImageObject\",\"@id\":\"https:\/\/spectrebaltics.com\/toode\/keevitusaparaat-cloos-qineo-next-602-master\/#primaryimage\",\"inLanguage\":\"en-US\",\"url\":\"https:\/\/spectrebaltics.com\/wp-content\/uploads\/2024\/06\/csm_qineo_next_402_602_master_ad587ba12f-1.png\",\"contentUrl\":\"https:\/\/spectrebaltics.com\/wp-content\/uploads\/2024\/06\/csm_qineo_next_402_602_master_ad587ba12f-1.png\",\"width\":400,\"height\":450},{\"@type\":\"WebPage\",\"@id\":\"https:\/\/spectrebaltics.com\/toode\/keevitusaparaat-cloos-qineo-next-602-master\/#webpage\",\"url\":\"https:\/\/spectrebaltics.com\/toode\/keevitusaparaat-cloos-qineo-next-602-master\/\",\"name\":\"Keevitusaparaat CLOOS QINEO NexT 602 Master\",\"isPartOf\":{\"@id\":\"https:\/\/spectrebaltics.com\/ru\/#website\"},\"primaryImageOfPage\":{\"@id\":\"https:\/\/spectrebaltics.com\/toode\/keevitusaparaat-cloos-qineo-next-602-master\/#primaryimage\"},\"datePublished\":\"2024-06-12T09:47:28+00:00\",\"dateModified\":\"2024-06-12T09:48:29+00:00\",\"breadcrumb\":{\"@id\":\"https:\/\/spectrebaltics.com\/toode\/keevitusaparaat-cloos-qineo-next-602-master\/#breadcrumb\"},\"inLanguage\":\"en-US\",\"potentialAction\":[{\"@type\":\"ReadAction\",\"target\":[\"https:\/\/spectrebaltics.com\/toode\/keevitusaparaat-cloos-qineo-next-602-master\/\"]}]},{\"@type\":\"BreadcrumbList\",\"@id\":\"https:\/\/spectrebaltics.com\/toode\/keevitusaparaat-cloos-qineo-next-602-master\/#breadcrumb\",\"itemListElement\":[{\"@type\":\"ListItem\",\"position\":1,\"name\":\"Home\",\"item\":\"https:\/\/spectrebaltics.com\/en\/\"},{\"@type\":\"ListItem\",\"position\":2,\"name\":\"Catalogue\",\"item\":\"https:\/\/spectrebaltics.com\/en\/catalogue\/\"},{\"@type\":\"ListItem\",\"position\":3,\"name\":\"Keevitusaparaat CLOOS QINEO NexT 602 Master\"}]}]}<\/script>\n<!-- \/ Yoast SEO plugin. -->","yoast_head_json":{"title":"Keevitusaparaat CLOOS QINEO NexT 602 Master","robots":{"index":"index","follow":"follow","max-snippet":"max-snippet:-1","max-image-preview":"max-image-preview:large","max-video-preview":"max-video-preview:-1"},"canonical":"https:\/\/spectrebaltics.com\/toode\/keevitusaparaat-cloos-qineo-next-602-master\/","og_locale":"en_US","og_type":"article","og_title":"Keevitusaparaat CLOOS QINEO NexT 602 Master","og_description":"Keevitusseade QINEO NexT-602 Master on kolmefaasiline mudel, mis on m\u00f5eldud kasutamiseks re\u017eiimides MIG-MAG\/MMA ja TIG. See seade on terviklik lahendus igasuguste \u00fclesannete jaoks. QINEO NexT-602 Master on varustatud s\u00fcnergilise juhtimisega, mis v\u00f5imaldab keevitajal keskenduda keevitusprotsessile ja h\u00f5lpsasti vahetada re\u017eiime vastavalt t\u00f6\u00f6tingimustele, s\u00e4ilitades need parameetrid stabiilse kaare tagamiseks kogu keevitusperioodi v\u00e4ltel. Modulaarne s\u00fcsteem on universaalne lahendus...","og_url":"https:\/\/spectrebaltics.com\/toode\/keevitusaparaat-cloos-qineo-next-602-master\/","og_site_name":"Spectrebaltics","article_modified_time":"2024-06-12T09:48:29+00:00","og_image":[{"width":400,"height":450,"url":"https:\/\/spectrebaltics.com\/wp-content\/uploads\/2024\/06\/csm_qineo_next_402_602_master_ad587ba12f-1.png","type":"image\/png"}],"twitter_card":"summary_large_image","twitter_misc":{"Est. reading time":"2 minutes"},"schema":{"@context":"https:\/\/schema.org","@graph":[{"@type":"Organization","@id":"https:\/\/spectrebaltics.com\/ru\/#organization","name":"Spectrebaltics","url":"https:\/\/spectrebaltics.com\/ru\/","sameAs":[],"logo":{"@type":"ImageObject","@id":"https:\/\/spectrebaltics.com\/ru\/#logo","inLanguage":"en-US","url":"https:\/\/spectrebaltics.com\/wp-content\/uploads\/2024\/03\/Spectrebaltics-logo.svg","contentUrl":"https:\/\/spectrebaltics.com\/wp-content\/uploads\/2024\/03\/Spectrebaltics-logo.svg","caption":"Spectrebaltics"},"image":{"@id":"https:\/\/spectrebaltics.com\/ru\/#logo"}},{"@type":"WebSite","@id":"https:\/\/spectrebaltics.com\/ru\/#website","url":"https:\/\/spectrebaltics.com\/ru\/","name":"Spectrebaltics","description":"","publisher":{"@id":"https:\/\/spectrebaltics.com\/ru\/#organization"},"potentialAction":[{"@type":"SearchAction","target":{"@type":"EntryPoint","urlTemplate":"https:\/\/spectrebaltics.com\/ru\/?s={search_term_string}"},"query-input":"required name=search_term_string"}],"inLanguage":"en-US"},{"@type":"ImageObject","@id":"https:\/\/spectrebaltics.com\/toode\/keevitusaparaat-cloos-qineo-next-602-master\/#primaryimage","inLanguage":"en-US","url":"https:\/\/spectrebaltics.com\/wp-content\/uploads\/2024\/06\/csm_qineo_next_402_602_master_ad587ba12f-1.png","contentUrl":"https:\/\/spectrebaltics.com\/wp-content\/uploads\/2024\/06\/csm_qineo_next_402_602_master_ad587ba12f-1.png","width":400,"height":450},{"@type":"WebPage","@id":"https:\/\/spectrebaltics.com\/toode\/keevitusaparaat-cloos-qineo-next-602-master\/#webpage","url":"https:\/\/spectrebaltics.com\/toode\/keevitusaparaat-cloos-qineo-next-602-master\/","name":"Keevitusaparaat CLOOS QINEO NexT 602 Master","isPartOf":{"@id":"https:\/\/spectrebaltics.com\/ru\/#website"},"primaryImageOfPage":{"@id":"https:\/\/spectrebaltics.com\/toode\/keevitusaparaat-cloos-qineo-next-602-master\/#primaryimage"},"datePublished":"2024-06-12T09:47:28+00:00","dateModified":"2024-06-12T09:48:29+00:00","breadcrumb":{"@id":"https:\/\/spectrebaltics.com\/toode\/keevitusaparaat-cloos-qineo-next-602-master\/#breadcrumb"},"inLanguage":"en-US","potentialAction":[{"@type":"ReadAction","target":["https:\/\/spectrebaltics.com\/toode\/keevitusaparaat-cloos-qineo-next-602-master\/"]}]},{"@type":"BreadcrumbList","@id":"https:\/\/spectrebaltics.com\/toode\/keevitusaparaat-cloos-qineo-next-602-master\/#breadcrumb","itemListElement":[{"@type":"ListItem","position":1,"name":"Home","item":"https:\/\/spectrebaltics.com\/en\/"},{"@type":"ListItem","position":2,"name":"Catalogue","item":"https:\/\/spectrebaltics.com\/en\/catalogue\/"},{"@type":"ListItem","position":3,"name":"Keevitusaparaat CLOOS QINEO NexT 602 Master"}]}]}},"_links":{"self":[{"href":"https:\/\/spectrebaltics.com\/en\/wp-json\/wp\/v2\/product\/9899"}],"collection":[{"href":"https:\/\/spectrebaltics.com\/en\/wp-json\/wp\/v2\/product"}],"about":[{"href":"https:\/\/spectrebaltics.com\/en\/wp-json\/wp\/v2\/types\/product"}],"wp:featuredmedia":[{"embeddable":true,"href":"https:\/\/spectrebaltics.com\/en\/wp-json\/wp\/v2\/media\/9900"}],"wp:attachment":[{"href":"https:\/\/spectrebaltics.com\/en\/wp-json\/wp\/v2\/media?parent=9899"}],"wp:term":[{"taxonomy":"product_cat","embeddable":true,"href":"https:\/\/spectrebaltics.com\/en\/wp-json\/wp\/v2\/product_cat?post=9899"},{"taxonomy":"product_tag","embeddable":true,"href":"https:\/\/spectrebaltics.com\/en\/wp-json\/wp\/v2\/product_tag?post=9899"}],"curies":[{"name":"wp","href":"https:\/\/api.w.org\/{rel}","templated":true}]}}