{"id":9907,"date":"2024-06-12T12:06:01","date_gmt":"2024-06-12T12:06:01","guid":{"rendered":"https:\/\/spectrebaltics.com\/?post_type=product&#038;p=9907"},"modified":"2024-06-12T12:22:23","modified_gmt":"2024-06-12T12:22:23","slug":"keevitusseadmed-cloos-qineo-micro-300-c","status":"publish","type":"product","link":"https:\/\/spectrebaltics.com\/en\/toode\/keevitusseadmed-cloos-qineo-micro-300-c\/","title":{"rendered":"Keevitusseadmed CLOOS QINEO Micro 300 C"},"content":{"rendered":"<p style=\"text-align: left;\">QINEO Micro \u2013 kompaktne ja v\u00f5imas<br \/>\nKaasaskantavaid astmeteta reguleeritavaid MIG\/MAG keevitusseadmeid QINEO Micro on lihtne k\u00e4sitseda, kasutada on paindlik ja need on v\u00f5imsad. S\u00fcnergiap\u00f5hised keevitusmasinad on m\u00f5eldud t\u00e4ppist\u00f6\u00f6ks ja kvaliteetsete tulemustega. Sulle avaldab muljet QINEO Micro optimaalne v\u00f5imsuse ja kaalu suhe. K\u00e4ep\u00e4raseid keevitusj\u00f5uallikaid saab keevitaja kiiresti ja lihtsalt paigaldada igale keevitus- v\u00f5i ehitusplatsile, s\u00f5idukite remondiks v\u00f5i t\u00f6\u00f6stuslikuks kasutamiseks.<br \/>\n\u2022 Mitmek\u00fclgsed rakendused: lahendus k\u00f5ikideks keevitust\u00f6\u00f6deks<br \/>\n\u2022 S\u00fcnergiare\u017eiim: keevitusparameetrite kiire seadistamine<br \/>\n\u2022 Lihtne kasutada: S\u00fcnergia karakteristikud on tarnega kaasas<br \/>\n\u2022 Optimaalne v\u00f5imsuse ja kaalu suhe kerge, lihtne kasutada ja v\u00e4ga v\u00f5imas<br \/>\n\u2022 Keevitusvool: 5 A &#8211; 300 A<br \/>\n\u2022 Keevitusvool 100% t\u00f6\u00f6ts\u00fckliga: 200 A<br \/>\n\u2022 T\u00fchik\u00e4igupinge: 60 V<br \/>\n\u2022 Toitepinge: 400V \/ 50Hz \/ 3 faasi<br \/>\n\u2022 \u00dchenduskaabel: 4 x 2,5 mm\u00b2<br \/>\n\u2022 Toite kaitse\/400V: 16 A<br \/>\n\u2022 Kaitseklass: IP 23 S<br \/>\n\u2022 Isolatsiooniklass: H<br \/>\n\u2022 Jahutuse t\u00fc\u00fcp: F<br \/>\n\u2022 M\u00f5\u00f5dud (P\/L\/K) kompaktne seade: 560 x 280 x 390 mm<br \/>\n\u2022 Kaal kompaktne seade: 24,2 kg<\/p>\n","protected":false},"excerpt":{"rendered":"<p>QINEO Micro \u2013 kompaktne ja v\u00f5imas Kaasaskantavaid astmeteta reguleeritavaid MIG\/MAG keevitusseadmeid QINEO Micro on lihtne k\u00e4sitseda, kasutada on paindlik ja need on v\u00f5imsad. S\u00fcnergiap\u00f5hised keevitusmasinad on m\u00f5eldud t\u00e4ppist\u00f6\u00f6ks ja kvaliteetsete tulemustega. Sulle avaldab muljet QINEO Micro optimaalne v\u00f5imsuse ja kaalu suhe. K\u00e4ep\u00e4raseid keevitusj\u00f5uallikaid saab keevitaja kiiresti ja lihtsalt paigaldada igale keevitus- v\u00f5i ehitusplatsile, s\u00f5idukite remondiks&#8230;<\/p>\n","protected":false},"featured_media":9908,"template":"","meta":[],"product_cat":[59,60],"product_tag":[],"yoast_head":"<!-- This site is optimized with the Yoast SEO plugin v18.4.1 - https:\/\/yoast.com\/wordpress\/plugins\/seo\/ -->\n<title>Keevitusseadmed CLOOS QINEO Micro 300 C<\/title>\n<meta name=\"robots\" content=\"index, follow, max-snippet:-1, max-image-preview:large, max-video-preview:-1\" \/>\n<link rel=\"canonical\" href=\"https:\/\/spectrebaltics.com\/toode\/keevitusseadmed-cloos-qineo-micro-300-c\/\" \/>\n<meta property=\"og:locale\" content=\"en_US\" \/>\n<meta property=\"og:type\" content=\"article\" \/>\n<meta property=\"og:title\" content=\"Keevitusseadmed CLOOS QINEO Micro 300 C\" \/>\n<meta property=\"og:description\" content=\"QINEO Micro \u2013 kompaktne ja v\u00f5imas Kaasaskantavaid astmeteta reguleeritavaid MIG\/MAG keevitusseadmeid QINEO Micro on lihtne k\u00e4sitseda, kasutada on paindlik ja need on v\u00f5imsad. S\u00fcnergiap\u00f5hised keevitusmasinad on m\u00f5eldud t\u00e4ppist\u00f6\u00f6ks ja kvaliteetsete tulemustega. Sulle avaldab muljet QINEO Micro optimaalne v\u00f5imsuse ja kaalu suhe. K\u00e4ep\u00e4raseid keevitusj\u00f5uallikaid saab keevitaja kiiresti ja lihtsalt paigaldada igale keevitus- v\u00f5i ehitusplatsile, s\u00f5idukite remondiks...\" \/>\n<meta property=\"og:url\" content=\"https:\/\/spectrebaltics.com\/toode\/keevitusseadmed-cloos-qineo-micro-300-c\/\" \/>\n<meta property=\"og:site_name\" content=\"Spectrebaltics\" \/>\n<meta property=\"article:modified_time\" content=\"2024-06-12T12:22:23+00:00\" \/>\n<meta property=\"og:image\" content=\"https:\/\/spectrebaltics.com\/wp-content\/uploads\/2024\/06\/csm_qineo_micro300_5b81cf438e.png\" \/>\n\t<meta property=\"og:image:width\" content=\"400\" \/>\n\t<meta property=\"og:image:height\" content=\"300\" \/>\n\t<meta property=\"og:image:type\" content=\"image\/png\" \/>\n<meta name=\"twitter:card\" content=\"summary_large_image\" \/>\n<meta name=\"twitter:label1\" content=\"Est. reading time\" \/>\n\t<meta name=\"twitter:data1\" content=\"1 minute\" \/>\n<script type=\"application\/ld+json\" class=\"yoast-schema-graph\">{\"@context\":\"https:\/\/schema.org\",\"@graph\":[{\"@type\":\"Organization\",\"@id\":\"https:\/\/spectrebaltics.com\/ru\/#organization\",\"name\":\"Spectrebaltics\",\"url\":\"https:\/\/spectrebaltics.com\/ru\/\",\"sameAs\":[],\"logo\":{\"@type\":\"ImageObject\",\"@id\":\"https:\/\/spectrebaltics.com\/ru\/#logo\",\"inLanguage\":\"en-US\",\"url\":\"https:\/\/spectrebaltics.com\/wp-content\/uploads\/2024\/03\/Spectrebaltics-logo.svg\",\"contentUrl\":\"https:\/\/spectrebaltics.com\/wp-content\/uploads\/2024\/03\/Spectrebaltics-logo.svg\",\"caption\":\"Spectrebaltics\"},\"image\":{\"@id\":\"https:\/\/spectrebaltics.com\/ru\/#logo\"}},{\"@type\":\"WebSite\",\"@id\":\"https:\/\/spectrebaltics.com\/ru\/#website\",\"url\":\"https:\/\/spectrebaltics.com\/ru\/\",\"name\":\"Spectrebaltics\",\"description\":\"\",\"publisher\":{\"@id\":\"https:\/\/spectrebaltics.com\/ru\/#organization\"},\"potentialAction\":[{\"@type\":\"SearchAction\",\"target\":{\"@type\":\"EntryPoint\",\"urlTemplate\":\"https:\/\/spectrebaltics.com\/ru\/?s={search_term_string}\"},\"query-input\":\"required name=search_term_string\"}],\"inLanguage\":\"en-US\"},{\"@type\":\"ImageObject\",\"@id\":\"https:\/\/spectrebaltics.com\/toode\/keevitusseadmed-cloos-qineo-micro-300-c\/#primaryimage\",\"inLanguage\":\"en-US\",\"url\":\"https:\/\/spectrebaltics.com\/wp-content\/uploads\/2024\/06\/csm_qineo_micro300_5b81cf438e.png\",\"contentUrl\":\"https:\/\/spectrebaltics.com\/wp-content\/uploads\/2024\/06\/csm_qineo_micro300_5b81cf438e.png\",\"width\":400,\"height\":300},{\"@type\":\"WebPage\",\"@id\":\"https:\/\/spectrebaltics.com\/toode\/keevitusseadmed-cloos-qineo-micro-300-c\/#webpage\",\"url\":\"https:\/\/spectrebaltics.com\/toode\/keevitusseadmed-cloos-qineo-micro-300-c\/\",\"name\":\"Keevitusseadmed CLOOS QINEO Micro 300 C\",\"isPartOf\":{\"@id\":\"https:\/\/spectrebaltics.com\/ru\/#website\"},\"primaryImageOfPage\":{\"@id\":\"https:\/\/spectrebaltics.com\/toode\/keevitusseadmed-cloos-qineo-micro-300-c\/#primaryimage\"},\"datePublished\":\"2024-06-12T12:06:01+00:00\",\"dateModified\":\"2024-06-12T12:22:23+00:00\",\"breadcrumb\":{\"@id\":\"https:\/\/spectrebaltics.com\/toode\/keevitusseadmed-cloos-qineo-micro-300-c\/#breadcrumb\"},\"inLanguage\":\"en-US\",\"potentialAction\":[{\"@type\":\"ReadAction\",\"target\":[\"https:\/\/spectrebaltics.com\/toode\/keevitusseadmed-cloos-qineo-micro-300-c\/\"]}]},{\"@type\":\"BreadcrumbList\",\"@id\":\"https:\/\/spectrebaltics.com\/toode\/keevitusseadmed-cloos-qineo-micro-300-c\/#breadcrumb\",\"itemListElement\":[{\"@type\":\"ListItem\",\"position\":1,\"name\":\"Home\",\"item\":\"https:\/\/spectrebaltics.com\/en\/\"},{\"@type\":\"ListItem\",\"position\":2,\"name\":\"Catalogue\",\"item\":\"https:\/\/spectrebaltics.com\/en\/catalogue\/\"},{\"@type\":\"ListItem\",\"position\":3,\"name\":\"Keevitusseadmed CLOOS QINEO Micro 300 C\"}]}]}<\/script>\n<!-- \/ Yoast SEO plugin. -->","yoast_head_json":{"title":"Keevitusseadmed CLOOS QINEO Micro 300 C","robots":{"index":"index","follow":"follow","max-snippet":"max-snippet:-1","max-image-preview":"max-image-preview:large","max-video-preview":"max-video-preview:-1"},"canonical":"https:\/\/spectrebaltics.com\/toode\/keevitusseadmed-cloos-qineo-micro-300-c\/","og_locale":"en_US","og_type":"article","og_title":"Keevitusseadmed CLOOS QINEO Micro 300 C","og_description":"QINEO Micro \u2013 kompaktne ja v\u00f5imas Kaasaskantavaid astmeteta reguleeritavaid MIG\/MAG keevitusseadmeid QINEO Micro on lihtne k\u00e4sitseda, kasutada on paindlik ja need on v\u00f5imsad. S\u00fcnergiap\u00f5hised keevitusmasinad on m\u00f5eldud t\u00e4ppist\u00f6\u00f6ks ja kvaliteetsete tulemustega. Sulle avaldab muljet QINEO Micro optimaalne v\u00f5imsuse ja kaalu suhe. K\u00e4ep\u00e4raseid keevitusj\u00f5uallikaid saab keevitaja kiiresti ja lihtsalt paigaldada igale keevitus- v\u00f5i ehitusplatsile, s\u00f5idukite remondiks...","og_url":"https:\/\/spectrebaltics.com\/toode\/keevitusseadmed-cloos-qineo-micro-300-c\/","og_site_name":"Spectrebaltics","article_modified_time":"2024-06-12T12:22:23+00:00","og_image":[{"width":400,"height":300,"url":"https:\/\/spectrebaltics.com\/wp-content\/uploads\/2024\/06\/csm_qineo_micro300_5b81cf438e.png","type":"image\/png"}],"twitter_card":"summary_large_image","twitter_misc":{"Est. reading time":"1 minute"},"schema":{"@context":"https:\/\/schema.org","@graph":[{"@type":"Organization","@id":"https:\/\/spectrebaltics.com\/ru\/#organization","name":"Spectrebaltics","url":"https:\/\/spectrebaltics.com\/ru\/","sameAs":[],"logo":{"@type":"ImageObject","@id":"https:\/\/spectrebaltics.com\/ru\/#logo","inLanguage":"en-US","url":"https:\/\/spectrebaltics.com\/wp-content\/uploads\/2024\/03\/Spectrebaltics-logo.svg","contentUrl":"https:\/\/spectrebaltics.com\/wp-content\/uploads\/2024\/03\/Spectrebaltics-logo.svg","caption":"Spectrebaltics"},"image":{"@id":"https:\/\/spectrebaltics.com\/ru\/#logo"}},{"@type":"WebSite","@id":"https:\/\/spectrebaltics.com\/ru\/#website","url":"https:\/\/spectrebaltics.com\/ru\/","name":"Spectrebaltics","description":"","publisher":{"@id":"https:\/\/spectrebaltics.com\/ru\/#organization"},"potentialAction":[{"@type":"SearchAction","target":{"@type":"EntryPoint","urlTemplate":"https:\/\/spectrebaltics.com\/ru\/?s={search_term_string}"},"query-input":"required name=search_term_string"}],"inLanguage":"en-US"},{"@type":"ImageObject","@id":"https:\/\/spectrebaltics.com\/toode\/keevitusseadmed-cloos-qineo-micro-300-c\/#primaryimage","inLanguage":"en-US","url":"https:\/\/spectrebaltics.com\/wp-content\/uploads\/2024\/06\/csm_qineo_micro300_5b81cf438e.png","contentUrl":"https:\/\/spectrebaltics.com\/wp-content\/uploads\/2024\/06\/csm_qineo_micro300_5b81cf438e.png","width":400,"height":300},{"@type":"WebPage","@id":"https:\/\/spectrebaltics.com\/toode\/keevitusseadmed-cloos-qineo-micro-300-c\/#webpage","url":"https:\/\/spectrebaltics.com\/toode\/keevitusseadmed-cloos-qineo-micro-300-c\/","name":"Keevitusseadmed CLOOS QINEO Micro 300 C","isPartOf":{"@id":"https:\/\/spectrebaltics.com\/ru\/#website"},"primaryImageOfPage":{"@id":"https:\/\/spectrebaltics.com\/toode\/keevitusseadmed-cloos-qineo-micro-300-c\/#primaryimage"},"datePublished":"2024-06-12T12:06:01+00:00","dateModified":"2024-06-12T12:22:23+00:00","breadcrumb":{"@id":"https:\/\/spectrebaltics.com\/toode\/keevitusseadmed-cloos-qineo-micro-300-c\/#breadcrumb"},"inLanguage":"en-US","potentialAction":[{"@type":"ReadAction","target":["https:\/\/spectrebaltics.com\/toode\/keevitusseadmed-cloos-qineo-micro-300-c\/"]}]},{"@type":"BreadcrumbList","@id":"https:\/\/spectrebaltics.com\/toode\/keevitusseadmed-cloos-qineo-micro-300-c\/#breadcrumb","itemListElement":[{"@type":"ListItem","position":1,"name":"Home","item":"https:\/\/spectrebaltics.com\/en\/"},{"@type":"ListItem","position":2,"name":"Catalogue","item":"https:\/\/spectrebaltics.com\/en\/catalogue\/"},{"@type":"ListItem","position":3,"name":"Keevitusseadmed CLOOS QINEO Micro 300 C"}]}]}},"_links":{"self":[{"href":"https:\/\/spectrebaltics.com\/en\/wp-json\/wp\/v2\/product\/9907"}],"collection":[{"href":"https:\/\/spectrebaltics.com\/en\/wp-json\/wp\/v2\/product"}],"about":[{"href":"https:\/\/spectrebaltics.com\/en\/wp-json\/wp\/v2\/types\/product"}],"wp:featuredmedia":[{"embeddable":true,"href":"https:\/\/spectrebaltics.com\/en\/wp-json\/wp\/v2\/media\/9908"}],"wp:attachment":[{"href":"https:\/\/spectrebaltics.com\/en\/wp-json\/wp\/v2\/media?parent=9907"}],"wp:term":[{"taxonomy":"product_cat","embeddable":true,"href":"https:\/\/spectrebaltics.com\/en\/wp-json\/wp\/v2\/product_cat?post=9907"},{"taxonomy":"product_tag","embeddable":true,"href":"https:\/\/spectrebaltics.com\/en\/wp-json\/wp\/v2\/product_tag?post=9907"}],"curies":[{"name":"wp","href":"https:\/\/api.w.org\/{rel}","templated":true}]}}