{"id":9936,"date":"2024-06-20T06:29:26","date_gmt":"2024-06-20T06:29:26","guid":{"rendered":"https:\/\/spectrebaltics.com\/?post_type=product&#038;p=9936"},"modified":"2024-06-20T06:29:26","modified_gmt":"2024-06-20T06:29:26","slug":"esab-duus-0-6mm-0558009406-pt-36","status":"publish","type":"product","link":"https:\/\/spectrebaltics.com\/en\/toode\/esab-duus-0-6mm-0558009406-pt-36\/","title":{"rendered":"ESAB D\u00fc\u00fcs 0.6mm, 0558009406 PT-36"},"content":{"rendered":"<p>ESAB D\u00fc\u00fcsi 0558009406 ava l\u00e4bim\u00f5\u00f5t on 0,6 mm ja see on m\u00f5eldud metalli l\u00f5ikamiseks voolutugevusel 30 amprit.<\/p>\n<p>Otsik on ette n\u00e4htud plasma l\u00f5ikekaare moodustamiseks. D\u00fc\u00fcsi kanali kuju ja m\u00f5\u00f5tmed m\u00e4\u00e4ravad kaare parameetrid ja omadused. Selle l\u00e4bim\u00f5\u00f5du v\u00e4henedes ja pikkuse suurenedes suurenevad plasma voolukiirus, energia kontsentratsioon kaares, pinge ja l\u00f5ikev\u00f5ime. Mida kauem s\u00e4ilib otsiku kuju ja m\u00f5\u00f5tmed, seda pikem on selle kasutusiga.<\/p>\n<p>See kulumaterjal on l\u00f5ikamise ajal k\u00f5ige vastuv\u00f5tlikum, nagu ka otsik, seet\u00f5ttu on soovitatav seda vahetada koos l\u00f5ikevoolule vastava elektroodiga.<\/p>\n","protected":false},"excerpt":{"rendered":"<p>ESAB D\u00fc\u00fcsi 0558009406 ava l\u00e4bim\u00f5\u00f5t on 0,6 mm ja see on m\u00f5eldud metalli l\u00f5ikamiseks voolutugevusel 30 amprit. Otsik on ette n\u00e4htud plasma l\u00f5ikekaare moodustamiseks. D\u00fc\u00fcsi kanali kuju ja m\u00f5\u00f5tmed m\u00e4\u00e4ravad kaare parameetrid ja omadused. Selle l\u00e4bim\u00f5\u00f5du v\u00e4henedes ja pikkuse suurenedes suurenevad plasma voolukiirus, energia kontsentratsioon kaares, pinge ja l\u00f5ikev\u00f5ime. Mida kauem s\u00e4ilib otsiku kuju ja&#8230;<\/p>\n","protected":false},"featured_media":0,"template":"","meta":[],"product_cat":[78,81],"product_tag":[],"yoast_head":"<!-- This site is optimized with the Yoast SEO plugin v18.4.1 - https:\/\/yoast.com\/wordpress\/plugins\/seo\/ -->\n<title>ESAB D\u00fc\u00fcs 0.6mm, 0558009406 PT-36<\/title>\n<meta name=\"robots\" content=\"index, follow, max-snippet:-1, max-image-preview:large, max-video-preview:-1\" \/>\n<link rel=\"canonical\" href=\"https:\/\/spectrebaltics.com\/toode\/esab-duus-0-6mm-0558009406-pt-36\/\" \/>\n<meta property=\"og:locale\" content=\"en_US\" \/>\n<meta property=\"og:type\" content=\"article\" \/>\n<meta property=\"og:title\" content=\"ESAB D\u00fc\u00fcs 0.6mm, 0558009406 PT-36\" \/>\n<meta property=\"og:description\" content=\"ESAB D\u00fc\u00fcsi 0558009406 ava l\u00e4bim\u00f5\u00f5t on 0,6 mm ja see on m\u00f5eldud metalli l\u00f5ikamiseks voolutugevusel 30 amprit. Otsik on ette n\u00e4htud plasma l\u00f5ikekaare moodustamiseks. D\u00fc\u00fcsi kanali kuju ja m\u00f5\u00f5tmed m\u00e4\u00e4ravad kaare parameetrid ja omadused. Selle l\u00e4bim\u00f5\u00f5du v\u00e4henedes ja pikkuse suurenedes suurenevad plasma voolukiirus, energia kontsentratsioon kaares, pinge ja l\u00f5ikev\u00f5ime. Mida kauem s\u00e4ilib otsiku kuju ja...\" \/>\n<meta property=\"og:url\" content=\"https:\/\/spectrebaltics.com\/toode\/esab-duus-0-6mm-0558009406-pt-36\/\" \/>\n<meta property=\"og:site_name\" content=\"Spectrebaltics\" \/>\n<meta name=\"twitter:card\" content=\"summary_large_image\" \/>\n<script type=\"application\/ld+json\" class=\"yoast-schema-graph\">{\"@context\":\"https:\/\/schema.org\",\"@graph\":[{\"@type\":\"Organization\",\"@id\":\"https:\/\/spectrebaltics.com\/ru\/#organization\",\"name\":\"Spectrebaltics\",\"url\":\"https:\/\/spectrebaltics.com\/ru\/\",\"sameAs\":[],\"logo\":{\"@type\":\"ImageObject\",\"@id\":\"https:\/\/spectrebaltics.com\/ru\/#logo\",\"inLanguage\":\"en-US\",\"url\":\"https:\/\/spectrebaltics.com\/wp-content\/uploads\/2024\/03\/Spectrebaltics-logo.svg\",\"contentUrl\":\"https:\/\/spectrebaltics.com\/wp-content\/uploads\/2024\/03\/Spectrebaltics-logo.svg\",\"caption\":\"Spectrebaltics\"},\"image\":{\"@id\":\"https:\/\/spectrebaltics.com\/ru\/#logo\"}},{\"@type\":\"WebSite\",\"@id\":\"https:\/\/spectrebaltics.com\/ru\/#website\",\"url\":\"https:\/\/spectrebaltics.com\/ru\/\",\"name\":\"Spectrebaltics\",\"description\":\"\",\"publisher\":{\"@id\":\"https:\/\/spectrebaltics.com\/ru\/#organization\"},\"potentialAction\":[{\"@type\":\"SearchAction\",\"target\":{\"@type\":\"EntryPoint\",\"urlTemplate\":\"https:\/\/spectrebaltics.com\/ru\/?s={search_term_string}\"},\"query-input\":\"required name=search_term_string\"}],\"inLanguage\":\"en-US\"},{\"@type\":\"WebPage\",\"@id\":\"https:\/\/spectrebaltics.com\/toode\/esab-duus-0-6mm-0558009406-pt-36\/#webpage\",\"url\":\"https:\/\/spectrebaltics.com\/toode\/esab-duus-0-6mm-0558009406-pt-36\/\",\"name\":\"ESAB D\u00fc\u00fcs 0.6mm, 0558009406 PT-36\",\"isPartOf\":{\"@id\":\"https:\/\/spectrebaltics.com\/ru\/#website\"},\"datePublished\":\"2024-06-20T06:29:26+00:00\",\"dateModified\":\"2024-06-20T06:29:26+00:00\",\"breadcrumb\":{\"@id\":\"https:\/\/spectrebaltics.com\/toode\/esab-duus-0-6mm-0558009406-pt-36\/#breadcrumb\"},\"inLanguage\":\"en-US\",\"potentialAction\":[{\"@type\":\"ReadAction\",\"target\":[\"https:\/\/spectrebaltics.com\/toode\/esab-duus-0-6mm-0558009406-pt-36\/\"]}]},{\"@type\":\"BreadcrumbList\",\"@id\":\"https:\/\/spectrebaltics.com\/toode\/esab-duus-0-6mm-0558009406-pt-36\/#breadcrumb\",\"itemListElement\":[{\"@type\":\"ListItem\",\"position\":1,\"name\":\"Home\",\"item\":\"https:\/\/spectrebaltics.com\/en\/\"},{\"@type\":\"ListItem\",\"position\":2,\"name\":\"Catalogue\",\"item\":\"https:\/\/spectrebaltics.com\/en\/catalogue\/\"},{\"@type\":\"ListItem\",\"position\":3,\"name\":\"ESAB D\u00fc\u00fcs 0.6mm, 0558009406 PT-36\"}]}]}<\/script>\n<!-- \/ Yoast SEO plugin. -->","yoast_head_json":{"title":"ESAB D\u00fc\u00fcs 0.6mm, 0558009406 PT-36","robots":{"index":"index","follow":"follow","max-snippet":"max-snippet:-1","max-image-preview":"max-image-preview:large","max-video-preview":"max-video-preview:-1"},"canonical":"https:\/\/spectrebaltics.com\/toode\/esab-duus-0-6mm-0558009406-pt-36\/","og_locale":"en_US","og_type":"article","og_title":"ESAB D\u00fc\u00fcs 0.6mm, 0558009406 PT-36","og_description":"ESAB D\u00fc\u00fcsi 0558009406 ava l\u00e4bim\u00f5\u00f5t on 0,6 mm ja see on m\u00f5eldud metalli l\u00f5ikamiseks voolutugevusel 30 amprit. Otsik on ette n\u00e4htud plasma l\u00f5ikekaare moodustamiseks. D\u00fc\u00fcsi kanali kuju ja m\u00f5\u00f5tmed m\u00e4\u00e4ravad kaare parameetrid ja omadused. Selle l\u00e4bim\u00f5\u00f5du v\u00e4henedes ja pikkuse suurenedes suurenevad plasma voolukiirus, energia kontsentratsioon kaares, pinge ja l\u00f5ikev\u00f5ime. Mida kauem s\u00e4ilib otsiku kuju ja...","og_url":"https:\/\/spectrebaltics.com\/toode\/esab-duus-0-6mm-0558009406-pt-36\/","og_site_name":"Spectrebaltics","twitter_card":"summary_large_image","schema":{"@context":"https:\/\/schema.org","@graph":[{"@type":"Organization","@id":"https:\/\/spectrebaltics.com\/ru\/#organization","name":"Spectrebaltics","url":"https:\/\/spectrebaltics.com\/ru\/","sameAs":[],"logo":{"@type":"ImageObject","@id":"https:\/\/spectrebaltics.com\/ru\/#logo","inLanguage":"en-US","url":"https:\/\/spectrebaltics.com\/wp-content\/uploads\/2024\/03\/Spectrebaltics-logo.svg","contentUrl":"https:\/\/spectrebaltics.com\/wp-content\/uploads\/2024\/03\/Spectrebaltics-logo.svg","caption":"Spectrebaltics"},"image":{"@id":"https:\/\/spectrebaltics.com\/ru\/#logo"}},{"@type":"WebSite","@id":"https:\/\/spectrebaltics.com\/ru\/#website","url":"https:\/\/spectrebaltics.com\/ru\/","name":"Spectrebaltics","description":"","publisher":{"@id":"https:\/\/spectrebaltics.com\/ru\/#organization"},"potentialAction":[{"@type":"SearchAction","target":{"@type":"EntryPoint","urlTemplate":"https:\/\/spectrebaltics.com\/ru\/?s={search_term_string}"},"query-input":"required name=search_term_string"}],"inLanguage":"en-US"},{"@type":"WebPage","@id":"https:\/\/spectrebaltics.com\/toode\/esab-duus-0-6mm-0558009406-pt-36\/#webpage","url":"https:\/\/spectrebaltics.com\/toode\/esab-duus-0-6mm-0558009406-pt-36\/","name":"ESAB D\u00fc\u00fcs 0.6mm, 0558009406 PT-36","isPartOf":{"@id":"https:\/\/spectrebaltics.com\/ru\/#website"},"datePublished":"2024-06-20T06:29:26+00:00","dateModified":"2024-06-20T06:29:26+00:00","breadcrumb":{"@id":"https:\/\/spectrebaltics.com\/toode\/esab-duus-0-6mm-0558009406-pt-36\/#breadcrumb"},"inLanguage":"en-US","potentialAction":[{"@type":"ReadAction","target":["https:\/\/spectrebaltics.com\/toode\/esab-duus-0-6mm-0558009406-pt-36\/"]}]},{"@type":"BreadcrumbList","@id":"https:\/\/spectrebaltics.com\/toode\/esab-duus-0-6mm-0558009406-pt-36\/#breadcrumb","itemListElement":[{"@type":"ListItem","position":1,"name":"Home","item":"https:\/\/spectrebaltics.com\/en\/"},{"@type":"ListItem","position":2,"name":"Catalogue","item":"https:\/\/spectrebaltics.com\/en\/catalogue\/"},{"@type":"ListItem","position":3,"name":"ESAB D\u00fc\u00fcs 0.6mm, 0558009406 PT-36"}]}]}},"_links":{"self":[{"href":"https:\/\/spectrebaltics.com\/en\/wp-json\/wp\/v2\/product\/9936"}],"collection":[{"href":"https:\/\/spectrebaltics.com\/en\/wp-json\/wp\/v2\/product"}],"about":[{"href":"https:\/\/spectrebaltics.com\/en\/wp-json\/wp\/v2\/types\/product"}],"wp:attachment":[{"href":"https:\/\/spectrebaltics.com\/en\/wp-json\/wp\/v2\/media?parent=9936"}],"wp:term":[{"taxonomy":"product_cat","embeddable":true,"href":"https:\/\/spectrebaltics.com\/en\/wp-json\/wp\/v2\/product_cat?post=9936"},{"taxonomy":"product_tag","embeddable":true,"href":"https:\/\/spectrebaltics.com\/en\/wp-json\/wp\/v2\/product_tag?post=9936"}],"curies":[{"name":"wp","href":"https:\/\/api.w.org\/{rel}","templated":true}]}}