{"id":9951,"date":"2024-06-20T07:37:19","date_gmt":"2024-06-20T07:37:19","guid":{"rendered":"https:\/\/spectrebaltics.com\/?post_type=product&#038;p=9951"},"modified":"2024-06-20T08:15:11","modified_gmt":"2024-06-20T08:15:11","slug":"hypertherm-electdhpr50-ms-220552","status":"publish","type":"product","link":"https:\/\/spectrebaltics.com\/en\/toode\/hypertherm-electdhpr50-ms-220552\/","title":{"rendered":"Hypertherm ELECTD:HPR50 MS &#8211; 220552"},"content":{"rendered":"<p>\u00d5hkplasma l\u00f5ikep\u00f5leti HYPERTHERM \u00fcks p\u00f5hielemente elektrood 50A 220552. See on vasesulamist valmistatud silindriline hoidik. Elektroodi keskel on emitter &#8211; tulekindel hafniummaterjal, mis kulub t\u00f6\u00f6aja jooksul k\u00f5rgete ja \u00fclik\u00f5rgete temperatuuride m\u00f5jul. Kui emitter kulub, vahetatakse elektrood v\u00e4lja. Optimaalsete l\u00f5iketingimuste ja toodete defektide puudumise tagamiseks on soovitatav elektrood koos otsikuga v\u00e4lja vahetada.<\/p>\n","protected":false},"excerpt":{"rendered":"<p>\u00d5hkplasma l\u00f5ikep\u00f5leti HYPERTHERM \u00fcks p\u00f5hielemente elektrood 50A 220552. See on vasesulamist valmistatud silindriline hoidik. Elektroodi keskel on emitter &#8211; tulekindel hafniummaterjal, mis kulub t\u00f6\u00f6aja jooksul k\u00f5rgete ja \u00fclik\u00f5rgete temperatuuride m\u00f5jul. Kui emitter kulub, vahetatakse elektrood v\u00e4lja. Optimaalsete l\u00f5iketingimuste ja toodete defektide puudumise tagamiseks on soovitatav elektrood koos otsikuga v\u00e4lja vahetada.<\/p>\n","protected":false},"featured_media":9966,"template":"","meta":[],"product_cat":[78,80],"product_tag":[],"yoast_head":"<!-- This site is optimized with the Yoast SEO plugin v18.4.1 - https:\/\/yoast.com\/wordpress\/plugins\/seo\/ -->\n<title>Hypertherm ELECTD:HPR50 MS - 220552<\/title>\n<meta name=\"robots\" content=\"index, follow, max-snippet:-1, max-image-preview:large, max-video-preview:-1\" \/>\n<link rel=\"canonical\" href=\"https:\/\/spectrebaltics.com\/toode\/hypertherm-electdhpr50-ms-220552\/\" \/>\n<meta property=\"og:locale\" content=\"en_US\" \/>\n<meta property=\"og:type\" content=\"article\" \/>\n<meta property=\"og:title\" content=\"Hypertherm ELECTD:HPR50 MS - 220552\" \/>\n<meta property=\"og:description\" content=\"\u00d5hkplasma l\u00f5ikep\u00f5leti HYPERTHERM \u00fcks p\u00f5hielemente elektrood 50A 220552. See on vasesulamist valmistatud silindriline hoidik. Elektroodi keskel on emitter &#8211; tulekindel hafniummaterjal, mis kulub t\u00f6\u00f6aja jooksul k\u00f5rgete ja \u00fclik\u00f5rgete temperatuuride m\u00f5jul. Kui emitter kulub, vahetatakse elektrood v\u00e4lja. Optimaalsete l\u00f5iketingimuste ja toodete defektide puudumise tagamiseks on soovitatav elektrood koos otsikuga v\u00e4lja vahetada.\" \/>\n<meta property=\"og:url\" content=\"https:\/\/spectrebaltics.com\/toode\/hypertherm-electdhpr50-ms-220552\/\" \/>\n<meta property=\"og:site_name\" content=\"Spectrebaltics\" \/>\n<meta property=\"article:modified_time\" content=\"2024-06-20T08:15:11+00:00\" \/>\n<meta property=\"og:image\" content=\"https:\/\/spectrebaltics.com\/wp-content\/uploads\/2024\/06\/snimok-ekrana-2024-06-20-111421.png\" \/>\n\t<meta property=\"og:image:width\" content=\"1205\" \/>\n\t<meta property=\"og:image:height\" content=\"723\" \/>\n\t<meta property=\"og:image:type\" content=\"image\/png\" \/>\n<meta name=\"twitter:card\" content=\"summary_large_image\" \/>\n<script type=\"application\/ld+json\" class=\"yoast-schema-graph\">{\"@context\":\"https:\/\/schema.org\",\"@graph\":[{\"@type\":\"Organization\",\"@id\":\"https:\/\/spectrebaltics.com\/ru\/#organization\",\"name\":\"Spectrebaltics\",\"url\":\"https:\/\/spectrebaltics.com\/ru\/\",\"sameAs\":[],\"logo\":{\"@type\":\"ImageObject\",\"@id\":\"https:\/\/spectrebaltics.com\/ru\/#logo\",\"inLanguage\":\"en-US\",\"url\":\"https:\/\/spectrebaltics.com\/wp-content\/uploads\/2024\/03\/Spectrebaltics-logo.svg\",\"contentUrl\":\"https:\/\/spectrebaltics.com\/wp-content\/uploads\/2024\/03\/Spectrebaltics-logo.svg\",\"caption\":\"Spectrebaltics\"},\"image\":{\"@id\":\"https:\/\/spectrebaltics.com\/ru\/#logo\"}},{\"@type\":\"WebSite\",\"@id\":\"https:\/\/spectrebaltics.com\/ru\/#website\",\"url\":\"https:\/\/spectrebaltics.com\/ru\/\",\"name\":\"Spectrebaltics\",\"description\":\"\",\"publisher\":{\"@id\":\"https:\/\/spectrebaltics.com\/ru\/#organization\"},\"potentialAction\":[{\"@type\":\"SearchAction\",\"target\":{\"@type\":\"EntryPoint\",\"urlTemplate\":\"https:\/\/spectrebaltics.com\/ru\/?s={search_term_string}\"},\"query-input\":\"required name=search_term_string\"}],\"inLanguage\":\"en-US\"},{\"@type\":\"ImageObject\",\"@id\":\"https:\/\/spectrebaltics.com\/toode\/hypertherm-electdhpr50-ms-220552\/#primaryimage\",\"inLanguage\":\"en-US\",\"url\":\"https:\/\/spectrebaltics.com\/wp-content\/uploads\/2024\/06\/snimok-ekrana-2024-06-20-111421.png\",\"contentUrl\":\"https:\/\/spectrebaltics.com\/wp-content\/uploads\/2024\/06\/snimok-ekrana-2024-06-20-111421.png\",\"width\":1205,\"height\":723},{\"@type\":\"WebPage\",\"@id\":\"https:\/\/spectrebaltics.com\/toode\/hypertherm-electdhpr50-ms-220552\/#webpage\",\"url\":\"https:\/\/spectrebaltics.com\/toode\/hypertherm-electdhpr50-ms-220552\/\",\"name\":\"Hypertherm ELECTD:HPR50 MS - 220552\",\"isPartOf\":{\"@id\":\"https:\/\/spectrebaltics.com\/ru\/#website\"},\"primaryImageOfPage\":{\"@id\":\"https:\/\/spectrebaltics.com\/toode\/hypertherm-electdhpr50-ms-220552\/#primaryimage\"},\"datePublished\":\"2024-06-20T07:37:19+00:00\",\"dateModified\":\"2024-06-20T08:15:11+00:00\",\"breadcrumb\":{\"@id\":\"https:\/\/spectrebaltics.com\/toode\/hypertherm-electdhpr50-ms-220552\/#breadcrumb\"},\"inLanguage\":\"en-US\",\"potentialAction\":[{\"@type\":\"ReadAction\",\"target\":[\"https:\/\/spectrebaltics.com\/toode\/hypertherm-electdhpr50-ms-220552\/\"]}]},{\"@type\":\"BreadcrumbList\",\"@id\":\"https:\/\/spectrebaltics.com\/toode\/hypertherm-electdhpr50-ms-220552\/#breadcrumb\",\"itemListElement\":[{\"@type\":\"ListItem\",\"position\":1,\"name\":\"Home\",\"item\":\"https:\/\/spectrebaltics.com\/en\/\"},{\"@type\":\"ListItem\",\"position\":2,\"name\":\"Catalogue\",\"item\":\"https:\/\/spectrebaltics.com\/en\/catalogue\/\"},{\"@type\":\"ListItem\",\"position\":3,\"name\":\"Hypertherm ELECTD:HPR50 MS &#8211; 220552\"}]}]}<\/script>\n<!-- \/ Yoast SEO plugin. -->","yoast_head_json":{"title":"Hypertherm ELECTD:HPR50 MS - 220552","robots":{"index":"index","follow":"follow","max-snippet":"max-snippet:-1","max-image-preview":"max-image-preview:large","max-video-preview":"max-video-preview:-1"},"canonical":"https:\/\/spectrebaltics.com\/toode\/hypertherm-electdhpr50-ms-220552\/","og_locale":"en_US","og_type":"article","og_title":"Hypertherm ELECTD:HPR50 MS - 220552","og_description":"\u00d5hkplasma l\u00f5ikep\u00f5leti HYPERTHERM \u00fcks p\u00f5hielemente elektrood 50A 220552. See on vasesulamist valmistatud silindriline hoidik. Elektroodi keskel on emitter &#8211; tulekindel hafniummaterjal, mis kulub t\u00f6\u00f6aja jooksul k\u00f5rgete ja \u00fclik\u00f5rgete temperatuuride m\u00f5jul. Kui emitter kulub, vahetatakse elektrood v\u00e4lja. Optimaalsete l\u00f5iketingimuste ja toodete defektide puudumise tagamiseks on soovitatav elektrood koos otsikuga v\u00e4lja vahetada.","og_url":"https:\/\/spectrebaltics.com\/toode\/hypertherm-electdhpr50-ms-220552\/","og_site_name":"Spectrebaltics","article_modified_time":"2024-06-20T08:15:11+00:00","og_image":[{"width":1205,"height":723,"url":"https:\/\/spectrebaltics.com\/wp-content\/uploads\/2024\/06\/snimok-ekrana-2024-06-20-111421.png","type":"image\/png"}],"twitter_card":"summary_large_image","schema":{"@context":"https:\/\/schema.org","@graph":[{"@type":"Organization","@id":"https:\/\/spectrebaltics.com\/ru\/#organization","name":"Spectrebaltics","url":"https:\/\/spectrebaltics.com\/ru\/","sameAs":[],"logo":{"@type":"ImageObject","@id":"https:\/\/spectrebaltics.com\/ru\/#logo","inLanguage":"en-US","url":"https:\/\/spectrebaltics.com\/wp-content\/uploads\/2024\/03\/Spectrebaltics-logo.svg","contentUrl":"https:\/\/spectrebaltics.com\/wp-content\/uploads\/2024\/03\/Spectrebaltics-logo.svg","caption":"Spectrebaltics"},"image":{"@id":"https:\/\/spectrebaltics.com\/ru\/#logo"}},{"@type":"WebSite","@id":"https:\/\/spectrebaltics.com\/ru\/#website","url":"https:\/\/spectrebaltics.com\/ru\/","name":"Spectrebaltics","description":"","publisher":{"@id":"https:\/\/spectrebaltics.com\/ru\/#organization"},"potentialAction":[{"@type":"SearchAction","target":{"@type":"EntryPoint","urlTemplate":"https:\/\/spectrebaltics.com\/ru\/?s={search_term_string}"},"query-input":"required name=search_term_string"}],"inLanguage":"en-US"},{"@type":"ImageObject","@id":"https:\/\/spectrebaltics.com\/toode\/hypertherm-electdhpr50-ms-220552\/#primaryimage","inLanguage":"en-US","url":"https:\/\/spectrebaltics.com\/wp-content\/uploads\/2024\/06\/snimok-ekrana-2024-06-20-111421.png","contentUrl":"https:\/\/spectrebaltics.com\/wp-content\/uploads\/2024\/06\/snimok-ekrana-2024-06-20-111421.png","width":1205,"height":723},{"@type":"WebPage","@id":"https:\/\/spectrebaltics.com\/toode\/hypertherm-electdhpr50-ms-220552\/#webpage","url":"https:\/\/spectrebaltics.com\/toode\/hypertherm-electdhpr50-ms-220552\/","name":"Hypertherm ELECTD:HPR50 MS - 220552","isPartOf":{"@id":"https:\/\/spectrebaltics.com\/ru\/#website"},"primaryImageOfPage":{"@id":"https:\/\/spectrebaltics.com\/toode\/hypertherm-electdhpr50-ms-220552\/#primaryimage"},"datePublished":"2024-06-20T07:37:19+00:00","dateModified":"2024-06-20T08:15:11+00:00","breadcrumb":{"@id":"https:\/\/spectrebaltics.com\/toode\/hypertherm-electdhpr50-ms-220552\/#breadcrumb"},"inLanguage":"en-US","potentialAction":[{"@type":"ReadAction","target":["https:\/\/spectrebaltics.com\/toode\/hypertherm-electdhpr50-ms-220552\/"]}]},{"@type":"BreadcrumbList","@id":"https:\/\/spectrebaltics.com\/toode\/hypertherm-electdhpr50-ms-220552\/#breadcrumb","itemListElement":[{"@type":"ListItem","position":1,"name":"Home","item":"https:\/\/spectrebaltics.com\/en\/"},{"@type":"ListItem","position":2,"name":"Catalogue","item":"https:\/\/spectrebaltics.com\/en\/catalogue\/"},{"@type":"ListItem","position":3,"name":"Hypertherm ELECTD:HPR50 MS &#8211; 220552"}]}]}},"_links":{"self":[{"href":"https:\/\/spectrebaltics.com\/en\/wp-json\/wp\/v2\/product\/9951"}],"collection":[{"href":"https:\/\/spectrebaltics.com\/en\/wp-json\/wp\/v2\/product"}],"about":[{"href":"https:\/\/spectrebaltics.com\/en\/wp-json\/wp\/v2\/types\/product"}],"wp:featuredmedia":[{"embeddable":true,"href":"https:\/\/spectrebaltics.com\/en\/wp-json\/wp\/v2\/media\/9966"}],"wp:attachment":[{"href":"https:\/\/spectrebaltics.com\/en\/wp-json\/wp\/v2\/media?parent=9951"}],"wp:term":[{"taxonomy":"product_cat","embeddable":true,"href":"https:\/\/spectrebaltics.com\/en\/wp-json\/wp\/v2\/product_cat?post=9951"},{"taxonomy":"product_tag","embeddable":true,"href":"https:\/\/spectrebaltics.com\/en\/wp-json\/wp\/v2\/product_tag?post=9951"}],"curies":[{"name":"wp","href":"https:\/\/api.w.org\/{rel}","templated":true}]}}