{"id":10005,"date":"2024-06-20T10:25:01","date_gmt":"2024-06-20T10:25:01","guid":{"rendered":"https:\/\/spectrebaltics.com\/?post_type=product&#038;p=10005"},"modified":"2024-06-21T06:00:51","modified_gmt":"2024-06-21T06:00:51","slug":"hypertherm-elektrode-130-a-hpr130-220181","status":"publish","type":"product","link":"https:\/\/spectrebaltics.com\/ru\/toode\/hypertherm-elektrode-130-a-hpr130-220181\/","title":{"rendered":"Hypertherm Elektrode, 130 A, HPR130 &#8212; 220181"},"content":{"rendered":"<p>Elektrood 220181 sobib s\u00fcsteemidele HYPERTHERM\u00ae HPR\u00ae130\/260 ja HPR\u00ae130XD\/260XD\/400XD ning on ette n\u00e4htud metalli mehhaniseeritud plasmal\u00f5ikamiseks. Elektrood 220181 on ette n\u00e4htud kuni 38 mm paksuse pehme terase l\u00f5ikamiseks voolutugevusel 130 amprit.<\/p>\n","protected":false},"excerpt":{"rendered":"<p>Elektrood 220181 sobib s\u00fcsteemidele HYPERTHERM\u00ae HPR\u00ae130\/260 ja HPR\u00ae130XD\/260XD\/400XD ning on ette n\u00e4htud metalli mehhaniseeritud plasmal\u00f5ikamiseks. Elektrood 220181 on ette n\u00e4htud kuni 38 mm paksuse pehme terase l\u00f5ikamiseks voolutugevusel 130 amprit.<\/p>\n","protected":false},"featured_media":10070,"template":"","meta":[],"product_cat":[78,80],"product_tag":[],"yoast_head":"<!-- This site is optimized with the Yoast SEO plugin v18.4.1 - https:\/\/yoast.com\/wordpress\/plugins\/seo\/ -->\n<title>Hypertherm Elektrode, 130 A, HPR130 - 220181<\/title>\n<meta name=\"robots\" content=\"index, follow, max-snippet:-1, max-image-preview:large, max-video-preview:-1\" \/>\n<link rel=\"canonical\" href=\"https:\/\/spectrebaltics.com\/toode\/hypertherm-elektrode-130-a-hpr130-220181\/\" \/>\n<meta property=\"og:locale\" content=\"ru_RU\" \/>\n<meta property=\"og:type\" content=\"article\" \/>\n<meta property=\"og:title\" content=\"Hypertherm Elektrode, 130 A, HPR130 - 220181\" \/>\n<meta property=\"og:description\" content=\"Elektrood 220181 sobib s\u00fcsteemidele HYPERTHERM\u00ae HPR\u00ae130\/260 ja HPR\u00ae130XD\/260XD\/400XD ning on ette n\u00e4htud metalli mehhaniseeritud plasmal\u00f5ikamiseks. Elektrood 220181 on ette n\u00e4htud kuni 38 mm paksuse pehme terase l\u00f5ikamiseks voolutugevusel 130 amprit.\" \/>\n<meta property=\"og:url\" content=\"https:\/\/spectrebaltics.com\/toode\/hypertherm-elektrode-130-a-hpr130-220181\/\" \/>\n<meta property=\"og:site_name\" content=\"Spectrebaltics\" \/>\n<meta property=\"article:modified_time\" content=\"2024-06-21T06:00:51+00:00\" \/>\n<meta property=\"og:image\" content=\"https:\/\/spectrebaltics.com\/wp-content\/uploads\/2024\/06\/electrode-130a-220181-1.jpg\" \/>\n\t<meta property=\"og:image:width\" content=\"333\" \/>\n\t<meta property=\"og:image:height\" content=\"250\" \/>\n\t<meta property=\"og:image:type\" content=\"image\/jpeg\" \/>\n<meta name=\"twitter:card\" content=\"summary_large_image\" \/>\n<script type=\"application\/ld+json\" class=\"yoast-schema-graph\">{\"@context\":\"https:\/\/schema.org\",\"@graph\":[{\"@type\":\"Organization\",\"@id\":\"https:\/\/spectrebaltics.com\/ru\/#organization\",\"name\":\"Spectrebaltics\",\"url\":\"https:\/\/spectrebaltics.com\/ru\/\",\"sameAs\":[],\"logo\":{\"@type\":\"ImageObject\",\"@id\":\"https:\/\/spectrebaltics.com\/ru\/#logo\",\"inLanguage\":\"ru-RU\",\"url\":\"https:\/\/spectrebaltics.com\/wp-content\/uploads\/2024\/03\/Spectrebaltics-logo.svg\",\"contentUrl\":\"https:\/\/spectrebaltics.com\/wp-content\/uploads\/2024\/03\/Spectrebaltics-logo.svg\",\"caption\":\"Spectrebaltics\"},\"image\":{\"@id\":\"https:\/\/spectrebaltics.com\/ru\/#logo\"}},{\"@type\":\"WebSite\",\"@id\":\"https:\/\/spectrebaltics.com\/ru\/#website\",\"url\":\"https:\/\/spectrebaltics.com\/ru\/\",\"name\":\"Spectrebaltics\",\"description\":\"\",\"publisher\":{\"@id\":\"https:\/\/spectrebaltics.com\/ru\/#organization\"},\"potentialAction\":[{\"@type\":\"SearchAction\",\"target\":{\"@type\":\"EntryPoint\",\"urlTemplate\":\"https:\/\/spectrebaltics.com\/ru\/?s={search_term_string}\"},\"query-input\":\"required name=search_term_string\"}],\"inLanguage\":\"ru-RU\"},{\"@type\":\"ImageObject\",\"@id\":\"https:\/\/spectrebaltics.com\/toode\/hypertherm-elektrode-130-a-hpr130-220181\/#primaryimage\",\"inLanguage\":\"ru-RU\",\"url\":\"https:\/\/spectrebaltics.com\/wp-content\/uploads\/2024\/06\/electrode-130a-220181-1.jpg\",\"contentUrl\":\"https:\/\/spectrebaltics.com\/wp-content\/uploads\/2024\/06\/electrode-130a-220181-1.jpg\",\"width\":333,\"height\":250},{\"@type\":\"WebPage\",\"@id\":\"https:\/\/spectrebaltics.com\/toode\/hypertherm-elektrode-130-a-hpr130-220181\/#webpage\",\"url\":\"https:\/\/spectrebaltics.com\/toode\/hypertherm-elektrode-130-a-hpr130-220181\/\",\"name\":\"Hypertherm Elektrode, 130 A, HPR130 - 220181\",\"isPartOf\":{\"@id\":\"https:\/\/spectrebaltics.com\/ru\/#website\"},\"primaryImageOfPage\":{\"@id\":\"https:\/\/spectrebaltics.com\/toode\/hypertherm-elektrode-130-a-hpr130-220181\/#primaryimage\"},\"datePublished\":\"2024-06-20T10:25:01+00:00\",\"dateModified\":\"2024-06-21T06:00:51+00:00\",\"breadcrumb\":{\"@id\":\"https:\/\/spectrebaltics.com\/toode\/hypertherm-elektrode-130-a-hpr130-220181\/#breadcrumb\"},\"inLanguage\":\"ru-RU\",\"potentialAction\":[{\"@type\":\"ReadAction\",\"target\":[\"https:\/\/spectrebaltics.com\/toode\/hypertherm-elektrode-130-a-hpr130-220181\/\"]}]},{\"@type\":\"BreadcrumbList\",\"@id\":\"https:\/\/spectrebaltics.com\/toode\/hypertherm-elektrode-130-a-hpr130-220181\/#breadcrumb\",\"itemListElement\":[{\"@type\":\"ListItem\",\"position\":1,\"name\":\"Home\",\"item\":\"https:\/\/spectrebaltics.com\/ru\/\"},{\"@type\":\"ListItem\",\"position\":2,\"name\":\"\u041a\u0430\u0442\u0430\u043b\u043e\u0433\",\"item\":\"https:\/\/spectrebaltics.com\/ru\/katalog\/\"},{\"@type\":\"ListItem\",\"position\":3,\"name\":\"Hypertherm Elektrode, 130 A, HPR130 &#8211; 220181\"}]}]}<\/script>\n<!-- \/ Yoast SEO plugin. -->","yoast_head_json":{"title":"Hypertherm Elektrode, 130 A, HPR130 - 220181","robots":{"index":"index","follow":"follow","max-snippet":"max-snippet:-1","max-image-preview":"max-image-preview:large","max-video-preview":"max-video-preview:-1"},"canonical":"https:\/\/spectrebaltics.com\/toode\/hypertherm-elektrode-130-a-hpr130-220181\/","og_locale":"ru_RU","og_type":"article","og_title":"Hypertherm Elektrode, 130 A, HPR130 - 220181","og_description":"Elektrood 220181 sobib s\u00fcsteemidele HYPERTHERM\u00ae HPR\u00ae130\/260 ja HPR\u00ae130XD\/260XD\/400XD ning on ette n\u00e4htud metalli mehhaniseeritud plasmal\u00f5ikamiseks. Elektrood 220181 on ette n\u00e4htud kuni 38 mm paksuse pehme terase l\u00f5ikamiseks voolutugevusel 130 amprit.","og_url":"https:\/\/spectrebaltics.com\/toode\/hypertherm-elektrode-130-a-hpr130-220181\/","og_site_name":"Spectrebaltics","article_modified_time":"2024-06-21T06:00:51+00:00","og_image":[{"width":333,"height":250,"url":"https:\/\/spectrebaltics.com\/wp-content\/uploads\/2024\/06\/electrode-130a-220181-1.jpg","type":"image\/jpeg"}],"twitter_card":"summary_large_image","schema":{"@context":"https:\/\/schema.org","@graph":[{"@type":"Organization","@id":"https:\/\/spectrebaltics.com\/ru\/#organization","name":"Spectrebaltics","url":"https:\/\/spectrebaltics.com\/ru\/","sameAs":[],"logo":{"@type":"ImageObject","@id":"https:\/\/spectrebaltics.com\/ru\/#logo","inLanguage":"ru-RU","url":"https:\/\/spectrebaltics.com\/wp-content\/uploads\/2024\/03\/Spectrebaltics-logo.svg","contentUrl":"https:\/\/spectrebaltics.com\/wp-content\/uploads\/2024\/03\/Spectrebaltics-logo.svg","caption":"Spectrebaltics"},"image":{"@id":"https:\/\/spectrebaltics.com\/ru\/#logo"}},{"@type":"WebSite","@id":"https:\/\/spectrebaltics.com\/ru\/#website","url":"https:\/\/spectrebaltics.com\/ru\/","name":"Spectrebaltics","description":"","publisher":{"@id":"https:\/\/spectrebaltics.com\/ru\/#organization"},"potentialAction":[{"@type":"SearchAction","target":{"@type":"EntryPoint","urlTemplate":"https:\/\/spectrebaltics.com\/ru\/?s={search_term_string}"},"query-input":"required name=search_term_string"}],"inLanguage":"ru-RU"},{"@type":"ImageObject","@id":"https:\/\/spectrebaltics.com\/toode\/hypertherm-elektrode-130-a-hpr130-220181\/#primaryimage","inLanguage":"ru-RU","url":"https:\/\/spectrebaltics.com\/wp-content\/uploads\/2024\/06\/electrode-130a-220181-1.jpg","contentUrl":"https:\/\/spectrebaltics.com\/wp-content\/uploads\/2024\/06\/electrode-130a-220181-1.jpg","width":333,"height":250},{"@type":"WebPage","@id":"https:\/\/spectrebaltics.com\/toode\/hypertherm-elektrode-130-a-hpr130-220181\/#webpage","url":"https:\/\/spectrebaltics.com\/toode\/hypertherm-elektrode-130-a-hpr130-220181\/","name":"Hypertherm Elektrode, 130 A, HPR130 - 220181","isPartOf":{"@id":"https:\/\/spectrebaltics.com\/ru\/#website"},"primaryImageOfPage":{"@id":"https:\/\/spectrebaltics.com\/toode\/hypertherm-elektrode-130-a-hpr130-220181\/#primaryimage"},"datePublished":"2024-06-20T10:25:01+00:00","dateModified":"2024-06-21T06:00:51+00:00","breadcrumb":{"@id":"https:\/\/spectrebaltics.com\/toode\/hypertherm-elektrode-130-a-hpr130-220181\/#breadcrumb"},"inLanguage":"ru-RU","potentialAction":[{"@type":"ReadAction","target":["https:\/\/spectrebaltics.com\/toode\/hypertherm-elektrode-130-a-hpr130-220181\/"]}]},{"@type":"BreadcrumbList","@id":"https:\/\/spectrebaltics.com\/toode\/hypertherm-elektrode-130-a-hpr130-220181\/#breadcrumb","itemListElement":[{"@type":"ListItem","position":1,"name":"Home","item":"https:\/\/spectrebaltics.com\/ru\/"},{"@type":"ListItem","position":2,"name":"\u041a\u0430\u0442\u0430\u043b\u043e\u0433","item":"https:\/\/spectrebaltics.com\/ru\/katalog\/"},{"@type":"ListItem","position":3,"name":"Hypertherm Elektrode, 130 A, HPR130 &#8211; 220181"}]}]}},"_links":{"self":[{"href":"https:\/\/spectrebaltics.com\/ru\/wp-json\/wp\/v2\/product\/10005"}],"collection":[{"href":"https:\/\/spectrebaltics.com\/ru\/wp-json\/wp\/v2\/product"}],"about":[{"href":"https:\/\/spectrebaltics.com\/ru\/wp-json\/wp\/v2\/types\/product"}],"wp:featuredmedia":[{"embeddable":true,"href":"https:\/\/spectrebaltics.com\/ru\/wp-json\/wp\/v2\/media\/10070"}],"wp:attachment":[{"href":"https:\/\/spectrebaltics.com\/ru\/wp-json\/wp\/v2\/media?parent=10005"}],"wp:term":[{"taxonomy":"product_cat","embeddable":true,"href":"https:\/\/spectrebaltics.com\/ru\/wp-json\/wp\/v2\/product_cat?post=10005"},{"taxonomy":"product_tag","embeddable":true,"href":"https:\/\/spectrebaltics.com\/ru\/wp-json\/wp\/v2\/product_tag?post=10005"}],"curies":[{"name":"wp","href":"https:\/\/api.w.org\/{rel}","templated":true}]}}