{"id":10009,"date":"2024-06-20T10:34:15","date_gmt":"2024-06-20T10:34:15","guid":{"rendered":"https:\/\/spectrebaltics.com\/?post_type=product&#038;p=10009"},"modified":"2024-06-21T06:18:13","modified_gmt":"2024-06-21T06:18:13","slug":"hypertherm-elektrode-80-a-02-hpr130-220187","status":"publish","type":"product","link":"https:\/\/spectrebaltics.com\/ru\/toode\/hypertherm-elektrode-80-a-02-hpr130-220187\/","title":{"rendered":"Hypertherm Elektrode, 80 A, 02 HPR130 &#8212; 220187"},"content":{"rendered":"<p>Hypertherm disainib kulumaterjale kiireks l\u00f5ikekiiruseks, pikaks t\u00f6\u00f6eaks ja suurep\u00e4raseks l\u00f5ikekvaliteediks k\u00f5rge tootlikkuse ja madalate kasutuskulude tagamiseks<\/p>\n<p>Hypertherm\u00ae 220187 Plasma kulumaterjal, elektrood, voolutugevus: 70\/80 amprit, kasutatavad materjalid: kerge teras, alumiinium, roostevaba teras.<\/p>\n","protected":false},"excerpt":{"rendered":"<p>Hypertherm disainib kulumaterjale kiireks l\u00f5ikekiiruseks, pikaks t\u00f6\u00f6eaks ja suurep\u00e4raseks l\u00f5ikekvaliteediks k\u00f5rge tootlikkuse ja madalate kasutuskulude tagamiseks Hypertherm\u00ae 220187 Plasma kulumaterjal, elektrood, voolutugevus: 70\/80 amprit, kasutatavad materjalid: kerge teras, alumiinium, roostevaba teras.<\/p>\n","protected":false},"featured_media":10070,"template":"","meta":[],"product_cat":[78,80],"product_tag":[],"yoast_head":"<!-- This site is optimized with the Yoast SEO plugin v18.4.1 - https:\/\/yoast.com\/wordpress\/plugins\/seo\/ -->\n<title>Hypertherm Elektrode, 80 A, 02 HPR130 - 220187<\/title>\n<meta name=\"robots\" content=\"index, follow, max-snippet:-1, max-image-preview:large, max-video-preview:-1\" \/>\n<link rel=\"canonical\" href=\"https:\/\/spectrebaltics.com\/toode\/hypertherm-elektrode-80-a-02-hpr130-220187\/\" \/>\n<meta property=\"og:locale\" content=\"ru_RU\" \/>\n<meta property=\"og:type\" content=\"article\" \/>\n<meta property=\"og:title\" content=\"Hypertherm Elektrode, 80 A, 02 HPR130 - 220187\" \/>\n<meta property=\"og:description\" content=\"Hypertherm disainib kulumaterjale kiireks l\u00f5ikekiiruseks, pikaks t\u00f6\u00f6eaks ja suurep\u00e4raseks l\u00f5ikekvaliteediks k\u00f5rge tootlikkuse ja madalate kasutuskulude tagamiseks Hypertherm\u00ae 220187 Plasma kulumaterjal, elektrood, voolutugevus: 70\/80 amprit, kasutatavad materjalid: kerge teras, alumiinium, roostevaba teras.\" \/>\n<meta property=\"og:url\" content=\"https:\/\/spectrebaltics.com\/toode\/hypertherm-elektrode-80-a-02-hpr130-220187\/\" \/>\n<meta property=\"og:site_name\" content=\"Spectrebaltics\" \/>\n<meta property=\"article:modified_time\" content=\"2024-06-21T06:18:13+00:00\" \/>\n<meta property=\"og:image\" content=\"https:\/\/spectrebaltics.com\/wp-content\/uploads\/2024\/06\/electrode-130a-220181-1.jpg\" \/>\n\t<meta property=\"og:image:width\" content=\"333\" \/>\n\t<meta property=\"og:image:height\" content=\"250\" \/>\n\t<meta property=\"og:image:type\" content=\"image\/jpeg\" \/>\n<meta name=\"twitter:card\" content=\"summary_large_image\" \/>\n<script type=\"application\/ld+json\" class=\"yoast-schema-graph\">{\"@context\":\"https:\/\/schema.org\",\"@graph\":[{\"@type\":\"Organization\",\"@id\":\"https:\/\/spectrebaltics.com\/ru\/#organization\",\"name\":\"Spectrebaltics\",\"url\":\"https:\/\/spectrebaltics.com\/ru\/\",\"sameAs\":[],\"logo\":{\"@type\":\"ImageObject\",\"@id\":\"https:\/\/spectrebaltics.com\/ru\/#logo\",\"inLanguage\":\"ru-RU\",\"url\":\"https:\/\/spectrebaltics.com\/wp-content\/uploads\/2024\/03\/Spectrebaltics-logo.svg\",\"contentUrl\":\"https:\/\/spectrebaltics.com\/wp-content\/uploads\/2024\/03\/Spectrebaltics-logo.svg\",\"caption\":\"Spectrebaltics\"},\"image\":{\"@id\":\"https:\/\/spectrebaltics.com\/ru\/#logo\"}},{\"@type\":\"WebSite\",\"@id\":\"https:\/\/spectrebaltics.com\/ru\/#website\",\"url\":\"https:\/\/spectrebaltics.com\/ru\/\",\"name\":\"Spectrebaltics\",\"description\":\"\",\"publisher\":{\"@id\":\"https:\/\/spectrebaltics.com\/ru\/#organization\"},\"potentialAction\":[{\"@type\":\"SearchAction\",\"target\":{\"@type\":\"EntryPoint\",\"urlTemplate\":\"https:\/\/spectrebaltics.com\/ru\/?s={search_term_string}\"},\"query-input\":\"required name=search_term_string\"}],\"inLanguage\":\"ru-RU\"},{\"@type\":\"ImageObject\",\"@id\":\"https:\/\/spectrebaltics.com\/toode\/hypertherm-elektrode-80-a-02-hpr130-220187\/#primaryimage\",\"inLanguage\":\"ru-RU\",\"url\":\"https:\/\/spectrebaltics.com\/wp-content\/uploads\/2024\/06\/electrode-130a-220181-1.jpg\",\"contentUrl\":\"https:\/\/spectrebaltics.com\/wp-content\/uploads\/2024\/06\/electrode-130a-220181-1.jpg\",\"width\":333,\"height\":250},{\"@type\":\"WebPage\",\"@id\":\"https:\/\/spectrebaltics.com\/toode\/hypertherm-elektrode-80-a-02-hpr130-220187\/#webpage\",\"url\":\"https:\/\/spectrebaltics.com\/toode\/hypertherm-elektrode-80-a-02-hpr130-220187\/\",\"name\":\"Hypertherm Elektrode, 80 A, 02 HPR130 - 220187\",\"isPartOf\":{\"@id\":\"https:\/\/spectrebaltics.com\/ru\/#website\"},\"primaryImageOfPage\":{\"@id\":\"https:\/\/spectrebaltics.com\/toode\/hypertherm-elektrode-80-a-02-hpr130-220187\/#primaryimage\"},\"datePublished\":\"2024-06-20T10:34:15+00:00\",\"dateModified\":\"2024-06-21T06:18:13+00:00\",\"breadcrumb\":{\"@id\":\"https:\/\/spectrebaltics.com\/toode\/hypertherm-elektrode-80-a-02-hpr130-220187\/#breadcrumb\"},\"inLanguage\":\"ru-RU\",\"potentialAction\":[{\"@type\":\"ReadAction\",\"target\":[\"https:\/\/spectrebaltics.com\/toode\/hypertherm-elektrode-80-a-02-hpr130-220187\/\"]}]},{\"@type\":\"BreadcrumbList\",\"@id\":\"https:\/\/spectrebaltics.com\/toode\/hypertherm-elektrode-80-a-02-hpr130-220187\/#breadcrumb\",\"itemListElement\":[{\"@type\":\"ListItem\",\"position\":1,\"name\":\"Home\",\"item\":\"https:\/\/spectrebaltics.com\/ru\/\"},{\"@type\":\"ListItem\",\"position\":2,\"name\":\"\u041a\u0430\u0442\u0430\u043b\u043e\u0433\",\"item\":\"https:\/\/spectrebaltics.com\/ru\/katalog\/\"},{\"@type\":\"ListItem\",\"position\":3,\"name\":\"Hypertherm Elektrode, 80 A, 02 HPR130 &#8211; 220187\"}]}]}<\/script>\n<!-- \/ Yoast SEO plugin. -->","yoast_head_json":{"title":"Hypertherm Elektrode, 80 A, 02 HPR130 - 220187","robots":{"index":"index","follow":"follow","max-snippet":"max-snippet:-1","max-image-preview":"max-image-preview:large","max-video-preview":"max-video-preview:-1"},"canonical":"https:\/\/spectrebaltics.com\/toode\/hypertherm-elektrode-80-a-02-hpr130-220187\/","og_locale":"ru_RU","og_type":"article","og_title":"Hypertherm Elektrode, 80 A, 02 HPR130 - 220187","og_description":"Hypertherm disainib kulumaterjale kiireks l\u00f5ikekiiruseks, pikaks t\u00f6\u00f6eaks ja suurep\u00e4raseks l\u00f5ikekvaliteediks k\u00f5rge tootlikkuse ja madalate kasutuskulude tagamiseks Hypertherm\u00ae 220187 Plasma kulumaterjal, elektrood, voolutugevus: 70\/80 amprit, kasutatavad materjalid: kerge teras, alumiinium, roostevaba teras.","og_url":"https:\/\/spectrebaltics.com\/toode\/hypertherm-elektrode-80-a-02-hpr130-220187\/","og_site_name":"Spectrebaltics","article_modified_time":"2024-06-21T06:18:13+00:00","og_image":[{"width":333,"height":250,"url":"https:\/\/spectrebaltics.com\/wp-content\/uploads\/2024\/06\/electrode-130a-220181-1.jpg","type":"image\/jpeg"}],"twitter_card":"summary_large_image","schema":{"@context":"https:\/\/schema.org","@graph":[{"@type":"Organization","@id":"https:\/\/spectrebaltics.com\/ru\/#organization","name":"Spectrebaltics","url":"https:\/\/spectrebaltics.com\/ru\/","sameAs":[],"logo":{"@type":"ImageObject","@id":"https:\/\/spectrebaltics.com\/ru\/#logo","inLanguage":"ru-RU","url":"https:\/\/spectrebaltics.com\/wp-content\/uploads\/2024\/03\/Spectrebaltics-logo.svg","contentUrl":"https:\/\/spectrebaltics.com\/wp-content\/uploads\/2024\/03\/Spectrebaltics-logo.svg","caption":"Spectrebaltics"},"image":{"@id":"https:\/\/spectrebaltics.com\/ru\/#logo"}},{"@type":"WebSite","@id":"https:\/\/spectrebaltics.com\/ru\/#website","url":"https:\/\/spectrebaltics.com\/ru\/","name":"Spectrebaltics","description":"","publisher":{"@id":"https:\/\/spectrebaltics.com\/ru\/#organization"},"potentialAction":[{"@type":"SearchAction","target":{"@type":"EntryPoint","urlTemplate":"https:\/\/spectrebaltics.com\/ru\/?s={search_term_string}"},"query-input":"required name=search_term_string"}],"inLanguage":"ru-RU"},{"@type":"ImageObject","@id":"https:\/\/spectrebaltics.com\/toode\/hypertherm-elektrode-80-a-02-hpr130-220187\/#primaryimage","inLanguage":"ru-RU","url":"https:\/\/spectrebaltics.com\/wp-content\/uploads\/2024\/06\/electrode-130a-220181-1.jpg","contentUrl":"https:\/\/spectrebaltics.com\/wp-content\/uploads\/2024\/06\/electrode-130a-220181-1.jpg","width":333,"height":250},{"@type":"WebPage","@id":"https:\/\/spectrebaltics.com\/toode\/hypertherm-elektrode-80-a-02-hpr130-220187\/#webpage","url":"https:\/\/spectrebaltics.com\/toode\/hypertherm-elektrode-80-a-02-hpr130-220187\/","name":"Hypertherm Elektrode, 80 A, 02 HPR130 - 220187","isPartOf":{"@id":"https:\/\/spectrebaltics.com\/ru\/#website"},"primaryImageOfPage":{"@id":"https:\/\/spectrebaltics.com\/toode\/hypertherm-elektrode-80-a-02-hpr130-220187\/#primaryimage"},"datePublished":"2024-06-20T10:34:15+00:00","dateModified":"2024-06-21T06:18:13+00:00","breadcrumb":{"@id":"https:\/\/spectrebaltics.com\/toode\/hypertherm-elektrode-80-a-02-hpr130-220187\/#breadcrumb"},"inLanguage":"ru-RU","potentialAction":[{"@type":"ReadAction","target":["https:\/\/spectrebaltics.com\/toode\/hypertherm-elektrode-80-a-02-hpr130-220187\/"]}]},{"@type":"BreadcrumbList","@id":"https:\/\/spectrebaltics.com\/toode\/hypertherm-elektrode-80-a-02-hpr130-220187\/#breadcrumb","itemListElement":[{"@type":"ListItem","position":1,"name":"Home","item":"https:\/\/spectrebaltics.com\/ru\/"},{"@type":"ListItem","position":2,"name":"\u041a\u0430\u0442\u0430\u043b\u043e\u0433","item":"https:\/\/spectrebaltics.com\/ru\/katalog\/"},{"@type":"ListItem","position":3,"name":"Hypertherm Elektrode, 80 A, 02 HPR130 &#8211; 220187"}]}]}},"_links":{"self":[{"href":"https:\/\/spectrebaltics.com\/ru\/wp-json\/wp\/v2\/product\/10009"}],"collection":[{"href":"https:\/\/spectrebaltics.com\/ru\/wp-json\/wp\/v2\/product"}],"about":[{"href":"https:\/\/spectrebaltics.com\/ru\/wp-json\/wp\/v2\/types\/product"}],"wp:featuredmedia":[{"embeddable":true,"href":"https:\/\/spectrebaltics.com\/ru\/wp-json\/wp\/v2\/media\/10070"}],"wp:attachment":[{"href":"https:\/\/spectrebaltics.com\/ru\/wp-json\/wp\/v2\/media?parent=10009"}],"wp:term":[{"taxonomy":"product_cat","embeddable":true,"href":"https:\/\/spectrebaltics.com\/ru\/wp-json\/wp\/v2\/product_cat?post=10009"},{"taxonomy":"product_tag","embeddable":true,"href":"https:\/\/spectrebaltics.com\/ru\/wp-json\/wp\/v2\/product_tag?post=10009"}],"curies":[{"name":"wp","href":"https:\/\/api.w.org\/{rel}","templated":true}]}}