{"id":10049,"date":"2024-06-20T12:26:53","date_gmt":"2024-06-20T12:26:53","guid":{"rendered":"https:\/\/spectrebaltics.com\/?post_type=product&#038;p=10049"},"modified":"2024-06-20T12:35:00","modified_gmt":"2024-06-20T12:35:00","slug":"hypertherm-nozzle-xpr-300a-mild-420279","status":"publish","type":"product","link":"https:\/\/spectrebaltics.com\/ru\/toode\/hypertherm-nozzle-xpr-300a-mild-420279\/","title":{"rendered":"Hypertherm Nozzle XPR 300A Mild &#8212; 420279"},"content":{"rendered":"<p>See otsik sobib XPR-s\u00fcsteemidele. Veenduge, et valite \u00f5ige voolutugevuse ja protsessid.<\/p>\n<p>Soovitame kasutada ehtsaid Hyperthermi p\u00f5leteid ja kulumaterjale, et teie masin t\u00f6\u00f6s hoida ja kvaliteeti s\u00e4ilitada. Hyperthermi kulumaterjalid tagavad \u00f5ige l\u00f5ikekvaliteedi, pikendavad kulumaterjalide eluiga ja suurendavad teie masina tootlikkust.<\/p>\n","protected":false},"excerpt":{"rendered":"<p>See otsik sobib XPR-s\u00fcsteemidele. Veenduge, et valite \u00f5ige voolutugevuse ja protsessid. Soovitame kasutada ehtsaid Hyperthermi p\u00f5leteid ja kulumaterjale, et teie masin t\u00f6\u00f6s hoida ja kvaliteeti s\u00e4ilitada. Hyperthermi kulumaterjalid tagavad \u00f5ige l\u00f5ikekvaliteedi, pikendavad kulumaterjalide eluiga ja suurendavad teie masina tootlikkust.<\/p>\n","protected":false},"featured_media":10050,"template":"","meta":[],"product_cat":[78,80],"product_tag":[],"yoast_head":"<!-- This site is optimized with the Yoast SEO plugin v18.4.1 - https:\/\/yoast.com\/wordpress\/plugins\/seo\/ -->\n<title>Hypertherm Nozzle XPR 300A Mild - 420279<\/title>\n<meta name=\"robots\" content=\"index, follow, max-snippet:-1, max-image-preview:large, max-video-preview:-1\" \/>\n<link rel=\"canonical\" href=\"https:\/\/spectrebaltics.com\/en\/toode\/hypertherm-nozzle-xpr-300a-mild-420279\/\" \/>\n<meta property=\"og:locale\" content=\"ru_RU\" \/>\n<meta property=\"og:type\" content=\"article\" \/>\n<meta property=\"og:title\" content=\"Hypertherm Nozzle XPR 300A Mild - 420279\" \/>\n<meta property=\"og:description\" content=\"See otsik sobib XPR-s\u00fcsteemidele. Veenduge, et valite \u00f5ige voolutugevuse ja protsessid. Soovitame kasutada ehtsaid Hyperthermi p\u00f5leteid ja kulumaterjale, et teie masin t\u00f6\u00f6s hoida ja kvaliteeti s\u00e4ilitada. Hyperthermi kulumaterjalid tagavad \u00f5ige l\u00f5ikekvaliteedi, pikendavad kulumaterjalide eluiga ja suurendavad teie masina tootlikkust.\" \/>\n<meta property=\"og:url\" content=\"https:\/\/spectrebaltics.com\/en\/toode\/hypertherm-nozzle-xpr-300a-mild-420279\/\" \/>\n<meta property=\"og:site_name\" content=\"Spectrebaltics\" \/>\n<meta property=\"article:modified_time\" content=\"2024-06-20T12:35:00+00:00\" \/>\n<meta property=\"og:image\" content=\"https:\/\/spectrebaltics.com\/wp-content\/uploads\/2024\/06\/eng_il_nozzle-300a-hypertherm-420279-2606.jpg\" \/>\n\t<meta property=\"og:image:width\" content=\"333\" \/>\n\t<meta property=\"og:image:height\" content=\"250\" \/>\n\t<meta property=\"og:image:type\" content=\"image\/jpeg\" \/>\n<meta name=\"twitter:card\" content=\"summary_large_image\" \/>\n<script type=\"application\/ld+json\" class=\"yoast-schema-graph\">{\"@context\":\"https:\/\/schema.org\",\"@graph\":[{\"@type\":\"Organization\",\"@id\":\"https:\/\/spectrebaltics.com\/ru\/#organization\",\"name\":\"Spectrebaltics\",\"url\":\"https:\/\/spectrebaltics.com\/ru\/\",\"sameAs\":[],\"logo\":{\"@type\":\"ImageObject\",\"@id\":\"https:\/\/spectrebaltics.com\/ru\/#logo\",\"inLanguage\":\"ru-RU\",\"url\":\"https:\/\/spectrebaltics.com\/wp-content\/uploads\/2024\/03\/Spectrebaltics-logo.svg\",\"contentUrl\":\"https:\/\/spectrebaltics.com\/wp-content\/uploads\/2024\/03\/Spectrebaltics-logo.svg\",\"caption\":\"Spectrebaltics\"},\"image\":{\"@id\":\"https:\/\/spectrebaltics.com\/ru\/#logo\"}},{\"@type\":\"WebSite\",\"@id\":\"https:\/\/spectrebaltics.com\/ru\/#website\",\"url\":\"https:\/\/spectrebaltics.com\/ru\/\",\"name\":\"Spectrebaltics\",\"description\":\"\",\"publisher\":{\"@id\":\"https:\/\/spectrebaltics.com\/ru\/#organization\"},\"potentialAction\":[{\"@type\":\"SearchAction\",\"target\":{\"@type\":\"EntryPoint\",\"urlTemplate\":\"https:\/\/spectrebaltics.com\/ru\/?s={search_term_string}\"},\"query-input\":\"required name=search_term_string\"}],\"inLanguage\":\"ru-RU\"},{\"@type\":\"ImageObject\",\"@id\":\"https:\/\/spectrebaltics.com\/en\/toode\/hypertherm-nozzle-xpr-300a-mild-420279\/#primaryimage\",\"inLanguage\":\"ru-RU\",\"url\":\"https:\/\/spectrebaltics.com\/wp-content\/uploads\/2024\/06\/eng_il_nozzle-300a-hypertherm-420279-2606.jpg\",\"contentUrl\":\"https:\/\/spectrebaltics.com\/wp-content\/uploads\/2024\/06\/eng_il_nozzle-300a-hypertherm-420279-2606.jpg\",\"width\":333,\"height\":250},{\"@type\":\"WebPage\",\"@id\":\"https:\/\/spectrebaltics.com\/en\/toode\/hypertherm-nozzle-xpr-300a-mild-420279\/#webpage\",\"url\":\"https:\/\/spectrebaltics.com\/en\/toode\/hypertherm-nozzle-xpr-300a-mild-420279\/\",\"name\":\"Hypertherm Nozzle XPR 300A Mild - 420279\",\"isPartOf\":{\"@id\":\"https:\/\/spectrebaltics.com\/ru\/#website\"},\"primaryImageOfPage\":{\"@id\":\"https:\/\/spectrebaltics.com\/en\/toode\/hypertherm-nozzle-xpr-300a-mild-420279\/#primaryimage\"},\"datePublished\":\"2024-06-20T12:26:53+00:00\",\"dateModified\":\"2024-06-20T12:35:00+00:00\",\"breadcrumb\":{\"@id\":\"https:\/\/spectrebaltics.com\/en\/toode\/hypertherm-nozzle-xpr-300a-mild-420279\/#breadcrumb\"},\"inLanguage\":\"ru-RU\",\"potentialAction\":[{\"@type\":\"ReadAction\",\"target\":[\"https:\/\/spectrebaltics.com\/en\/toode\/hypertherm-nozzle-xpr-300a-mild-420279\/\"]}]},{\"@type\":\"BreadcrumbList\",\"@id\":\"https:\/\/spectrebaltics.com\/en\/toode\/hypertherm-nozzle-xpr-300a-mild-420279\/#breadcrumb\",\"itemListElement\":[{\"@type\":\"ListItem\",\"position\":1,\"name\":\"Home\",\"item\":\"https:\/\/spectrebaltics.com\/ru\/\"},{\"@type\":\"ListItem\",\"position\":2,\"name\":\"\u041a\u0430\u0442\u0430\u043b\u043e\u0433\",\"item\":\"https:\/\/spectrebaltics.com\/ru\/katalog\/\"},{\"@type\":\"ListItem\",\"position\":3,\"name\":\"Hypertherm Nozzle XPR 300A Mild &#8211; 420279\"}]}]}<\/script>\n<!-- \/ Yoast SEO plugin. -->","yoast_head_json":{"title":"Hypertherm Nozzle XPR 300A Mild - 420279","robots":{"index":"index","follow":"follow","max-snippet":"max-snippet:-1","max-image-preview":"max-image-preview:large","max-video-preview":"max-video-preview:-1"},"canonical":"https:\/\/spectrebaltics.com\/en\/toode\/hypertherm-nozzle-xpr-300a-mild-420279\/","og_locale":"ru_RU","og_type":"article","og_title":"Hypertherm Nozzle XPR 300A Mild - 420279","og_description":"See otsik sobib XPR-s\u00fcsteemidele. Veenduge, et valite \u00f5ige voolutugevuse ja protsessid. Soovitame kasutada ehtsaid Hyperthermi p\u00f5leteid ja kulumaterjale, et teie masin t\u00f6\u00f6s hoida ja kvaliteeti s\u00e4ilitada. Hyperthermi kulumaterjalid tagavad \u00f5ige l\u00f5ikekvaliteedi, pikendavad kulumaterjalide eluiga ja suurendavad teie masina tootlikkust.","og_url":"https:\/\/spectrebaltics.com\/en\/toode\/hypertherm-nozzle-xpr-300a-mild-420279\/","og_site_name":"Spectrebaltics","article_modified_time":"2024-06-20T12:35:00+00:00","og_image":[{"width":333,"height":250,"url":"https:\/\/spectrebaltics.com\/wp-content\/uploads\/2024\/06\/eng_il_nozzle-300a-hypertherm-420279-2606.jpg","type":"image\/jpeg"}],"twitter_card":"summary_large_image","schema":{"@context":"https:\/\/schema.org","@graph":[{"@type":"Organization","@id":"https:\/\/spectrebaltics.com\/ru\/#organization","name":"Spectrebaltics","url":"https:\/\/spectrebaltics.com\/ru\/","sameAs":[],"logo":{"@type":"ImageObject","@id":"https:\/\/spectrebaltics.com\/ru\/#logo","inLanguage":"ru-RU","url":"https:\/\/spectrebaltics.com\/wp-content\/uploads\/2024\/03\/Spectrebaltics-logo.svg","contentUrl":"https:\/\/spectrebaltics.com\/wp-content\/uploads\/2024\/03\/Spectrebaltics-logo.svg","caption":"Spectrebaltics"},"image":{"@id":"https:\/\/spectrebaltics.com\/ru\/#logo"}},{"@type":"WebSite","@id":"https:\/\/spectrebaltics.com\/ru\/#website","url":"https:\/\/spectrebaltics.com\/ru\/","name":"Spectrebaltics","description":"","publisher":{"@id":"https:\/\/spectrebaltics.com\/ru\/#organization"},"potentialAction":[{"@type":"SearchAction","target":{"@type":"EntryPoint","urlTemplate":"https:\/\/spectrebaltics.com\/ru\/?s={search_term_string}"},"query-input":"required name=search_term_string"}],"inLanguage":"ru-RU"},{"@type":"ImageObject","@id":"https:\/\/spectrebaltics.com\/en\/toode\/hypertherm-nozzle-xpr-300a-mild-420279\/#primaryimage","inLanguage":"ru-RU","url":"https:\/\/spectrebaltics.com\/wp-content\/uploads\/2024\/06\/eng_il_nozzle-300a-hypertherm-420279-2606.jpg","contentUrl":"https:\/\/spectrebaltics.com\/wp-content\/uploads\/2024\/06\/eng_il_nozzle-300a-hypertherm-420279-2606.jpg","width":333,"height":250},{"@type":"WebPage","@id":"https:\/\/spectrebaltics.com\/en\/toode\/hypertherm-nozzle-xpr-300a-mild-420279\/#webpage","url":"https:\/\/spectrebaltics.com\/en\/toode\/hypertherm-nozzle-xpr-300a-mild-420279\/","name":"Hypertherm Nozzle XPR 300A Mild - 420279","isPartOf":{"@id":"https:\/\/spectrebaltics.com\/ru\/#website"},"primaryImageOfPage":{"@id":"https:\/\/spectrebaltics.com\/en\/toode\/hypertherm-nozzle-xpr-300a-mild-420279\/#primaryimage"},"datePublished":"2024-06-20T12:26:53+00:00","dateModified":"2024-06-20T12:35:00+00:00","breadcrumb":{"@id":"https:\/\/spectrebaltics.com\/en\/toode\/hypertherm-nozzle-xpr-300a-mild-420279\/#breadcrumb"},"inLanguage":"ru-RU","potentialAction":[{"@type":"ReadAction","target":["https:\/\/spectrebaltics.com\/en\/toode\/hypertherm-nozzle-xpr-300a-mild-420279\/"]}]},{"@type":"BreadcrumbList","@id":"https:\/\/spectrebaltics.com\/en\/toode\/hypertherm-nozzle-xpr-300a-mild-420279\/#breadcrumb","itemListElement":[{"@type":"ListItem","position":1,"name":"Home","item":"https:\/\/spectrebaltics.com\/ru\/"},{"@type":"ListItem","position":2,"name":"\u041a\u0430\u0442\u0430\u043b\u043e\u0433","item":"https:\/\/spectrebaltics.com\/ru\/katalog\/"},{"@type":"ListItem","position":3,"name":"Hypertherm Nozzle XPR 300A Mild &#8211; 420279"}]}]}},"_links":{"self":[{"href":"https:\/\/spectrebaltics.com\/ru\/wp-json\/wp\/v2\/product\/10049"}],"collection":[{"href":"https:\/\/spectrebaltics.com\/ru\/wp-json\/wp\/v2\/product"}],"about":[{"href":"https:\/\/spectrebaltics.com\/ru\/wp-json\/wp\/v2\/types\/product"}],"wp:featuredmedia":[{"embeddable":true,"href":"https:\/\/spectrebaltics.com\/ru\/wp-json\/wp\/v2\/media\/10050"}],"wp:attachment":[{"href":"https:\/\/spectrebaltics.com\/ru\/wp-json\/wp\/v2\/media?parent=10049"}],"wp:term":[{"taxonomy":"product_cat","embeddable":true,"href":"https:\/\/spectrebaltics.com\/ru\/wp-json\/wp\/v2\/product_cat?post=10049"},{"taxonomy":"product_tag","embeddable":true,"href":"https:\/\/spectrebaltics.com\/ru\/wp-json\/wp\/v2\/product_tag?post=10049"}],"curies":[{"name":"wp","href":"https:\/\/api.w.org\/{rel}","templated":true}]}}