{"id":10234,"date":"2024-06-26T12:23:04","date_gmt":"2024-06-26T12:23:04","guid":{"rendered":"https:\/\/spectrebaltics.com\/?post_type=product&#038;p=10234"},"modified":"2024-06-26T12:23:05","modified_gmt":"2024-06-26T12:23:05","slug":"3m-kaitseprillid-kolased-securefit-as-af-sf203af","status":"publish","type":"product","link":"https:\/\/spectrebaltics.com\/ru\/toode\/3m-kaitseprillid-kolased-securefit-as-af-sf203af\/","title":{"rendered":"3M kaitseprillid kolased SecureFit AS-AF SF203AF"},"content":{"rendered":"<p><span>3M silmakaitsevahendite tooteportfel garanteerib kvaliteetsed silmakaitsevahendid, mis on \u00fchteaegu mugavad, kaitsevad silmi ja on kauni disainiga. T\u00e4iustatud inseneriteadus ja tehnoloogia koos k\u00f5rge kvaliteedistandardi ja pidevalt areneva tootelahenduste innovatsiooniga\u00a0aitab tagada teie t\u00f6\u00f6j\u00f5u ohutuse ja mugavuse.<\/span><\/p>\n","protected":false},"excerpt":{"rendered":"<p>3M silmakaitsevahendite tooteportfel garanteerib kvaliteetsed silmakaitsevahendid, mis on \u00fchteaegu mugavad, kaitsevad silmi ja on kauni disainiga. T\u00e4iustatud inseneriteadus ja tehnoloogia koos k\u00f5rge kvaliteedistandardi ja pidevalt areneva tootelahenduste innovatsiooniga\u00a0aitab tagada teie t\u00f6\u00f6j\u00f5u ohutuse ja mugavuse.<\/p>\n","protected":false},"featured_media":10238,"template":"","meta":[],"product_cat":[106,112],"product_tag":[],"yoast_head":"<!-- This site is optimized with the Yoast SEO plugin v18.4.1 - https:\/\/yoast.com\/wordpress\/plugins\/seo\/ -->\n<title>3M kaitseprillid kolased SecureFit AS-AF SF203AF<\/title>\n<meta name=\"robots\" content=\"index, follow, max-snippet:-1, max-image-preview:large, max-video-preview:-1\" \/>\n<link rel=\"canonical\" href=\"https:\/\/spectrebaltics.com\/toode\/3m-kaitseprillid-kolased-securefit-as-af-sf203af\/\" \/>\n<meta property=\"og:locale\" content=\"ru_RU\" \/>\n<meta property=\"og:type\" content=\"article\" \/>\n<meta property=\"og:title\" content=\"3M kaitseprillid kolased SecureFit AS-AF SF203AF\" \/>\n<meta property=\"og:description\" content=\"3M silmakaitsevahendite tooteportfel garanteerib kvaliteetsed silmakaitsevahendid, mis on \u00fchteaegu mugavad, kaitsevad silmi ja on kauni disainiga. T\u00e4iustatud inseneriteadus ja tehnoloogia koos k\u00f5rge kvaliteedistandardi ja pidevalt areneva tootelahenduste innovatsiooniga\u00a0aitab tagada teie t\u00f6\u00f6j\u00f5u ohutuse ja mugavuse.\" \/>\n<meta property=\"og:url\" content=\"https:\/\/spectrebaltics.com\/toode\/3m-kaitseprillid-kolased-securefit-as-af-sf203af\/\" \/>\n<meta property=\"og:site_name\" content=\"Spectrebaltics\" \/>\n<meta property=\"article:modified_time\" content=\"2024-06-26T12:23:05+00:00\" \/>\n<meta name=\"twitter:card\" content=\"summary_large_image\" \/>\n<meta name=\"twitter:image\" content=\"https:\/\/spectrebaltics.com\/wp-content\/uploads\/2024\/06\/3msf201af-3msf202af-3msf203af-300x300-1.webp\" \/>\n<script type=\"application\/ld+json\" class=\"yoast-schema-graph\">{\"@context\":\"https:\/\/schema.org\",\"@graph\":[{\"@type\":\"Organization\",\"@id\":\"https:\/\/spectrebaltics.com\/ru\/#organization\",\"name\":\"Spectrebaltics\",\"url\":\"https:\/\/spectrebaltics.com\/ru\/\",\"sameAs\":[],\"logo\":{\"@type\":\"ImageObject\",\"@id\":\"https:\/\/spectrebaltics.com\/ru\/#logo\",\"inLanguage\":\"ru-RU\",\"url\":\"https:\/\/spectrebaltics.com\/wp-content\/uploads\/2024\/03\/Spectrebaltics-logo.svg\",\"contentUrl\":\"https:\/\/spectrebaltics.com\/wp-content\/uploads\/2024\/03\/Spectrebaltics-logo.svg\",\"caption\":\"Spectrebaltics\"},\"image\":{\"@id\":\"https:\/\/spectrebaltics.com\/ru\/#logo\"}},{\"@type\":\"WebSite\",\"@id\":\"https:\/\/spectrebaltics.com\/ru\/#website\",\"url\":\"https:\/\/spectrebaltics.com\/ru\/\",\"name\":\"Spectrebaltics\",\"description\":\"\",\"publisher\":{\"@id\":\"https:\/\/spectrebaltics.com\/ru\/#organization\"},\"potentialAction\":[{\"@type\":\"SearchAction\",\"target\":{\"@type\":\"EntryPoint\",\"urlTemplate\":\"https:\/\/spectrebaltics.com\/ru\/?s={search_term_string}\"},\"query-input\":\"required name=search_term_string\"}],\"inLanguage\":\"ru-RU\"},{\"@type\":\"ImageObject\",\"@id\":\"https:\/\/spectrebaltics.com\/toode\/3m-kaitseprillid-kolased-securefit-as-af-sf203af\/#primaryimage\",\"inLanguage\":\"ru-RU\",\"url\":\"https:\/\/spectrebaltics.com\/wp-content\/uploads\/2024\/06\/3msf201af-3msf202af-3msf203af-300x300-1.webp\",\"contentUrl\":\"https:\/\/spectrebaltics.com\/wp-content\/uploads\/2024\/06\/3msf201af-3msf202af-3msf203af-300x300-1.webp\",\"width\":300,\"height\":300},{\"@type\":\"WebPage\",\"@id\":\"https:\/\/spectrebaltics.com\/toode\/3m-kaitseprillid-kolased-securefit-as-af-sf203af\/#webpage\",\"url\":\"https:\/\/spectrebaltics.com\/toode\/3m-kaitseprillid-kolased-securefit-as-af-sf203af\/\",\"name\":\"3M kaitseprillid kolased SecureFit AS-AF SF203AF\",\"isPartOf\":{\"@id\":\"https:\/\/spectrebaltics.com\/ru\/#website\"},\"primaryImageOfPage\":{\"@id\":\"https:\/\/spectrebaltics.com\/toode\/3m-kaitseprillid-kolased-securefit-as-af-sf203af\/#primaryimage\"},\"datePublished\":\"2024-06-26T12:23:04+00:00\",\"dateModified\":\"2024-06-26T12:23:05+00:00\",\"breadcrumb\":{\"@id\":\"https:\/\/spectrebaltics.com\/toode\/3m-kaitseprillid-kolased-securefit-as-af-sf203af\/#breadcrumb\"},\"inLanguage\":\"ru-RU\",\"potentialAction\":[{\"@type\":\"ReadAction\",\"target\":[\"https:\/\/spectrebaltics.com\/toode\/3m-kaitseprillid-kolased-securefit-as-af-sf203af\/\"]}]},{\"@type\":\"BreadcrumbList\",\"@id\":\"https:\/\/spectrebaltics.com\/toode\/3m-kaitseprillid-kolased-securefit-as-af-sf203af\/#breadcrumb\",\"itemListElement\":[{\"@type\":\"ListItem\",\"position\":1,\"name\":\"Home\",\"item\":\"https:\/\/spectrebaltics.com\/ru\/\"},{\"@type\":\"ListItem\",\"position\":2,\"name\":\"\u041a\u0430\u0442\u0430\u043b\u043e\u0433\",\"item\":\"https:\/\/spectrebaltics.com\/ru\/katalog\/\"},{\"@type\":\"ListItem\",\"position\":3,\"name\":\"3M kaitseprillid kolased SecureFit AS-AF SF203AF\"}]}]}<\/script>\n<!-- \/ Yoast SEO plugin. -->","yoast_head_json":{"title":"3M kaitseprillid kolased SecureFit AS-AF SF203AF","robots":{"index":"index","follow":"follow","max-snippet":"max-snippet:-1","max-image-preview":"max-image-preview:large","max-video-preview":"max-video-preview:-1"},"canonical":"https:\/\/spectrebaltics.com\/toode\/3m-kaitseprillid-kolased-securefit-as-af-sf203af\/","og_locale":"ru_RU","og_type":"article","og_title":"3M kaitseprillid kolased SecureFit AS-AF SF203AF","og_description":"3M silmakaitsevahendite tooteportfel garanteerib kvaliteetsed silmakaitsevahendid, mis on \u00fchteaegu mugavad, kaitsevad silmi ja on kauni disainiga. T\u00e4iustatud inseneriteadus ja tehnoloogia koos k\u00f5rge kvaliteedistandardi ja pidevalt areneva tootelahenduste innovatsiooniga\u00a0aitab tagada teie t\u00f6\u00f6j\u00f5u ohutuse ja mugavuse.","og_url":"https:\/\/spectrebaltics.com\/toode\/3m-kaitseprillid-kolased-securefit-as-af-sf203af\/","og_site_name":"Spectrebaltics","article_modified_time":"2024-06-26T12:23:05+00:00","twitter_card":"summary_large_image","twitter_image":"https:\/\/spectrebaltics.com\/wp-content\/uploads\/2024\/06\/3msf201af-3msf202af-3msf203af-300x300-1.webp","schema":{"@context":"https:\/\/schema.org","@graph":[{"@type":"Organization","@id":"https:\/\/spectrebaltics.com\/ru\/#organization","name":"Spectrebaltics","url":"https:\/\/spectrebaltics.com\/ru\/","sameAs":[],"logo":{"@type":"ImageObject","@id":"https:\/\/spectrebaltics.com\/ru\/#logo","inLanguage":"ru-RU","url":"https:\/\/spectrebaltics.com\/wp-content\/uploads\/2024\/03\/Spectrebaltics-logo.svg","contentUrl":"https:\/\/spectrebaltics.com\/wp-content\/uploads\/2024\/03\/Spectrebaltics-logo.svg","caption":"Spectrebaltics"},"image":{"@id":"https:\/\/spectrebaltics.com\/ru\/#logo"}},{"@type":"WebSite","@id":"https:\/\/spectrebaltics.com\/ru\/#website","url":"https:\/\/spectrebaltics.com\/ru\/","name":"Spectrebaltics","description":"","publisher":{"@id":"https:\/\/spectrebaltics.com\/ru\/#organization"},"potentialAction":[{"@type":"SearchAction","target":{"@type":"EntryPoint","urlTemplate":"https:\/\/spectrebaltics.com\/ru\/?s={search_term_string}"},"query-input":"required name=search_term_string"}],"inLanguage":"ru-RU"},{"@type":"ImageObject","@id":"https:\/\/spectrebaltics.com\/toode\/3m-kaitseprillid-kolased-securefit-as-af-sf203af\/#primaryimage","inLanguage":"ru-RU","url":"https:\/\/spectrebaltics.com\/wp-content\/uploads\/2024\/06\/3msf201af-3msf202af-3msf203af-300x300-1.webp","contentUrl":"https:\/\/spectrebaltics.com\/wp-content\/uploads\/2024\/06\/3msf201af-3msf202af-3msf203af-300x300-1.webp","width":300,"height":300},{"@type":"WebPage","@id":"https:\/\/spectrebaltics.com\/toode\/3m-kaitseprillid-kolased-securefit-as-af-sf203af\/#webpage","url":"https:\/\/spectrebaltics.com\/toode\/3m-kaitseprillid-kolased-securefit-as-af-sf203af\/","name":"3M kaitseprillid kolased SecureFit AS-AF SF203AF","isPartOf":{"@id":"https:\/\/spectrebaltics.com\/ru\/#website"},"primaryImageOfPage":{"@id":"https:\/\/spectrebaltics.com\/toode\/3m-kaitseprillid-kolased-securefit-as-af-sf203af\/#primaryimage"},"datePublished":"2024-06-26T12:23:04+00:00","dateModified":"2024-06-26T12:23:05+00:00","breadcrumb":{"@id":"https:\/\/spectrebaltics.com\/toode\/3m-kaitseprillid-kolased-securefit-as-af-sf203af\/#breadcrumb"},"inLanguage":"ru-RU","potentialAction":[{"@type":"ReadAction","target":["https:\/\/spectrebaltics.com\/toode\/3m-kaitseprillid-kolased-securefit-as-af-sf203af\/"]}]},{"@type":"BreadcrumbList","@id":"https:\/\/spectrebaltics.com\/toode\/3m-kaitseprillid-kolased-securefit-as-af-sf203af\/#breadcrumb","itemListElement":[{"@type":"ListItem","position":1,"name":"Home","item":"https:\/\/spectrebaltics.com\/ru\/"},{"@type":"ListItem","position":2,"name":"\u041a\u0430\u0442\u0430\u043b\u043e\u0433","item":"https:\/\/spectrebaltics.com\/ru\/katalog\/"},{"@type":"ListItem","position":3,"name":"3M kaitseprillid kolased SecureFit AS-AF SF203AF"}]}]}},"_links":{"self":[{"href":"https:\/\/spectrebaltics.com\/ru\/wp-json\/wp\/v2\/product\/10234"}],"collection":[{"href":"https:\/\/spectrebaltics.com\/ru\/wp-json\/wp\/v2\/product"}],"about":[{"href":"https:\/\/spectrebaltics.com\/ru\/wp-json\/wp\/v2\/types\/product"}],"wp:featuredmedia":[{"embeddable":true,"href":"https:\/\/spectrebaltics.com\/ru\/wp-json\/wp\/v2\/media\/10238"}],"wp:attachment":[{"href":"https:\/\/spectrebaltics.com\/ru\/wp-json\/wp\/v2\/media?parent=10234"}],"wp:term":[{"taxonomy":"product_cat","embeddable":true,"href":"https:\/\/spectrebaltics.com\/ru\/wp-json\/wp\/v2\/product_cat?post=10234"},{"taxonomy":"product_tag","embeddable":true,"href":"https:\/\/spectrebaltics.com\/ru\/wp-json\/wp\/v2\/product_tag?post=10234"}],"curies":[{"name":"wp","href":"https:\/\/api.w.org\/{rel}","templated":true}]}}