{"id":10248,"date":"2024-06-26T12:32:42","date_gmt":"2024-06-26T12:32:42","guid":{"rendered":"https:\/\/spectrebaltics.com\/?post_type=product&#038;p=10248"},"modified":"2024-06-26T12:32:42","modified_gmt":"2024-06-26T12:32:42","slug":"3m-scotchgard-2891-sgaf-kaitseprillid","status":"publish","type":"product","link":"https:\/\/spectrebaltics.com\/ru\/toode\/3m-scotchgard-2891-sgaf-kaitseprillid\/","title":{"rendered":"3M Scotchgard 2891-SGAF kaitseprillid"},"content":{"rendered":"<p><span>Scotchguard kattega parima udukaitsega kaitseprillid.Modernse ja \u00f5hukese disainiga suletud kaitseprillid pakuvad kombineeritult parimat vaatev\u00e4lja, mugavust ning head v\u00e4ljan\u00e4gemist. Pol\u00fckarbonaadist klaas. V\u00e4ga tugev kriimustuskindel kate ning uduvastane kattekiht. UV kaitse. Kaudne ventileerimine parima \u00f5huliikuvuse tagamiseks pakub mugavust ning v\u00e4hem uduseks minevat klaasi eriti kuumades ja niisketes keskkondades.<\/span><\/p>\n","protected":false},"excerpt":{"rendered":"<p>Scotchguard kattega parima udukaitsega kaitseprillid.Modernse ja \u00f5hukese disainiga suletud kaitseprillid pakuvad kombineeritult parimat vaatev\u00e4lja, mugavust ning head v\u00e4ljan\u00e4gemist. Pol\u00fckarbonaadist klaas. V\u00e4ga tugev kriimustuskindel kate ning uduvastane kattekiht. UV kaitse. Kaudne ventileerimine parima \u00f5huliikuvuse tagamiseks pakub mugavust ning v\u00e4hem uduseks minevat klaasi eriti kuumades ja niisketes keskkondades.<\/p>\n","protected":false},"featured_media":10249,"template":"","meta":[],"product_cat":[106,112],"product_tag":[],"yoast_head":"<!-- This site is optimized with the Yoast SEO plugin v18.4.1 - https:\/\/yoast.com\/wordpress\/plugins\/seo\/ -->\n<title>3M Scotchgard 2891-SGAF kaitseprillid<\/title>\n<meta name=\"robots\" content=\"index, follow, max-snippet:-1, max-image-preview:large, max-video-preview:-1\" \/>\n<link rel=\"canonical\" href=\"https:\/\/spectrebaltics.com\/toode\/3m-scotchgard-2891-sgaf-kaitseprillid\/\" \/>\n<meta property=\"og:locale\" content=\"ru_RU\" \/>\n<meta property=\"og:type\" content=\"article\" \/>\n<meta property=\"og:title\" content=\"3M Scotchgard 2891-SGAF kaitseprillid\" \/>\n<meta property=\"og:description\" content=\"Scotchguard kattega parima udukaitsega kaitseprillid.Modernse ja \u00f5hukese disainiga suletud kaitseprillid pakuvad kombineeritult parimat vaatev\u00e4lja, mugavust ning head v\u00e4ljan\u00e4gemist. Pol\u00fckarbonaadist klaas. V\u00e4ga tugev kriimustuskindel kate ning uduvastane kattekiht. UV kaitse. Kaudne ventileerimine parima \u00f5huliikuvuse tagamiseks pakub mugavust ning v\u00e4hem uduseks minevat klaasi eriti kuumades ja niisketes keskkondades.\" \/>\n<meta property=\"og:url\" content=\"https:\/\/spectrebaltics.com\/toode\/3m-scotchgard-2891-sgaf-kaitseprillid\/\" \/>\n<meta property=\"og:site_name\" content=\"Spectrebaltics\" \/>\n<meta property=\"og:image\" content=\"https:\/\/spectrebaltics.com\/wp-content\/uploads\/2024\/06\/3m_t2891ssaf_kaitseprillid_262967_p1.jpg\" \/>\n\t<meta property=\"og:image:width\" content=\"470\" \/>\n\t<meta property=\"og:image:height\" content=\"470\" \/>\n\t<meta property=\"og:image:type\" content=\"image\/jpeg\" \/>\n<meta name=\"twitter:card\" content=\"summary_large_image\" \/>\n<script type=\"application\/ld+json\" class=\"yoast-schema-graph\">{\"@context\":\"https:\/\/schema.org\",\"@graph\":[{\"@type\":\"Organization\",\"@id\":\"https:\/\/spectrebaltics.com\/ru\/#organization\",\"name\":\"Spectrebaltics\",\"url\":\"https:\/\/spectrebaltics.com\/ru\/\",\"sameAs\":[],\"logo\":{\"@type\":\"ImageObject\",\"@id\":\"https:\/\/spectrebaltics.com\/ru\/#logo\",\"inLanguage\":\"ru-RU\",\"url\":\"https:\/\/spectrebaltics.com\/wp-content\/uploads\/2024\/03\/Spectrebaltics-logo.svg\",\"contentUrl\":\"https:\/\/spectrebaltics.com\/wp-content\/uploads\/2024\/03\/Spectrebaltics-logo.svg\",\"caption\":\"Spectrebaltics\"},\"image\":{\"@id\":\"https:\/\/spectrebaltics.com\/ru\/#logo\"}},{\"@type\":\"WebSite\",\"@id\":\"https:\/\/spectrebaltics.com\/ru\/#website\",\"url\":\"https:\/\/spectrebaltics.com\/ru\/\",\"name\":\"Spectrebaltics\",\"description\":\"\",\"publisher\":{\"@id\":\"https:\/\/spectrebaltics.com\/ru\/#organization\"},\"potentialAction\":[{\"@type\":\"SearchAction\",\"target\":{\"@type\":\"EntryPoint\",\"urlTemplate\":\"https:\/\/spectrebaltics.com\/ru\/?s={search_term_string}\"},\"query-input\":\"required name=search_term_string\"}],\"inLanguage\":\"ru-RU\"},{\"@type\":\"ImageObject\",\"@id\":\"https:\/\/spectrebaltics.com\/toode\/3m-scotchgard-2891-sgaf-kaitseprillid\/#primaryimage\",\"inLanguage\":\"ru-RU\",\"url\":\"https:\/\/spectrebaltics.com\/wp-content\/uploads\/2024\/06\/3m_t2891ssaf_kaitseprillid_262967_p1.jpg\",\"contentUrl\":\"https:\/\/spectrebaltics.com\/wp-content\/uploads\/2024\/06\/3m_t2891ssaf_kaitseprillid_262967_p1.jpg\",\"width\":470,\"height\":470},{\"@type\":\"WebPage\",\"@id\":\"https:\/\/spectrebaltics.com\/toode\/3m-scotchgard-2891-sgaf-kaitseprillid\/#webpage\",\"url\":\"https:\/\/spectrebaltics.com\/toode\/3m-scotchgard-2891-sgaf-kaitseprillid\/\",\"name\":\"3M Scotchgard 2891-SGAF kaitseprillid\",\"isPartOf\":{\"@id\":\"https:\/\/spectrebaltics.com\/ru\/#website\"},\"primaryImageOfPage\":{\"@id\":\"https:\/\/spectrebaltics.com\/toode\/3m-scotchgard-2891-sgaf-kaitseprillid\/#primaryimage\"},\"datePublished\":\"2024-06-26T12:32:42+00:00\",\"dateModified\":\"2024-06-26T12:32:42+00:00\",\"breadcrumb\":{\"@id\":\"https:\/\/spectrebaltics.com\/toode\/3m-scotchgard-2891-sgaf-kaitseprillid\/#breadcrumb\"},\"inLanguage\":\"ru-RU\",\"potentialAction\":[{\"@type\":\"ReadAction\",\"target\":[\"https:\/\/spectrebaltics.com\/toode\/3m-scotchgard-2891-sgaf-kaitseprillid\/\"]}]},{\"@type\":\"BreadcrumbList\",\"@id\":\"https:\/\/spectrebaltics.com\/toode\/3m-scotchgard-2891-sgaf-kaitseprillid\/#breadcrumb\",\"itemListElement\":[{\"@type\":\"ListItem\",\"position\":1,\"name\":\"Home\",\"item\":\"https:\/\/spectrebaltics.com\/ru\/\"},{\"@type\":\"ListItem\",\"position\":2,\"name\":\"\u041a\u0430\u0442\u0430\u043b\u043e\u0433\",\"item\":\"https:\/\/spectrebaltics.com\/ru\/katalog\/\"},{\"@type\":\"ListItem\",\"position\":3,\"name\":\"3M Scotchgard 2891-SGAF kaitseprillid\"}]}]}<\/script>\n<!-- \/ Yoast SEO plugin. -->","yoast_head_json":{"title":"3M Scotchgard 2891-SGAF kaitseprillid","robots":{"index":"index","follow":"follow","max-snippet":"max-snippet:-1","max-image-preview":"max-image-preview:large","max-video-preview":"max-video-preview:-1"},"canonical":"https:\/\/spectrebaltics.com\/toode\/3m-scotchgard-2891-sgaf-kaitseprillid\/","og_locale":"ru_RU","og_type":"article","og_title":"3M Scotchgard 2891-SGAF kaitseprillid","og_description":"Scotchguard kattega parima udukaitsega kaitseprillid.Modernse ja \u00f5hukese disainiga suletud kaitseprillid pakuvad kombineeritult parimat vaatev\u00e4lja, mugavust ning head v\u00e4ljan\u00e4gemist. Pol\u00fckarbonaadist klaas. V\u00e4ga tugev kriimustuskindel kate ning uduvastane kattekiht. UV kaitse. Kaudne ventileerimine parima \u00f5huliikuvuse tagamiseks pakub mugavust ning v\u00e4hem uduseks minevat klaasi eriti kuumades ja niisketes keskkondades.","og_url":"https:\/\/spectrebaltics.com\/toode\/3m-scotchgard-2891-sgaf-kaitseprillid\/","og_site_name":"Spectrebaltics","og_image":[{"width":470,"height":470,"url":"https:\/\/spectrebaltics.com\/wp-content\/uploads\/2024\/06\/3m_t2891ssaf_kaitseprillid_262967_p1.jpg","type":"image\/jpeg"}],"twitter_card":"summary_large_image","schema":{"@context":"https:\/\/schema.org","@graph":[{"@type":"Organization","@id":"https:\/\/spectrebaltics.com\/ru\/#organization","name":"Spectrebaltics","url":"https:\/\/spectrebaltics.com\/ru\/","sameAs":[],"logo":{"@type":"ImageObject","@id":"https:\/\/spectrebaltics.com\/ru\/#logo","inLanguage":"ru-RU","url":"https:\/\/spectrebaltics.com\/wp-content\/uploads\/2024\/03\/Spectrebaltics-logo.svg","contentUrl":"https:\/\/spectrebaltics.com\/wp-content\/uploads\/2024\/03\/Spectrebaltics-logo.svg","caption":"Spectrebaltics"},"image":{"@id":"https:\/\/spectrebaltics.com\/ru\/#logo"}},{"@type":"WebSite","@id":"https:\/\/spectrebaltics.com\/ru\/#website","url":"https:\/\/spectrebaltics.com\/ru\/","name":"Spectrebaltics","description":"","publisher":{"@id":"https:\/\/spectrebaltics.com\/ru\/#organization"},"potentialAction":[{"@type":"SearchAction","target":{"@type":"EntryPoint","urlTemplate":"https:\/\/spectrebaltics.com\/ru\/?s={search_term_string}"},"query-input":"required name=search_term_string"}],"inLanguage":"ru-RU"},{"@type":"ImageObject","@id":"https:\/\/spectrebaltics.com\/toode\/3m-scotchgard-2891-sgaf-kaitseprillid\/#primaryimage","inLanguage":"ru-RU","url":"https:\/\/spectrebaltics.com\/wp-content\/uploads\/2024\/06\/3m_t2891ssaf_kaitseprillid_262967_p1.jpg","contentUrl":"https:\/\/spectrebaltics.com\/wp-content\/uploads\/2024\/06\/3m_t2891ssaf_kaitseprillid_262967_p1.jpg","width":470,"height":470},{"@type":"WebPage","@id":"https:\/\/spectrebaltics.com\/toode\/3m-scotchgard-2891-sgaf-kaitseprillid\/#webpage","url":"https:\/\/spectrebaltics.com\/toode\/3m-scotchgard-2891-sgaf-kaitseprillid\/","name":"3M Scotchgard 2891-SGAF kaitseprillid","isPartOf":{"@id":"https:\/\/spectrebaltics.com\/ru\/#website"},"primaryImageOfPage":{"@id":"https:\/\/spectrebaltics.com\/toode\/3m-scotchgard-2891-sgaf-kaitseprillid\/#primaryimage"},"datePublished":"2024-06-26T12:32:42+00:00","dateModified":"2024-06-26T12:32:42+00:00","breadcrumb":{"@id":"https:\/\/spectrebaltics.com\/toode\/3m-scotchgard-2891-sgaf-kaitseprillid\/#breadcrumb"},"inLanguage":"ru-RU","potentialAction":[{"@type":"ReadAction","target":["https:\/\/spectrebaltics.com\/toode\/3m-scotchgard-2891-sgaf-kaitseprillid\/"]}]},{"@type":"BreadcrumbList","@id":"https:\/\/spectrebaltics.com\/toode\/3m-scotchgard-2891-sgaf-kaitseprillid\/#breadcrumb","itemListElement":[{"@type":"ListItem","position":1,"name":"Home","item":"https:\/\/spectrebaltics.com\/ru\/"},{"@type":"ListItem","position":2,"name":"\u041a\u0430\u0442\u0430\u043b\u043e\u0433","item":"https:\/\/spectrebaltics.com\/ru\/katalog\/"},{"@type":"ListItem","position":3,"name":"3M Scotchgard 2891-SGAF kaitseprillid"}]}]}},"_links":{"self":[{"href":"https:\/\/spectrebaltics.com\/ru\/wp-json\/wp\/v2\/product\/10248"}],"collection":[{"href":"https:\/\/spectrebaltics.com\/ru\/wp-json\/wp\/v2\/product"}],"about":[{"href":"https:\/\/spectrebaltics.com\/ru\/wp-json\/wp\/v2\/types\/product"}],"wp:featuredmedia":[{"embeddable":true,"href":"https:\/\/spectrebaltics.com\/ru\/wp-json\/wp\/v2\/media\/10249"}],"wp:attachment":[{"href":"https:\/\/spectrebaltics.com\/ru\/wp-json\/wp\/v2\/media?parent=10248"}],"wp:term":[{"taxonomy":"product_cat","embeddable":true,"href":"https:\/\/spectrebaltics.com\/ru\/wp-json\/wp\/v2\/product_cat?post=10248"},{"taxonomy":"product_tag","embeddable":true,"href":"https:\/\/spectrebaltics.com\/ru\/wp-json\/wp\/v2\/product_tag?post=10248"}],"curies":[{"name":"wp","href":"https:\/\/api.w.org\/{rel}","templated":true}]}}