{"id":10400,"date":"2024-06-27T09:19:37","date_gmt":"2024-06-27T09:19:37","guid":{"rendered":"https:\/\/spectrebaltics.com\/?post_type=product&#038;p=10400"},"modified":"2024-06-27T09:19:37","modified_gmt":"2024-06-27T09:19:37","slug":"p304-ffp3-dolomiidist-ventiiliga-respiraator","status":"publish","type":"product","link":"https:\/\/spectrebaltics.com\/ru\/toode\/p304-ffp3-dolomiidist-ventiiliga-respiraator\/","title":{"rendered":"P304-FFP3 Dolomiidist ventiiliga respiraator"},"content":{"rendered":"<p>\u00dchekordselt kasutatav respiraator kerge tassiga, mille reguleeritava ninasilla all on EVA vaht lisamugavuse tagamiseks. Ultraheli keevitatud ja metallivaba v\u00e4ljahingamisventiil t\u00f6\u00f6tab t\u00f5husalt maski sees kuumuse v\u00e4hendamiseks ja tagab mugavuse, kui seda kasutatakse kuumades ja niisketes tingimustes.<\/p>\n","protected":false},"excerpt":{"rendered":"<p>\u00dchekordselt kasutatav respiraator kerge tassiga, mille reguleeritava ninasilla all on EVA vaht lisamugavuse tagamiseks. Ultraheli keevitatud ja metallivaba v\u00e4ljahingamisventiil t\u00f6\u00f6tab t\u00f5husalt maski sees kuumuse v\u00e4hendamiseks ja tagab mugavuse, kui seda kasutatakse kuumades ja niisketes tingimustes.<\/p>\n","protected":false},"featured_media":10401,"template":"","meta":[],"product_cat":[106,108],"product_tag":[],"yoast_head":"<!-- This site is optimized with the Yoast SEO plugin v18.4.1 - https:\/\/yoast.com\/wordpress\/plugins\/seo\/ -->\n<title>P304-FFP3 Dolomiidist ventiiliga respiraator<\/title>\n<meta name=\"robots\" content=\"index, follow, max-snippet:-1, max-image-preview:large, max-video-preview:-1\" \/>\n<link rel=\"canonical\" href=\"https:\/\/spectrebaltics.com\/toode\/p304-ffp3-dolomiidist-ventiiliga-respiraator\/\" \/>\n<meta property=\"og:locale\" content=\"ru_RU\" \/>\n<meta property=\"og:type\" content=\"article\" \/>\n<meta property=\"og:title\" content=\"P304-FFP3 Dolomiidist ventiiliga respiraator\" \/>\n<meta property=\"og:description\" content=\"\u00dchekordselt kasutatav respiraator kerge tassiga, mille reguleeritava ninasilla all on EVA vaht lisamugavuse tagamiseks. Ultraheli keevitatud ja metallivaba v\u00e4ljahingamisventiil t\u00f6\u00f6tab t\u00f5husalt maski sees kuumuse v\u00e4hendamiseks ja tagab mugavuse, kui seda kasutatakse kuumades ja niisketes tingimustes.\" \/>\n<meta property=\"og:url\" content=\"https:\/\/spectrebaltics.com\/toode\/p304-ffp3-dolomiidist-ventiiliga-respiraator\/\" \/>\n<meta property=\"og:site_name\" content=\"Spectrebaltics\" \/>\n<meta property=\"og:image\" content=\"https:\/\/spectrebaltics.com\/wp-content\/uploads\/2024\/06\/p304whr.jpg\" \/>\n\t<meta property=\"og:image:width\" content=\"1100\" \/>\n\t<meta property=\"og:image:height\" content=\"1100\" \/>\n\t<meta property=\"og:image:type\" content=\"image\/jpeg\" \/>\n<meta name=\"twitter:card\" content=\"summary_large_image\" \/>\n<script type=\"application\/ld+json\" class=\"yoast-schema-graph\">{\"@context\":\"https:\/\/schema.org\",\"@graph\":[{\"@type\":\"Organization\",\"@id\":\"https:\/\/spectrebaltics.com\/ru\/#organization\",\"name\":\"Spectrebaltics\",\"url\":\"https:\/\/spectrebaltics.com\/ru\/\",\"sameAs\":[],\"logo\":{\"@type\":\"ImageObject\",\"@id\":\"https:\/\/spectrebaltics.com\/ru\/#logo\",\"inLanguage\":\"ru-RU\",\"url\":\"https:\/\/spectrebaltics.com\/wp-content\/uploads\/2024\/03\/Spectrebaltics-logo.svg\",\"contentUrl\":\"https:\/\/spectrebaltics.com\/wp-content\/uploads\/2024\/03\/Spectrebaltics-logo.svg\",\"caption\":\"Spectrebaltics\"},\"image\":{\"@id\":\"https:\/\/spectrebaltics.com\/ru\/#logo\"}},{\"@type\":\"WebSite\",\"@id\":\"https:\/\/spectrebaltics.com\/ru\/#website\",\"url\":\"https:\/\/spectrebaltics.com\/ru\/\",\"name\":\"Spectrebaltics\",\"description\":\"\",\"publisher\":{\"@id\":\"https:\/\/spectrebaltics.com\/ru\/#organization\"},\"potentialAction\":[{\"@type\":\"SearchAction\",\"target\":{\"@type\":\"EntryPoint\",\"urlTemplate\":\"https:\/\/spectrebaltics.com\/ru\/?s={search_term_string}\"},\"query-input\":\"required name=search_term_string\"}],\"inLanguage\":\"ru-RU\"},{\"@type\":\"ImageObject\",\"@id\":\"https:\/\/spectrebaltics.com\/toode\/p304-ffp3-dolomiidist-ventiiliga-respiraator\/#primaryimage\",\"inLanguage\":\"ru-RU\",\"url\":\"https:\/\/spectrebaltics.com\/wp-content\/uploads\/2024\/06\/p304whr.jpg\",\"contentUrl\":\"https:\/\/spectrebaltics.com\/wp-content\/uploads\/2024\/06\/p304whr.jpg\",\"width\":1100,\"height\":1100},{\"@type\":\"WebPage\",\"@id\":\"https:\/\/spectrebaltics.com\/toode\/p304-ffp3-dolomiidist-ventiiliga-respiraator\/#webpage\",\"url\":\"https:\/\/spectrebaltics.com\/toode\/p304-ffp3-dolomiidist-ventiiliga-respiraator\/\",\"name\":\"P304-FFP3 Dolomiidist ventiiliga respiraator\",\"isPartOf\":{\"@id\":\"https:\/\/spectrebaltics.com\/ru\/#website\"},\"primaryImageOfPage\":{\"@id\":\"https:\/\/spectrebaltics.com\/toode\/p304-ffp3-dolomiidist-ventiiliga-respiraator\/#primaryimage\"},\"datePublished\":\"2024-06-27T09:19:37+00:00\",\"dateModified\":\"2024-06-27T09:19:37+00:00\",\"breadcrumb\":{\"@id\":\"https:\/\/spectrebaltics.com\/toode\/p304-ffp3-dolomiidist-ventiiliga-respiraator\/#breadcrumb\"},\"inLanguage\":\"ru-RU\",\"potentialAction\":[{\"@type\":\"ReadAction\",\"target\":[\"https:\/\/spectrebaltics.com\/toode\/p304-ffp3-dolomiidist-ventiiliga-respiraator\/\"]}]},{\"@type\":\"BreadcrumbList\",\"@id\":\"https:\/\/spectrebaltics.com\/toode\/p304-ffp3-dolomiidist-ventiiliga-respiraator\/#breadcrumb\",\"itemListElement\":[{\"@type\":\"ListItem\",\"position\":1,\"name\":\"Home\",\"item\":\"https:\/\/spectrebaltics.com\/ru\/\"},{\"@type\":\"ListItem\",\"position\":2,\"name\":\"\u041a\u0430\u0442\u0430\u043b\u043e\u0433\",\"item\":\"https:\/\/spectrebaltics.com\/ru\/katalog\/\"},{\"@type\":\"ListItem\",\"position\":3,\"name\":\"P304-FFP3 Dolomiidist ventiiliga respiraator\"}]}]}<\/script>\n<!-- \/ Yoast SEO plugin. -->","yoast_head_json":{"title":"P304-FFP3 Dolomiidist ventiiliga respiraator","robots":{"index":"index","follow":"follow","max-snippet":"max-snippet:-1","max-image-preview":"max-image-preview:large","max-video-preview":"max-video-preview:-1"},"canonical":"https:\/\/spectrebaltics.com\/toode\/p304-ffp3-dolomiidist-ventiiliga-respiraator\/","og_locale":"ru_RU","og_type":"article","og_title":"P304-FFP3 Dolomiidist ventiiliga respiraator","og_description":"\u00dchekordselt kasutatav respiraator kerge tassiga, mille reguleeritava ninasilla all on EVA vaht lisamugavuse tagamiseks. Ultraheli keevitatud ja metallivaba v\u00e4ljahingamisventiil t\u00f6\u00f6tab t\u00f5husalt maski sees kuumuse v\u00e4hendamiseks ja tagab mugavuse, kui seda kasutatakse kuumades ja niisketes tingimustes.","og_url":"https:\/\/spectrebaltics.com\/toode\/p304-ffp3-dolomiidist-ventiiliga-respiraator\/","og_site_name":"Spectrebaltics","og_image":[{"width":1100,"height":1100,"url":"https:\/\/spectrebaltics.com\/wp-content\/uploads\/2024\/06\/p304whr.jpg","type":"image\/jpeg"}],"twitter_card":"summary_large_image","schema":{"@context":"https:\/\/schema.org","@graph":[{"@type":"Organization","@id":"https:\/\/spectrebaltics.com\/ru\/#organization","name":"Spectrebaltics","url":"https:\/\/spectrebaltics.com\/ru\/","sameAs":[],"logo":{"@type":"ImageObject","@id":"https:\/\/spectrebaltics.com\/ru\/#logo","inLanguage":"ru-RU","url":"https:\/\/spectrebaltics.com\/wp-content\/uploads\/2024\/03\/Spectrebaltics-logo.svg","contentUrl":"https:\/\/spectrebaltics.com\/wp-content\/uploads\/2024\/03\/Spectrebaltics-logo.svg","caption":"Spectrebaltics"},"image":{"@id":"https:\/\/spectrebaltics.com\/ru\/#logo"}},{"@type":"WebSite","@id":"https:\/\/spectrebaltics.com\/ru\/#website","url":"https:\/\/spectrebaltics.com\/ru\/","name":"Spectrebaltics","description":"","publisher":{"@id":"https:\/\/spectrebaltics.com\/ru\/#organization"},"potentialAction":[{"@type":"SearchAction","target":{"@type":"EntryPoint","urlTemplate":"https:\/\/spectrebaltics.com\/ru\/?s={search_term_string}"},"query-input":"required name=search_term_string"}],"inLanguage":"ru-RU"},{"@type":"ImageObject","@id":"https:\/\/spectrebaltics.com\/toode\/p304-ffp3-dolomiidist-ventiiliga-respiraator\/#primaryimage","inLanguage":"ru-RU","url":"https:\/\/spectrebaltics.com\/wp-content\/uploads\/2024\/06\/p304whr.jpg","contentUrl":"https:\/\/spectrebaltics.com\/wp-content\/uploads\/2024\/06\/p304whr.jpg","width":1100,"height":1100},{"@type":"WebPage","@id":"https:\/\/spectrebaltics.com\/toode\/p304-ffp3-dolomiidist-ventiiliga-respiraator\/#webpage","url":"https:\/\/spectrebaltics.com\/toode\/p304-ffp3-dolomiidist-ventiiliga-respiraator\/","name":"P304-FFP3 Dolomiidist ventiiliga respiraator","isPartOf":{"@id":"https:\/\/spectrebaltics.com\/ru\/#website"},"primaryImageOfPage":{"@id":"https:\/\/spectrebaltics.com\/toode\/p304-ffp3-dolomiidist-ventiiliga-respiraator\/#primaryimage"},"datePublished":"2024-06-27T09:19:37+00:00","dateModified":"2024-06-27T09:19:37+00:00","breadcrumb":{"@id":"https:\/\/spectrebaltics.com\/toode\/p304-ffp3-dolomiidist-ventiiliga-respiraator\/#breadcrumb"},"inLanguage":"ru-RU","potentialAction":[{"@type":"ReadAction","target":["https:\/\/spectrebaltics.com\/toode\/p304-ffp3-dolomiidist-ventiiliga-respiraator\/"]}]},{"@type":"BreadcrumbList","@id":"https:\/\/spectrebaltics.com\/toode\/p304-ffp3-dolomiidist-ventiiliga-respiraator\/#breadcrumb","itemListElement":[{"@type":"ListItem","position":1,"name":"Home","item":"https:\/\/spectrebaltics.com\/ru\/"},{"@type":"ListItem","position":2,"name":"\u041a\u0430\u0442\u0430\u043b\u043e\u0433","item":"https:\/\/spectrebaltics.com\/ru\/katalog\/"},{"@type":"ListItem","position":3,"name":"P304-FFP3 Dolomiidist ventiiliga respiraator"}]}]}},"_links":{"self":[{"href":"https:\/\/spectrebaltics.com\/ru\/wp-json\/wp\/v2\/product\/10400"}],"collection":[{"href":"https:\/\/spectrebaltics.com\/ru\/wp-json\/wp\/v2\/product"}],"about":[{"href":"https:\/\/spectrebaltics.com\/ru\/wp-json\/wp\/v2\/types\/product"}],"wp:featuredmedia":[{"embeddable":true,"href":"https:\/\/spectrebaltics.com\/ru\/wp-json\/wp\/v2\/media\/10401"}],"wp:attachment":[{"href":"https:\/\/spectrebaltics.com\/ru\/wp-json\/wp\/v2\/media?parent=10400"}],"wp:term":[{"taxonomy":"product_cat","embeddable":true,"href":"https:\/\/spectrebaltics.com\/ru\/wp-json\/wp\/v2\/product_cat?post=10400"},{"taxonomy":"product_tag","embeddable":true,"href":"https:\/\/spectrebaltics.com\/ru\/wp-json\/wp\/v2\/product_tag?post=10400"}],"curies":[{"name":"wp","href":"https:\/\/api.w.org\/{rel}","templated":true}]}}