{"id":10425,"date":"2024-06-27T09:56:18","date_gmt":"2024-06-27T09:56:18","guid":{"rendered":"https:\/\/spectrebaltics.com\/?post_type=product&#038;p=10425"},"modified":"2024-06-27T09:56:18","modified_gmt":"2024-06-27T09:56:18","slug":"korvatropid-ed-comfort-plug-37-db","status":"publish","type":"product","link":"https:\/\/spectrebaltics.com\/ru\/toode\/korvatropid-ed-comfort-plug-37-db\/","title":{"rendered":"K\u00f5rvatropid ED COMFORT PLUG 37 dB"},"content":{"rendered":"<p>T\u00e4iendus k\u00f5rvatroppi k\u00f5rvatropiautomaadile ED COMFORT PLUG 37 dB<\/p>\n<p>Materjal:<span>\u00a0Pol\u00fcuretaanist vahtkumm.<\/span><\/p>\n","protected":false},"excerpt":{"rendered":"<p>T\u00e4iendus k\u00f5rvatroppi k\u00f5rvatropiautomaadile ED COMFORT PLUG 37 dB Materjal:\u00a0Pol\u00fcuretaanist vahtkumm.<\/p>\n","protected":false},"featured_media":10426,"template":"","meta":[],"product_cat":[106,109],"product_tag":[],"yoast_head":"<!-- This site is optimized with the Yoast SEO plugin v18.4.1 - https:\/\/yoast.com\/wordpress\/plugins\/seo\/ -->\n<title>K\u00f5rvatropid ED COMFORT PLUG 37 dB<\/title>\n<meta name=\"robots\" content=\"index, follow, max-snippet:-1, max-image-preview:large, max-video-preview:-1\" \/>\n<link rel=\"canonical\" href=\"https:\/\/spectrebaltics.com\/toode\/korvatropid-ed-comfort-plug-37-db\/\" \/>\n<meta property=\"og:locale\" content=\"ru_RU\" \/>\n<meta property=\"og:type\" content=\"article\" \/>\n<meta property=\"og:title\" content=\"K\u00f5rvatropid ED COMFORT PLUG 37 dB\" \/>\n<meta property=\"og:description\" content=\"T\u00e4iendus k\u00f5rvatroppi k\u00f5rvatropiautomaadile ED COMFORT PLUG 37 dB Materjal:\u00a0Pol\u00fcuretaanist vahtkumm.\" \/>\n<meta property=\"og:url\" content=\"https:\/\/spectrebaltics.com\/toode\/korvatropid-ed-comfort-plug-37-db\/\" \/>\n<meta property=\"og:site_name\" content=\"Spectrebaltics\" \/>\n<meta property=\"og:image\" content=\"https:\/\/spectrebaltics.com\/wp-content\/uploads\/2024\/06\/a7d0247117ecb9510669f73d1da660ff-406x516-1.jpg\" \/>\n\t<meta property=\"og:image:width\" content=\"406\" \/>\n\t<meta property=\"og:image:height\" content=\"516\" \/>\n\t<meta property=\"og:image:type\" content=\"image\/jpeg\" \/>\n<meta name=\"twitter:card\" content=\"summary_large_image\" \/>\n<script type=\"application\/ld+json\" class=\"yoast-schema-graph\">{\"@context\":\"https:\/\/schema.org\",\"@graph\":[{\"@type\":\"Organization\",\"@id\":\"https:\/\/spectrebaltics.com\/ru\/#organization\",\"name\":\"Spectrebaltics\",\"url\":\"https:\/\/spectrebaltics.com\/ru\/\",\"sameAs\":[],\"logo\":{\"@type\":\"ImageObject\",\"@id\":\"https:\/\/spectrebaltics.com\/ru\/#logo\",\"inLanguage\":\"ru-RU\",\"url\":\"https:\/\/spectrebaltics.com\/wp-content\/uploads\/2024\/03\/Spectrebaltics-logo.svg\",\"contentUrl\":\"https:\/\/spectrebaltics.com\/wp-content\/uploads\/2024\/03\/Spectrebaltics-logo.svg\",\"caption\":\"Spectrebaltics\"},\"image\":{\"@id\":\"https:\/\/spectrebaltics.com\/ru\/#logo\"}},{\"@type\":\"WebSite\",\"@id\":\"https:\/\/spectrebaltics.com\/ru\/#website\",\"url\":\"https:\/\/spectrebaltics.com\/ru\/\",\"name\":\"Spectrebaltics\",\"description\":\"\",\"publisher\":{\"@id\":\"https:\/\/spectrebaltics.com\/ru\/#organization\"},\"potentialAction\":[{\"@type\":\"SearchAction\",\"target\":{\"@type\":\"EntryPoint\",\"urlTemplate\":\"https:\/\/spectrebaltics.com\/ru\/?s={search_term_string}\"},\"query-input\":\"required name=search_term_string\"}],\"inLanguage\":\"ru-RU\"},{\"@type\":\"ImageObject\",\"@id\":\"https:\/\/spectrebaltics.com\/toode\/korvatropid-ed-comfort-plug-37-db\/#primaryimage\",\"inLanguage\":\"ru-RU\",\"url\":\"https:\/\/spectrebaltics.com\/wp-content\/uploads\/2024\/06\/a7d0247117ecb9510669f73d1da660ff-406x516-1.jpg\",\"contentUrl\":\"https:\/\/spectrebaltics.com\/wp-content\/uploads\/2024\/06\/a7d0247117ecb9510669f73d1da660ff-406x516-1.jpg\",\"width\":406,\"height\":516},{\"@type\":\"WebPage\",\"@id\":\"https:\/\/spectrebaltics.com\/toode\/korvatropid-ed-comfort-plug-37-db\/#webpage\",\"url\":\"https:\/\/spectrebaltics.com\/toode\/korvatropid-ed-comfort-plug-37-db\/\",\"name\":\"K\u00f5rvatropid ED COMFORT PLUG 37 dB\",\"isPartOf\":{\"@id\":\"https:\/\/spectrebaltics.com\/ru\/#website\"},\"primaryImageOfPage\":{\"@id\":\"https:\/\/spectrebaltics.com\/toode\/korvatropid-ed-comfort-plug-37-db\/#primaryimage\"},\"datePublished\":\"2024-06-27T09:56:18+00:00\",\"dateModified\":\"2024-06-27T09:56:18+00:00\",\"breadcrumb\":{\"@id\":\"https:\/\/spectrebaltics.com\/toode\/korvatropid-ed-comfort-plug-37-db\/#breadcrumb\"},\"inLanguage\":\"ru-RU\",\"potentialAction\":[{\"@type\":\"ReadAction\",\"target\":[\"https:\/\/spectrebaltics.com\/toode\/korvatropid-ed-comfort-plug-37-db\/\"]}]},{\"@type\":\"BreadcrumbList\",\"@id\":\"https:\/\/spectrebaltics.com\/toode\/korvatropid-ed-comfort-plug-37-db\/#breadcrumb\",\"itemListElement\":[{\"@type\":\"ListItem\",\"position\":1,\"name\":\"Home\",\"item\":\"https:\/\/spectrebaltics.com\/ru\/\"},{\"@type\":\"ListItem\",\"position\":2,\"name\":\"\u041a\u0430\u0442\u0430\u043b\u043e\u0433\",\"item\":\"https:\/\/spectrebaltics.com\/ru\/katalog\/\"},{\"@type\":\"ListItem\",\"position\":3,\"name\":\"K\u00f5rvatropid ED COMFORT PLUG 37 dB\"}]}]}<\/script>\n<!-- \/ Yoast SEO plugin. -->","yoast_head_json":{"title":"K\u00f5rvatropid ED COMFORT PLUG 37 dB","robots":{"index":"index","follow":"follow","max-snippet":"max-snippet:-1","max-image-preview":"max-image-preview:large","max-video-preview":"max-video-preview:-1"},"canonical":"https:\/\/spectrebaltics.com\/toode\/korvatropid-ed-comfort-plug-37-db\/","og_locale":"ru_RU","og_type":"article","og_title":"K\u00f5rvatropid ED COMFORT PLUG 37 dB","og_description":"T\u00e4iendus k\u00f5rvatroppi k\u00f5rvatropiautomaadile ED COMFORT PLUG 37 dB Materjal:\u00a0Pol\u00fcuretaanist vahtkumm.","og_url":"https:\/\/spectrebaltics.com\/toode\/korvatropid-ed-comfort-plug-37-db\/","og_site_name":"Spectrebaltics","og_image":[{"width":406,"height":516,"url":"https:\/\/spectrebaltics.com\/wp-content\/uploads\/2024\/06\/a7d0247117ecb9510669f73d1da660ff-406x516-1.jpg","type":"image\/jpeg"}],"twitter_card":"summary_large_image","schema":{"@context":"https:\/\/schema.org","@graph":[{"@type":"Organization","@id":"https:\/\/spectrebaltics.com\/ru\/#organization","name":"Spectrebaltics","url":"https:\/\/spectrebaltics.com\/ru\/","sameAs":[],"logo":{"@type":"ImageObject","@id":"https:\/\/spectrebaltics.com\/ru\/#logo","inLanguage":"ru-RU","url":"https:\/\/spectrebaltics.com\/wp-content\/uploads\/2024\/03\/Spectrebaltics-logo.svg","contentUrl":"https:\/\/spectrebaltics.com\/wp-content\/uploads\/2024\/03\/Spectrebaltics-logo.svg","caption":"Spectrebaltics"},"image":{"@id":"https:\/\/spectrebaltics.com\/ru\/#logo"}},{"@type":"WebSite","@id":"https:\/\/spectrebaltics.com\/ru\/#website","url":"https:\/\/spectrebaltics.com\/ru\/","name":"Spectrebaltics","description":"","publisher":{"@id":"https:\/\/spectrebaltics.com\/ru\/#organization"},"potentialAction":[{"@type":"SearchAction","target":{"@type":"EntryPoint","urlTemplate":"https:\/\/spectrebaltics.com\/ru\/?s={search_term_string}"},"query-input":"required name=search_term_string"}],"inLanguage":"ru-RU"},{"@type":"ImageObject","@id":"https:\/\/spectrebaltics.com\/toode\/korvatropid-ed-comfort-plug-37-db\/#primaryimage","inLanguage":"ru-RU","url":"https:\/\/spectrebaltics.com\/wp-content\/uploads\/2024\/06\/a7d0247117ecb9510669f73d1da660ff-406x516-1.jpg","contentUrl":"https:\/\/spectrebaltics.com\/wp-content\/uploads\/2024\/06\/a7d0247117ecb9510669f73d1da660ff-406x516-1.jpg","width":406,"height":516},{"@type":"WebPage","@id":"https:\/\/spectrebaltics.com\/toode\/korvatropid-ed-comfort-plug-37-db\/#webpage","url":"https:\/\/spectrebaltics.com\/toode\/korvatropid-ed-comfort-plug-37-db\/","name":"K\u00f5rvatropid ED COMFORT PLUG 37 dB","isPartOf":{"@id":"https:\/\/spectrebaltics.com\/ru\/#website"},"primaryImageOfPage":{"@id":"https:\/\/spectrebaltics.com\/toode\/korvatropid-ed-comfort-plug-37-db\/#primaryimage"},"datePublished":"2024-06-27T09:56:18+00:00","dateModified":"2024-06-27T09:56:18+00:00","breadcrumb":{"@id":"https:\/\/spectrebaltics.com\/toode\/korvatropid-ed-comfort-plug-37-db\/#breadcrumb"},"inLanguage":"ru-RU","potentialAction":[{"@type":"ReadAction","target":["https:\/\/spectrebaltics.com\/toode\/korvatropid-ed-comfort-plug-37-db\/"]}]},{"@type":"BreadcrumbList","@id":"https:\/\/spectrebaltics.com\/toode\/korvatropid-ed-comfort-plug-37-db\/#breadcrumb","itemListElement":[{"@type":"ListItem","position":1,"name":"Home","item":"https:\/\/spectrebaltics.com\/ru\/"},{"@type":"ListItem","position":2,"name":"\u041a\u0430\u0442\u0430\u043b\u043e\u0433","item":"https:\/\/spectrebaltics.com\/ru\/katalog\/"},{"@type":"ListItem","position":3,"name":"K\u00f5rvatropid ED COMFORT PLUG 37 dB"}]}]}},"_links":{"self":[{"href":"https:\/\/spectrebaltics.com\/ru\/wp-json\/wp\/v2\/product\/10425"}],"collection":[{"href":"https:\/\/spectrebaltics.com\/ru\/wp-json\/wp\/v2\/product"}],"about":[{"href":"https:\/\/spectrebaltics.com\/ru\/wp-json\/wp\/v2\/types\/product"}],"wp:featuredmedia":[{"embeddable":true,"href":"https:\/\/spectrebaltics.com\/ru\/wp-json\/wp\/v2\/media\/10426"}],"wp:attachment":[{"href":"https:\/\/spectrebaltics.com\/ru\/wp-json\/wp\/v2\/media?parent=10425"}],"wp:term":[{"taxonomy":"product_cat","embeddable":true,"href":"https:\/\/spectrebaltics.com\/ru\/wp-json\/wp\/v2\/product_cat?post=10425"},{"taxonomy":"product_tag","embeddable":true,"href":"https:\/\/spectrebaltics.com\/ru\/wp-json\/wp\/v2\/product_tag?post=10425"}],"curies":[{"name":"wp","href":"https:\/\/api.w.org\/{rel}","templated":true}]}}