{"id":10450,"date":"2024-06-27T10:36:50","date_gmt":"2024-06-27T10:36:50","guid":{"rendered":"https:\/\/spectrebaltics.com\/?post_type=product&#038;p=10450"},"modified":"2024-06-27T10:36:50","modified_gmt":"2024-06-27T10:36:50","slug":"dunlop-blizzard-pvc-kummisaapad-voodriga","status":"publish","type":"product","link":"https:\/\/spectrebaltics.com\/ru\/toode\/dunlop-blizzard-pvc-kummisaapad-voodriga\/","title":{"rendered":"Dunlop BLIZZARD PVC, kummisaapad voodriga"},"content":{"rendered":"<p>DUNLOP BLIZZARD\u00a0voodriga kummikud<span>sobivad talvistesse oludesse. Veekinlatel saabastel on s\u00e4\u00e4reosa paelaga pingutatav, et v\u00e4ltida vee ja lume kummikusse sattumist. V\u00e4listalla muster tagab hea pidavuse ka libedates oludes. Kummiku vahetald on p\u00f5rutusi neelav. Kummikutel on unikaalse molekulaarse strukturiga, mis hoiavad jalad soojas ka -15\u00a0\u00b0 C juures<\/span><\/p>\n","protected":false},"excerpt":{"rendered":"<p>DUNLOP BLIZZARD\u00a0voodriga kummikudsobivad talvistesse oludesse. Veekinlatel saabastel on s\u00e4\u00e4reosa paelaga pingutatav, et v\u00e4ltida vee ja lume kummikusse sattumist. V\u00e4listalla muster tagab hea pidavuse ka libedates oludes. Kummiku vahetald on p\u00f5rutusi neelav. Kummikutel on unikaalse molekulaarse strukturiga, mis hoiavad jalad soojas ka -15\u00a0\u00b0 C juures<\/p>\n","protected":false},"featured_media":10451,"template":"","meta":[],"product_cat":[106,110],"product_tag":[],"yoast_head":"<!-- This site is optimized with the Yoast SEO plugin v18.4.1 - https:\/\/yoast.com\/wordpress\/plugins\/seo\/ -->\n<title>Dunlop BLIZZARD PVC, kummisaapad voodriga<\/title>\n<meta name=\"robots\" content=\"index, follow, max-snippet:-1, max-image-preview:large, max-video-preview:-1\" \/>\n<link rel=\"canonical\" href=\"https:\/\/spectrebaltics.com\/toode\/dunlop-blizzard-pvc-kummisaapad-voodriga\/\" \/>\n<meta property=\"og:locale\" content=\"ru_RU\" \/>\n<meta property=\"og:type\" content=\"article\" \/>\n<meta property=\"og:title\" content=\"Dunlop BLIZZARD PVC, kummisaapad voodriga\" \/>\n<meta property=\"og:description\" content=\"DUNLOP BLIZZARD\u00a0voodriga kummikudsobivad talvistesse oludesse. Veekinlatel saabastel on s\u00e4\u00e4reosa paelaga pingutatav, et v\u00e4ltida vee ja lume kummikusse sattumist. V\u00e4listalla muster tagab hea pidavuse ka libedates oludes. Kummiku vahetald on p\u00f5rutusi neelav. Kummikutel on unikaalse molekulaarse strukturiga, mis hoiavad jalad soojas ka -15\u00a0\u00b0 C juures\" \/>\n<meta property=\"og:url\" content=\"https:\/\/spectrebaltics.com\/toode\/dunlop-blizzard-pvc-kummisaapad-voodriga\/\" \/>\n<meta property=\"og:site_name\" content=\"Spectrebaltics\" \/>\n<meta property=\"og:image\" content=\"https:\/\/spectrebaltics.com\/wp-content\/uploads\/2024\/06\/snimok-ekrana-2024-06-27-133613.png\" \/>\n\t<meta property=\"og:image:width\" content=\"376\" \/>\n\t<meta property=\"og:image:height\" content=\"376\" \/>\n\t<meta property=\"og:image:type\" content=\"image\/png\" \/>\n<meta name=\"twitter:card\" content=\"summary_large_image\" \/>\n<script type=\"application\/ld+json\" class=\"yoast-schema-graph\">{\"@context\":\"https:\/\/schema.org\",\"@graph\":[{\"@type\":\"Organization\",\"@id\":\"https:\/\/spectrebaltics.com\/ru\/#organization\",\"name\":\"Spectrebaltics\",\"url\":\"https:\/\/spectrebaltics.com\/ru\/\",\"sameAs\":[],\"logo\":{\"@type\":\"ImageObject\",\"@id\":\"https:\/\/spectrebaltics.com\/ru\/#logo\",\"inLanguage\":\"ru-RU\",\"url\":\"https:\/\/spectrebaltics.com\/wp-content\/uploads\/2024\/03\/Spectrebaltics-logo.svg\",\"contentUrl\":\"https:\/\/spectrebaltics.com\/wp-content\/uploads\/2024\/03\/Spectrebaltics-logo.svg\",\"caption\":\"Spectrebaltics\"},\"image\":{\"@id\":\"https:\/\/spectrebaltics.com\/ru\/#logo\"}},{\"@type\":\"WebSite\",\"@id\":\"https:\/\/spectrebaltics.com\/ru\/#website\",\"url\":\"https:\/\/spectrebaltics.com\/ru\/\",\"name\":\"Spectrebaltics\",\"description\":\"\",\"publisher\":{\"@id\":\"https:\/\/spectrebaltics.com\/ru\/#organization\"},\"potentialAction\":[{\"@type\":\"SearchAction\",\"target\":{\"@type\":\"EntryPoint\",\"urlTemplate\":\"https:\/\/spectrebaltics.com\/ru\/?s={search_term_string}\"},\"query-input\":\"required name=search_term_string\"}],\"inLanguage\":\"ru-RU\"},{\"@type\":\"ImageObject\",\"@id\":\"https:\/\/spectrebaltics.com\/toode\/dunlop-blizzard-pvc-kummisaapad-voodriga\/#primaryimage\",\"inLanguage\":\"ru-RU\",\"url\":\"https:\/\/spectrebaltics.com\/wp-content\/uploads\/2024\/06\/snimok-ekrana-2024-06-27-133613.png\",\"contentUrl\":\"https:\/\/spectrebaltics.com\/wp-content\/uploads\/2024\/06\/snimok-ekrana-2024-06-27-133613.png\",\"width\":376,\"height\":376},{\"@type\":\"WebPage\",\"@id\":\"https:\/\/spectrebaltics.com\/toode\/dunlop-blizzard-pvc-kummisaapad-voodriga\/#webpage\",\"url\":\"https:\/\/spectrebaltics.com\/toode\/dunlop-blizzard-pvc-kummisaapad-voodriga\/\",\"name\":\"Dunlop BLIZZARD PVC, kummisaapad voodriga\",\"isPartOf\":{\"@id\":\"https:\/\/spectrebaltics.com\/ru\/#website\"},\"primaryImageOfPage\":{\"@id\":\"https:\/\/spectrebaltics.com\/toode\/dunlop-blizzard-pvc-kummisaapad-voodriga\/#primaryimage\"},\"datePublished\":\"2024-06-27T10:36:50+00:00\",\"dateModified\":\"2024-06-27T10:36:50+00:00\",\"breadcrumb\":{\"@id\":\"https:\/\/spectrebaltics.com\/toode\/dunlop-blizzard-pvc-kummisaapad-voodriga\/#breadcrumb\"},\"inLanguage\":\"ru-RU\",\"potentialAction\":[{\"@type\":\"ReadAction\",\"target\":[\"https:\/\/spectrebaltics.com\/toode\/dunlop-blizzard-pvc-kummisaapad-voodriga\/\"]}]},{\"@type\":\"BreadcrumbList\",\"@id\":\"https:\/\/spectrebaltics.com\/toode\/dunlop-blizzard-pvc-kummisaapad-voodriga\/#breadcrumb\",\"itemListElement\":[{\"@type\":\"ListItem\",\"position\":1,\"name\":\"Home\",\"item\":\"https:\/\/spectrebaltics.com\/ru\/\"},{\"@type\":\"ListItem\",\"position\":2,\"name\":\"\u041a\u0430\u0442\u0430\u043b\u043e\u0433\",\"item\":\"https:\/\/spectrebaltics.com\/ru\/katalog\/\"},{\"@type\":\"ListItem\",\"position\":3,\"name\":\"Dunlop BLIZZARD PVC, kummisaapad voodriga\"}]}]}<\/script>\n<!-- \/ Yoast SEO plugin. -->","yoast_head_json":{"title":"Dunlop BLIZZARD PVC, kummisaapad voodriga","robots":{"index":"index","follow":"follow","max-snippet":"max-snippet:-1","max-image-preview":"max-image-preview:large","max-video-preview":"max-video-preview:-1"},"canonical":"https:\/\/spectrebaltics.com\/toode\/dunlop-blizzard-pvc-kummisaapad-voodriga\/","og_locale":"ru_RU","og_type":"article","og_title":"Dunlop BLIZZARD PVC, kummisaapad voodriga","og_description":"DUNLOP BLIZZARD\u00a0voodriga kummikudsobivad talvistesse oludesse. Veekinlatel saabastel on s\u00e4\u00e4reosa paelaga pingutatav, et v\u00e4ltida vee ja lume kummikusse sattumist. V\u00e4listalla muster tagab hea pidavuse ka libedates oludes. Kummiku vahetald on p\u00f5rutusi neelav. Kummikutel on unikaalse molekulaarse strukturiga, mis hoiavad jalad soojas ka -15\u00a0\u00b0 C juures","og_url":"https:\/\/spectrebaltics.com\/toode\/dunlop-blizzard-pvc-kummisaapad-voodriga\/","og_site_name":"Spectrebaltics","og_image":[{"width":376,"height":376,"url":"https:\/\/spectrebaltics.com\/wp-content\/uploads\/2024\/06\/snimok-ekrana-2024-06-27-133613.png","type":"image\/png"}],"twitter_card":"summary_large_image","schema":{"@context":"https:\/\/schema.org","@graph":[{"@type":"Organization","@id":"https:\/\/spectrebaltics.com\/ru\/#organization","name":"Spectrebaltics","url":"https:\/\/spectrebaltics.com\/ru\/","sameAs":[],"logo":{"@type":"ImageObject","@id":"https:\/\/spectrebaltics.com\/ru\/#logo","inLanguage":"ru-RU","url":"https:\/\/spectrebaltics.com\/wp-content\/uploads\/2024\/03\/Spectrebaltics-logo.svg","contentUrl":"https:\/\/spectrebaltics.com\/wp-content\/uploads\/2024\/03\/Spectrebaltics-logo.svg","caption":"Spectrebaltics"},"image":{"@id":"https:\/\/spectrebaltics.com\/ru\/#logo"}},{"@type":"WebSite","@id":"https:\/\/spectrebaltics.com\/ru\/#website","url":"https:\/\/spectrebaltics.com\/ru\/","name":"Spectrebaltics","description":"","publisher":{"@id":"https:\/\/spectrebaltics.com\/ru\/#organization"},"potentialAction":[{"@type":"SearchAction","target":{"@type":"EntryPoint","urlTemplate":"https:\/\/spectrebaltics.com\/ru\/?s={search_term_string}"},"query-input":"required name=search_term_string"}],"inLanguage":"ru-RU"},{"@type":"ImageObject","@id":"https:\/\/spectrebaltics.com\/toode\/dunlop-blizzard-pvc-kummisaapad-voodriga\/#primaryimage","inLanguage":"ru-RU","url":"https:\/\/spectrebaltics.com\/wp-content\/uploads\/2024\/06\/snimok-ekrana-2024-06-27-133613.png","contentUrl":"https:\/\/spectrebaltics.com\/wp-content\/uploads\/2024\/06\/snimok-ekrana-2024-06-27-133613.png","width":376,"height":376},{"@type":"WebPage","@id":"https:\/\/spectrebaltics.com\/toode\/dunlop-blizzard-pvc-kummisaapad-voodriga\/#webpage","url":"https:\/\/spectrebaltics.com\/toode\/dunlop-blizzard-pvc-kummisaapad-voodriga\/","name":"Dunlop BLIZZARD PVC, kummisaapad voodriga","isPartOf":{"@id":"https:\/\/spectrebaltics.com\/ru\/#website"},"primaryImageOfPage":{"@id":"https:\/\/spectrebaltics.com\/toode\/dunlop-blizzard-pvc-kummisaapad-voodriga\/#primaryimage"},"datePublished":"2024-06-27T10:36:50+00:00","dateModified":"2024-06-27T10:36:50+00:00","breadcrumb":{"@id":"https:\/\/spectrebaltics.com\/toode\/dunlop-blizzard-pvc-kummisaapad-voodriga\/#breadcrumb"},"inLanguage":"ru-RU","potentialAction":[{"@type":"ReadAction","target":["https:\/\/spectrebaltics.com\/toode\/dunlop-blizzard-pvc-kummisaapad-voodriga\/"]}]},{"@type":"BreadcrumbList","@id":"https:\/\/spectrebaltics.com\/toode\/dunlop-blizzard-pvc-kummisaapad-voodriga\/#breadcrumb","itemListElement":[{"@type":"ListItem","position":1,"name":"Home","item":"https:\/\/spectrebaltics.com\/ru\/"},{"@type":"ListItem","position":2,"name":"\u041a\u0430\u0442\u0430\u043b\u043e\u0433","item":"https:\/\/spectrebaltics.com\/ru\/katalog\/"},{"@type":"ListItem","position":3,"name":"Dunlop BLIZZARD PVC, kummisaapad voodriga"}]}]}},"_links":{"self":[{"href":"https:\/\/spectrebaltics.com\/ru\/wp-json\/wp\/v2\/product\/10450"}],"collection":[{"href":"https:\/\/spectrebaltics.com\/ru\/wp-json\/wp\/v2\/product"}],"about":[{"href":"https:\/\/spectrebaltics.com\/ru\/wp-json\/wp\/v2\/types\/product"}],"wp:featuredmedia":[{"embeddable":true,"href":"https:\/\/spectrebaltics.com\/ru\/wp-json\/wp\/v2\/media\/10451"}],"wp:attachment":[{"href":"https:\/\/spectrebaltics.com\/ru\/wp-json\/wp\/v2\/media?parent=10450"}],"wp:term":[{"taxonomy":"product_cat","embeddable":true,"href":"https:\/\/spectrebaltics.com\/ru\/wp-json\/wp\/v2\/product_cat?post=10450"},{"taxonomy":"product_tag","embeddable":true,"href":"https:\/\/spectrebaltics.com\/ru\/wp-json\/wp\/v2\/product_tag?post=10450"}],"curies":[{"name":"wp","href":"https:\/\/api.w.org\/{rel}","templated":true}]}}