{"id":10454,"date":"2024-06-27T10:40:01","date_gmt":"2024-06-27T10:40:01","guid":{"rendered":"https:\/\/spectrebaltics.com\/?post_type=product&#038;p=10454"},"modified":"2024-06-27T10:40:01","modified_gmt":"2024-06-27T10:40:01","slug":"jalas-1228w-saapad-s3-src","status":"publish","type":"product","link":"https:\/\/spectrebaltics.com\/ru\/toode\/jalas-1228w-saapad-s3-src\/","title":{"rendered":"JALAS 1228W saapad S3 SRC"},"content":{"rendered":"<p>JALAS 1228W turvasaapad S3 SRC WG HRO CI HI\u00a0<span>on \u00e4\u00e4rmiselt vastupidavad ja mugavad! Jalas turvajalan\u00f5ud on v\u00e4lja t\u00f6\u00f6tatud k\u00f5ige n\u00f5udlikumateks t\u00f6\u00f6p\u00e4evadeks ning pakuvad maksimaalset kaitset. Turvasaabastel on komposiitmaterjalist varvastekaitse, mis talub 200 J\u00a0l\u00f6\u00f6gienergiat ja 15 kN survet ning terasest naelat\u00f5ke, mis kaitseb naelal\u00e4bistuste eest. T\u00f6\u00f6saapad on kuumuskindla pealismaterjali ja v\u00e4listallaga.<\/span><\/p>\n","protected":false},"excerpt":{"rendered":"<p>JALAS 1228W turvasaapad S3 SRC WG HRO CI HI\u00a0on \u00e4\u00e4rmiselt vastupidavad ja mugavad! Jalas turvajalan\u00f5ud on v\u00e4lja t\u00f6\u00f6tatud k\u00f5ige n\u00f5udlikumateks t\u00f6\u00f6p\u00e4evadeks ning pakuvad maksimaalset kaitset. Turvasaabastel on komposiitmaterjalist varvastekaitse, mis talub 200 J\u00a0l\u00f6\u00f6gienergiat ja 15 kN survet ning terasest naelat\u00f5ke, mis kaitseb naelal\u00e4bistuste eest. T\u00f6\u00f6saapad on kuumuskindla pealismaterjali ja v\u00e4listallaga.<\/p>\n","protected":false},"featured_media":10455,"template":"","meta":[],"product_cat":[106,110],"product_tag":[],"yoast_head":"<!-- This site is optimized with the Yoast SEO plugin v18.4.1 - https:\/\/yoast.com\/wordpress\/plugins\/seo\/ -->\n<title>JALAS 1228W saapad S3 SRC<\/title>\n<meta name=\"robots\" content=\"index, follow, max-snippet:-1, max-image-preview:large, max-video-preview:-1\" \/>\n<link rel=\"canonical\" href=\"https:\/\/spectrebaltics.com\/toode\/jalas-1228w-saapad-s3-src\/\" \/>\n<meta property=\"og:locale\" content=\"ru_RU\" \/>\n<meta property=\"og:type\" content=\"article\" \/>\n<meta property=\"og:title\" content=\"JALAS 1228W saapad S3 SRC\" \/>\n<meta property=\"og:description\" content=\"JALAS 1228W turvasaapad S3 SRC WG HRO CI HI\u00a0on \u00e4\u00e4rmiselt vastupidavad ja mugavad! Jalas turvajalan\u00f5ud on v\u00e4lja t\u00f6\u00f6tatud k\u00f5ige n\u00f5udlikumateks t\u00f6\u00f6p\u00e4evadeks ning pakuvad maksimaalset kaitset. Turvasaabastel on komposiitmaterjalist varvastekaitse, mis talub 200 J\u00a0l\u00f6\u00f6gienergiat ja 15 kN survet ning terasest naelat\u00f5ke, mis kaitseb naelal\u00e4bistuste eest. T\u00f6\u00f6saapad on kuumuskindla pealismaterjali ja v\u00e4listallaga.\" \/>\n<meta property=\"og:url\" content=\"https:\/\/spectrebaltics.com\/toode\/jalas-1228w-saapad-s3-src\/\" \/>\n<meta property=\"og:site_name\" content=\"Spectrebaltics\" \/>\n<meta property=\"og:image\" content=\"https:\/\/spectrebaltics.com\/wp-content\/uploads\/2024\/06\/snimok-ekrana-2024-06-27-133846.png\" \/>\n\t<meta property=\"og:image:width\" content=\"947\" \/>\n\t<meta property=\"og:image:height\" content=\"982\" \/>\n\t<meta property=\"og:image:type\" content=\"image\/png\" \/>\n<meta name=\"twitter:card\" content=\"summary_large_image\" \/>\n<script type=\"application\/ld+json\" class=\"yoast-schema-graph\">{\"@context\":\"https:\/\/schema.org\",\"@graph\":[{\"@type\":\"Organization\",\"@id\":\"https:\/\/spectrebaltics.com\/ru\/#organization\",\"name\":\"Spectrebaltics\",\"url\":\"https:\/\/spectrebaltics.com\/ru\/\",\"sameAs\":[],\"logo\":{\"@type\":\"ImageObject\",\"@id\":\"https:\/\/spectrebaltics.com\/ru\/#logo\",\"inLanguage\":\"ru-RU\",\"url\":\"https:\/\/spectrebaltics.com\/wp-content\/uploads\/2024\/03\/Spectrebaltics-logo.svg\",\"contentUrl\":\"https:\/\/spectrebaltics.com\/wp-content\/uploads\/2024\/03\/Spectrebaltics-logo.svg\",\"caption\":\"Spectrebaltics\"},\"image\":{\"@id\":\"https:\/\/spectrebaltics.com\/ru\/#logo\"}},{\"@type\":\"WebSite\",\"@id\":\"https:\/\/spectrebaltics.com\/ru\/#website\",\"url\":\"https:\/\/spectrebaltics.com\/ru\/\",\"name\":\"Spectrebaltics\",\"description\":\"\",\"publisher\":{\"@id\":\"https:\/\/spectrebaltics.com\/ru\/#organization\"},\"potentialAction\":[{\"@type\":\"SearchAction\",\"target\":{\"@type\":\"EntryPoint\",\"urlTemplate\":\"https:\/\/spectrebaltics.com\/ru\/?s={search_term_string}\"},\"query-input\":\"required name=search_term_string\"}],\"inLanguage\":\"ru-RU\"},{\"@type\":\"ImageObject\",\"@id\":\"https:\/\/spectrebaltics.com\/toode\/jalas-1228w-saapad-s3-src\/#primaryimage\",\"inLanguage\":\"ru-RU\",\"url\":\"https:\/\/spectrebaltics.com\/wp-content\/uploads\/2024\/06\/snimok-ekrana-2024-06-27-133846.png\",\"contentUrl\":\"https:\/\/spectrebaltics.com\/wp-content\/uploads\/2024\/06\/snimok-ekrana-2024-06-27-133846.png\",\"width\":947,\"height\":982},{\"@type\":\"WebPage\",\"@id\":\"https:\/\/spectrebaltics.com\/toode\/jalas-1228w-saapad-s3-src\/#webpage\",\"url\":\"https:\/\/spectrebaltics.com\/toode\/jalas-1228w-saapad-s3-src\/\",\"name\":\"JALAS 1228W saapad S3 SRC\",\"isPartOf\":{\"@id\":\"https:\/\/spectrebaltics.com\/ru\/#website\"},\"primaryImageOfPage\":{\"@id\":\"https:\/\/spectrebaltics.com\/toode\/jalas-1228w-saapad-s3-src\/#primaryimage\"},\"datePublished\":\"2024-06-27T10:40:01+00:00\",\"dateModified\":\"2024-06-27T10:40:01+00:00\",\"breadcrumb\":{\"@id\":\"https:\/\/spectrebaltics.com\/toode\/jalas-1228w-saapad-s3-src\/#breadcrumb\"},\"inLanguage\":\"ru-RU\",\"potentialAction\":[{\"@type\":\"ReadAction\",\"target\":[\"https:\/\/spectrebaltics.com\/toode\/jalas-1228w-saapad-s3-src\/\"]}]},{\"@type\":\"BreadcrumbList\",\"@id\":\"https:\/\/spectrebaltics.com\/toode\/jalas-1228w-saapad-s3-src\/#breadcrumb\",\"itemListElement\":[{\"@type\":\"ListItem\",\"position\":1,\"name\":\"Home\",\"item\":\"https:\/\/spectrebaltics.com\/ru\/\"},{\"@type\":\"ListItem\",\"position\":2,\"name\":\"\u041a\u0430\u0442\u0430\u043b\u043e\u0433\",\"item\":\"https:\/\/spectrebaltics.com\/ru\/katalog\/\"},{\"@type\":\"ListItem\",\"position\":3,\"name\":\"JALAS 1228W saapad S3 SRC\"}]}]}<\/script>\n<!-- \/ Yoast SEO plugin. -->","yoast_head_json":{"title":"JALAS 1228W saapad S3 SRC","robots":{"index":"index","follow":"follow","max-snippet":"max-snippet:-1","max-image-preview":"max-image-preview:large","max-video-preview":"max-video-preview:-1"},"canonical":"https:\/\/spectrebaltics.com\/toode\/jalas-1228w-saapad-s3-src\/","og_locale":"ru_RU","og_type":"article","og_title":"JALAS 1228W saapad S3 SRC","og_description":"JALAS 1228W turvasaapad S3 SRC WG HRO CI HI\u00a0on \u00e4\u00e4rmiselt vastupidavad ja mugavad! Jalas turvajalan\u00f5ud on v\u00e4lja t\u00f6\u00f6tatud k\u00f5ige n\u00f5udlikumateks t\u00f6\u00f6p\u00e4evadeks ning pakuvad maksimaalset kaitset. Turvasaabastel on komposiitmaterjalist varvastekaitse, mis talub 200 J\u00a0l\u00f6\u00f6gienergiat ja 15 kN survet ning terasest naelat\u00f5ke, mis kaitseb naelal\u00e4bistuste eest. T\u00f6\u00f6saapad on kuumuskindla pealismaterjali ja v\u00e4listallaga.","og_url":"https:\/\/spectrebaltics.com\/toode\/jalas-1228w-saapad-s3-src\/","og_site_name":"Spectrebaltics","og_image":[{"width":947,"height":982,"url":"https:\/\/spectrebaltics.com\/wp-content\/uploads\/2024\/06\/snimok-ekrana-2024-06-27-133846.png","type":"image\/png"}],"twitter_card":"summary_large_image","schema":{"@context":"https:\/\/schema.org","@graph":[{"@type":"Organization","@id":"https:\/\/spectrebaltics.com\/ru\/#organization","name":"Spectrebaltics","url":"https:\/\/spectrebaltics.com\/ru\/","sameAs":[],"logo":{"@type":"ImageObject","@id":"https:\/\/spectrebaltics.com\/ru\/#logo","inLanguage":"ru-RU","url":"https:\/\/spectrebaltics.com\/wp-content\/uploads\/2024\/03\/Spectrebaltics-logo.svg","contentUrl":"https:\/\/spectrebaltics.com\/wp-content\/uploads\/2024\/03\/Spectrebaltics-logo.svg","caption":"Spectrebaltics"},"image":{"@id":"https:\/\/spectrebaltics.com\/ru\/#logo"}},{"@type":"WebSite","@id":"https:\/\/spectrebaltics.com\/ru\/#website","url":"https:\/\/spectrebaltics.com\/ru\/","name":"Spectrebaltics","description":"","publisher":{"@id":"https:\/\/spectrebaltics.com\/ru\/#organization"},"potentialAction":[{"@type":"SearchAction","target":{"@type":"EntryPoint","urlTemplate":"https:\/\/spectrebaltics.com\/ru\/?s={search_term_string}"},"query-input":"required name=search_term_string"}],"inLanguage":"ru-RU"},{"@type":"ImageObject","@id":"https:\/\/spectrebaltics.com\/toode\/jalas-1228w-saapad-s3-src\/#primaryimage","inLanguage":"ru-RU","url":"https:\/\/spectrebaltics.com\/wp-content\/uploads\/2024\/06\/snimok-ekrana-2024-06-27-133846.png","contentUrl":"https:\/\/spectrebaltics.com\/wp-content\/uploads\/2024\/06\/snimok-ekrana-2024-06-27-133846.png","width":947,"height":982},{"@type":"WebPage","@id":"https:\/\/spectrebaltics.com\/toode\/jalas-1228w-saapad-s3-src\/#webpage","url":"https:\/\/spectrebaltics.com\/toode\/jalas-1228w-saapad-s3-src\/","name":"JALAS 1228W saapad S3 SRC","isPartOf":{"@id":"https:\/\/spectrebaltics.com\/ru\/#website"},"primaryImageOfPage":{"@id":"https:\/\/spectrebaltics.com\/toode\/jalas-1228w-saapad-s3-src\/#primaryimage"},"datePublished":"2024-06-27T10:40:01+00:00","dateModified":"2024-06-27T10:40:01+00:00","breadcrumb":{"@id":"https:\/\/spectrebaltics.com\/toode\/jalas-1228w-saapad-s3-src\/#breadcrumb"},"inLanguage":"ru-RU","potentialAction":[{"@type":"ReadAction","target":["https:\/\/spectrebaltics.com\/toode\/jalas-1228w-saapad-s3-src\/"]}]},{"@type":"BreadcrumbList","@id":"https:\/\/spectrebaltics.com\/toode\/jalas-1228w-saapad-s3-src\/#breadcrumb","itemListElement":[{"@type":"ListItem","position":1,"name":"Home","item":"https:\/\/spectrebaltics.com\/ru\/"},{"@type":"ListItem","position":2,"name":"\u041a\u0430\u0442\u0430\u043b\u043e\u0433","item":"https:\/\/spectrebaltics.com\/ru\/katalog\/"},{"@type":"ListItem","position":3,"name":"JALAS 1228W saapad S3 SRC"}]}]}},"_links":{"self":[{"href":"https:\/\/spectrebaltics.com\/ru\/wp-json\/wp\/v2\/product\/10454"}],"collection":[{"href":"https:\/\/spectrebaltics.com\/ru\/wp-json\/wp\/v2\/product"}],"about":[{"href":"https:\/\/spectrebaltics.com\/ru\/wp-json\/wp\/v2\/types\/product"}],"wp:featuredmedia":[{"embeddable":true,"href":"https:\/\/spectrebaltics.com\/ru\/wp-json\/wp\/v2\/media\/10455"}],"wp:attachment":[{"href":"https:\/\/spectrebaltics.com\/ru\/wp-json\/wp\/v2\/media?parent=10454"}],"wp:term":[{"taxonomy":"product_cat","embeddable":true,"href":"https:\/\/spectrebaltics.com\/ru\/wp-json\/wp\/v2\/product_cat?post=10454"},{"taxonomy":"product_tag","embeddable":true,"href":"https:\/\/spectrebaltics.com\/ru\/wp-json\/wp\/v2\/product_tag?post=10454"}],"curies":[{"name":"wp","href":"https:\/\/api.w.org\/{rel}","templated":true}]}}