{"id":10464,"date":"2024-06-27T10:42:21","date_gmt":"2024-06-27T10:42:21","guid":{"rendered":"https:\/\/spectrebaltics.com\/?post_type=product&#038;p=10464"},"modified":"2024-06-27T10:42:21","modified_gmt":"2024-06-27T10:42:21","slug":"jalas-1258-heavy-duty-kingad-s3-src-ci-hro-hi","status":"publish","type":"product","link":"https:\/\/spectrebaltics.com\/ru\/toode\/jalas-1258-heavy-duty-kingad-s3-src-ci-hro-hi\/","title":{"rendered":"JALAS 1258 Heavy Duty kingad S3 SRC CI HRO HI"},"content":{"rendered":"<p>JALAS 1258 HEAVY DUTY turvakingad S3<span>on suurep\u00e4rase pidavuse ja p\u00f5rutust absorbeeriva tallaga. Turvakingal on metallivabast komposiidist varvastekaitse ja terasest naelat\u00f5ke. Kuumusekindel ja kauakestev\u00a0kummist v\u00e4listald ning kuumuskindlad Kevlar materjalist niidid. Turvakingad on kiire ja mugava kr\u00f5pskinnitusega.<\/span><\/p>\n","protected":false},"excerpt":{"rendered":"<p>JALAS 1258 HEAVY DUTY turvakingad S3on suurep\u00e4rase pidavuse ja p\u00f5rutust absorbeeriva tallaga. Turvakingal on metallivabast komposiidist varvastekaitse ja terasest naelat\u00f5ke. Kuumusekindel ja kauakestev\u00a0kummist v\u00e4listald ning kuumuskindlad Kevlar materjalist niidid. Turvakingad on kiire ja mugava kr\u00f5pskinnitusega.<\/p>\n","protected":false},"featured_media":10465,"template":"","meta":[],"product_cat":[106,110],"product_tag":[],"yoast_head":"<!-- This site is optimized with the Yoast SEO plugin v18.4.1 - https:\/\/yoast.com\/wordpress\/plugins\/seo\/ -->\n<title>JALAS 1258 Heavy Duty kingad S3 SRC CI HRO HI<\/title>\n<meta name=\"robots\" content=\"index, follow, max-snippet:-1, max-image-preview:large, max-video-preview:-1\" \/>\n<link rel=\"canonical\" href=\"https:\/\/spectrebaltics.com\/toode\/jalas-1258-heavy-duty-kingad-s3-src-ci-hro-hi\/\" \/>\n<meta property=\"og:locale\" content=\"ru_RU\" \/>\n<meta property=\"og:type\" content=\"article\" \/>\n<meta property=\"og:title\" content=\"JALAS 1258 Heavy Duty kingad S3 SRC CI HRO HI\" \/>\n<meta property=\"og:description\" content=\"JALAS 1258 HEAVY DUTY turvakingad S3on suurep\u00e4rase pidavuse ja p\u00f5rutust absorbeeriva tallaga. Turvakingal on metallivabast komposiidist varvastekaitse ja terasest naelat\u00f5ke. Kuumusekindel ja kauakestev\u00a0kummist v\u00e4listald ning kuumuskindlad Kevlar materjalist niidid. Turvakingad on kiire ja mugava kr\u00f5pskinnitusega.\" \/>\n<meta property=\"og:url\" content=\"https:\/\/spectrebaltics.com\/toode\/jalas-1258-heavy-duty-kingad-s3-src-ci-hro-hi\/\" \/>\n<meta property=\"og:site_name\" content=\"Spectrebaltics\" \/>\n<meta property=\"og:image\" content=\"https:\/\/spectrebaltics.com\/wp-content\/uploads\/2024\/06\/snimok-ekrana-2024-06-27-134126.png\" \/>\n\t<meta property=\"og:image:width\" content=\"985\" \/>\n\t<meta property=\"og:image:height\" content=\"974\" \/>\n\t<meta property=\"og:image:type\" content=\"image\/png\" \/>\n<meta name=\"twitter:card\" content=\"summary_large_image\" \/>\n<script type=\"application\/ld+json\" class=\"yoast-schema-graph\">{\"@context\":\"https:\/\/schema.org\",\"@graph\":[{\"@type\":\"Organization\",\"@id\":\"https:\/\/spectrebaltics.com\/ru\/#organization\",\"name\":\"Spectrebaltics\",\"url\":\"https:\/\/spectrebaltics.com\/ru\/\",\"sameAs\":[],\"logo\":{\"@type\":\"ImageObject\",\"@id\":\"https:\/\/spectrebaltics.com\/ru\/#logo\",\"inLanguage\":\"ru-RU\",\"url\":\"https:\/\/spectrebaltics.com\/wp-content\/uploads\/2024\/03\/Spectrebaltics-logo.svg\",\"contentUrl\":\"https:\/\/spectrebaltics.com\/wp-content\/uploads\/2024\/03\/Spectrebaltics-logo.svg\",\"caption\":\"Spectrebaltics\"},\"image\":{\"@id\":\"https:\/\/spectrebaltics.com\/ru\/#logo\"}},{\"@type\":\"WebSite\",\"@id\":\"https:\/\/spectrebaltics.com\/ru\/#website\",\"url\":\"https:\/\/spectrebaltics.com\/ru\/\",\"name\":\"Spectrebaltics\",\"description\":\"\",\"publisher\":{\"@id\":\"https:\/\/spectrebaltics.com\/ru\/#organization\"},\"potentialAction\":[{\"@type\":\"SearchAction\",\"target\":{\"@type\":\"EntryPoint\",\"urlTemplate\":\"https:\/\/spectrebaltics.com\/ru\/?s={search_term_string}\"},\"query-input\":\"required name=search_term_string\"}],\"inLanguage\":\"ru-RU\"},{\"@type\":\"ImageObject\",\"@id\":\"https:\/\/spectrebaltics.com\/toode\/jalas-1258-heavy-duty-kingad-s3-src-ci-hro-hi\/#primaryimage\",\"inLanguage\":\"ru-RU\",\"url\":\"https:\/\/spectrebaltics.com\/wp-content\/uploads\/2024\/06\/snimok-ekrana-2024-06-27-134126.png\",\"contentUrl\":\"https:\/\/spectrebaltics.com\/wp-content\/uploads\/2024\/06\/snimok-ekrana-2024-06-27-134126.png\",\"width\":985,\"height\":974},{\"@type\":\"WebPage\",\"@id\":\"https:\/\/spectrebaltics.com\/toode\/jalas-1258-heavy-duty-kingad-s3-src-ci-hro-hi\/#webpage\",\"url\":\"https:\/\/spectrebaltics.com\/toode\/jalas-1258-heavy-duty-kingad-s3-src-ci-hro-hi\/\",\"name\":\"JALAS 1258 Heavy Duty kingad S3 SRC CI HRO HI\",\"isPartOf\":{\"@id\":\"https:\/\/spectrebaltics.com\/ru\/#website\"},\"primaryImageOfPage\":{\"@id\":\"https:\/\/spectrebaltics.com\/toode\/jalas-1258-heavy-duty-kingad-s3-src-ci-hro-hi\/#primaryimage\"},\"datePublished\":\"2024-06-27T10:42:21+00:00\",\"dateModified\":\"2024-06-27T10:42:21+00:00\",\"breadcrumb\":{\"@id\":\"https:\/\/spectrebaltics.com\/toode\/jalas-1258-heavy-duty-kingad-s3-src-ci-hro-hi\/#breadcrumb\"},\"inLanguage\":\"ru-RU\",\"potentialAction\":[{\"@type\":\"ReadAction\",\"target\":[\"https:\/\/spectrebaltics.com\/toode\/jalas-1258-heavy-duty-kingad-s3-src-ci-hro-hi\/\"]}]},{\"@type\":\"BreadcrumbList\",\"@id\":\"https:\/\/spectrebaltics.com\/toode\/jalas-1258-heavy-duty-kingad-s3-src-ci-hro-hi\/#breadcrumb\",\"itemListElement\":[{\"@type\":\"ListItem\",\"position\":1,\"name\":\"Home\",\"item\":\"https:\/\/spectrebaltics.com\/ru\/\"},{\"@type\":\"ListItem\",\"position\":2,\"name\":\"\u041a\u0430\u0442\u0430\u043b\u043e\u0433\",\"item\":\"https:\/\/spectrebaltics.com\/ru\/katalog\/\"},{\"@type\":\"ListItem\",\"position\":3,\"name\":\"JALAS 1258 Heavy Duty kingad S3 SRC CI HRO HI\"}]}]}<\/script>\n<!-- \/ Yoast SEO plugin. -->","yoast_head_json":{"title":"JALAS 1258 Heavy Duty kingad S3 SRC CI HRO HI","robots":{"index":"index","follow":"follow","max-snippet":"max-snippet:-1","max-image-preview":"max-image-preview:large","max-video-preview":"max-video-preview:-1"},"canonical":"https:\/\/spectrebaltics.com\/toode\/jalas-1258-heavy-duty-kingad-s3-src-ci-hro-hi\/","og_locale":"ru_RU","og_type":"article","og_title":"JALAS 1258 Heavy Duty kingad S3 SRC CI HRO HI","og_description":"JALAS 1258 HEAVY DUTY turvakingad S3on suurep\u00e4rase pidavuse ja p\u00f5rutust absorbeeriva tallaga. Turvakingal on metallivabast komposiidist varvastekaitse ja terasest naelat\u00f5ke. Kuumusekindel ja kauakestev\u00a0kummist v\u00e4listald ning kuumuskindlad Kevlar materjalist niidid. Turvakingad on kiire ja mugava kr\u00f5pskinnitusega.","og_url":"https:\/\/spectrebaltics.com\/toode\/jalas-1258-heavy-duty-kingad-s3-src-ci-hro-hi\/","og_site_name":"Spectrebaltics","og_image":[{"width":985,"height":974,"url":"https:\/\/spectrebaltics.com\/wp-content\/uploads\/2024\/06\/snimok-ekrana-2024-06-27-134126.png","type":"image\/png"}],"twitter_card":"summary_large_image","schema":{"@context":"https:\/\/schema.org","@graph":[{"@type":"Organization","@id":"https:\/\/spectrebaltics.com\/ru\/#organization","name":"Spectrebaltics","url":"https:\/\/spectrebaltics.com\/ru\/","sameAs":[],"logo":{"@type":"ImageObject","@id":"https:\/\/spectrebaltics.com\/ru\/#logo","inLanguage":"ru-RU","url":"https:\/\/spectrebaltics.com\/wp-content\/uploads\/2024\/03\/Spectrebaltics-logo.svg","contentUrl":"https:\/\/spectrebaltics.com\/wp-content\/uploads\/2024\/03\/Spectrebaltics-logo.svg","caption":"Spectrebaltics"},"image":{"@id":"https:\/\/spectrebaltics.com\/ru\/#logo"}},{"@type":"WebSite","@id":"https:\/\/spectrebaltics.com\/ru\/#website","url":"https:\/\/spectrebaltics.com\/ru\/","name":"Spectrebaltics","description":"","publisher":{"@id":"https:\/\/spectrebaltics.com\/ru\/#organization"},"potentialAction":[{"@type":"SearchAction","target":{"@type":"EntryPoint","urlTemplate":"https:\/\/spectrebaltics.com\/ru\/?s={search_term_string}"},"query-input":"required name=search_term_string"}],"inLanguage":"ru-RU"},{"@type":"ImageObject","@id":"https:\/\/spectrebaltics.com\/toode\/jalas-1258-heavy-duty-kingad-s3-src-ci-hro-hi\/#primaryimage","inLanguage":"ru-RU","url":"https:\/\/spectrebaltics.com\/wp-content\/uploads\/2024\/06\/snimok-ekrana-2024-06-27-134126.png","contentUrl":"https:\/\/spectrebaltics.com\/wp-content\/uploads\/2024\/06\/snimok-ekrana-2024-06-27-134126.png","width":985,"height":974},{"@type":"WebPage","@id":"https:\/\/spectrebaltics.com\/toode\/jalas-1258-heavy-duty-kingad-s3-src-ci-hro-hi\/#webpage","url":"https:\/\/spectrebaltics.com\/toode\/jalas-1258-heavy-duty-kingad-s3-src-ci-hro-hi\/","name":"JALAS 1258 Heavy Duty kingad S3 SRC CI HRO HI","isPartOf":{"@id":"https:\/\/spectrebaltics.com\/ru\/#website"},"primaryImageOfPage":{"@id":"https:\/\/spectrebaltics.com\/toode\/jalas-1258-heavy-duty-kingad-s3-src-ci-hro-hi\/#primaryimage"},"datePublished":"2024-06-27T10:42:21+00:00","dateModified":"2024-06-27T10:42:21+00:00","breadcrumb":{"@id":"https:\/\/spectrebaltics.com\/toode\/jalas-1258-heavy-duty-kingad-s3-src-ci-hro-hi\/#breadcrumb"},"inLanguage":"ru-RU","potentialAction":[{"@type":"ReadAction","target":["https:\/\/spectrebaltics.com\/toode\/jalas-1258-heavy-duty-kingad-s3-src-ci-hro-hi\/"]}]},{"@type":"BreadcrumbList","@id":"https:\/\/spectrebaltics.com\/toode\/jalas-1258-heavy-duty-kingad-s3-src-ci-hro-hi\/#breadcrumb","itemListElement":[{"@type":"ListItem","position":1,"name":"Home","item":"https:\/\/spectrebaltics.com\/ru\/"},{"@type":"ListItem","position":2,"name":"\u041a\u0430\u0442\u0430\u043b\u043e\u0433","item":"https:\/\/spectrebaltics.com\/ru\/katalog\/"},{"@type":"ListItem","position":3,"name":"JALAS 1258 Heavy Duty kingad S3 SRC CI HRO HI"}]}]}},"_links":{"self":[{"href":"https:\/\/spectrebaltics.com\/ru\/wp-json\/wp\/v2\/product\/10464"}],"collection":[{"href":"https:\/\/spectrebaltics.com\/ru\/wp-json\/wp\/v2\/product"}],"about":[{"href":"https:\/\/spectrebaltics.com\/ru\/wp-json\/wp\/v2\/types\/product"}],"wp:featuredmedia":[{"embeddable":true,"href":"https:\/\/spectrebaltics.com\/ru\/wp-json\/wp\/v2\/media\/10465"}],"wp:attachment":[{"href":"https:\/\/spectrebaltics.com\/ru\/wp-json\/wp\/v2\/media?parent=10464"}],"wp:term":[{"taxonomy":"product_cat","embeddable":true,"href":"https:\/\/spectrebaltics.com\/ru\/wp-json\/wp\/v2\/product_cat?post=10464"},{"taxonomy":"product_tag","embeddable":true,"href":"https:\/\/spectrebaltics.com\/ru\/wp-json\/wp\/v2\/product_tag?post=10464"}],"curies":[{"name":"wp","href":"https:\/\/api.w.org\/{rel}","templated":true}]}}