{"id":10472,"date":"2024-06-27T10:47:23","date_gmt":"2024-06-27T10:47:23","guid":{"rendered":"https:\/\/spectrebaltics.com\/?post_type=product&#038;p=10472"},"modified":"2024-06-27T10:47:23","modified_gmt":"2024-06-27T10:47:23","slug":"katana-s3-talveturvasaapad","status":"publish","type":"product","link":"https:\/\/spectrebaltics.com\/ru\/toode\/katana-s3-talveturvasaapad\/","title":{"rendered":"KATANA S3 talveturvasaapad"},"content":{"rendered":"<p>KATANA talve turvasaapad S3.<span>\u00a0Mugavatel ja soojadel talve t\u00f6\u00f6saabastel on komposiidist varvastekaitse ja kevlarist naelat\u00f5ke. Turvasaabaste pealismaterjal on veekindlast ja vastupidavast t\u00e4isnahast (1,6 \u2013 1,8 mm) ning sees on soe ja karvane vooder.\u00a0K\u00f5rge s\u00e4\u00e4rega saabastel on suurep\u00e4rase libisemiskindlusega v\u00e4listald (SRC). Tugevdatud nina- ja kannaosa suurendavad saabaste kulumiskindlust.<\/span><\/p>\n","protected":false},"excerpt":{"rendered":"<p>KATANA talve turvasaapad S3.\u00a0Mugavatel ja soojadel talve t\u00f6\u00f6saabastel on komposiidist varvastekaitse ja kevlarist naelat\u00f5ke. Turvasaabaste pealismaterjal on veekindlast ja vastupidavast t\u00e4isnahast (1,6 \u2013 1,8 mm) ning sees on soe ja karvane vooder.\u00a0K\u00f5rge s\u00e4\u00e4rega saabastel on suurep\u00e4rase libisemiskindlusega v\u00e4listald (SRC). Tugevdatud nina- ja kannaosa suurendavad saabaste kulumiskindlust.<\/p>\n","protected":false},"featured_media":10473,"template":"","meta":[],"product_cat":[106,110],"product_tag":[],"yoast_head":"<!-- This site is optimized with the Yoast SEO plugin v18.4.1 - https:\/\/yoast.com\/wordpress\/plugins\/seo\/ -->\n<title>KATANA S3 talveturvasaapad<\/title>\n<meta name=\"robots\" content=\"index, follow, max-snippet:-1, max-image-preview:large, max-video-preview:-1\" \/>\n<link rel=\"canonical\" href=\"https:\/\/spectrebaltics.com\/toode\/katana-s3-talveturvasaapad\/\" \/>\n<meta property=\"og:locale\" content=\"ru_RU\" \/>\n<meta property=\"og:type\" content=\"article\" \/>\n<meta property=\"og:title\" content=\"KATANA S3 talveturvasaapad\" \/>\n<meta property=\"og:description\" content=\"KATANA talve turvasaapad S3.\u00a0Mugavatel ja soojadel talve t\u00f6\u00f6saabastel on komposiidist varvastekaitse ja kevlarist naelat\u00f5ke. Turvasaabaste pealismaterjal on veekindlast ja vastupidavast t\u00e4isnahast (1,6 \u2013 1,8 mm) ning sees on soe ja karvane vooder.\u00a0K\u00f5rge s\u00e4\u00e4rega saabastel on suurep\u00e4rase libisemiskindlusega v\u00e4listald (SRC). Tugevdatud nina- ja kannaosa suurendavad saabaste kulumiskindlust.\" \/>\n<meta property=\"og:url\" content=\"https:\/\/spectrebaltics.com\/toode\/katana-s3-talveturvasaapad\/\" \/>\n<meta property=\"og:site_name\" content=\"Spectrebaltics\" \/>\n<meta property=\"og:image\" content=\"https:\/\/spectrebaltics.com\/wp-content\/uploads\/2024\/06\/snimok-ekrana-2024-06-27-134604.png\" \/>\n\t<meta property=\"og:image:width\" content=\"982\" \/>\n\t<meta property=\"og:image:height\" content=\"965\" \/>\n\t<meta property=\"og:image:type\" content=\"image\/png\" \/>\n<meta name=\"twitter:card\" content=\"summary_large_image\" \/>\n<script type=\"application\/ld+json\" class=\"yoast-schema-graph\">{\"@context\":\"https:\/\/schema.org\",\"@graph\":[{\"@type\":\"Organization\",\"@id\":\"https:\/\/spectrebaltics.com\/ru\/#organization\",\"name\":\"Spectrebaltics\",\"url\":\"https:\/\/spectrebaltics.com\/ru\/\",\"sameAs\":[],\"logo\":{\"@type\":\"ImageObject\",\"@id\":\"https:\/\/spectrebaltics.com\/ru\/#logo\",\"inLanguage\":\"ru-RU\",\"url\":\"https:\/\/spectrebaltics.com\/wp-content\/uploads\/2024\/03\/Spectrebaltics-logo.svg\",\"contentUrl\":\"https:\/\/spectrebaltics.com\/wp-content\/uploads\/2024\/03\/Spectrebaltics-logo.svg\",\"caption\":\"Spectrebaltics\"},\"image\":{\"@id\":\"https:\/\/spectrebaltics.com\/ru\/#logo\"}},{\"@type\":\"WebSite\",\"@id\":\"https:\/\/spectrebaltics.com\/ru\/#website\",\"url\":\"https:\/\/spectrebaltics.com\/ru\/\",\"name\":\"Spectrebaltics\",\"description\":\"\",\"publisher\":{\"@id\":\"https:\/\/spectrebaltics.com\/ru\/#organization\"},\"potentialAction\":[{\"@type\":\"SearchAction\",\"target\":{\"@type\":\"EntryPoint\",\"urlTemplate\":\"https:\/\/spectrebaltics.com\/ru\/?s={search_term_string}\"},\"query-input\":\"required name=search_term_string\"}],\"inLanguage\":\"ru-RU\"},{\"@type\":\"ImageObject\",\"@id\":\"https:\/\/spectrebaltics.com\/toode\/katana-s3-talveturvasaapad\/#primaryimage\",\"inLanguage\":\"ru-RU\",\"url\":\"https:\/\/spectrebaltics.com\/wp-content\/uploads\/2024\/06\/snimok-ekrana-2024-06-27-134604.png\",\"contentUrl\":\"https:\/\/spectrebaltics.com\/wp-content\/uploads\/2024\/06\/snimok-ekrana-2024-06-27-134604.png\",\"width\":982,\"height\":965},{\"@type\":\"WebPage\",\"@id\":\"https:\/\/spectrebaltics.com\/toode\/katana-s3-talveturvasaapad\/#webpage\",\"url\":\"https:\/\/spectrebaltics.com\/toode\/katana-s3-talveturvasaapad\/\",\"name\":\"KATANA S3 talveturvasaapad\",\"isPartOf\":{\"@id\":\"https:\/\/spectrebaltics.com\/ru\/#website\"},\"primaryImageOfPage\":{\"@id\":\"https:\/\/spectrebaltics.com\/toode\/katana-s3-talveturvasaapad\/#primaryimage\"},\"datePublished\":\"2024-06-27T10:47:23+00:00\",\"dateModified\":\"2024-06-27T10:47:23+00:00\",\"breadcrumb\":{\"@id\":\"https:\/\/spectrebaltics.com\/toode\/katana-s3-talveturvasaapad\/#breadcrumb\"},\"inLanguage\":\"ru-RU\",\"potentialAction\":[{\"@type\":\"ReadAction\",\"target\":[\"https:\/\/spectrebaltics.com\/toode\/katana-s3-talveturvasaapad\/\"]}]},{\"@type\":\"BreadcrumbList\",\"@id\":\"https:\/\/spectrebaltics.com\/toode\/katana-s3-talveturvasaapad\/#breadcrumb\",\"itemListElement\":[{\"@type\":\"ListItem\",\"position\":1,\"name\":\"Home\",\"item\":\"https:\/\/spectrebaltics.com\/ru\/\"},{\"@type\":\"ListItem\",\"position\":2,\"name\":\"\u041a\u0430\u0442\u0430\u043b\u043e\u0433\",\"item\":\"https:\/\/spectrebaltics.com\/ru\/katalog\/\"},{\"@type\":\"ListItem\",\"position\":3,\"name\":\"KATANA S3 talveturvasaapad\"}]}]}<\/script>\n<!-- \/ Yoast SEO plugin. -->","yoast_head_json":{"title":"KATANA S3 talveturvasaapad","robots":{"index":"index","follow":"follow","max-snippet":"max-snippet:-1","max-image-preview":"max-image-preview:large","max-video-preview":"max-video-preview:-1"},"canonical":"https:\/\/spectrebaltics.com\/toode\/katana-s3-talveturvasaapad\/","og_locale":"ru_RU","og_type":"article","og_title":"KATANA S3 talveturvasaapad","og_description":"KATANA talve turvasaapad S3.\u00a0Mugavatel ja soojadel talve t\u00f6\u00f6saabastel on komposiidist varvastekaitse ja kevlarist naelat\u00f5ke. Turvasaabaste pealismaterjal on veekindlast ja vastupidavast t\u00e4isnahast (1,6 \u2013 1,8 mm) ning sees on soe ja karvane vooder.\u00a0K\u00f5rge s\u00e4\u00e4rega saabastel on suurep\u00e4rase libisemiskindlusega v\u00e4listald (SRC). Tugevdatud nina- ja kannaosa suurendavad saabaste kulumiskindlust.","og_url":"https:\/\/spectrebaltics.com\/toode\/katana-s3-talveturvasaapad\/","og_site_name":"Spectrebaltics","og_image":[{"width":982,"height":965,"url":"https:\/\/spectrebaltics.com\/wp-content\/uploads\/2024\/06\/snimok-ekrana-2024-06-27-134604.png","type":"image\/png"}],"twitter_card":"summary_large_image","schema":{"@context":"https:\/\/schema.org","@graph":[{"@type":"Organization","@id":"https:\/\/spectrebaltics.com\/ru\/#organization","name":"Spectrebaltics","url":"https:\/\/spectrebaltics.com\/ru\/","sameAs":[],"logo":{"@type":"ImageObject","@id":"https:\/\/spectrebaltics.com\/ru\/#logo","inLanguage":"ru-RU","url":"https:\/\/spectrebaltics.com\/wp-content\/uploads\/2024\/03\/Spectrebaltics-logo.svg","contentUrl":"https:\/\/spectrebaltics.com\/wp-content\/uploads\/2024\/03\/Spectrebaltics-logo.svg","caption":"Spectrebaltics"},"image":{"@id":"https:\/\/spectrebaltics.com\/ru\/#logo"}},{"@type":"WebSite","@id":"https:\/\/spectrebaltics.com\/ru\/#website","url":"https:\/\/spectrebaltics.com\/ru\/","name":"Spectrebaltics","description":"","publisher":{"@id":"https:\/\/spectrebaltics.com\/ru\/#organization"},"potentialAction":[{"@type":"SearchAction","target":{"@type":"EntryPoint","urlTemplate":"https:\/\/spectrebaltics.com\/ru\/?s={search_term_string}"},"query-input":"required name=search_term_string"}],"inLanguage":"ru-RU"},{"@type":"ImageObject","@id":"https:\/\/spectrebaltics.com\/toode\/katana-s3-talveturvasaapad\/#primaryimage","inLanguage":"ru-RU","url":"https:\/\/spectrebaltics.com\/wp-content\/uploads\/2024\/06\/snimok-ekrana-2024-06-27-134604.png","contentUrl":"https:\/\/spectrebaltics.com\/wp-content\/uploads\/2024\/06\/snimok-ekrana-2024-06-27-134604.png","width":982,"height":965},{"@type":"WebPage","@id":"https:\/\/spectrebaltics.com\/toode\/katana-s3-talveturvasaapad\/#webpage","url":"https:\/\/spectrebaltics.com\/toode\/katana-s3-talveturvasaapad\/","name":"KATANA S3 talveturvasaapad","isPartOf":{"@id":"https:\/\/spectrebaltics.com\/ru\/#website"},"primaryImageOfPage":{"@id":"https:\/\/spectrebaltics.com\/toode\/katana-s3-talveturvasaapad\/#primaryimage"},"datePublished":"2024-06-27T10:47:23+00:00","dateModified":"2024-06-27T10:47:23+00:00","breadcrumb":{"@id":"https:\/\/spectrebaltics.com\/toode\/katana-s3-talveturvasaapad\/#breadcrumb"},"inLanguage":"ru-RU","potentialAction":[{"@type":"ReadAction","target":["https:\/\/spectrebaltics.com\/toode\/katana-s3-talveturvasaapad\/"]}]},{"@type":"BreadcrumbList","@id":"https:\/\/spectrebaltics.com\/toode\/katana-s3-talveturvasaapad\/#breadcrumb","itemListElement":[{"@type":"ListItem","position":1,"name":"Home","item":"https:\/\/spectrebaltics.com\/ru\/"},{"@type":"ListItem","position":2,"name":"\u041a\u0430\u0442\u0430\u043b\u043e\u0433","item":"https:\/\/spectrebaltics.com\/ru\/katalog\/"},{"@type":"ListItem","position":3,"name":"KATANA S3 talveturvasaapad"}]}]}},"_links":{"self":[{"href":"https:\/\/spectrebaltics.com\/ru\/wp-json\/wp\/v2\/product\/10472"}],"collection":[{"href":"https:\/\/spectrebaltics.com\/ru\/wp-json\/wp\/v2\/product"}],"about":[{"href":"https:\/\/spectrebaltics.com\/ru\/wp-json\/wp\/v2\/types\/product"}],"wp:featuredmedia":[{"embeddable":true,"href":"https:\/\/spectrebaltics.com\/ru\/wp-json\/wp\/v2\/media\/10473"}],"wp:attachment":[{"href":"https:\/\/spectrebaltics.com\/ru\/wp-json\/wp\/v2\/media?parent=10472"}],"wp:term":[{"taxonomy":"product_cat","embeddable":true,"href":"https:\/\/spectrebaltics.com\/ru\/wp-json\/wp\/v2\/product_cat?post=10472"},{"taxonomy":"product_tag","embeddable":true,"href":"https:\/\/spectrebaltics.com\/ru\/wp-json\/wp\/v2\/product_tag?post=10472"}],"curies":[{"name":"wp","href":"https:\/\/api.w.org\/{rel}","templated":true}]}}