{"id":10519,"date":"2024-06-28T08:08:56","date_gmt":"2024-06-28T08:08:56","guid":{"rendered":"https:\/\/spectrebaltics.com\/?post_type=product&#038;p=10519"},"modified":"2024-06-28T08:08:56","modified_gmt":"2024-06-28T08:08:56","slug":"3m-4535-kaitseulikond-5-6-sini-valge","status":"publish","type":"product","link":"https:\/\/spectrebaltics.com\/ru\/toode\/3m-4535-kaitseulikond-5-6-sini-valge\/","title":{"rendered":"3M 4535 Kaitse\u00fclikond 5\/6 Sini-valge"},"content":{"rendered":"<p>T\u00fc\u00fcp 5\/6 kombinesoon on valmistatud \u00e4\u00e4rmiselt pehmest, kergest, kuid vastupidavast kangast, mis kaitseb h\u00e4sti ohtlikke osakesi ja piiratud vedelikupritsmeid. Spetsiaalne hingav paneelkapoti disain koos suurte hingavate tagapaneelidega v\u00e4hendab kuumas keskkonnas kuumastressi ohtu. Kahesuunaline t\u00f5mblukk ja tormiklapp elastsete avadega v\u00e4hendab nahaga kokkupuute ohtu.<\/p>\n","protected":false},"excerpt":{"rendered":"<p>T\u00fc\u00fcp 5\/6 kombinesoon on valmistatud \u00e4\u00e4rmiselt pehmest, kergest, kuid vastupidavast kangast, mis kaitseb h\u00e4sti ohtlikke osakesi ja piiratud vedelikupritsmeid. Spetsiaalne hingav paneelkapoti disain koos suurte hingavate tagapaneelidega v\u00e4hendab kuumas keskkonnas kuumastressi ohtu. Kahesuunaline t\u00f5mblukk ja tormiklapp elastsete avadega v\u00e4hendab nahaga kokkupuute ohtu.<\/p>\n","protected":false},"featured_media":10523,"template":"","meta":[],"product_cat":[106,111],"product_tag":[],"yoast_head":"<!-- This site is optimized with the Yoast SEO plugin v18.4.1 - https:\/\/yoast.com\/wordpress\/plugins\/seo\/ -->\n<title>3M 4535 Kaitse\u00fclikond 5\/6 Sini-valge<\/title>\n<meta name=\"robots\" content=\"index, follow, max-snippet:-1, max-image-preview:large, max-video-preview:-1\" \/>\n<link rel=\"canonical\" href=\"https:\/\/spectrebaltics.com\/toode\/3m-4535-kaitseulikond-5-6-sini-valge\/\" \/>\n<meta property=\"og:locale\" content=\"ru_RU\" \/>\n<meta property=\"og:type\" content=\"article\" \/>\n<meta property=\"og:title\" content=\"3M 4535 Kaitse\u00fclikond 5\/6 Sini-valge\" \/>\n<meta property=\"og:description\" content=\"T\u00fc\u00fcp 5\/6 kombinesoon on valmistatud \u00e4\u00e4rmiselt pehmest, kergest, kuid vastupidavast kangast, mis kaitseb h\u00e4sti ohtlikke osakesi ja piiratud vedelikupritsmeid. Spetsiaalne hingav paneelkapoti disain koos suurte hingavate tagapaneelidega v\u00e4hendab kuumas keskkonnas kuumastressi ohtu. Kahesuunaline t\u00f5mblukk ja tormiklapp elastsete avadega v\u00e4hendab nahaga kokkupuute ohtu.\" \/>\n<meta property=\"og:url\" content=\"https:\/\/spectrebaltics.com\/toode\/3m-4535-kaitseulikond-5-6-sini-valge\/\" \/>\n<meta property=\"og:site_name\" content=\"Spectrebaltics\" \/>\n<meta property=\"og:image\" content=\"https:\/\/spectrebaltics.com\/wp-content\/uploads\/2024\/06\/select-size-size-m-select-size-5170-p.jpg\" \/>\n\t<meta property=\"og:image:width\" content=\"800\" \/>\n\t<meta property=\"og:image:height\" content=\"800\" \/>\n\t<meta property=\"og:image:type\" content=\"image\/jpeg\" \/>\n<meta name=\"twitter:card\" content=\"summary_large_image\" \/>\n<script type=\"application\/ld+json\" class=\"yoast-schema-graph\">{\"@context\":\"https:\/\/schema.org\",\"@graph\":[{\"@type\":\"Organization\",\"@id\":\"https:\/\/spectrebaltics.com\/ru\/#organization\",\"name\":\"Spectrebaltics\",\"url\":\"https:\/\/spectrebaltics.com\/ru\/\",\"sameAs\":[],\"logo\":{\"@type\":\"ImageObject\",\"@id\":\"https:\/\/spectrebaltics.com\/ru\/#logo\",\"inLanguage\":\"ru-RU\",\"url\":\"https:\/\/spectrebaltics.com\/wp-content\/uploads\/2024\/03\/Spectrebaltics-logo.svg\",\"contentUrl\":\"https:\/\/spectrebaltics.com\/wp-content\/uploads\/2024\/03\/Spectrebaltics-logo.svg\",\"caption\":\"Spectrebaltics\"},\"image\":{\"@id\":\"https:\/\/spectrebaltics.com\/ru\/#logo\"}},{\"@type\":\"WebSite\",\"@id\":\"https:\/\/spectrebaltics.com\/ru\/#website\",\"url\":\"https:\/\/spectrebaltics.com\/ru\/\",\"name\":\"Spectrebaltics\",\"description\":\"\",\"publisher\":{\"@id\":\"https:\/\/spectrebaltics.com\/ru\/#organization\"},\"potentialAction\":[{\"@type\":\"SearchAction\",\"target\":{\"@type\":\"EntryPoint\",\"urlTemplate\":\"https:\/\/spectrebaltics.com\/ru\/?s={search_term_string}\"},\"query-input\":\"required name=search_term_string\"}],\"inLanguage\":\"ru-RU\"},{\"@type\":\"ImageObject\",\"@id\":\"https:\/\/spectrebaltics.com\/toode\/3m-4535-kaitseulikond-5-6-sini-valge\/#primaryimage\",\"inLanguage\":\"ru-RU\",\"url\":\"https:\/\/spectrebaltics.com\/wp-content\/uploads\/2024\/06\/select-size-size-m-select-size-5170-p.jpg\",\"contentUrl\":\"https:\/\/spectrebaltics.com\/wp-content\/uploads\/2024\/06\/select-size-size-m-select-size-5170-p.jpg\",\"width\":800,\"height\":800},{\"@type\":\"WebPage\",\"@id\":\"https:\/\/spectrebaltics.com\/toode\/3m-4535-kaitseulikond-5-6-sini-valge\/#webpage\",\"url\":\"https:\/\/spectrebaltics.com\/toode\/3m-4535-kaitseulikond-5-6-sini-valge\/\",\"name\":\"3M 4535 Kaitse\u00fclikond 5\/6 Sini-valge\",\"isPartOf\":{\"@id\":\"https:\/\/spectrebaltics.com\/ru\/#website\"},\"primaryImageOfPage\":{\"@id\":\"https:\/\/spectrebaltics.com\/toode\/3m-4535-kaitseulikond-5-6-sini-valge\/#primaryimage\"},\"datePublished\":\"2024-06-28T08:08:56+00:00\",\"dateModified\":\"2024-06-28T08:08:56+00:00\",\"breadcrumb\":{\"@id\":\"https:\/\/spectrebaltics.com\/toode\/3m-4535-kaitseulikond-5-6-sini-valge\/#breadcrumb\"},\"inLanguage\":\"ru-RU\",\"potentialAction\":[{\"@type\":\"ReadAction\",\"target\":[\"https:\/\/spectrebaltics.com\/toode\/3m-4535-kaitseulikond-5-6-sini-valge\/\"]}]},{\"@type\":\"BreadcrumbList\",\"@id\":\"https:\/\/spectrebaltics.com\/toode\/3m-4535-kaitseulikond-5-6-sini-valge\/#breadcrumb\",\"itemListElement\":[{\"@type\":\"ListItem\",\"position\":1,\"name\":\"Home\",\"item\":\"https:\/\/spectrebaltics.com\/ru\/\"},{\"@type\":\"ListItem\",\"position\":2,\"name\":\"\u041a\u0430\u0442\u0430\u043b\u043e\u0433\",\"item\":\"https:\/\/spectrebaltics.com\/ru\/katalog\/\"},{\"@type\":\"ListItem\",\"position\":3,\"name\":\"3M 4535 Kaitse\u00fclikond 5\/6 Sini-valge\"}]}]}<\/script>\n<!-- \/ Yoast SEO plugin. -->","yoast_head_json":{"title":"3M 4535 Kaitse\u00fclikond 5\/6 Sini-valge","robots":{"index":"index","follow":"follow","max-snippet":"max-snippet:-1","max-image-preview":"max-image-preview:large","max-video-preview":"max-video-preview:-1"},"canonical":"https:\/\/spectrebaltics.com\/toode\/3m-4535-kaitseulikond-5-6-sini-valge\/","og_locale":"ru_RU","og_type":"article","og_title":"3M 4535 Kaitse\u00fclikond 5\/6 Sini-valge","og_description":"T\u00fc\u00fcp 5\/6 kombinesoon on valmistatud \u00e4\u00e4rmiselt pehmest, kergest, kuid vastupidavast kangast, mis kaitseb h\u00e4sti ohtlikke osakesi ja piiratud vedelikupritsmeid. Spetsiaalne hingav paneelkapoti disain koos suurte hingavate tagapaneelidega v\u00e4hendab kuumas keskkonnas kuumastressi ohtu. Kahesuunaline t\u00f5mblukk ja tormiklapp elastsete avadega v\u00e4hendab nahaga kokkupuute ohtu.","og_url":"https:\/\/spectrebaltics.com\/toode\/3m-4535-kaitseulikond-5-6-sini-valge\/","og_site_name":"Spectrebaltics","og_image":[{"width":800,"height":800,"url":"https:\/\/spectrebaltics.com\/wp-content\/uploads\/2024\/06\/select-size-size-m-select-size-5170-p.jpg","type":"image\/jpeg"}],"twitter_card":"summary_large_image","schema":{"@context":"https:\/\/schema.org","@graph":[{"@type":"Organization","@id":"https:\/\/spectrebaltics.com\/ru\/#organization","name":"Spectrebaltics","url":"https:\/\/spectrebaltics.com\/ru\/","sameAs":[],"logo":{"@type":"ImageObject","@id":"https:\/\/spectrebaltics.com\/ru\/#logo","inLanguage":"ru-RU","url":"https:\/\/spectrebaltics.com\/wp-content\/uploads\/2024\/03\/Spectrebaltics-logo.svg","contentUrl":"https:\/\/spectrebaltics.com\/wp-content\/uploads\/2024\/03\/Spectrebaltics-logo.svg","caption":"Spectrebaltics"},"image":{"@id":"https:\/\/spectrebaltics.com\/ru\/#logo"}},{"@type":"WebSite","@id":"https:\/\/spectrebaltics.com\/ru\/#website","url":"https:\/\/spectrebaltics.com\/ru\/","name":"Spectrebaltics","description":"","publisher":{"@id":"https:\/\/spectrebaltics.com\/ru\/#organization"},"potentialAction":[{"@type":"SearchAction","target":{"@type":"EntryPoint","urlTemplate":"https:\/\/spectrebaltics.com\/ru\/?s={search_term_string}"},"query-input":"required name=search_term_string"}],"inLanguage":"ru-RU"},{"@type":"ImageObject","@id":"https:\/\/spectrebaltics.com\/toode\/3m-4535-kaitseulikond-5-6-sini-valge\/#primaryimage","inLanguage":"ru-RU","url":"https:\/\/spectrebaltics.com\/wp-content\/uploads\/2024\/06\/select-size-size-m-select-size-5170-p.jpg","contentUrl":"https:\/\/spectrebaltics.com\/wp-content\/uploads\/2024\/06\/select-size-size-m-select-size-5170-p.jpg","width":800,"height":800},{"@type":"WebPage","@id":"https:\/\/spectrebaltics.com\/toode\/3m-4535-kaitseulikond-5-6-sini-valge\/#webpage","url":"https:\/\/spectrebaltics.com\/toode\/3m-4535-kaitseulikond-5-6-sini-valge\/","name":"3M 4535 Kaitse\u00fclikond 5\/6 Sini-valge","isPartOf":{"@id":"https:\/\/spectrebaltics.com\/ru\/#website"},"primaryImageOfPage":{"@id":"https:\/\/spectrebaltics.com\/toode\/3m-4535-kaitseulikond-5-6-sini-valge\/#primaryimage"},"datePublished":"2024-06-28T08:08:56+00:00","dateModified":"2024-06-28T08:08:56+00:00","breadcrumb":{"@id":"https:\/\/spectrebaltics.com\/toode\/3m-4535-kaitseulikond-5-6-sini-valge\/#breadcrumb"},"inLanguage":"ru-RU","potentialAction":[{"@type":"ReadAction","target":["https:\/\/spectrebaltics.com\/toode\/3m-4535-kaitseulikond-5-6-sini-valge\/"]}]},{"@type":"BreadcrumbList","@id":"https:\/\/spectrebaltics.com\/toode\/3m-4535-kaitseulikond-5-6-sini-valge\/#breadcrumb","itemListElement":[{"@type":"ListItem","position":1,"name":"Home","item":"https:\/\/spectrebaltics.com\/ru\/"},{"@type":"ListItem","position":2,"name":"\u041a\u0430\u0442\u0430\u043b\u043e\u0433","item":"https:\/\/spectrebaltics.com\/ru\/katalog\/"},{"@type":"ListItem","position":3,"name":"3M 4535 Kaitse\u00fclikond 5\/6 Sini-valge"}]}]}},"_links":{"self":[{"href":"https:\/\/spectrebaltics.com\/ru\/wp-json\/wp\/v2\/product\/10519"}],"collection":[{"href":"https:\/\/spectrebaltics.com\/ru\/wp-json\/wp\/v2\/product"}],"about":[{"href":"https:\/\/spectrebaltics.com\/ru\/wp-json\/wp\/v2\/types\/product"}],"wp:featuredmedia":[{"embeddable":true,"href":"https:\/\/spectrebaltics.com\/ru\/wp-json\/wp\/v2\/media\/10523"}],"wp:attachment":[{"href":"https:\/\/spectrebaltics.com\/ru\/wp-json\/wp\/v2\/media?parent=10519"}],"wp:term":[{"taxonomy":"product_cat","embeddable":true,"href":"https:\/\/spectrebaltics.com\/ru\/wp-json\/wp\/v2\/product_cat?post=10519"},{"taxonomy":"product_tag","embeddable":true,"href":"https:\/\/spectrebaltics.com\/ru\/wp-json\/wp\/v2\/product_tag?post=10519"}],"curies":[{"name":"wp","href":"https:\/\/api.w.org\/{rel}","templated":true}]}}