{"id":10541,"date":"2024-06-28T08:36:28","date_gmt":"2024-06-28T08:36:28","guid":{"rendered":"https:\/\/spectrebaltics.com\/?post_type=product&#038;p=10541"},"modified":"2024-06-28T12:28:00","modified_gmt":"2024-06-28T12:28:00","slug":"ep-nahast-poll-110x70-cm","status":"publish","type":"product","link":"https:\/\/spectrebaltics.com\/ru\/toode\/ep-nahast-poll-110x70-cm\/","title":{"rendered":"EP nahast p\u00f5ll 110&#215;70 cm"},"content":{"rendered":"<p>COVERGUARD nahast p\u00f5ll<span>keevituseks ja metallit\u00f6\u00f6deks. Nahkp\u00f5ll kaitseb h\u00e4sti leekide ja kontaktkuumuse eest ning osaliselt v\u00e4ikeste sulametallipritsmete eest.\u00a0Sobilik kasutamiseks n\u00e4iteks keevitus- ja sepat\u00f6\u00f6del ning nurkl\u00f5ikaja\/lihvijaga t\u00f6\u00f6tamisel.\u00a0Hoia p\u00f5lle h\u00e4stiventileeritud kohas, kus pole suuri temperatuurik\u00f5ikumisi, soovitav hoiustamise temperatuur 0\u00b0C \u2013 20\u00b0C.\u00a0V\u00e4ltida otsest p\u00e4ikesevalgust.\u00a0Kahjustunud p\u00f5ll ei taga enam endist kaitset ja tuleb asendada.<\/span><\/p>\n","protected":false},"excerpt":{"rendered":"<p>COVERGUARD nahast p\u00f5llkeevituseks ja metallit\u00f6\u00f6deks. Nahkp\u00f5ll kaitseb h\u00e4sti leekide ja kontaktkuumuse eest ning osaliselt v\u00e4ikeste sulametallipritsmete eest.\u00a0Sobilik kasutamiseks n\u00e4iteks keevitus- ja sepat\u00f6\u00f6del ning nurkl\u00f5ikaja\/lihvijaga t\u00f6\u00f6tamisel.\u00a0Hoia p\u00f5lle h\u00e4stiventileeritud kohas, kus pole suuri temperatuurik\u00f5ikumisi, soovitav hoiustamise temperatuur 0\u00b0C \u2013 20\u00b0C.\u00a0V\u00e4ltida otsest p\u00e4ikesevalgust.\u00a0Kahjustunud p\u00f5ll ei taga enam endist kaitset ja tuleb asendada.<\/p>\n","protected":false},"featured_media":10542,"template":"","meta":[],"product_cat":[106,107],"product_tag":[],"yoast_head":"<!-- This site is optimized with the Yoast SEO plugin v18.4.1 - https:\/\/yoast.com\/wordpress\/plugins\/seo\/ -->\n<title>EP nahast p\u00f5ll 110x70 cm<\/title>\n<meta name=\"robots\" content=\"index, follow, max-snippet:-1, max-image-preview:large, max-video-preview:-1\" \/>\n<link rel=\"canonical\" href=\"https:\/\/spectrebaltics.com\/toode\/ep-nahast-poll-110x70-cm\/\" \/>\n<meta property=\"og:locale\" content=\"ru_RU\" \/>\n<meta property=\"og:type\" content=\"article\" \/>\n<meta property=\"og:title\" content=\"EP nahast p\u00f5ll 110x70 cm\" \/>\n<meta property=\"og:description\" content=\"COVERGUARD nahast p\u00f5llkeevituseks ja metallit\u00f6\u00f6deks. Nahkp\u00f5ll kaitseb h\u00e4sti leekide ja kontaktkuumuse eest ning osaliselt v\u00e4ikeste sulametallipritsmete eest.\u00a0Sobilik kasutamiseks n\u00e4iteks keevitus- ja sepat\u00f6\u00f6del ning nurkl\u00f5ikaja\/lihvijaga t\u00f6\u00f6tamisel.\u00a0Hoia p\u00f5lle h\u00e4stiventileeritud kohas, kus pole suuri temperatuurik\u00f5ikumisi, soovitav hoiustamise temperatuur 0\u00b0C \u2013 20\u00b0C.\u00a0V\u00e4ltida otsest p\u00e4ikesevalgust.\u00a0Kahjustunud p\u00f5ll ei taga enam endist kaitset ja tuleb asendada.\" \/>\n<meta property=\"og:url\" content=\"https:\/\/spectrebaltics.com\/toode\/ep-nahast-poll-110x70-cm\/\" \/>\n<meta property=\"og:site_name\" content=\"Spectrebaltics\" \/>\n<meta property=\"article:modified_time\" content=\"2024-06-28T12:28:00+00:00\" \/>\n<meta property=\"og:image\" content=\"https:\/\/spectrebaltics.com\/wp-content\/uploads\/2024\/06\/meta.jpg\" \/>\n\t<meta property=\"og:image:width\" content=\"1200\" \/>\n\t<meta property=\"og:image:height\" content=\"630\" \/>\n\t<meta property=\"og:image:type\" content=\"image\/jpeg\" \/>\n<meta name=\"twitter:card\" content=\"summary_large_image\" \/>\n<script type=\"application\/ld+json\" class=\"yoast-schema-graph\">{\"@context\":\"https:\/\/schema.org\",\"@graph\":[{\"@type\":\"Organization\",\"@id\":\"https:\/\/spectrebaltics.com\/ru\/#organization\",\"name\":\"Spectrebaltics\",\"url\":\"https:\/\/spectrebaltics.com\/ru\/\",\"sameAs\":[],\"logo\":{\"@type\":\"ImageObject\",\"@id\":\"https:\/\/spectrebaltics.com\/ru\/#logo\",\"inLanguage\":\"ru-RU\",\"url\":\"https:\/\/spectrebaltics.com\/wp-content\/uploads\/2024\/03\/Spectrebaltics-logo.svg\",\"contentUrl\":\"https:\/\/spectrebaltics.com\/wp-content\/uploads\/2024\/03\/Spectrebaltics-logo.svg\",\"caption\":\"Spectrebaltics\"},\"image\":{\"@id\":\"https:\/\/spectrebaltics.com\/ru\/#logo\"}},{\"@type\":\"WebSite\",\"@id\":\"https:\/\/spectrebaltics.com\/ru\/#website\",\"url\":\"https:\/\/spectrebaltics.com\/ru\/\",\"name\":\"Spectrebaltics\",\"description\":\"\",\"publisher\":{\"@id\":\"https:\/\/spectrebaltics.com\/ru\/#organization\"},\"potentialAction\":[{\"@type\":\"SearchAction\",\"target\":{\"@type\":\"EntryPoint\",\"urlTemplate\":\"https:\/\/spectrebaltics.com\/ru\/?s={search_term_string}\"},\"query-input\":\"required name=search_term_string\"}],\"inLanguage\":\"ru-RU\"},{\"@type\":\"ImageObject\",\"@id\":\"https:\/\/spectrebaltics.com\/toode\/ep-nahast-poll-110x70-cm\/#primaryimage\",\"inLanguage\":\"ru-RU\",\"url\":\"https:\/\/spectrebaltics.com\/wp-content\/uploads\/2024\/06\/meta.jpg\",\"contentUrl\":\"https:\/\/spectrebaltics.com\/wp-content\/uploads\/2024\/06\/meta.jpg\",\"width\":1200,\"height\":630},{\"@type\":\"WebPage\",\"@id\":\"https:\/\/spectrebaltics.com\/toode\/ep-nahast-poll-110x70-cm\/#webpage\",\"url\":\"https:\/\/spectrebaltics.com\/toode\/ep-nahast-poll-110x70-cm\/\",\"name\":\"EP nahast p\u00f5ll 110x70 cm\",\"isPartOf\":{\"@id\":\"https:\/\/spectrebaltics.com\/ru\/#website\"},\"primaryImageOfPage\":{\"@id\":\"https:\/\/spectrebaltics.com\/toode\/ep-nahast-poll-110x70-cm\/#primaryimage\"},\"datePublished\":\"2024-06-28T08:36:28+00:00\",\"dateModified\":\"2024-06-28T12:28:00+00:00\",\"breadcrumb\":{\"@id\":\"https:\/\/spectrebaltics.com\/toode\/ep-nahast-poll-110x70-cm\/#breadcrumb\"},\"inLanguage\":\"ru-RU\",\"potentialAction\":[{\"@type\":\"ReadAction\",\"target\":[\"https:\/\/spectrebaltics.com\/toode\/ep-nahast-poll-110x70-cm\/\"]}]},{\"@type\":\"BreadcrumbList\",\"@id\":\"https:\/\/spectrebaltics.com\/toode\/ep-nahast-poll-110x70-cm\/#breadcrumb\",\"itemListElement\":[{\"@type\":\"ListItem\",\"position\":1,\"name\":\"Home\",\"item\":\"https:\/\/spectrebaltics.com\/ru\/\"},{\"@type\":\"ListItem\",\"position\":2,\"name\":\"\u041a\u0430\u0442\u0430\u043b\u043e\u0433\",\"item\":\"https:\/\/spectrebaltics.com\/ru\/katalog\/\"},{\"@type\":\"ListItem\",\"position\":3,\"name\":\"EP nahast p\u00f5ll 110&#215;70 cm\"}]}]}<\/script>\n<!-- \/ Yoast SEO plugin. -->","yoast_head_json":{"title":"EP nahast p\u00f5ll 110x70 cm","robots":{"index":"index","follow":"follow","max-snippet":"max-snippet:-1","max-image-preview":"max-image-preview:large","max-video-preview":"max-video-preview:-1"},"canonical":"https:\/\/spectrebaltics.com\/toode\/ep-nahast-poll-110x70-cm\/","og_locale":"ru_RU","og_type":"article","og_title":"EP nahast p\u00f5ll 110x70 cm","og_description":"COVERGUARD nahast p\u00f5llkeevituseks ja metallit\u00f6\u00f6deks. Nahkp\u00f5ll kaitseb h\u00e4sti leekide ja kontaktkuumuse eest ning osaliselt v\u00e4ikeste sulametallipritsmete eest.\u00a0Sobilik kasutamiseks n\u00e4iteks keevitus- ja sepat\u00f6\u00f6del ning nurkl\u00f5ikaja\/lihvijaga t\u00f6\u00f6tamisel.\u00a0Hoia p\u00f5lle h\u00e4stiventileeritud kohas, kus pole suuri temperatuurik\u00f5ikumisi, soovitav hoiustamise temperatuur 0\u00b0C \u2013 20\u00b0C.\u00a0V\u00e4ltida otsest p\u00e4ikesevalgust.\u00a0Kahjustunud p\u00f5ll ei taga enam endist kaitset ja tuleb asendada.","og_url":"https:\/\/spectrebaltics.com\/toode\/ep-nahast-poll-110x70-cm\/","og_site_name":"Spectrebaltics","article_modified_time":"2024-06-28T12:28:00+00:00","og_image":[{"width":1200,"height":630,"url":"https:\/\/spectrebaltics.com\/wp-content\/uploads\/2024\/06\/meta.jpg","type":"image\/jpeg"}],"twitter_card":"summary_large_image","schema":{"@context":"https:\/\/schema.org","@graph":[{"@type":"Organization","@id":"https:\/\/spectrebaltics.com\/ru\/#organization","name":"Spectrebaltics","url":"https:\/\/spectrebaltics.com\/ru\/","sameAs":[],"logo":{"@type":"ImageObject","@id":"https:\/\/spectrebaltics.com\/ru\/#logo","inLanguage":"ru-RU","url":"https:\/\/spectrebaltics.com\/wp-content\/uploads\/2024\/03\/Spectrebaltics-logo.svg","contentUrl":"https:\/\/spectrebaltics.com\/wp-content\/uploads\/2024\/03\/Spectrebaltics-logo.svg","caption":"Spectrebaltics"},"image":{"@id":"https:\/\/spectrebaltics.com\/ru\/#logo"}},{"@type":"WebSite","@id":"https:\/\/spectrebaltics.com\/ru\/#website","url":"https:\/\/spectrebaltics.com\/ru\/","name":"Spectrebaltics","description":"","publisher":{"@id":"https:\/\/spectrebaltics.com\/ru\/#organization"},"potentialAction":[{"@type":"SearchAction","target":{"@type":"EntryPoint","urlTemplate":"https:\/\/spectrebaltics.com\/ru\/?s={search_term_string}"},"query-input":"required name=search_term_string"}],"inLanguage":"ru-RU"},{"@type":"ImageObject","@id":"https:\/\/spectrebaltics.com\/toode\/ep-nahast-poll-110x70-cm\/#primaryimage","inLanguage":"ru-RU","url":"https:\/\/spectrebaltics.com\/wp-content\/uploads\/2024\/06\/meta.jpg","contentUrl":"https:\/\/spectrebaltics.com\/wp-content\/uploads\/2024\/06\/meta.jpg","width":1200,"height":630},{"@type":"WebPage","@id":"https:\/\/spectrebaltics.com\/toode\/ep-nahast-poll-110x70-cm\/#webpage","url":"https:\/\/spectrebaltics.com\/toode\/ep-nahast-poll-110x70-cm\/","name":"EP nahast p\u00f5ll 110x70 cm","isPartOf":{"@id":"https:\/\/spectrebaltics.com\/ru\/#website"},"primaryImageOfPage":{"@id":"https:\/\/spectrebaltics.com\/toode\/ep-nahast-poll-110x70-cm\/#primaryimage"},"datePublished":"2024-06-28T08:36:28+00:00","dateModified":"2024-06-28T12:28:00+00:00","breadcrumb":{"@id":"https:\/\/spectrebaltics.com\/toode\/ep-nahast-poll-110x70-cm\/#breadcrumb"},"inLanguage":"ru-RU","potentialAction":[{"@type":"ReadAction","target":["https:\/\/spectrebaltics.com\/toode\/ep-nahast-poll-110x70-cm\/"]}]},{"@type":"BreadcrumbList","@id":"https:\/\/spectrebaltics.com\/toode\/ep-nahast-poll-110x70-cm\/#breadcrumb","itemListElement":[{"@type":"ListItem","position":1,"name":"Home","item":"https:\/\/spectrebaltics.com\/ru\/"},{"@type":"ListItem","position":2,"name":"\u041a\u0430\u0442\u0430\u043b\u043e\u0433","item":"https:\/\/spectrebaltics.com\/ru\/katalog\/"},{"@type":"ListItem","position":3,"name":"EP nahast p\u00f5ll 110&#215;70 cm"}]}]}},"_links":{"self":[{"href":"https:\/\/spectrebaltics.com\/ru\/wp-json\/wp\/v2\/product\/10541"}],"collection":[{"href":"https:\/\/spectrebaltics.com\/ru\/wp-json\/wp\/v2\/product"}],"about":[{"href":"https:\/\/spectrebaltics.com\/ru\/wp-json\/wp\/v2\/types\/product"}],"wp:featuredmedia":[{"embeddable":true,"href":"https:\/\/spectrebaltics.com\/ru\/wp-json\/wp\/v2\/media\/10542"}],"wp:attachment":[{"href":"https:\/\/spectrebaltics.com\/ru\/wp-json\/wp\/v2\/media?parent=10541"}],"wp:term":[{"taxonomy":"product_cat","embeddable":true,"href":"https:\/\/spectrebaltics.com\/ru\/wp-json\/wp\/v2\/product_cat?post=10541"},{"taxonomy":"product_tag","embeddable":true,"href":"https:\/\/spectrebaltics.com\/ru\/wp-json\/wp\/v2\/product_tag?post=10541"}],"curies":[{"name":"wp","href":"https:\/\/api.w.org\/{rel}","templated":true}]}}