{"id":10572,"date":"2024-06-28T10:51:39","date_gmt":"2024-06-28T10:51:39","guid":{"rendered":"https:\/\/spectrebaltics.com\/?post_type=product&#038;p=10572"},"modified":"2024-06-28T10:51:40","modified_gmt":"2024-06-28T10:51:40","slug":"craft-active-termopesu-kmpl","status":"publish","type":"product","link":"https:\/\/spectrebaltics.com\/ru\/toode\/craft-active-termopesu-kmpl\/","title":{"rendered":"CRAFT ACTIVE termopesu kmpl."},"content":{"rendered":"<p>CRAFT\u00a01909707 CORE DRY termopesu komplekt.<span>\u00a0S\u00e4rk ja p\u00fcksid sobivad nii tavakasutuseks kui ka talvisel ajal sportimiseks.\u00a0Termopesu kangas juhib niiskuse kehast eemale, et ihu p\u00fcsiks kuivana ning ei tekiks k\u00fclmetumise ohtu. Termopesu on liibuvalt keha \u00fcmber, t\u00e4nu millele see hoiab keha paremini soojas. Termopesu komplekti on v\u00e4ga lihtne hooldada. Komplekt kuivab kiiresti.<\/span><\/p>\n","protected":false},"excerpt":{"rendered":"<p>CRAFT\u00a01909707 CORE DRY termopesu komplekt.\u00a0S\u00e4rk ja p\u00fcksid sobivad nii tavakasutuseks kui ka talvisel ajal sportimiseks.\u00a0Termopesu kangas juhib niiskuse kehast eemale, et ihu p\u00fcsiks kuivana ning ei tekiks k\u00fclmetumise ohtu. Termopesu on liibuvalt keha \u00fcmber, t\u00e4nu millele see hoiab keha paremini soojas. Termopesu komplekti on v\u00e4ga lihtne hooldada. Komplekt kuivab kiiresti.<\/p>\n","protected":false},"featured_media":10573,"template":"","meta":[],"product_cat":[106,111],"product_tag":[],"yoast_head":"<!-- This site is optimized with the Yoast SEO plugin v18.4.1 - https:\/\/yoast.com\/wordpress\/plugins\/seo\/ -->\n<title>CRAFT ACTIVE termopesu kmpl.<\/title>\n<meta name=\"robots\" content=\"index, follow, max-snippet:-1, max-image-preview:large, max-video-preview:-1\" \/>\n<link rel=\"canonical\" href=\"https:\/\/spectrebaltics.com\/toode\/craft-active-termopesu-kmpl\/\" \/>\n<meta property=\"og:locale\" content=\"ru_RU\" \/>\n<meta property=\"og:type\" content=\"article\" \/>\n<meta property=\"og:title\" content=\"CRAFT ACTIVE termopesu kmpl.\" \/>\n<meta property=\"og:description\" content=\"CRAFT\u00a01909707 CORE DRY termopesu komplekt.\u00a0S\u00e4rk ja p\u00fcksid sobivad nii tavakasutuseks kui ka talvisel ajal sportimiseks.\u00a0Termopesu kangas juhib niiskuse kehast eemale, et ihu p\u00fcsiks kuivana ning ei tekiks k\u00fclmetumise ohtu. Termopesu on liibuvalt keha \u00fcmber, t\u00e4nu millele see hoiab keha paremini soojas. Termopesu komplekti on v\u00e4ga lihtne hooldada. Komplekt kuivab kiiresti.\" \/>\n<meta property=\"og:url\" content=\"https:\/\/spectrebaltics.com\/toode\/craft-active-termopesu-kmpl\/\" \/>\n<meta property=\"og:site_name\" content=\"Spectrebaltics\" \/>\n<meta property=\"article:modified_time\" content=\"2024-06-28T10:51:40+00:00\" \/>\n<meta property=\"og:image\" content=\"https:\/\/spectrebaltics.com\/wp-content\/uploads\/2024\/06\/snimok-ekrana-2024-06-28-134913.png\" \/>\n\t<meta property=\"og:image:width\" content=\"984\" \/>\n\t<meta property=\"og:image:height\" content=\"983\" \/>\n\t<meta property=\"og:image:type\" content=\"image\/png\" \/>\n<meta name=\"twitter:card\" content=\"summary_large_image\" \/>\n<script type=\"application\/ld+json\" class=\"yoast-schema-graph\">{\"@context\":\"https:\/\/schema.org\",\"@graph\":[{\"@type\":\"Organization\",\"@id\":\"https:\/\/spectrebaltics.com\/ru\/#organization\",\"name\":\"Spectrebaltics\",\"url\":\"https:\/\/spectrebaltics.com\/ru\/\",\"sameAs\":[],\"logo\":{\"@type\":\"ImageObject\",\"@id\":\"https:\/\/spectrebaltics.com\/ru\/#logo\",\"inLanguage\":\"ru-RU\",\"url\":\"https:\/\/spectrebaltics.com\/wp-content\/uploads\/2024\/03\/Spectrebaltics-logo.svg\",\"contentUrl\":\"https:\/\/spectrebaltics.com\/wp-content\/uploads\/2024\/03\/Spectrebaltics-logo.svg\",\"caption\":\"Spectrebaltics\"},\"image\":{\"@id\":\"https:\/\/spectrebaltics.com\/ru\/#logo\"}},{\"@type\":\"WebSite\",\"@id\":\"https:\/\/spectrebaltics.com\/ru\/#website\",\"url\":\"https:\/\/spectrebaltics.com\/ru\/\",\"name\":\"Spectrebaltics\",\"description\":\"\",\"publisher\":{\"@id\":\"https:\/\/spectrebaltics.com\/ru\/#organization\"},\"potentialAction\":[{\"@type\":\"SearchAction\",\"target\":{\"@type\":\"EntryPoint\",\"urlTemplate\":\"https:\/\/spectrebaltics.com\/ru\/?s={search_term_string}\"},\"query-input\":\"required name=search_term_string\"}],\"inLanguage\":\"ru-RU\"},{\"@type\":\"ImageObject\",\"@id\":\"https:\/\/spectrebaltics.com\/toode\/craft-active-termopesu-kmpl\/#primaryimage\",\"inLanguage\":\"ru-RU\",\"url\":\"https:\/\/spectrebaltics.com\/wp-content\/uploads\/2024\/06\/snimok-ekrana-2024-06-28-134913.png\",\"contentUrl\":\"https:\/\/spectrebaltics.com\/wp-content\/uploads\/2024\/06\/snimok-ekrana-2024-06-28-134913.png\",\"width\":984,\"height\":983},{\"@type\":\"WebPage\",\"@id\":\"https:\/\/spectrebaltics.com\/toode\/craft-active-termopesu-kmpl\/#webpage\",\"url\":\"https:\/\/spectrebaltics.com\/toode\/craft-active-termopesu-kmpl\/\",\"name\":\"CRAFT ACTIVE termopesu kmpl.\",\"isPartOf\":{\"@id\":\"https:\/\/spectrebaltics.com\/ru\/#website\"},\"primaryImageOfPage\":{\"@id\":\"https:\/\/spectrebaltics.com\/toode\/craft-active-termopesu-kmpl\/#primaryimage\"},\"datePublished\":\"2024-06-28T10:51:39+00:00\",\"dateModified\":\"2024-06-28T10:51:40+00:00\",\"breadcrumb\":{\"@id\":\"https:\/\/spectrebaltics.com\/toode\/craft-active-termopesu-kmpl\/#breadcrumb\"},\"inLanguage\":\"ru-RU\",\"potentialAction\":[{\"@type\":\"ReadAction\",\"target\":[\"https:\/\/spectrebaltics.com\/toode\/craft-active-termopesu-kmpl\/\"]}]},{\"@type\":\"BreadcrumbList\",\"@id\":\"https:\/\/spectrebaltics.com\/toode\/craft-active-termopesu-kmpl\/#breadcrumb\",\"itemListElement\":[{\"@type\":\"ListItem\",\"position\":1,\"name\":\"Home\",\"item\":\"https:\/\/spectrebaltics.com\/ru\/\"},{\"@type\":\"ListItem\",\"position\":2,\"name\":\"\u041a\u0430\u0442\u0430\u043b\u043e\u0433\",\"item\":\"https:\/\/spectrebaltics.com\/ru\/katalog\/\"},{\"@type\":\"ListItem\",\"position\":3,\"name\":\"CRAFT ACTIVE termopesu kmpl.\"}]}]}<\/script>\n<!-- \/ Yoast SEO plugin. -->","yoast_head_json":{"title":"CRAFT ACTIVE termopesu kmpl.","robots":{"index":"index","follow":"follow","max-snippet":"max-snippet:-1","max-image-preview":"max-image-preview:large","max-video-preview":"max-video-preview:-1"},"canonical":"https:\/\/spectrebaltics.com\/toode\/craft-active-termopesu-kmpl\/","og_locale":"ru_RU","og_type":"article","og_title":"CRAFT ACTIVE termopesu kmpl.","og_description":"CRAFT\u00a01909707 CORE DRY termopesu komplekt.\u00a0S\u00e4rk ja p\u00fcksid sobivad nii tavakasutuseks kui ka talvisel ajal sportimiseks.\u00a0Termopesu kangas juhib niiskuse kehast eemale, et ihu p\u00fcsiks kuivana ning ei tekiks k\u00fclmetumise ohtu. Termopesu on liibuvalt keha \u00fcmber, t\u00e4nu millele see hoiab keha paremini soojas. Termopesu komplekti on v\u00e4ga lihtne hooldada. Komplekt kuivab kiiresti.","og_url":"https:\/\/spectrebaltics.com\/toode\/craft-active-termopesu-kmpl\/","og_site_name":"Spectrebaltics","article_modified_time":"2024-06-28T10:51:40+00:00","og_image":[{"width":984,"height":983,"url":"https:\/\/spectrebaltics.com\/wp-content\/uploads\/2024\/06\/snimok-ekrana-2024-06-28-134913.png","type":"image\/png"}],"twitter_card":"summary_large_image","schema":{"@context":"https:\/\/schema.org","@graph":[{"@type":"Organization","@id":"https:\/\/spectrebaltics.com\/ru\/#organization","name":"Spectrebaltics","url":"https:\/\/spectrebaltics.com\/ru\/","sameAs":[],"logo":{"@type":"ImageObject","@id":"https:\/\/spectrebaltics.com\/ru\/#logo","inLanguage":"ru-RU","url":"https:\/\/spectrebaltics.com\/wp-content\/uploads\/2024\/03\/Spectrebaltics-logo.svg","contentUrl":"https:\/\/spectrebaltics.com\/wp-content\/uploads\/2024\/03\/Spectrebaltics-logo.svg","caption":"Spectrebaltics"},"image":{"@id":"https:\/\/spectrebaltics.com\/ru\/#logo"}},{"@type":"WebSite","@id":"https:\/\/spectrebaltics.com\/ru\/#website","url":"https:\/\/spectrebaltics.com\/ru\/","name":"Spectrebaltics","description":"","publisher":{"@id":"https:\/\/spectrebaltics.com\/ru\/#organization"},"potentialAction":[{"@type":"SearchAction","target":{"@type":"EntryPoint","urlTemplate":"https:\/\/spectrebaltics.com\/ru\/?s={search_term_string}"},"query-input":"required name=search_term_string"}],"inLanguage":"ru-RU"},{"@type":"ImageObject","@id":"https:\/\/spectrebaltics.com\/toode\/craft-active-termopesu-kmpl\/#primaryimage","inLanguage":"ru-RU","url":"https:\/\/spectrebaltics.com\/wp-content\/uploads\/2024\/06\/snimok-ekrana-2024-06-28-134913.png","contentUrl":"https:\/\/spectrebaltics.com\/wp-content\/uploads\/2024\/06\/snimok-ekrana-2024-06-28-134913.png","width":984,"height":983},{"@type":"WebPage","@id":"https:\/\/spectrebaltics.com\/toode\/craft-active-termopesu-kmpl\/#webpage","url":"https:\/\/spectrebaltics.com\/toode\/craft-active-termopesu-kmpl\/","name":"CRAFT ACTIVE termopesu kmpl.","isPartOf":{"@id":"https:\/\/spectrebaltics.com\/ru\/#website"},"primaryImageOfPage":{"@id":"https:\/\/spectrebaltics.com\/toode\/craft-active-termopesu-kmpl\/#primaryimage"},"datePublished":"2024-06-28T10:51:39+00:00","dateModified":"2024-06-28T10:51:40+00:00","breadcrumb":{"@id":"https:\/\/spectrebaltics.com\/toode\/craft-active-termopesu-kmpl\/#breadcrumb"},"inLanguage":"ru-RU","potentialAction":[{"@type":"ReadAction","target":["https:\/\/spectrebaltics.com\/toode\/craft-active-termopesu-kmpl\/"]}]},{"@type":"BreadcrumbList","@id":"https:\/\/spectrebaltics.com\/toode\/craft-active-termopesu-kmpl\/#breadcrumb","itemListElement":[{"@type":"ListItem","position":1,"name":"Home","item":"https:\/\/spectrebaltics.com\/ru\/"},{"@type":"ListItem","position":2,"name":"\u041a\u0430\u0442\u0430\u043b\u043e\u0433","item":"https:\/\/spectrebaltics.com\/ru\/katalog\/"},{"@type":"ListItem","position":3,"name":"CRAFT ACTIVE termopesu kmpl."}]}]}},"_links":{"self":[{"href":"https:\/\/spectrebaltics.com\/ru\/wp-json\/wp\/v2\/product\/10572"}],"collection":[{"href":"https:\/\/spectrebaltics.com\/ru\/wp-json\/wp\/v2\/product"}],"about":[{"href":"https:\/\/spectrebaltics.com\/ru\/wp-json\/wp\/v2\/types\/product"}],"wp:featuredmedia":[{"embeddable":true,"href":"https:\/\/spectrebaltics.com\/ru\/wp-json\/wp\/v2\/media\/10573"}],"wp:attachment":[{"href":"https:\/\/spectrebaltics.com\/ru\/wp-json\/wp\/v2\/media?parent=10572"}],"wp:term":[{"taxonomy":"product_cat","embeddable":true,"href":"https:\/\/spectrebaltics.com\/ru\/wp-json\/wp\/v2\/product_cat?post=10572"},{"taxonomy":"product_tag","embeddable":true,"href":"https:\/\/spectrebaltics.com\/ru\/wp-json\/wp\/v2\/product_tag?post=10572"}],"curies":[{"name":"wp","href":"https:\/\/api.w.org\/{rel}","templated":true}]}}