{"id":10616,"date":"2024-06-28T11:38:05","date_gmt":"2024-06-28T11:38:05","guid":{"rendered":"https:\/\/spectrebaltics.com\/?post_type=product&#038;p=10616"},"modified":"2024-06-28T11:38:05","modified_gmt":"2024-06-28T11:38:05","slug":"vihmamantel-hi-viz-neoonkollane","status":"publish","type":"product","link":"https:\/\/spectrebaltics.com\/ru\/toode\/vihmamantel-hi-viz-neoonkollane\/","title":{"rendered":"Vihmamantel Hi-viz neoonkollane"},"content":{"rendered":"<p>PORTWEST H442\u00a0k\u00f5rgn\u00e4htav vihmamantel<span>\u00a0hoiab sind kuiva ja n\u00e4htavana ka tugeva vihma puhul. Praktilise vihmamantli omaduste hulka kuuluvad Eestis valmistatud t\u00f5mbelukk, mida katab tormikaitseklapp, kokku rullitav kapuuts, suured esitaskud ning lisaks seljal ja k\u00fclgedel ventilatsiooni avad. Vihmamantlil on 6 helkurriba.<\/span><\/p>\n","protected":false},"excerpt":{"rendered":"<p>PORTWEST H442\u00a0k\u00f5rgn\u00e4htav vihmamantel\u00a0hoiab sind kuiva ja n\u00e4htavana ka tugeva vihma puhul. Praktilise vihmamantli omaduste hulka kuuluvad Eestis valmistatud t\u00f5mbelukk, mida katab tormikaitseklapp, kokku rullitav kapuuts, suured esitaskud ning lisaks seljal ja k\u00fclgedel ventilatsiooni avad. Vihmamantlil on 6 helkurriba.<\/p>\n","protected":false},"featured_media":10617,"template":"","meta":[],"product_cat":[106,111],"product_tag":[],"yoast_head":"<!-- This site is optimized with the Yoast SEO plugin v18.4.1 - https:\/\/yoast.com\/wordpress\/plugins\/seo\/ -->\n<title>Vihmamantel Hi-viz neoonkollane<\/title>\n<meta name=\"robots\" content=\"index, follow, max-snippet:-1, max-image-preview:large, max-video-preview:-1\" \/>\n<link rel=\"canonical\" href=\"https:\/\/spectrebaltics.com\/toode\/vihmamantel-hi-viz-neoonkollane\/\" \/>\n<meta property=\"og:locale\" content=\"ru_RU\" \/>\n<meta property=\"og:type\" content=\"article\" \/>\n<meta property=\"og:title\" content=\"Vihmamantel Hi-viz neoonkollane\" \/>\n<meta property=\"og:description\" content=\"PORTWEST H442\u00a0k\u00f5rgn\u00e4htav vihmamantel\u00a0hoiab sind kuiva ja n\u00e4htavana ka tugeva vihma puhul. Praktilise vihmamantli omaduste hulka kuuluvad Eestis valmistatud t\u00f5mbelukk, mida katab tormikaitseklapp, kokku rullitav kapuuts, suured esitaskud ning lisaks seljal ja k\u00fclgedel ventilatsiooni avad. Vihmamantlil on 6 helkurriba.\" \/>\n<meta property=\"og:url\" content=\"https:\/\/spectrebaltics.com\/toode\/vihmamantel-hi-viz-neoonkollane\/\" \/>\n<meta property=\"og:site_name\" content=\"Spectrebaltics\" \/>\n<meta property=\"og:image\" content=\"https:\/\/spectrebaltics.com\/wp-content\/uploads\/2024\/06\/snimok-ekrana-2024-06-28-143659.png\" \/>\n\t<meta property=\"og:image:width\" content=\"691\" \/>\n\t<meta property=\"og:image:height\" content=\"970\" \/>\n\t<meta property=\"og:image:type\" content=\"image\/png\" \/>\n<meta name=\"twitter:card\" content=\"summary_large_image\" \/>\n<script type=\"application\/ld+json\" class=\"yoast-schema-graph\">{\"@context\":\"https:\/\/schema.org\",\"@graph\":[{\"@type\":\"Organization\",\"@id\":\"https:\/\/spectrebaltics.com\/ru\/#organization\",\"name\":\"Spectrebaltics\",\"url\":\"https:\/\/spectrebaltics.com\/ru\/\",\"sameAs\":[],\"logo\":{\"@type\":\"ImageObject\",\"@id\":\"https:\/\/spectrebaltics.com\/ru\/#logo\",\"inLanguage\":\"ru-RU\",\"url\":\"https:\/\/spectrebaltics.com\/wp-content\/uploads\/2024\/03\/Spectrebaltics-logo.svg\",\"contentUrl\":\"https:\/\/spectrebaltics.com\/wp-content\/uploads\/2024\/03\/Spectrebaltics-logo.svg\",\"caption\":\"Spectrebaltics\"},\"image\":{\"@id\":\"https:\/\/spectrebaltics.com\/ru\/#logo\"}},{\"@type\":\"WebSite\",\"@id\":\"https:\/\/spectrebaltics.com\/ru\/#website\",\"url\":\"https:\/\/spectrebaltics.com\/ru\/\",\"name\":\"Spectrebaltics\",\"description\":\"\",\"publisher\":{\"@id\":\"https:\/\/spectrebaltics.com\/ru\/#organization\"},\"potentialAction\":[{\"@type\":\"SearchAction\",\"target\":{\"@type\":\"EntryPoint\",\"urlTemplate\":\"https:\/\/spectrebaltics.com\/ru\/?s={search_term_string}\"},\"query-input\":\"required name=search_term_string\"}],\"inLanguage\":\"ru-RU\"},{\"@type\":\"ImageObject\",\"@id\":\"https:\/\/spectrebaltics.com\/toode\/vihmamantel-hi-viz-neoonkollane\/#primaryimage\",\"inLanguage\":\"ru-RU\",\"url\":\"https:\/\/spectrebaltics.com\/wp-content\/uploads\/2024\/06\/snimok-ekrana-2024-06-28-143659.png\",\"contentUrl\":\"https:\/\/spectrebaltics.com\/wp-content\/uploads\/2024\/06\/snimok-ekrana-2024-06-28-143659.png\",\"width\":691,\"height\":970},{\"@type\":\"WebPage\",\"@id\":\"https:\/\/spectrebaltics.com\/toode\/vihmamantel-hi-viz-neoonkollane\/#webpage\",\"url\":\"https:\/\/spectrebaltics.com\/toode\/vihmamantel-hi-viz-neoonkollane\/\",\"name\":\"Vihmamantel Hi-viz neoonkollane\",\"isPartOf\":{\"@id\":\"https:\/\/spectrebaltics.com\/ru\/#website\"},\"primaryImageOfPage\":{\"@id\":\"https:\/\/spectrebaltics.com\/toode\/vihmamantel-hi-viz-neoonkollane\/#primaryimage\"},\"datePublished\":\"2024-06-28T11:38:05+00:00\",\"dateModified\":\"2024-06-28T11:38:05+00:00\",\"breadcrumb\":{\"@id\":\"https:\/\/spectrebaltics.com\/toode\/vihmamantel-hi-viz-neoonkollane\/#breadcrumb\"},\"inLanguage\":\"ru-RU\",\"potentialAction\":[{\"@type\":\"ReadAction\",\"target\":[\"https:\/\/spectrebaltics.com\/toode\/vihmamantel-hi-viz-neoonkollane\/\"]}]},{\"@type\":\"BreadcrumbList\",\"@id\":\"https:\/\/spectrebaltics.com\/toode\/vihmamantel-hi-viz-neoonkollane\/#breadcrumb\",\"itemListElement\":[{\"@type\":\"ListItem\",\"position\":1,\"name\":\"Home\",\"item\":\"https:\/\/spectrebaltics.com\/ru\/\"},{\"@type\":\"ListItem\",\"position\":2,\"name\":\"\u041a\u0430\u0442\u0430\u043b\u043e\u0433\",\"item\":\"https:\/\/spectrebaltics.com\/ru\/katalog\/\"},{\"@type\":\"ListItem\",\"position\":3,\"name\":\"Vihmamantel Hi-viz neoonkollane\"}]}]}<\/script>\n<!-- \/ Yoast SEO plugin. -->","yoast_head_json":{"title":"Vihmamantel Hi-viz neoonkollane","robots":{"index":"index","follow":"follow","max-snippet":"max-snippet:-1","max-image-preview":"max-image-preview:large","max-video-preview":"max-video-preview:-1"},"canonical":"https:\/\/spectrebaltics.com\/toode\/vihmamantel-hi-viz-neoonkollane\/","og_locale":"ru_RU","og_type":"article","og_title":"Vihmamantel Hi-viz neoonkollane","og_description":"PORTWEST H442\u00a0k\u00f5rgn\u00e4htav vihmamantel\u00a0hoiab sind kuiva ja n\u00e4htavana ka tugeva vihma puhul. Praktilise vihmamantli omaduste hulka kuuluvad Eestis valmistatud t\u00f5mbelukk, mida katab tormikaitseklapp, kokku rullitav kapuuts, suured esitaskud ning lisaks seljal ja k\u00fclgedel ventilatsiooni avad. Vihmamantlil on 6 helkurriba.","og_url":"https:\/\/spectrebaltics.com\/toode\/vihmamantel-hi-viz-neoonkollane\/","og_site_name":"Spectrebaltics","og_image":[{"width":691,"height":970,"url":"https:\/\/spectrebaltics.com\/wp-content\/uploads\/2024\/06\/snimok-ekrana-2024-06-28-143659.png","type":"image\/png"}],"twitter_card":"summary_large_image","schema":{"@context":"https:\/\/schema.org","@graph":[{"@type":"Organization","@id":"https:\/\/spectrebaltics.com\/ru\/#organization","name":"Spectrebaltics","url":"https:\/\/spectrebaltics.com\/ru\/","sameAs":[],"logo":{"@type":"ImageObject","@id":"https:\/\/spectrebaltics.com\/ru\/#logo","inLanguage":"ru-RU","url":"https:\/\/spectrebaltics.com\/wp-content\/uploads\/2024\/03\/Spectrebaltics-logo.svg","contentUrl":"https:\/\/spectrebaltics.com\/wp-content\/uploads\/2024\/03\/Spectrebaltics-logo.svg","caption":"Spectrebaltics"},"image":{"@id":"https:\/\/spectrebaltics.com\/ru\/#logo"}},{"@type":"WebSite","@id":"https:\/\/spectrebaltics.com\/ru\/#website","url":"https:\/\/spectrebaltics.com\/ru\/","name":"Spectrebaltics","description":"","publisher":{"@id":"https:\/\/spectrebaltics.com\/ru\/#organization"},"potentialAction":[{"@type":"SearchAction","target":{"@type":"EntryPoint","urlTemplate":"https:\/\/spectrebaltics.com\/ru\/?s={search_term_string}"},"query-input":"required name=search_term_string"}],"inLanguage":"ru-RU"},{"@type":"ImageObject","@id":"https:\/\/spectrebaltics.com\/toode\/vihmamantel-hi-viz-neoonkollane\/#primaryimage","inLanguage":"ru-RU","url":"https:\/\/spectrebaltics.com\/wp-content\/uploads\/2024\/06\/snimok-ekrana-2024-06-28-143659.png","contentUrl":"https:\/\/spectrebaltics.com\/wp-content\/uploads\/2024\/06\/snimok-ekrana-2024-06-28-143659.png","width":691,"height":970},{"@type":"WebPage","@id":"https:\/\/spectrebaltics.com\/toode\/vihmamantel-hi-viz-neoonkollane\/#webpage","url":"https:\/\/spectrebaltics.com\/toode\/vihmamantel-hi-viz-neoonkollane\/","name":"Vihmamantel Hi-viz neoonkollane","isPartOf":{"@id":"https:\/\/spectrebaltics.com\/ru\/#website"},"primaryImageOfPage":{"@id":"https:\/\/spectrebaltics.com\/toode\/vihmamantel-hi-viz-neoonkollane\/#primaryimage"},"datePublished":"2024-06-28T11:38:05+00:00","dateModified":"2024-06-28T11:38:05+00:00","breadcrumb":{"@id":"https:\/\/spectrebaltics.com\/toode\/vihmamantel-hi-viz-neoonkollane\/#breadcrumb"},"inLanguage":"ru-RU","potentialAction":[{"@type":"ReadAction","target":["https:\/\/spectrebaltics.com\/toode\/vihmamantel-hi-viz-neoonkollane\/"]}]},{"@type":"BreadcrumbList","@id":"https:\/\/spectrebaltics.com\/toode\/vihmamantel-hi-viz-neoonkollane\/#breadcrumb","itemListElement":[{"@type":"ListItem","position":1,"name":"Home","item":"https:\/\/spectrebaltics.com\/ru\/"},{"@type":"ListItem","position":2,"name":"\u041a\u0430\u0442\u0430\u043b\u043e\u0433","item":"https:\/\/spectrebaltics.com\/ru\/katalog\/"},{"@type":"ListItem","position":3,"name":"Vihmamantel Hi-viz neoonkollane"}]}]}},"_links":{"self":[{"href":"https:\/\/spectrebaltics.com\/ru\/wp-json\/wp\/v2\/product\/10616"}],"collection":[{"href":"https:\/\/spectrebaltics.com\/ru\/wp-json\/wp\/v2\/product"}],"about":[{"href":"https:\/\/spectrebaltics.com\/ru\/wp-json\/wp\/v2\/types\/product"}],"wp:featuredmedia":[{"embeddable":true,"href":"https:\/\/spectrebaltics.com\/ru\/wp-json\/wp\/v2\/media\/10617"}],"wp:attachment":[{"href":"https:\/\/spectrebaltics.com\/ru\/wp-json\/wp\/v2\/media?parent=10616"}],"wp:term":[{"taxonomy":"product_cat","embeddable":true,"href":"https:\/\/spectrebaltics.com\/ru\/wp-json\/wp\/v2\/product_cat?post=10616"},{"taxonomy":"product_tag","embeddable":true,"href":"https:\/\/spectrebaltics.com\/ru\/wp-json\/wp\/v2\/product_tag?post=10616"}],"curies":[{"name":"wp","href":"https:\/\/api.w.org\/{rel}","templated":true}]}}