{"id":10620,"date":"2024-06-28T11:44:22","date_gmt":"2024-06-28T11:44:22","guid":{"rendered":"https:\/\/spectrebaltics.com\/?post_type=product&#038;p=10620"},"modified":"2024-06-28T11:44:22","modified_gmt":"2024-06-28T11:44:22","slug":"vision-korgnahtavad-toojaak-kollane","status":"publish","type":"product","link":"https:\/\/spectrebaltics.com\/ru\/toode\/vision-korgnahtavad-toojaak-kollane\/","title":{"rendered":"Vision k\u00f5rgn\u00e4htavad t\u00f6\u00f6jaak ,Kollane"},"content":{"rendered":"<p>PORTWEST T500 k\u00f5rgn\u00e4htav jakk<span>\u00a0on uuendusliku ja kaasaegse disainiga. Praktilisel ja mugaval jakil on rinnatasku, mis sobib v\u00e4ga h\u00e4sti nutitelefoni hoiustamiseks ning ruumikad lukuga k\u00fcljetaskud.\u00a0Puuvilla sisladus teeb jaki h\u00e4sti hingavaks ja sobib aktiivse t\u00f6\u00f6 tegemiseks. Topelt\u00f5mblused suurendavad jaki vastupidavust.\u00a0Reguleeritavad k\u00e4ised.<\/span><\/p>\n","protected":false},"excerpt":{"rendered":"<p>PORTWEST T500 k\u00f5rgn\u00e4htav jakk\u00a0on uuendusliku ja kaasaegse disainiga. Praktilisel ja mugaval jakil on rinnatasku, mis sobib v\u00e4ga h\u00e4sti nutitelefoni hoiustamiseks ning ruumikad lukuga k\u00fcljetaskud.\u00a0Puuvilla sisladus teeb jaki h\u00e4sti hingavaks ja sobib aktiivse t\u00f6\u00f6 tegemiseks. Topelt\u00f5mblused suurendavad jaki vastupidavust.\u00a0Reguleeritavad k\u00e4ised.<\/p>\n","protected":false},"featured_media":10621,"template":"","meta":[],"product_cat":[106,111],"product_tag":[],"yoast_head":"<!-- This site is optimized with the Yoast SEO plugin v18.4.1 - https:\/\/yoast.com\/wordpress\/plugins\/seo\/ -->\n<title>Vision k\u00f5rgn\u00e4htavad t\u00f6\u00f6jaak ,Kollane<\/title>\n<meta name=\"robots\" content=\"index, follow, max-snippet:-1, max-image-preview:large, max-video-preview:-1\" \/>\n<link rel=\"canonical\" href=\"https:\/\/spectrebaltics.com\/toode\/vision-korgnahtavad-toojaak-kollane\/\" \/>\n<meta property=\"og:locale\" content=\"ru_RU\" \/>\n<meta property=\"og:type\" content=\"article\" \/>\n<meta property=\"og:title\" content=\"Vision k\u00f5rgn\u00e4htavad t\u00f6\u00f6jaak ,Kollane\" \/>\n<meta property=\"og:description\" content=\"PORTWEST T500 k\u00f5rgn\u00e4htav jakk\u00a0on uuendusliku ja kaasaegse disainiga. Praktilisel ja mugaval jakil on rinnatasku, mis sobib v\u00e4ga h\u00e4sti nutitelefoni hoiustamiseks ning ruumikad lukuga k\u00fcljetaskud.\u00a0Puuvilla sisladus teeb jaki h\u00e4sti hingavaks ja sobib aktiivse t\u00f6\u00f6 tegemiseks. Topelt\u00f5mblused suurendavad jaki vastupidavust.\u00a0Reguleeritavad k\u00e4ised.\" \/>\n<meta property=\"og:url\" content=\"https:\/\/spectrebaltics.com\/toode\/vision-korgnahtavad-toojaak-kollane\/\" \/>\n<meta property=\"og:site_name\" content=\"Spectrebaltics\" \/>\n<meta property=\"og:image\" content=\"https:\/\/spectrebaltics.com\/wp-content\/uploads\/2024\/06\/snimok-ekrana-2024-06-28-144329.png\" \/>\n\t<meta property=\"og:image:width\" content=\"959\" \/>\n\t<meta property=\"og:image:height\" content=\"980\" \/>\n\t<meta property=\"og:image:type\" content=\"image\/png\" \/>\n<meta name=\"twitter:card\" content=\"summary_large_image\" \/>\n<script type=\"application\/ld+json\" class=\"yoast-schema-graph\">{\"@context\":\"https:\/\/schema.org\",\"@graph\":[{\"@type\":\"Organization\",\"@id\":\"https:\/\/spectrebaltics.com\/ru\/#organization\",\"name\":\"Spectrebaltics\",\"url\":\"https:\/\/spectrebaltics.com\/ru\/\",\"sameAs\":[],\"logo\":{\"@type\":\"ImageObject\",\"@id\":\"https:\/\/spectrebaltics.com\/ru\/#logo\",\"inLanguage\":\"ru-RU\",\"url\":\"https:\/\/spectrebaltics.com\/wp-content\/uploads\/2024\/03\/Spectrebaltics-logo.svg\",\"contentUrl\":\"https:\/\/spectrebaltics.com\/wp-content\/uploads\/2024\/03\/Spectrebaltics-logo.svg\",\"caption\":\"Spectrebaltics\"},\"image\":{\"@id\":\"https:\/\/spectrebaltics.com\/ru\/#logo\"}},{\"@type\":\"WebSite\",\"@id\":\"https:\/\/spectrebaltics.com\/ru\/#website\",\"url\":\"https:\/\/spectrebaltics.com\/ru\/\",\"name\":\"Spectrebaltics\",\"description\":\"\",\"publisher\":{\"@id\":\"https:\/\/spectrebaltics.com\/ru\/#organization\"},\"potentialAction\":[{\"@type\":\"SearchAction\",\"target\":{\"@type\":\"EntryPoint\",\"urlTemplate\":\"https:\/\/spectrebaltics.com\/ru\/?s={search_term_string}\"},\"query-input\":\"required name=search_term_string\"}],\"inLanguage\":\"ru-RU\"},{\"@type\":\"ImageObject\",\"@id\":\"https:\/\/spectrebaltics.com\/toode\/vision-korgnahtavad-toojaak-kollane\/#primaryimage\",\"inLanguage\":\"ru-RU\",\"url\":\"https:\/\/spectrebaltics.com\/wp-content\/uploads\/2024\/06\/snimok-ekrana-2024-06-28-144329.png\",\"contentUrl\":\"https:\/\/spectrebaltics.com\/wp-content\/uploads\/2024\/06\/snimok-ekrana-2024-06-28-144329.png\",\"width\":959,\"height\":980},{\"@type\":\"WebPage\",\"@id\":\"https:\/\/spectrebaltics.com\/toode\/vision-korgnahtavad-toojaak-kollane\/#webpage\",\"url\":\"https:\/\/spectrebaltics.com\/toode\/vision-korgnahtavad-toojaak-kollane\/\",\"name\":\"Vision k\u00f5rgn\u00e4htavad t\u00f6\u00f6jaak ,Kollane\",\"isPartOf\":{\"@id\":\"https:\/\/spectrebaltics.com\/ru\/#website\"},\"primaryImageOfPage\":{\"@id\":\"https:\/\/spectrebaltics.com\/toode\/vision-korgnahtavad-toojaak-kollane\/#primaryimage\"},\"datePublished\":\"2024-06-28T11:44:22+00:00\",\"dateModified\":\"2024-06-28T11:44:22+00:00\",\"breadcrumb\":{\"@id\":\"https:\/\/spectrebaltics.com\/toode\/vision-korgnahtavad-toojaak-kollane\/#breadcrumb\"},\"inLanguage\":\"ru-RU\",\"potentialAction\":[{\"@type\":\"ReadAction\",\"target\":[\"https:\/\/spectrebaltics.com\/toode\/vision-korgnahtavad-toojaak-kollane\/\"]}]},{\"@type\":\"BreadcrumbList\",\"@id\":\"https:\/\/spectrebaltics.com\/toode\/vision-korgnahtavad-toojaak-kollane\/#breadcrumb\",\"itemListElement\":[{\"@type\":\"ListItem\",\"position\":1,\"name\":\"Home\",\"item\":\"https:\/\/spectrebaltics.com\/ru\/\"},{\"@type\":\"ListItem\",\"position\":2,\"name\":\"\u041a\u0430\u0442\u0430\u043b\u043e\u0433\",\"item\":\"https:\/\/spectrebaltics.com\/ru\/katalog\/\"},{\"@type\":\"ListItem\",\"position\":3,\"name\":\"Vision k\u00f5rgn\u00e4htavad t\u00f6\u00f6jaak ,Kollane\"}]}]}<\/script>\n<!-- \/ Yoast SEO plugin. -->","yoast_head_json":{"title":"Vision k\u00f5rgn\u00e4htavad t\u00f6\u00f6jaak ,Kollane","robots":{"index":"index","follow":"follow","max-snippet":"max-snippet:-1","max-image-preview":"max-image-preview:large","max-video-preview":"max-video-preview:-1"},"canonical":"https:\/\/spectrebaltics.com\/toode\/vision-korgnahtavad-toojaak-kollane\/","og_locale":"ru_RU","og_type":"article","og_title":"Vision k\u00f5rgn\u00e4htavad t\u00f6\u00f6jaak ,Kollane","og_description":"PORTWEST T500 k\u00f5rgn\u00e4htav jakk\u00a0on uuendusliku ja kaasaegse disainiga. Praktilisel ja mugaval jakil on rinnatasku, mis sobib v\u00e4ga h\u00e4sti nutitelefoni hoiustamiseks ning ruumikad lukuga k\u00fcljetaskud.\u00a0Puuvilla sisladus teeb jaki h\u00e4sti hingavaks ja sobib aktiivse t\u00f6\u00f6 tegemiseks. Topelt\u00f5mblused suurendavad jaki vastupidavust.\u00a0Reguleeritavad k\u00e4ised.","og_url":"https:\/\/spectrebaltics.com\/toode\/vision-korgnahtavad-toojaak-kollane\/","og_site_name":"Spectrebaltics","og_image":[{"width":959,"height":980,"url":"https:\/\/spectrebaltics.com\/wp-content\/uploads\/2024\/06\/snimok-ekrana-2024-06-28-144329.png","type":"image\/png"}],"twitter_card":"summary_large_image","schema":{"@context":"https:\/\/schema.org","@graph":[{"@type":"Organization","@id":"https:\/\/spectrebaltics.com\/ru\/#organization","name":"Spectrebaltics","url":"https:\/\/spectrebaltics.com\/ru\/","sameAs":[],"logo":{"@type":"ImageObject","@id":"https:\/\/spectrebaltics.com\/ru\/#logo","inLanguage":"ru-RU","url":"https:\/\/spectrebaltics.com\/wp-content\/uploads\/2024\/03\/Spectrebaltics-logo.svg","contentUrl":"https:\/\/spectrebaltics.com\/wp-content\/uploads\/2024\/03\/Spectrebaltics-logo.svg","caption":"Spectrebaltics"},"image":{"@id":"https:\/\/spectrebaltics.com\/ru\/#logo"}},{"@type":"WebSite","@id":"https:\/\/spectrebaltics.com\/ru\/#website","url":"https:\/\/spectrebaltics.com\/ru\/","name":"Spectrebaltics","description":"","publisher":{"@id":"https:\/\/spectrebaltics.com\/ru\/#organization"},"potentialAction":[{"@type":"SearchAction","target":{"@type":"EntryPoint","urlTemplate":"https:\/\/spectrebaltics.com\/ru\/?s={search_term_string}"},"query-input":"required name=search_term_string"}],"inLanguage":"ru-RU"},{"@type":"ImageObject","@id":"https:\/\/spectrebaltics.com\/toode\/vision-korgnahtavad-toojaak-kollane\/#primaryimage","inLanguage":"ru-RU","url":"https:\/\/spectrebaltics.com\/wp-content\/uploads\/2024\/06\/snimok-ekrana-2024-06-28-144329.png","contentUrl":"https:\/\/spectrebaltics.com\/wp-content\/uploads\/2024\/06\/snimok-ekrana-2024-06-28-144329.png","width":959,"height":980},{"@type":"WebPage","@id":"https:\/\/spectrebaltics.com\/toode\/vision-korgnahtavad-toojaak-kollane\/#webpage","url":"https:\/\/spectrebaltics.com\/toode\/vision-korgnahtavad-toojaak-kollane\/","name":"Vision k\u00f5rgn\u00e4htavad t\u00f6\u00f6jaak ,Kollane","isPartOf":{"@id":"https:\/\/spectrebaltics.com\/ru\/#website"},"primaryImageOfPage":{"@id":"https:\/\/spectrebaltics.com\/toode\/vision-korgnahtavad-toojaak-kollane\/#primaryimage"},"datePublished":"2024-06-28T11:44:22+00:00","dateModified":"2024-06-28T11:44:22+00:00","breadcrumb":{"@id":"https:\/\/spectrebaltics.com\/toode\/vision-korgnahtavad-toojaak-kollane\/#breadcrumb"},"inLanguage":"ru-RU","potentialAction":[{"@type":"ReadAction","target":["https:\/\/spectrebaltics.com\/toode\/vision-korgnahtavad-toojaak-kollane\/"]}]},{"@type":"BreadcrumbList","@id":"https:\/\/spectrebaltics.com\/toode\/vision-korgnahtavad-toojaak-kollane\/#breadcrumb","itemListElement":[{"@type":"ListItem","position":1,"name":"Home","item":"https:\/\/spectrebaltics.com\/ru\/"},{"@type":"ListItem","position":2,"name":"\u041a\u0430\u0442\u0430\u043b\u043e\u0433","item":"https:\/\/spectrebaltics.com\/ru\/katalog\/"},{"@type":"ListItem","position":3,"name":"Vision k\u00f5rgn\u00e4htavad t\u00f6\u00f6jaak ,Kollane"}]}]}},"_links":{"self":[{"href":"https:\/\/spectrebaltics.com\/ru\/wp-json\/wp\/v2\/product\/10620"}],"collection":[{"href":"https:\/\/spectrebaltics.com\/ru\/wp-json\/wp\/v2\/product"}],"about":[{"href":"https:\/\/spectrebaltics.com\/ru\/wp-json\/wp\/v2\/types\/product"}],"wp:featuredmedia":[{"embeddable":true,"href":"https:\/\/spectrebaltics.com\/ru\/wp-json\/wp\/v2\/media\/10621"}],"wp:attachment":[{"href":"https:\/\/spectrebaltics.com\/ru\/wp-json\/wp\/v2\/media?parent=10620"}],"wp:term":[{"taxonomy":"product_cat","embeddable":true,"href":"https:\/\/spectrebaltics.com\/ru\/wp-json\/wp\/v2\/product_cat?post=10620"},{"taxonomy":"product_tag","embeddable":true,"href":"https:\/\/spectrebaltics.com\/ru\/wp-json\/wp\/v2\/product_tag?post=10620"}],"curies":[{"name":"wp","href":"https:\/\/api.w.org\/{rel}","templated":true}]}}