{"id":10627,"date":"2024-06-28T11:48:06","date_gmt":"2024-06-28T11:48:06","guid":{"rendered":"https:\/\/spectrebaltics.com\/?post_type=product&#038;p=10627"},"modified":"2024-06-28T11:48:06","modified_gmt":"2024-06-28T11:48:06","slug":"vision-korgnahtavad-toopuksid-ripptaskutegakollane","status":"publish","type":"product","link":"https:\/\/spectrebaltics.com\/ru\/toode\/vision-korgnahtavad-toopuksid-ripptaskutegakollane\/","title":{"rendered":"Vision k\u00f5rgn\u00e4htavad t\u00f6\u00f6p\u00fcksid ripptaskutega,Kollane"},"content":{"rendered":"<p>PORTWEST T501 ripptaskutega k\u00f5rgn\u00e4htavad v\u00f6\u00f6p\u00fcksid<span>\u00a0on\u00a0uuenduslikud ja kaasaegsed.\u00a0T\u00f6\u00f6p\u00fckste kulumiskindluse suurendamiseks on p\u00f5lveosadel ja taskute \u00e4\u00e4rtel kasutatud tugevdatud Oxford kangast. Kergest ja mugavast materjalist p\u00fckstel on kolmekordsed \u00f5mblused, mis pikendavad p\u00fckste eluiga veelgi. V\u00f6\u00f6p\u00fcksid on kaetud\u00a0Texpel pori- ja niiskuskindla kattega.\u00a0P\u00fckstel on kaks k\u00fclge\u00f5mmeldud ripptaskut, koos ID-kaardi hoidjaga. Lisaks \u00fcks p\u00f5lvetasku, kaks mahukat k\u00fcljetaskut, kaks tagataskut ja mitmeid v\u00e4iksemaid praktilisi taskuid ning kinnituskohtasid t\u00f6\u00f6riistadele. V\u00f6\u00f6p\u00fckstel on sisemised p\u00f5lvekaitsme taskud.<\/span><\/p>\n","protected":false},"excerpt":{"rendered":"<p>PORTWEST T501 ripptaskutega k\u00f5rgn\u00e4htavad v\u00f6\u00f6p\u00fcksid\u00a0on\u00a0uuenduslikud ja kaasaegsed.\u00a0T\u00f6\u00f6p\u00fckste kulumiskindluse suurendamiseks on p\u00f5lveosadel ja taskute \u00e4\u00e4rtel kasutatud tugevdatud Oxford kangast. Kergest ja mugavast materjalist p\u00fckstel on kolmekordsed \u00f5mblused, mis pikendavad p\u00fckste eluiga veelgi. V\u00f6\u00f6p\u00fcksid on kaetud\u00a0Texpel pori- ja niiskuskindla kattega.\u00a0P\u00fckstel on kaks k\u00fclge\u00f5mmeldud ripptaskut, koos ID-kaardi hoidjaga. Lisaks \u00fcks p\u00f5lvetasku, kaks mahukat k\u00fcljetaskut, kaks tagataskut ja mitmeid&#8230;<\/p>\n","protected":false},"featured_media":10628,"template":"","meta":[],"product_cat":[106,111],"product_tag":[],"yoast_head":"<!-- This site is optimized with the Yoast SEO plugin v18.4.1 - https:\/\/yoast.com\/wordpress\/plugins\/seo\/ -->\n<title>Vision k\u00f5rgn\u00e4htavad t\u00f6\u00f6p\u00fcksid ripptaskutega,Kollane<\/title>\n<meta name=\"robots\" content=\"index, follow, max-snippet:-1, max-image-preview:large, max-video-preview:-1\" \/>\n<link rel=\"canonical\" href=\"https:\/\/spectrebaltics.com\/toode\/vision-korgnahtavad-toopuksid-ripptaskutegakollane\/\" \/>\n<meta property=\"og:locale\" content=\"ru_RU\" \/>\n<meta property=\"og:type\" content=\"article\" \/>\n<meta property=\"og:title\" content=\"Vision k\u00f5rgn\u00e4htavad t\u00f6\u00f6p\u00fcksid ripptaskutega,Kollane\" \/>\n<meta property=\"og:description\" content=\"PORTWEST T501 ripptaskutega k\u00f5rgn\u00e4htavad v\u00f6\u00f6p\u00fcksid\u00a0on\u00a0uuenduslikud ja kaasaegsed.\u00a0T\u00f6\u00f6p\u00fckste kulumiskindluse suurendamiseks on p\u00f5lveosadel ja taskute \u00e4\u00e4rtel kasutatud tugevdatud Oxford kangast. Kergest ja mugavast materjalist p\u00fckstel on kolmekordsed \u00f5mblused, mis pikendavad p\u00fckste eluiga veelgi. V\u00f6\u00f6p\u00fcksid on kaetud\u00a0Texpel pori- ja niiskuskindla kattega.\u00a0P\u00fckstel on kaks k\u00fclge\u00f5mmeldud ripptaskut, koos ID-kaardi hoidjaga. Lisaks \u00fcks p\u00f5lvetasku, kaks mahukat k\u00fcljetaskut, kaks tagataskut ja mitmeid...\" \/>\n<meta property=\"og:url\" content=\"https:\/\/spectrebaltics.com\/toode\/vision-korgnahtavad-toopuksid-ripptaskutegakollane\/\" \/>\n<meta property=\"og:site_name\" content=\"Spectrebaltics\" \/>\n<meta property=\"og:image\" content=\"https:\/\/spectrebaltics.com\/wp-content\/uploads\/2024\/06\/snimok-ekrana-2024-06-28-144529.png\" \/>\n\t<meta property=\"og:image:width\" content=\"498\" \/>\n\t<meta property=\"og:image:height\" content=\"975\" \/>\n\t<meta property=\"og:image:type\" content=\"image\/png\" \/>\n<meta name=\"twitter:card\" content=\"summary_large_image\" \/>\n<script type=\"application\/ld+json\" class=\"yoast-schema-graph\">{\"@context\":\"https:\/\/schema.org\",\"@graph\":[{\"@type\":\"Organization\",\"@id\":\"https:\/\/spectrebaltics.com\/ru\/#organization\",\"name\":\"Spectrebaltics\",\"url\":\"https:\/\/spectrebaltics.com\/ru\/\",\"sameAs\":[],\"logo\":{\"@type\":\"ImageObject\",\"@id\":\"https:\/\/spectrebaltics.com\/ru\/#logo\",\"inLanguage\":\"ru-RU\",\"url\":\"https:\/\/spectrebaltics.com\/wp-content\/uploads\/2024\/03\/Spectrebaltics-logo.svg\",\"contentUrl\":\"https:\/\/spectrebaltics.com\/wp-content\/uploads\/2024\/03\/Spectrebaltics-logo.svg\",\"caption\":\"Spectrebaltics\"},\"image\":{\"@id\":\"https:\/\/spectrebaltics.com\/ru\/#logo\"}},{\"@type\":\"WebSite\",\"@id\":\"https:\/\/spectrebaltics.com\/ru\/#website\",\"url\":\"https:\/\/spectrebaltics.com\/ru\/\",\"name\":\"Spectrebaltics\",\"description\":\"\",\"publisher\":{\"@id\":\"https:\/\/spectrebaltics.com\/ru\/#organization\"},\"potentialAction\":[{\"@type\":\"SearchAction\",\"target\":{\"@type\":\"EntryPoint\",\"urlTemplate\":\"https:\/\/spectrebaltics.com\/ru\/?s={search_term_string}\"},\"query-input\":\"required name=search_term_string\"}],\"inLanguage\":\"ru-RU\"},{\"@type\":\"ImageObject\",\"@id\":\"https:\/\/spectrebaltics.com\/toode\/vision-korgnahtavad-toopuksid-ripptaskutegakollane\/#primaryimage\",\"inLanguage\":\"ru-RU\",\"url\":\"https:\/\/spectrebaltics.com\/wp-content\/uploads\/2024\/06\/snimok-ekrana-2024-06-28-144529.png\",\"contentUrl\":\"https:\/\/spectrebaltics.com\/wp-content\/uploads\/2024\/06\/snimok-ekrana-2024-06-28-144529.png\",\"width\":498,\"height\":975},{\"@type\":\"WebPage\",\"@id\":\"https:\/\/spectrebaltics.com\/toode\/vision-korgnahtavad-toopuksid-ripptaskutegakollane\/#webpage\",\"url\":\"https:\/\/spectrebaltics.com\/toode\/vision-korgnahtavad-toopuksid-ripptaskutegakollane\/\",\"name\":\"Vision k\u00f5rgn\u00e4htavad t\u00f6\u00f6p\u00fcksid ripptaskutega,Kollane\",\"isPartOf\":{\"@id\":\"https:\/\/spectrebaltics.com\/ru\/#website\"},\"primaryImageOfPage\":{\"@id\":\"https:\/\/spectrebaltics.com\/toode\/vision-korgnahtavad-toopuksid-ripptaskutegakollane\/#primaryimage\"},\"datePublished\":\"2024-06-28T11:48:06+00:00\",\"dateModified\":\"2024-06-28T11:48:06+00:00\",\"breadcrumb\":{\"@id\":\"https:\/\/spectrebaltics.com\/toode\/vision-korgnahtavad-toopuksid-ripptaskutegakollane\/#breadcrumb\"},\"inLanguage\":\"ru-RU\",\"potentialAction\":[{\"@type\":\"ReadAction\",\"target\":[\"https:\/\/spectrebaltics.com\/toode\/vision-korgnahtavad-toopuksid-ripptaskutegakollane\/\"]}]},{\"@type\":\"BreadcrumbList\",\"@id\":\"https:\/\/spectrebaltics.com\/toode\/vision-korgnahtavad-toopuksid-ripptaskutegakollane\/#breadcrumb\",\"itemListElement\":[{\"@type\":\"ListItem\",\"position\":1,\"name\":\"Home\",\"item\":\"https:\/\/spectrebaltics.com\/ru\/\"},{\"@type\":\"ListItem\",\"position\":2,\"name\":\"\u041a\u0430\u0442\u0430\u043b\u043e\u0433\",\"item\":\"https:\/\/spectrebaltics.com\/ru\/katalog\/\"},{\"@type\":\"ListItem\",\"position\":3,\"name\":\"Vision k\u00f5rgn\u00e4htavad t\u00f6\u00f6p\u00fcksid ripptaskutega,Kollane\"}]}]}<\/script>\n<!-- \/ Yoast SEO plugin. -->","yoast_head_json":{"title":"Vision k\u00f5rgn\u00e4htavad t\u00f6\u00f6p\u00fcksid ripptaskutega,Kollane","robots":{"index":"index","follow":"follow","max-snippet":"max-snippet:-1","max-image-preview":"max-image-preview:large","max-video-preview":"max-video-preview:-1"},"canonical":"https:\/\/spectrebaltics.com\/toode\/vision-korgnahtavad-toopuksid-ripptaskutegakollane\/","og_locale":"ru_RU","og_type":"article","og_title":"Vision k\u00f5rgn\u00e4htavad t\u00f6\u00f6p\u00fcksid ripptaskutega,Kollane","og_description":"PORTWEST T501 ripptaskutega k\u00f5rgn\u00e4htavad v\u00f6\u00f6p\u00fcksid\u00a0on\u00a0uuenduslikud ja kaasaegsed.\u00a0T\u00f6\u00f6p\u00fckste kulumiskindluse suurendamiseks on p\u00f5lveosadel ja taskute \u00e4\u00e4rtel kasutatud tugevdatud Oxford kangast. Kergest ja mugavast materjalist p\u00fckstel on kolmekordsed \u00f5mblused, mis pikendavad p\u00fckste eluiga veelgi. V\u00f6\u00f6p\u00fcksid on kaetud\u00a0Texpel pori- ja niiskuskindla kattega.\u00a0P\u00fckstel on kaks k\u00fclge\u00f5mmeldud ripptaskut, koos ID-kaardi hoidjaga. Lisaks \u00fcks p\u00f5lvetasku, kaks mahukat k\u00fcljetaskut, kaks tagataskut ja mitmeid...","og_url":"https:\/\/spectrebaltics.com\/toode\/vision-korgnahtavad-toopuksid-ripptaskutegakollane\/","og_site_name":"Spectrebaltics","og_image":[{"width":498,"height":975,"url":"https:\/\/spectrebaltics.com\/wp-content\/uploads\/2024\/06\/snimok-ekrana-2024-06-28-144529.png","type":"image\/png"}],"twitter_card":"summary_large_image","schema":{"@context":"https:\/\/schema.org","@graph":[{"@type":"Organization","@id":"https:\/\/spectrebaltics.com\/ru\/#organization","name":"Spectrebaltics","url":"https:\/\/spectrebaltics.com\/ru\/","sameAs":[],"logo":{"@type":"ImageObject","@id":"https:\/\/spectrebaltics.com\/ru\/#logo","inLanguage":"ru-RU","url":"https:\/\/spectrebaltics.com\/wp-content\/uploads\/2024\/03\/Spectrebaltics-logo.svg","contentUrl":"https:\/\/spectrebaltics.com\/wp-content\/uploads\/2024\/03\/Spectrebaltics-logo.svg","caption":"Spectrebaltics"},"image":{"@id":"https:\/\/spectrebaltics.com\/ru\/#logo"}},{"@type":"WebSite","@id":"https:\/\/spectrebaltics.com\/ru\/#website","url":"https:\/\/spectrebaltics.com\/ru\/","name":"Spectrebaltics","description":"","publisher":{"@id":"https:\/\/spectrebaltics.com\/ru\/#organization"},"potentialAction":[{"@type":"SearchAction","target":{"@type":"EntryPoint","urlTemplate":"https:\/\/spectrebaltics.com\/ru\/?s={search_term_string}"},"query-input":"required name=search_term_string"}],"inLanguage":"ru-RU"},{"@type":"ImageObject","@id":"https:\/\/spectrebaltics.com\/toode\/vision-korgnahtavad-toopuksid-ripptaskutegakollane\/#primaryimage","inLanguage":"ru-RU","url":"https:\/\/spectrebaltics.com\/wp-content\/uploads\/2024\/06\/snimok-ekrana-2024-06-28-144529.png","contentUrl":"https:\/\/spectrebaltics.com\/wp-content\/uploads\/2024\/06\/snimok-ekrana-2024-06-28-144529.png","width":498,"height":975},{"@type":"WebPage","@id":"https:\/\/spectrebaltics.com\/toode\/vision-korgnahtavad-toopuksid-ripptaskutegakollane\/#webpage","url":"https:\/\/spectrebaltics.com\/toode\/vision-korgnahtavad-toopuksid-ripptaskutegakollane\/","name":"Vision k\u00f5rgn\u00e4htavad t\u00f6\u00f6p\u00fcksid ripptaskutega,Kollane","isPartOf":{"@id":"https:\/\/spectrebaltics.com\/ru\/#website"},"primaryImageOfPage":{"@id":"https:\/\/spectrebaltics.com\/toode\/vision-korgnahtavad-toopuksid-ripptaskutegakollane\/#primaryimage"},"datePublished":"2024-06-28T11:48:06+00:00","dateModified":"2024-06-28T11:48:06+00:00","breadcrumb":{"@id":"https:\/\/spectrebaltics.com\/toode\/vision-korgnahtavad-toopuksid-ripptaskutegakollane\/#breadcrumb"},"inLanguage":"ru-RU","potentialAction":[{"@type":"ReadAction","target":["https:\/\/spectrebaltics.com\/toode\/vision-korgnahtavad-toopuksid-ripptaskutegakollane\/"]}]},{"@type":"BreadcrumbList","@id":"https:\/\/spectrebaltics.com\/toode\/vision-korgnahtavad-toopuksid-ripptaskutegakollane\/#breadcrumb","itemListElement":[{"@type":"ListItem","position":1,"name":"Home","item":"https:\/\/spectrebaltics.com\/ru\/"},{"@type":"ListItem","position":2,"name":"\u041a\u0430\u0442\u0430\u043b\u043e\u0433","item":"https:\/\/spectrebaltics.com\/ru\/katalog\/"},{"@type":"ListItem","position":3,"name":"Vision k\u00f5rgn\u00e4htavad t\u00f6\u00f6p\u00fcksid ripptaskutega,Kollane"}]}]}},"_links":{"self":[{"href":"https:\/\/spectrebaltics.com\/ru\/wp-json\/wp\/v2\/product\/10627"}],"collection":[{"href":"https:\/\/spectrebaltics.com\/ru\/wp-json\/wp\/v2\/product"}],"about":[{"href":"https:\/\/spectrebaltics.com\/ru\/wp-json\/wp\/v2\/types\/product"}],"wp:featuredmedia":[{"embeddable":true,"href":"https:\/\/spectrebaltics.com\/ru\/wp-json\/wp\/v2\/media\/10628"}],"wp:attachment":[{"href":"https:\/\/spectrebaltics.com\/ru\/wp-json\/wp\/v2\/media?parent=10627"}],"wp:term":[{"taxonomy":"product_cat","embeddable":true,"href":"https:\/\/spectrebaltics.com\/ru\/wp-json\/wp\/v2\/product_cat?post=10627"},{"taxonomy":"product_tag","embeddable":true,"href":"https:\/\/spectrebaltics.com\/ru\/wp-json\/wp\/v2\/product_tag?post=10627"}],"curies":[{"name":"wp","href":"https:\/\/api.w.org\/{rel}","templated":true}]}}