{"id":10701,"date":"2024-07-01T10:27:21","date_gmt":"2024-07-01T10:27:21","guid":{"rendered":"https:\/\/spectrebaltics.com\/?post_type=product&#038;p=10701"},"modified":"2024-07-01T10:27:21","modified_gmt":"2024-07-01T10:27:21","slug":"tetu-tookindad-202","status":"publish","type":"product","link":"https:\/\/spectrebaltics.com\/ru\/toode\/tetu-tookindad-202\/","title":{"rendered":"TETU T\u00f6\u00f6kindad 202"},"content":{"rendered":"<p>Nahk-riie kindad<span>\u00a0on mugavad ja sobivad montaa\u017eit\u00f6\u00f6deks. T\u00f6\u00f6kinnastel on kvaliteetsest kitse pealisnahast peopesa, s\u00f5rmeotsad ja p\u00f6idlaosa. Elastne kitse pealisnahk tagab hea s\u00f5rmeotste tundlikkuse. Puuvillasest soonikriidest k\u00e4eselg suurendab kinnaste hingavust. Elastne reguleeritav ranne takjakinnitusega.<\/span><\/p>\n<p>Suurused: 9-12<\/p>\n","protected":false},"excerpt":{"rendered":"<p>Nahk-riie kindad\u00a0on mugavad ja sobivad montaa\u017eit\u00f6\u00f6deks. T\u00f6\u00f6kinnastel on kvaliteetsest kitse pealisnahast peopesa, s\u00f5rmeotsad ja p\u00f6idlaosa. Elastne kitse pealisnahk tagab hea s\u00f5rmeotste tundlikkuse. Puuvillasest soonikriidest k\u00e4eselg suurendab kinnaste hingavust. Elastne reguleeritav ranne takjakinnitusega. Suurused: 9-12<\/p>\n","protected":false},"featured_media":10702,"template":"","meta":[],"product_cat":[106,111],"product_tag":[],"yoast_head":"<!-- This site is optimized with the Yoast SEO plugin v18.4.1 - https:\/\/yoast.com\/wordpress\/plugins\/seo\/ -->\n<title>TETU T\u00f6\u00f6kindad 202<\/title>\n<meta name=\"robots\" content=\"index, follow, max-snippet:-1, max-image-preview:large, max-video-preview:-1\" \/>\n<link rel=\"canonical\" href=\"https:\/\/spectrebaltics.com\/toode\/tetu-tookindad-202\/\" \/>\n<meta property=\"og:locale\" content=\"ru_RU\" \/>\n<meta property=\"og:type\" content=\"article\" \/>\n<meta property=\"og:title\" content=\"TETU T\u00f6\u00f6kindad 202\" \/>\n<meta property=\"og:description\" content=\"Nahk-riie kindad\u00a0on mugavad ja sobivad montaa\u017eit\u00f6\u00f6deks. T\u00f6\u00f6kinnastel on kvaliteetsest kitse pealisnahast peopesa, s\u00f5rmeotsad ja p\u00f6idlaosa. Elastne kitse pealisnahk tagab hea s\u00f5rmeotste tundlikkuse. Puuvillasest soonikriidest k\u00e4eselg suurendab kinnaste hingavust. Elastne reguleeritav ranne takjakinnitusega. Suurused: 9-12\" \/>\n<meta property=\"og:url\" content=\"https:\/\/spectrebaltics.com\/toode\/tetu-tookindad-202\/\" \/>\n<meta property=\"og:site_name\" content=\"Spectrebaltics\" \/>\n<meta name=\"twitter:card\" content=\"summary_large_image\" \/>\n<meta name=\"twitter:image\" content=\"https:\/\/spectrebaltics.com\/wp-content\/uploads\/2024\/07\/f969854c-7e26-43b7-a74c-b7ea6430a5fe_510x.progressive.webp\" \/>\n<script type=\"application\/ld+json\" class=\"yoast-schema-graph\">{\"@context\":\"https:\/\/schema.org\",\"@graph\":[{\"@type\":\"Organization\",\"@id\":\"https:\/\/spectrebaltics.com\/ru\/#organization\",\"name\":\"Spectrebaltics\",\"url\":\"https:\/\/spectrebaltics.com\/ru\/\",\"sameAs\":[],\"logo\":{\"@type\":\"ImageObject\",\"@id\":\"https:\/\/spectrebaltics.com\/ru\/#logo\",\"inLanguage\":\"ru-RU\",\"url\":\"https:\/\/spectrebaltics.com\/wp-content\/uploads\/2024\/03\/Spectrebaltics-logo.svg\",\"contentUrl\":\"https:\/\/spectrebaltics.com\/wp-content\/uploads\/2024\/03\/Spectrebaltics-logo.svg\",\"caption\":\"Spectrebaltics\"},\"image\":{\"@id\":\"https:\/\/spectrebaltics.com\/ru\/#logo\"}},{\"@type\":\"WebSite\",\"@id\":\"https:\/\/spectrebaltics.com\/ru\/#website\",\"url\":\"https:\/\/spectrebaltics.com\/ru\/\",\"name\":\"Spectrebaltics\",\"description\":\"\",\"publisher\":{\"@id\":\"https:\/\/spectrebaltics.com\/ru\/#organization\"},\"potentialAction\":[{\"@type\":\"SearchAction\",\"target\":{\"@type\":\"EntryPoint\",\"urlTemplate\":\"https:\/\/spectrebaltics.com\/ru\/?s={search_term_string}\"},\"query-input\":\"required name=search_term_string\"}],\"inLanguage\":\"ru-RU\"},{\"@type\":\"ImageObject\",\"@id\":\"https:\/\/spectrebaltics.com\/toode\/tetu-tookindad-202\/#primaryimage\",\"inLanguage\":\"ru-RU\",\"url\":\"https:\/\/spectrebaltics.com\/wp-content\/uploads\/2024\/07\/f969854c-7e26-43b7-a74c-b7ea6430a5fe_510x.progressive.webp\",\"contentUrl\":\"https:\/\/spectrebaltics.com\/wp-content\/uploads\/2024\/07\/f969854c-7e26-43b7-a74c-b7ea6430a5fe_510x.progressive.webp\",\"width\":510,\"height\":510},{\"@type\":\"WebPage\",\"@id\":\"https:\/\/spectrebaltics.com\/toode\/tetu-tookindad-202\/#webpage\",\"url\":\"https:\/\/spectrebaltics.com\/toode\/tetu-tookindad-202\/\",\"name\":\"TETU T\u00f6\u00f6kindad 202\",\"isPartOf\":{\"@id\":\"https:\/\/spectrebaltics.com\/ru\/#website\"},\"primaryImageOfPage\":{\"@id\":\"https:\/\/spectrebaltics.com\/toode\/tetu-tookindad-202\/#primaryimage\"},\"datePublished\":\"2024-07-01T10:27:21+00:00\",\"dateModified\":\"2024-07-01T10:27:21+00:00\",\"breadcrumb\":{\"@id\":\"https:\/\/spectrebaltics.com\/toode\/tetu-tookindad-202\/#breadcrumb\"},\"inLanguage\":\"ru-RU\",\"potentialAction\":[{\"@type\":\"ReadAction\",\"target\":[\"https:\/\/spectrebaltics.com\/toode\/tetu-tookindad-202\/\"]}]},{\"@type\":\"BreadcrumbList\",\"@id\":\"https:\/\/spectrebaltics.com\/toode\/tetu-tookindad-202\/#breadcrumb\",\"itemListElement\":[{\"@type\":\"ListItem\",\"position\":1,\"name\":\"Home\",\"item\":\"https:\/\/spectrebaltics.com\/ru\/\"},{\"@type\":\"ListItem\",\"position\":2,\"name\":\"\u041a\u0430\u0442\u0430\u043b\u043e\u0433\",\"item\":\"https:\/\/spectrebaltics.com\/ru\/katalog\/\"},{\"@type\":\"ListItem\",\"position\":3,\"name\":\"TETU T\u00f6\u00f6kindad 202\"}]}]}<\/script>\n<!-- \/ Yoast SEO plugin. -->","yoast_head_json":{"title":"TETU T\u00f6\u00f6kindad 202","robots":{"index":"index","follow":"follow","max-snippet":"max-snippet:-1","max-image-preview":"max-image-preview:large","max-video-preview":"max-video-preview:-1"},"canonical":"https:\/\/spectrebaltics.com\/toode\/tetu-tookindad-202\/","og_locale":"ru_RU","og_type":"article","og_title":"TETU T\u00f6\u00f6kindad 202","og_description":"Nahk-riie kindad\u00a0on mugavad ja sobivad montaa\u017eit\u00f6\u00f6deks. T\u00f6\u00f6kinnastel on kvaliteetsest kitse pealisnahast peopesa, s\u00f5rmeotsad ja p\u00f6idlaosa. Elastne kitse pealisnahk tagab hea s\u00f5rmeotste tundlikkuse. Puuvillasest soonikriidest k\u00e4eselg suurendab kinnaste hingavust. Elastne reguleeritav ranne takjakinnitusega. Suurused: 9-12","og_url":"https:\/\/spectrebaltics.com\/toode\/tetu-tookindad-202\/","og_site_name":"Spectrebaltics","twitter_card":"summary_large_image","twitter_image":"https:\/\/spectrebaltics.com\/wp-content\/uploads\/2024\/07\/f969854c-7e26-43b7-a74c-b7ea6430a5fe_510x.progressive.webp","schema":{"@context":"https:\/\/schema.org","@graph":[{"@type":"Organization","@id":"https:\/\/spectrebaltics.com\/ru\/#organization","name":"Spectrebaltics","url":"https:\/\/spectrebaltics.com\/ru\/","sameAs":[],"logo":{"@type":"ImageObject","@id":"https:\/\/spectrebaltics.com\/ru\/#logo","inLanguage":"ru-RU","url":"https:\/\/spectrebaltics.com\/wp-content\/uploads\/2024\/03\/Spectrebaltics-logo.svg","contentUrl":"https:\/\/spectrebaltics.com\/wp-content\/uploads\/2024\/03\/Spectrebaltics-logo.svg","caption":"Spectrebaltics"},"image":{"@id":"https:\/\/spectrebaltics.com\/ru\/#logo"}},{"@type":"WebSite","@id":"https:\/\/spectrebaltics.com\/ru\/#website","url":"https:\/\/spectrebaltics.com\/ru\/","name":"Spectrebaltics","description":"","publisher":{"@id":"https:\/\/spectrebaltics.com\/ru\/#organization"},"potentialAction":[{"@type":"SearchAction","target":{"@type":"EntryPoint","urlTemplate":"https:\/\/spectrebaltics.com\/ru\/?s={search_term_string}"},"query-input":"required name=search_term_string"}],"inLanguage":"ru-RU"},{"@type":"ImageObject","@id":"https:\/\/spectrebaltics.com\/toode\/tetu-tookindad-202\/#primaryimage","inLanguage":"ru-RU","url":"https:\/\/spectrebaltics.com\/wp-content\/uploads\/2024\/07\/f969854c-7e26-43b7-a74c-b7ea6430a5fe_510x.progressive.webp","contentUrl":"https:\/\/spectrebaltics.com\/wp-content\/uploads\/2024\/07\/f969854c-7e26-43b7-a74c-b7ea6430a5fe_510x.progressive.webp","width":510,"height":510},{"@type":"WebPage","@id":"https:\/\/spectrebaltics.com\/toode\/tetu-tookindad-202\/#webpage","url":"https:\/\/spectrebaltics.com\/toode\/tetu-tookindad-202\/","name":"TETU T\u00f6\u00f6kindad 202","isPartOf":{"@id":"https:\/\/spectrebaltics.com\/ru\/#website"},"primaryImageOfPage":{"@id":"https:\/\/spectrebaltics.com\/toode\/tetu-tookindad-202\/#primaryimage"},"datePublished":"2024-07-01T10:27:21+00:00","dateModified":"2024-07-01T10:27:21+00:00","breadcrumb":{"@id":"https:\/\/spectrebaltics.com\/toode\/tetu-tookindad-202\/#breadcrumb"},"inLanguage":"ru-RU","potentialAction":[{"@type":"ReadAction","target":["https:\/\/spectrebaltics.com\/toode\/tetu-tookindad-202\/"]}]},{"@type":"BreadcrumbList","@id":"https:\/\/spectrebaltics.com\/toode\/tetu-tookindad-202\/#breadcrumb","itemListElement":[{"@type":"ListItem","position":1,"name":"Home","item":"https:\/\/spectrebaltics.com\/ru\/"},{"@type":"ListItem","position":2,"name":"\u041a\u0430\u0442\u0430\u043b\u043e\u0433","item":"https:\/\/spectrebaltics.com\/ru\/katalog\/"},{"@type":"ListItem","position":3,"name":"TETU T\u00f6\u00f6kindad 202"}]}]}},"_links":{"self":[{"href":"https:\/\/spectrebaltics.com\/ru\/wp-json\/wp\/v2\/product\/10701"}],"collection":[{"href":"https:\/\/spectrebaltics.com\/ru\/wp-json\/wp\/v2\/product"}],"about":[{"href":"https:\/\/spectrebaltics.com\/ru\/wp-json\/wp\/v2\/types\/product"}],"wp:featuredmedia":[{"embeddable":true,"href":"https:\/\/spectrebaltics.com\/ru\/wp-json\/wp\/v2\/media\/10702"}],"wp:attachment":[{"href":"https:\/\/spectrebaltics.com\/ru\/wp-json\/wp\/v2\/media?parent=10701"}],"wp:term":[{"taxonomy":"product_cat","embeddable":true,"href":"https:\/\/spectrebaltics.com\/ru\/wp-json\/wp\/v2\/product_cat?post=10701"},{"taxonomy":"product_tag","embeddable":true,"href":"https:\/\/spectrebaltics.com\/ru\/wp-json\/wp\/v2\/product_tag?post=10701"}],"curies":[{"name":"wp","href":"https:\/\/api.w.org\/{rel}","templated":true}]}}