{"id":10720,"date":"2024-07-01T12:10:28","date_gmt":"2024-07-01T12:10:28","guid":{"rendered":"https:\/\/spectrebaltics.com\/?post_type=product&#038;p=10720"},"modified":"2024-07-01T12:10:28","modified_gmt":"2024-07-01T12:10:28","slug":"wortex-7108-suprecoat-sunteetilised-tookindad","status":"publish","type":"product","link":"https:\/\/spectrebaltics.com\/ru\/toode\/wortex-7108-suprecoat-sunteetilised-tookindad\/","title":{"rendered":"WORTEX 7108 SupreCoat s\u00fcnteetilised t\u00f6\u00f6kindad"},"content":{"rendered":"<p>SupraCoat\u00a0s\u00fcnteetilised t\u00f6\u00f6kindad<span>.\u00a0Kinda peopesa materjal SupraCoat on k\u00f5rgekvaliteediline pol\u00fcuretaaniga kaetud kangas, mis on suurep\u00e4rase haarduvusega, heade hingamisomadustega, vetth\u00fclgav ja suurendatud mehaanilise kestvusega.\u00a0K\u00e4eselja kangas on mustust ja niiskust h\u00fclgavast nailonist, randmel sisse \u00f5mmeldud elastne kummisoonik.<\/span><\/p>\n<p>Suurused: 8-11<\/p>\n","protected":false},"excerpt":{"rendered":"<p>SupraCoat\u00a0s\u00fcnteetilised t\u00f6\u00f6kindad.\u00a0Kinda peopesa materjal SupraCoat on k\u00f5rgekvaliteediline pol\u00fcuretaaniga kaetud kangas, mis on suurep\u00e4rase haarduvusega, heade hingamisomadustega, vetth\u00fclgav ja suurendatud mehaanilise kestvusega.\u00a0K\u00e4eselja kangas on mustust ja niiskust h\u00fclgavast nailonist, randmel sisse \u00f5mmeldud elastne kummisoonik. Suurused: 8-11<\/p>\n","protected":false},"featured_media":10721,"template":"","meta":[],"product_cat":[106,111],"product_tag":[],"yoast_head":"<!-- This site is optimized with the Yoast SEO plugin v18.4.1 - https:\/\/yoast.com\/wordpress\/plugins\/seo\/ -->\n<title>WORTEX 7108 SupreCoat s\u00fcnteetilised t\u00f6\u00f6kindad<\/title>\n<meta name=\"robots\" content=\"index, follow, max-snippet:-1, max-image-preview:large, max-video-preview:-1\" \/>\n<link rel=\"canonical\" href=\"https:\/\/spectrebaltics.com\/toode\/wortex-7108-suprecoat-sunteetilised-tookindad\/\" \/>\n<meta property=\"og:locale\" content=\"ru_RU\" \/>\n<meta property=\"og:type\" content=\"article\" \/>\n<meta property=\"og:title\" content=\"WORTEX 7108 SupreCoat s\u00fcnteetilised t\u00f6\u00f6kindad\" \/>\n<meta property=\"og:description\" content=\"SupraCoat\u00a0s\u00fcnteetilised t\u00f6\u00f6kindad.\u00a0Kinda peopesa materjal SupraCoat on k\u00f5rgekvaliteediline pol\u00fcuretaaniga kaetud kangas, mis on suurep\u00e4rase haarduvusega, heade hingamisomadustega, vetth\u00fclgav ja suurendatud mehaanilise kestvusega.\u00a0K\u00e4eselja kangas on mustust ja niiskust h\u00fclgavast nailonist, randmel sisse \u00f5mmeldud elastne kummisoonik. Suurused: 8-11\" \/>\n<meta property=\"og:url\" content=\"https:\/\/spectrebaltics.com\/toode\/wortex-7108-suprecoat-sunteetilised-tookindad\/\" \/>\n<meta property=\"og:site_name\" content=\"Spectrebaltics\" \/>\n<meta property=\"og:image\" content=\"https:\/\/spectrebaltics.com\/wp-content\/uploads\/2024\/07\/7109.jpg\" \/>\n\t<meta property=\"og:image:width\" content=\"470\" \/>\n\t<meta property=\"og:image:height\" content=\"470\" \/>\n\t<meta property=\"og:image:type\" content=\"image\/jpeg\" \/>\n<meta name=\"twitter:card\" content=\"summary_large_image\" \/>\n<script type=\"application\/ld+json\" class=\"yoast-schema-graph\">{\"@context\":\"https:\/\/schema.org\",\"@graph\":[{\"@type\":\"Organization\",\"@id\":\"https:\/\/spectrebaltics.com\/ru\/#organization\",\"name\":\"Spectrebaltics\",\"url\":\"https:\/\/spectrebaltics.com\/ru\/\",\"sameAs\":[],\"logo\":{\"@type\":\"ImageObject\",\"@id\":\"https:\/\/spectrebaltics.com\/ru\/#logo\",\"inLanguage\":\"ru-RU\",\"url\":\"https:\/\/spectrebaltics.com\/wp-content\/uploads\/2024\/03\/Spectrebaltics-logo.svg\",\"contentUrl\":\"https:\/\/spectrebaltics.com\/wp-content\/uploads\/2024\/03\/Spectrebaltics-logo.svg\",\"caption\":\"Spectrebaltics\"},\"image\":{\"@id\":\"https:\/\/spectrebaltics.com\/ru\/#logo\"}},{\"@type\":\"WebSite\",\"@id\":\"https:\/\/spectrebaltics.com\/ru\/#website\",\"url\":\"https:\/\/spectrebaltics.com\/ru\/\",\"name\":\"Spectrebaltics\",\"description\":\"\",\"publisher\":{\"@id\":\"https:\/\/spectrebaltics.com\/ru\/#organization\"},\"potentialAction\":[{\"@type\":\"SearchAction\",\"target\":{\"@type\":\"EntryPoint\",\"urlTemplate\":\"https:\/\/spectrebaltics.com\/ru\/?s={search_term_string}\"},\"query-input\":\"required name=search_term_string\"}],\"inLanguage\":\"ru-RU\"},{\"@type\":\"ImageObject\",\"@id\":\"https:\/\/spectrebaltics.com\/toode\/wortex-7108-suprecoat-sunteetilised-tookindad\/#primaryimage\",\"inLanguage\":\"ru-RU\",\"url\":\"https:\/\/spectrebaltics.com\/wp-content\/uploads\/2024\/07\/7109.jpg\",\"contentUrl\":\"https:\/\/spectrebaltics.com\/wp-content\/uploads\/2024\/07\/7109.jpg\",\"width\":470,\"height\":470},{\"@type\":\"WebPage\",\"@id\":\"https:\/\/spectrebaltics.com\/toode\/wortex-7108-suprecoat-sunteetilised-tookindad\/#webpage\",\"url\":\"https:\/\/spectrebaltics.com\/toode\/wortex-7108-suprecoat-sunteetilised-tookindad\/\",\"name\":\"WORTEX 7108 SupreCoat s\u00fcnteetilised t\u00f6\u00f6kindad\",\"isPartOf\":{\"@id\":\"https:\/\/spectrebaltics.com\/ru\/#website\"},\"primaryImageOfPage\":{\"@id\":\"https:\/\/spectrebaltics.com\/toode\/wortex-7108-suprecoat-sunteetilised-tookindad\/#primaryimage\"},\"datePublished\":\"2024-07-01T12:10:28+00:00\",\"dateModified\":\"2024-07-01T12:10:28+00:00\",\"breadcrumb\":{\"@id\":\"https:\/\/spectrebaltics.com\/toode\/wortex-7108-suprecoat-sunteetilised-tookindad\/#breadcrumb\"},\"inLanguage\":\"ru-RU\",\"potentialAction\":[{\"@type\":\"ReadAction\",\"target\":[\"https:\/\/spectrebaltics.com\/toode\/wortex-7108-suprecoat-sunteetilised-tookindad\/\"]}]},{\"@type\":\"BreadcrumbList\",\"@id\":\"https:\/\/spectrebaltics.com\/toode\/wortex-7108-suprecoat-sunteetilised-tookindad\/#breadcrumb\",\"itemListElement\":[{\"@type\":\"ListItem\",\"position\":1,\"name\":\"Home\",\"item\":\"https:\/\/spectrebaltics.com\/ru\/\"},{\"@type\":\"ListItem\",\"position\":2,\"name\":\"\u041a\u0430\u0442\u0430\u043b\u043e\u0433\",\"item\":\"https:\/\/spectrebaltics.com\/ru\/katalog\/\"},{\"@type\":\"ListItem\",\"position\":3,\"name\":\"WORTEX 7108 SupreCoat s\u00fcnteetilised t\u00f6\u00f6kindad\"}]}]}<\/script>\n<!-- \/ Yoast SEO plugin. -->","yoast_head_json":{"title":"WORTEX 7108 SupreCoat s\u00fcnteetilised t\u00f6\u00f6kindad","robots":{"index":"index","follow":"follow","max-snippet":"max-snippet:-1","max-image-preview":"max-image-preview:large","max-video-preview":"max-video-preview:-1"},"canonical":"https:\/\/spectrebaltics.com\/toode\/wortex-7108-suprecoat-sunteetilised-tookindad\/","og_locale":"ru_RU","og_type":"article","og_title":"WORTEX 7108 SupreCoat s\u00fcnteetilised t\u00f6\u00f6kindad","og_description":"SupraCoat\u00a0s\u00fcnteetilised t\u00f6\u00f6kindad.\u00a0Kinda peopesa materjal SupraCoat on k\u00f5rgekvaliteediline pol\u00fcuretaaniga kaetud kangas, mis on suurep\u00e4rase haarduvusega, heade hingamisomadustega, vetth\u00fclgav ja suurendatud mehaanilise kestvusega.\u00a0K\u00e4eselja kangas on mustust ja niiskust h\u00fclgavast nailonist, randmel sisse \u00f5mmeldud elastne kummisoonik. Suurused: 8-11","og_url":"https:\/\/spectrebaltics.com\/toode\/wortex-7108-suprecoat-sunteetilised-tookindad\/","og_site_name":"Spectrebaltics","og_image":[{"width":470,"height":470,"url":"https:\/\/spectrebaltics.com\/wp-content\/uploads\/2024\/07\/7109.jpg","type":"image\/jpeg"}],"twitter_card":"summary_large_image","schema":{"@context":"https:\/\/schema.org","@graph":[{"@type":"Organization","@id":"https:\/\/spectrebaltics.com\/ru\/#organization","name":"Spectrebaltics","url":"https:\/\/spectrebaltics.com\/ru\/","sameAs":[],"logo":{"@type":"ImageObject","@id":"https:\/\/spectrebaltics.com\/ru\/#logo","inLanguage":"ru-RU","url":"https:\/\/spectrebaltics.com\/wp-content\/uploads\/2024\/03\/Spectrebaltics-logo.svg","contentUrl":"https:\/\/spectrebaltics.com\/wp-content\/uploads\/2024\/03\/Spectrebaltics-logo.svg","caption":"Spectrebaltics"},"image":{"@id":"https:\/\/spectrebaltics.com\/ru\/#logo"}},{"@type":"WebSite","@id":"https:\/\/spectrebaltics.com\/ru\/#website","url":"https:\/\/spectrebaltics.com\/ru\/","name":"Spectrebaltics","description":"","publisher":{"@id":"https:\/\/spectrebaltics.com\/ru\/#organization"},"potentialAction":[{"@type":"SearchAction","target":{"@type":"EntryPoint","urlTemplate":"https:\/\/spectrebaltics.com\/ru\/?s={search_term_string}"},"query-input":"required name=search_term_string"}],"inLanguage":"ru-RU"},{"@type":"ImageObject","@id":"https:\/\/spectrebaltics.com\/toode\/wortex-7108-suprecoat-sunteetilised-tookindad\/#primaryimage","inLanguage":"ru-RU","url":"https:\/\/spectrebaltics.com\/wp-content\/uploads\/2024\/07\/7109.jpg","contentUrl":"https:\/\/spectrebaltics.com\/wp-content\/uploads\/2024\/07\/7109.jpg","width":470,"height":470},{"@type":"WebPage","@id":"https:\/\/spectrebaltics.com\/toode\/wortex-7108-suprecoat-sunteetilised-tookindad\/#webpage","url":"https:\/\/spectrebaltics.com\/toode\/wortex-7108-suprecoat-sunteetilised-tookindad\/","name":"WORTEX 7108 SupreCoat s\u00fcnteetilised t\u00f6\u00f6kindad","isPartOf":{"@id":"https:\/\/spectrebaltics.com\/ru\/#website"},"primaryImageOfPage":{"@id":"https:\/\/spectrebaltics.com\/toode\/wortex-7108-suprecoat-sunteetilised-tookindad\/#primaryimage"},"datePublished":"2024-07-01T12:10:28+00:00","dateModified":"2024-07-01T12:10:28+00:00","breadcrumb":{"@id":"https:\/\/spectrebaltics.com\/toode\/wortex-7108-suprecoat-sunteetilised-tookindad\/#breadcrumb"},"inLanguage":"ru-RU","potentialAction":[{"@type":"ReadAction","target":["https:\/\/spectrebaltics.com\/toode\/wortex-7108-suprecoat-sunteetilised-tookindad\/"]}]},{"@type":"BreadcrumbList","@id":"https:\/\/spectrebaltics.com\/toode\/wortex-7108-suprecoat-sunteetilised-tookindad\/#breadcrumb","itemListElement":[{"@type":"ListItem","position":1,"name":"Home","item":"https:\/\/spectrebaltics.com\/ru\/"},{"@type":"ListItem","position":2,"name":"\u041a\u0430\u0442\u0430\u043b\u043e\u0433","item":"https:\/\/spectrebaltics.com\/ru\/katalog\/"},{"@type":"ListItem","position":3,"name":"WORTEX 7108 SupreCoat s\u00fcnteetilised t\u00f6\u00f6kindad"}]}]}},"_links":{"self":[{"href":"https:\/\/spectrebaltics.com\/ru\/wp-json\/wp\/v2\/product\/10720"}],"collection":[{"href":"https:\/\/spectrebaltics.com\/ru\/wp-json\/wp\/v2\/product"}],"about":[{"href":"https:\/\/spectrebaltics.com\/ru\/wp-json\/wp\/v2\/types\/product"}],"wp:featuredmedia":[{"embeddable":true,"href":"https:\/\/spectrebaltics.com\/ru\/wp-json\/wp\/v2\/media\/10721"}],"wp:attachment":[{"href":"https:\/\/spectrebaltics.com\/ru\/wp-json\/wp\/v2\/media?parent=10720"}],"wp:term":[{"taxonomy":"product_cat","embeddable":true,"href":"https:\/\/spectrebaltics.com\/ru\/wp-json\/wp\/v2\/product_cat?post=10720"},{"taxonomy":"product_tag","embeddable":true,"href":"https:\/\/spectrebaltics.com\/ru\/wp-json\/wp\/v2\/product_tag?post=10720"}],"curies":[{"name":"wp","href":"https:\/\/api.w.org\/{rel}","templated":true}]}}