{"id":10724,"date":"2024-07-01T12:20:20","date_gmt":"2024-07-01T12:20:20","guid":{"rendered":"https:\/\/spectrebaltics.com\/?post_type=product&#038;p=10724"},"modified":"2024-07-01T12:20:20","modified_gmt":"2024-07-01T12:20:20","slug":"wortex-nailon-spandex-15g-sormikud-vahustatud-nitriilkattega-peopesas-must","status":"publish","type":"product","link":"https:\/\/spectrebaltics.com\/ru\/toode\/wortex-nailon-spandex-15g-sormikud-vahustatud-nitriilkattega-peopesas-must\/","title":{"rendered":"Wortex nailon\/spandex 15g s\u00f5rmikud vahustatud nitriilkattega peopesas, must"},"content":{"rendered":"<p><span>Nailon\/spandex t\u00f6\u00f6kindad (15 g), peopesa kaetud hingava mikrovahustatud nitriiliga. Kindad on v\u00e4ga hea tundlikkusega, elastsed, mugavad ja vastupidavad mehaanilisele kulumisele. Mikrovahustatud nitriilkate peopesas tagab suurep\u00e4rase haarde nii kuivades kui niisketes tingimustes, kaitseb \u00f5lide ja m\u00e4\u00e4rdeainete eest.<\/span><\/p>\n<p>Suurused: 8-10<\/p>\n<p>&nbsp;<\/p>\n","protected":false},"excerpt":{"rendered":"<p>Nailon\/spandex t\u00f6\u00f6kindad (15 g), peopesa kaetud hingava mikrovahustatud nitriiliga. Kindad on v\u00e4ga hea tundlikkusega, elastsed, mugavad ja vastupidavad mehaanilisele kulumisele. Mikrovahustatud nitriilkate peopesas tagab suurep\u00e4rase haarde nii kuivades kui niisketes tingimustes, kaitseb \u00f5lide ja m\u00e4\u00e4rdeainete eest. Suurused: 8-10 &nbsp;<\/p>\n","protected":false},"featured_media":10725,"template":"","meta":[],"product_cat":[106,111],"product_tag":[],"yoast_head":"<!-- This site is optimized with the Yoast SEO plugin v18.4.1 - https:\/\/yoast.com\/wordpress\/plugins\/seo\/ -->\n<title>Wortex nailon\/spandex 15g s\u00f5rmikud vahustatud nitriilkattega peopesas, must<\/title>\n<meta name=\"robots\" content=\"index, follow, max-snippet:-1, max-image-preview:large, max-video-preview:-1\" \/>\n<link rel=\"canonical\" href=\"https:\/\/spectrebaltics.com\/toode\/wortex-nailon-spandex-15g-sormikud-vahustatud-nitriilkattega-peopesas-must\/\" \/>\n<meta property=\"og:locale\" content=\"ru_RU\" \/>\n<meta property=\"og:type\" content=\"article\" \/>\n<meta property=\"og:title\" content=\"Wortex nailon\/spandex 15g s\u00f5rmikud vahustatud nitriilkattega peopesas, must\" \/>\n<meta property=\"og:description\" content=\"Nailon\/spandex t\u00f6\u00f6kindad (15 g), peopesa kaetud hingava mikrovahustatud nitriiliga. Kindad on v\u00e4ga hea tundlikkusega, elastsed, mugavad ja vastupidavad mehaanilisele kulumisele. Mikrovahustatud nitriilkate peopesas tagab suurep\u00e4rase haarde nii kuivades kui niisketes tingimustes, kaitseb \u00f5lide ja m\u00e4\u00e4rdeainete eest. Suurused: 8-10 &nbsp;\" \/>\n<meta property=\"og:url\" content=\"https:\/\/spectrebaltics.com\/toode\/wortex-nailon-spandex-15g-sormikud-vahustatud-nitriilkattega-peopesas-must\/\" \/>\n<meta property=\"og:site_name\" content=\"Spectrebaltics\" \/>\n<meta property=\"og:image\" content=\"https:\/\/spectrebaltics.com\/wp-content\/uploads\/2024\/07\/wortex-nailon-spandex-15g-sormikud-vahustatud-nitriilkattega-peopesas-must_1_6219.png\" \/>\n\t<meta property=\"og:image:width\" content=\"960\" \/>\n\t<meta property=\"og:image:height\" content=\"960\" \/>\n\t<meta property=\"og:image:type\" content=\"image\/png\" \/>\n<meta name=\"twitter:card\" content=\"summary_large_image\" \/>\n<script type=\"application\/ld+json\" class=\"yoast-schema-graph\">{\"@context\":\"https:\/\/schema.org\",\"@graph\":[{\"@type\":\"Organization\",\"@id\":\"https:\/\/spectrebaltics.com\/ru\/#organization\",\"name\":\"Spectrebaltics\",\"url\":\"https:\/\/spectrebaltics.com\/ru\/\",\"sameAs\":[],\"logo\":{\"@type\":\"ImageObject\",\"@id\":\"https:\/\/spectrebaltics.com\/ru\/#logo\",\"inLanguage\":\"ru-RU\",\"url\":\"https:\/\/spectrebaltics.com\/wp-content\/uploads\/2024\/03\/Spectrebaltics-logo.svg\",\"contentUrl\":\"https:\/\/spectrebaltics.com\/wp-content\/uploads\/2024\/03\/Spectrebaltics-logo.svg\",\"caption\":\"Spectrebaltics\"},\"image\":{\"@id\":\"https:\/\/spectrebaltics.com\/ru\/#logo\"}},{\"@type\":\"WebSite\",\"@id\":\"https:\/\/spectrebaltics.com\/ru\/#website\",\"url\":\"https:\/\/spectrebaltics.com\/ru\/\",\"name\":\"Spectrebaltics\",\"description\":\"\",\"publisher\":{\"@id\":\"https:\/\/spectrebaltics.com\/ru\/#organization\"},\"potentialAction\":[{\"@type\":\"SearchAction\",\"target\":{\"@type\":\"EntryPoint\",\"urlTemplate\":\"https:\/\/spectrebaltics.com\/ru\/?s={search_term_string}\"},\"query-input\":\"required name=search_term_string\"}],\"inLanguage\":\"ru-RU\"},{\"@type\":\"ImageObject\",\"@id\":\"https:\/\/spectrebaltics.com\/toode\/wortex-nailon-spandex-15g-sormikud-vahustatud-nitriilkattega-peopesas-must\/#primaryimage\",\"inLanguage\":\"ru-RU\",\"url\":\"https:\/\/spectrebaltics.com\/wp-content\/uploads\/2024\/07\/wortex-nailon-spandex-15g-sormikud-vahustatud-nitriilkattega-peopesas-must_1_6219.png\",\"contentUrl\":\"https:\/\/spectrebaltics.com\/wp-content\/uploads\/2024\/07\/wortex-nailon-spandex-15g-sormikud-vahustatud-nitriilkattega-peopesas-must_1_6219.png\",\"width\":960,\"height\":960},{\"@type\":\"WebPage\",\"@id\":\"https:\/\/spectrebaltics.com\/toode\/wortex-nailon-spandex-15g-sormikud-vahustatud-nitriilkattega-peopesas-must\/#webpage\",\"url\":\"https:\/\/spectrebaltics.com\/toode\/wortex-nailon-spandex-15g-sormikud-vahustatud-nitriilkattega-peopesas-must\/\",\"name\":\"Wortex nailon\/spandex 15g s\u00f5rmikud vahustatud nitriilkattega peopesas, must\",\"isPartOf\":{\"@id\":\"https:\/\/spectrebaltics.com\/ru\/#website\"},\"primaryImageOfPage\":{\"@id\":\"https:\/\/spectrebaltics.com\/toode\/wortex-nailon-spandex-15g-sormikud-vahustatud-nitriilkattega-peopesas-must\/#primaryimage\"},\"datePublished\":\"2024-07-01T12:20:20+00:00\",\"dateModified\":\"2024-07-01T12:20:20+00:00\",\"breadcrumb\":{\"@id\":\"https:\/\/spectrebaltics.com\/toode\/wortex-nailon-spandex-15g-sormikud-vahustatud-nitriilkattega-peopesas-must\/#breadcrumb\"},\"inLanguage\":\"ru-RU\",\"potentialAction\":[{\"@type\":\"ReadAction\",\"target\":[\"https:\/\/spectrebaltics.com\/toode\/wortex-nailon-spandex-15g-sormikud-vahustatud-nitriilkattega-peopesas-must\/\"]}]},{\"@type\":\"BreadcrumbList\",\"@id\":\"https:\/\/spectrebaltics.com\/toode\/wortex-nailon-spandex-15g-sormikud-vahustatud-nitriilkattega-peopesas-must\/#breadcrumb\",\"itemListElement\":[{\"@type\":\"ListItem\",\"position\":1,\"name\":\"Home\",\"item\":\"https:\/\/spectrebaltics.com\/ru\/\"},{\"@type\":\"ListItem\",\"position\":2,\"name\":\"\u041a\u0430\u0442\u0430\u043b\u043e\u0433\",\"item\":\"https:\/\/spectrebaltics.com\/ru\/katalog\/\"},{\"@type\":\"ListItem\",\"position\":3,\"name\":\"Wortex nailon\/spandex 15g s\u00f5rmikud vahustatud nitriilkattega peopesas, must\"}]}]}<\/script>\n<!-- \/ Yoast SEO plugin. -->","yoast_head_json":{"title":"Wortex nailon\/spandex 15g s\u00f5rmikud vahustatud nitriilkattega peopesas, must","robots":{"index":"index","follow":"follow","max-snippet":"max-snippet:-1","max-image-preview":"max-image-preview:large","max-video-preview":"max-video-preview:-1"},"canonical":"https:\/\/spectrebaltics.com\/toode\/wortex-nailon-spandex-15g-sormikud-vahustatud-nitriilkattega-peopesas-must\/","og_locale":"ru_RU","og_type":"article","og_title":"Wortex nailon\/spandex 15g s\u00f5rmikud vahustatud nitriilkattega peopesas, must","og_description":"Nailon\/spandex t\u00f6\u00f6kindad (15 g), peopesa kaetud hingava mikrovahustatud nitriiliga. Kindad on v\u00e4ga hea tundlikkusega, elastsed, mugavad ja vastupidavad mehaanilisele kulumisele. Mikrovahustatud nitriilkate peopesas tagab suurep\u00e4rase haarde nii kuivades kui niisketes tingimustes, kaitseb \u00f5lide ja m\u00e4\u00e4rdeainete eest. Suurused: 8-10 &nbsp;","og_url":"https:\/\/spectrebaltics.com\/toode\/wortex-nailon-spandex-15g-sormikud-vahustatud-nitriilkattega-peopesas-must\/","og_site_name":"Spectrebaltics","og_image":[{"width":960,"height":960,"url":"https:\/\/spectrebaltics.com\/wp-content\/uploads\/2024\/07\/wortex-nailon-spandex-15g-sormikud-vahustatud-nitriilkattega-peopesas-must_1_6219.png","type":"image\/png"}],"twitter_card":"summary_large_image","schema":{"@context":"https:\/\/schema.org","@graph":[{"@type":"Organization","@id":"https:\/\/spectrebaltics.com\/ru\/#organization","name":"Spectrebaltics","url":"https:\/\/spectrebaltics.com\/ru\/","sameAs":[],"logo":{"@type":"ImageObject","@id":"https:\/\/spectrebaltics.com\/ru\/#logo","inLanguage":"ru-RU","url":"https:\/\/spectrebaltics.com\/wp-content\/uploads\/2024\/03\/Spectrebaltics-logo.svg","contentUrl":"https:\/\/spectrebaltics.com\/wp-content\/uploads\/2024\/03\/Spectrebaltics-logo.svg","caption":"Spectrebaltics"},"image":{"@id":"https:\/\/spectrebaltics.com\/ru\/#logo"}},{"@type":"WebSite","@id":"https:\/\/spectrebaltics.com\/ru\/#website","url":"https:\/\/spectrebaltics.com\/ru\/","name":"Spectrebaltics","description":"","publisher":{"@id":"https:\/\/spectrebaltics.com\/ru\/#organization"},"potentialAction":[{"@type":"SearchAction","target":{"@type":"EntryPoint","urlTemplate":"https:\/\/spectrebaltics.com\/ru\/?s={search_term_string}"},"query-input":"required name=search_term_string"}],"inLanguage":"ru-RU"},{"@type":"ImageObject","@id":"https:\/\/spectrebaltics.com\/toode\/wortex-nailon-spandex-15g-sormikud-vahustatud-nitriilkattega-peopesas-must\/#primaryimage","inLanguage":"ru-RU","url":"https:\/\/spectrebaltics.com\/wp-content\/uploads\/2024\/07\/wortex-nailon-spandex-15g-sormikud-vahustatud-nitriilkattega-peopesas-must_1_6219.png","contentUrl":"https:\/\/spectrebaltics.com\/wp-content\/uploads\/2024\/07\/wortex-nailon-spandex-15g-sormikud-vahustatud-nitriilkattega-peopesas-must_1_6219.png","width":960,"height":960},{"@type":"WebPage","@id":"https:\/\/spectrebaltics.com\/toode\/wortex-nailon-spandex-15g-sormikud-vahustatud-nitriilkattega-peopesas-must\/#webpage","url":"https:\/\/spectrebaltics.com\/toode\/wortex-nailon-spandex-15g-sormikud-vahustatud-nitriilkattega-peopesas-must\/","name":"Wortex nailon\/spandex 15g s\u00f5rmikud vahustatud nitriilkattega peopesas, must","isPartOf":{"@id":"https:\/\/spectrebaltics.com\/ru\/#website"},"primaryImageOfPage":{"@id":"https:\/\/spectrebaltics.com\/toode\/wortex-nailon-spandex-15g-sormikud-vahustatud-nitriilkattega-peopesas-must\/#primaryimage"},"datePublished":"2024-07-01T12:20:20+00:00","dateModified":"2024-07-01T12:20:20+00:00","breadcrumb":{"@id":"https:\/\/spectrebaltics.com\/toode\/wortex-nailon-spandex-15g-sormikud-vahustatud-nitriilkattega-peopesas-must\/#breadcrumb"},"inLanguage":"ru-RU","potentialAction":[{"@type":"ReadAction","target":["https:\/\/spectrebaltics.com\/toode\/wortex-nailon-spandex-15g-sormikud-vahustatud-nitriilkattega-peopesas-must\/"]}]},{"@type":"BreadcrumbList","@id":"https:\/\/spectrebaltics.com\/toode\/wortex-nailon-spandex-15g-sormikud-vahustatud-nitriilkattega-peopesas-must\/#breadcrumb","itemListElement":[{"@type":"ListItem","position":1,"name":"Home","item":"https:\/\/spectrebaltics.com\/ru\/"},{"@type":"ListItem","position":2,"name":"\u041a\u0430\u0442\u0430\u043b\u043e\u0433","item":"https:\/\/spectrebaltics.com\/ru\/katalog\/"},{"@type":"ListItem","position":3,"name":"Wortex nailon\/spandex 15g s\u00f5rmikud vahustatud nitriilkattega peopesas, must"}]}]}},"_links":{"self":[{"href":"https:\/\/spectrebaltics.com\/ru\/wp-json\/wp\/v2\/product\/10724"}],"collection":[{"href":"https:\/\/spectrebaltics.com\/ru\/wp-json\/wp\/v2\/product"}],"about":[{"href":"https:\/\/spectrebaltics.com\/ru\/wp-json\/wp\/v2\/types\/product"}],"wp:featuredmedia":[{"embeddable":true,"href":"https:\/\/spectrebaltics.com\/ru\/wp-json\/wp\/v2\/media\/10725"}],"wp:attachment":[{"href":"https:\/\/spectrebaltics.com\/ru\/wp-json\/wp\/v2\/media?parent=10724"}],"wp:term":[{"taxonomy":"product_cat","embeddable":true,"href":"https:\/\/spectrebaltics.com\/ru\/wp-json\/wp\/v2\/product_cat?post=10724"},{"taxonomy":"product_tag","embeddable":true,"href":"https:\/\/spectrebaltics.com\/ru\/wp-json\/wp\/v2\/product_tag?post=10724"}],"curies":[{"name":"wp","href":"https:\/\/api.w.org\/{rel}","templated":true}]}}