{"id":10734,"date":"2024-07-02T13:16:24","date_gmt":"2024-07-02T13:16:24","guid":{"rendered":"https:\/\/spectrebaltics.com\/?post_type=product&#038;p=10734"},"modified":"2024-07-02T13:16:24","modified_gmt":"2024-07-02T13:16:24","slug":"wortex-wg445-sormikud-nitriilkattega-roheline-cutc","status":"publish","type":"product","link":"https:\/\/spectrebaltics.com\/ru\/toode\/wortex-wg445-sormikud-nitriilkattega-roheline-cutc\/","title":{"rendered":"WORTEX WG445 s\u00f5rmikud nitriilkattega, roheline, cutC,"},"content":{"rendered":"<p>WORTEX WG445 \u00f5hukesed l\u00f5ikekindlad kindad<span>\u00a0on elastsed ja v\u00e4ga mugavad k\u00f5rg-tehnoloogilistest kiududest valmistatud t\u00f6\u00f6kindad. ISO 13997 l\u00f5ikekindlustase C. Kinnaste peopesa on kaetud \u00f5hukese hingava vahustatud nitriiliga. Nitriilvahust kate tagab hea haarde ja kaitseb h\u00e4sti mehhaanilise kulumise eest. Lisatugevdus p\u00f6idla ja nimetiss\u00f5rme vahel pikendab kinda eluiga.<\/span><\/p>\n","protected":false},"excerpt":{"rendered":"<p>WORTEX WG445 \u00f5hukesed l\u00f5ikekindlad kindad\u00a0on elastsed ja v\u00e4ga mugavad k\u00f5rg-tehnoloogilistest kiududest valmistatud t\u00f6\u00f6kindad. ISO 13997 l\u00f5ikekindlustase C. Kinnaste peopesa on kaetud \u00f5hukese hingava vahustatud nitriiliga. Nitriilvahust kate tagab hea haarde ja kaitseb h\u00e4sti mehhaanilise kulumise eest. Lisatugevdus p\u00f6idla ja nimetiss\u00f5rme vahel pikendab kinda eluiga.<\/p>\n","protected":false},"featured_media":10738,"template":"","meta":[],"product_cat":[106,111],"product_tag":[],"yoast_head":"<!-- This site is optimized with the Yoast SEO plugin v18.4.1 - https:\/\/yoast.com\/wordpress\/plugins\/seo\/ -->\n<title>WORTEX WG445 s\u00f5rmikud nitriilkattega, roheline, cutC,<\/title>\n<meta name=\"robots\" content=\"index, follow, max-snippet:-1, max-image-preview:large, max-video-preview:-1\" \/>\n<link rel=\"canonical\" href=\"https:\/\/spectrebaltics.com\/toode\/wortex-wg445-sormikud-nitriilkattega-roheline-cutc\/\" \/>\n<meta property=\"og:locale\" content=\"ru_RU\" \/>\n<meta property=\"og:type\" content=\"article\" \/>\n<meta property=\"og:title\" content=\"WORTEX WG445 s\u00f5rmikud nitriilkattega, roheline, cutC,\" \/>\n<meta property=\"og:description\" content=\"WORTEX WG445 \u00f5hukesed l\u00f5ikekindlad kindad\u00a0on elastsed ja v\u00e4ga mugavad k\u00f5rg-tehnoloogilistest kiududest valmistatud t\u00f6\u00f6kindad. ISO 13997 l\u00f5ikekindlustase C. Kinnaste peopesa on kaetud \u00f5hukese hingava vahustatud nitriiliga. Nitriilvahust kate tagab hea haarde ja kaitseb h\u00e4sti mehhaanilise kulumise eest. Lisatugevdus p\u00f6idla ja nimetiss\u00f5rme vahel pikendab kinda eluiga.\" \/>\n<meta property=\"og:url\" content=\"https:\/\/spectrebaltics.com\/toode\/wortex-wg445-sormikud-nitriilkattega-roheline-cutc\/\" \/>\n<meta property=\"og:site_name\" content=\"Spectrebaltics\" \/>\n<meta property=\"og:image\" content=\"https:\/\/spectrebaltics.com\/wp-content\/uploads\/2024\/07\/snimok-ekrana-2024-07-02-161604.png\" \/>\n\t<meta property=\"og:image:width\" content=\"796\" \/>\n\t<meta property=\"og:image:height\" content=\"796\" \/>\n\t<meta property=\"og:image:type\" content=\"image\/png\" \/>\n<meta name=\"twitter:card\" content=\"summary_large_image\" \/>\n<script type=\"application\/ld+json\" class=\"yoast-schema-graph\">{\"@context\":\"https:\/\/schema.org\",\"@graph\":[{\"@type\":\"Organization\",\"@id\":\"https:\/\/spectrebaltics.com\/ru\/#organization\",\"name\":\"Spectrebaltics\",\"url\":\"https:\/\/spectrebaltics.com\/ru\/\",\"sameAs\":[],\"logo\":{\"@type\":\"ImageObject\",\"@id\":\"https:\/\/spectrebaltics.com\/ru\/#logo\",\"inLanguage\":\"ru-RU\",\"url\":\"https:\/\/spectrebaltics.com\/wp-content\/uploads\/2024\/03\/Spectrebaltics-logo.svg\",\"contentUrl\":\"https:\/\/spectrebaltics.com\/wp-content\/uploads\/2024\/03\/Spectrebaltics-logo.svg\",\"caption\":\"Spectrebaltics\"},\"image\":{\"@id\":\"https:\/\/spectrebaltics.com\/ru\/#logo\"}},{\"@type\":\"WebSite\",\"@id\":\"https:\/\/spectrebaltics.com\/ru\/#website\",\"url\":\"https:\/\/spectrebaltics.com\/ru\/\",\"name\":\"Spectrebaltics\",\"description\":\"\",\"publisher\":{\"@id\":\"https:\/\/spectrebaltics.com\/ru\/#organization\"},\"potentialAction\":[{\"@type\":\"SearchAction\",\"target\":{\"@type\":\"EntryPoint\",\"urlTemplate\":\"https:\/\/spectrebaltics.com\/ru\/?s={search_term_string}\"},\"query-input\":\"required name=search_term_string\"}],\"inLanguage\":\"ru-RU\"},{\"@type\":\"ImageObject\",\"@id\":\"https:\/\/spectrebaltics.com\/toode\/wortex-wg445-sormikud-nitriilkattega-roheline-cutc\/#primaryimage\",\"inLanguage\":\"ru-RU\",\"url\":\"https:\/\/spectrebaltics.com\/wp-content\/uploads\/2024\/07\/snimok-ekrana-2024-07-02-161604.png\",\"contentUrl\":\"https:\/\/spectrebaltics.com\/wp-content\/uploads\/2024\/07\/snimok-ekrana-2024-07-02-161604.png\",\"width\":796,\"height\":796},{\"@type\":\"WebPage\",\"@id\":\"https:\/\/spectrebaltics.com\/toode\/wortex-wg445-sormikud-nitriilkattega-roheline-cutc\/#webpage\",\"url\":\"https:\/\/spectrebaltics.com\/toode\/wortex-wg445-sormikud-nitriilkattega-roheline-cutc\/\",\"name\":\"WORTEX WG445 s\u00f5rmikud nitriilkattega, roheline, cutC,\",\"isPartOf\":{\"@id\":\"https:\/\/spectrebaltics.com\/ru\/#website\"},\"primaryImageOfPage\":{\"@id\":\"https:\/\/spectrebaltics.com\/toode\/wortex-wg445-sormikud-nitriilkattega-roheline-cutc\/#primaryimage\"},\"datePublished\":\"2024-07-02T13:16:24+00:00\",\"dateModified\":\"2024-07-02T13:16:24+00:00\",\"breadcrumb\":{\"@id\":\"https:\/\/spectrebaltics.com\/toode\/wortex-wg445-sormikud-nitriilkattega-roheline-cutc\/#breadcrumb\"},\"inLanguage\":\"ru-RU\",\"potentialAction\":[{\"@type\":\"ReadAction\",\"target\":[\"https:\/\/spectrebaltics.com\/toode\/wortex-wg445-sormikud-nitriilkattega-roheline-cutc\/\"]}]},{\"@type\":\"BreadcrumbList\",\"@id\":\"https:\/\/spectrebaltics.com\/toode\/wortex-wg445-sormikud-nitriilkattega-roheline-cutc\/#breadcrumb\",\"itemListElement\":[{\"@type\":\"ListItem\",\"position\":1,\"name\":\"Home\",\"item\":\"https:\/\/spectrebaltics.com\/ru\/\"},{\"@type\":\"ListItem\",\"position\":2,\"name\":\"\u041a\u0430\u0442\u0430\u043b\u043e\u0433\",\"item\":\"https:\/\/spectrebaltics.com\/ru\/katalog\/\"},{\"@type\":\"ListItem\",\"position\":3,\"name\":\"WORTEX WG445 s\u00f5rmikud nitriilkattega, roheline, cutC,\"}]}]}<\/script>\n<!-- \/ Yoast SEO plugin. -->","yoast_head_json":{"title":"WORTEX WG445 s\u00f5rmikud nitriilkattega, roheline, cutC,","robots":{"index":"index","follow":"follow","max-snippet":"max-snippet:-1","max-image-preview":"max-image-preview:large","max-video-preview":"max-video-preview:-1"},"canonical":"https:\/\/spectrebaltics.com\/toode\/wortex-wg445-sormikud-nitriilkattega-roheline-cutc\/","og_locale":"ru_RU","og_type":"article","og_title":"WORTEX WG445 s\u00f5rmikud nitriilkattega, roheline, cutC,","og_description":"WORTEX WG445 \u00f5hukesed l\u00f5ikekindlad kindad\u00a0on elastsed ja v\u00e4ga mugavad k\u00f5rg-tehnoloogilistest kiududest valmistatud t\u00f6\u00f6kindad. ISO 13997 l\u00f5ikekindlustase C. Kinnaste peopesa on kaetud \u00f5hukese hingava vahustatud nitriiliga. Nitriilvahust kate tagab hea haarde ja kaitseb h\u00e4sti mehhaanilise kulumise eest. Lisatugevdus p\u00f6idla ja nimetiss\u00f5rme vahel pikendab kinda eluiga.","og_url":"https:\/\/spectrebaltics.com\/toode\/wortex-wg445-sormikud-nitriilkattega-roheline-cutc\/","og_site_name":"Spectrebaltics","og_image":[{"width":796,"height":796,"url":"https:\/\/spectrebaltics.com\/wp-content\/uploads\/2024\/07\/snimok-ekrana-2024-07-02-161604.png","type":"image\/png"}],"twitter_card":"summary_large_image","schema":{"@context":"https:\/\/schema.org","@graph":[{"@type":"Organization","@id":"https:\/\/spectrebaltics.com\/ru\/#organization","name":"Spectrebaltics","url":"https:\/\/spectrebaltics.com\/ru\/","sameAs":[],"logo":{"@type":"ImageObject","@id":"https:\/\/spectrebaltics.com\/ru\/#logo","inLanguage":"ru-RU","url":"https:\/\/spectrebaltics.com\/wp-content\/uploads\/2024\/03\/Spectrebaltics-logo.svg","contentUrl":"https:\/\/spectrebaltics.com\/wp-content\/uploads\/2024\/03\/Spectrebaltics-logo.svg","caption":"Spectrebaltics"},"image":{"@id":"https:\/\/spectrebaltics.com\/ru\/#logo"}},{"@type":"WebSite","@id":"https:\/\/spectrebaltics.com\/ru\/#website","url":"https:\/\/spectrebaltics.com\/ru\/","name":"Spectrebaltics","description":"","publisher":{"@id":"https:\/\/spectrebaltics.com\/ru\/#organization"},"potentialAction":[{"@type":"SearchAction","target":{"@type":"EntryPoint","urlTemplate":"https:\/\/spectrebaltics.com\/ru\/?s={search_term_string}"},"query-input":"required name=search_term_string"}],"inLanguage":"ru-RU"},{"@type":"ImageObject","@id":"https:\/\/spectrebaltics.com\/toode\/wortex-wg445-sormikud-nitriilkattega-roheline-cutc\/#primaryimage","inLanguage":"ru-RU","url":"https:\/\/spectrebaltics.com\/wp-content\/uploads\/2024\/07\/snimok-ekrana-2024-07-02-161604.png","contentUrl":"https:\/\/spectrebaltics.com\/wp-content\/uploads\/2024\/07\/snimok-ekrana-2024-07-02-161604.png","width":796,"height":796},{"@type":"WebPage","@id":"https:\/\/spectrebaltics.com\/toode\/wortex-wg445-sormikud-nitriilkattega-roheline-cutc\/#webpage","url":"https:\/\/spectrebaltics.com\/toode\/wortex-wg445-sormikud-nitriilkattega-roheline-cutc\/","name":"WORTEX WG445 s\u00f5rmikud nitriilkattega, roheline, cutC,","isPartOf":{"@id":"https:\/\/spectrebaltics.com\/ru\/#website"},"primaryImageOfPage":{"@id":"https:\/\/spectrebaltics.com\/toode\/wortex-wg445-sormikud-nitriilkattega-roheline-cutc\/#primaryimage"},"datePublished":"2024-07-02T13:16:24+00:00","dateModified":"2024-07-02T13:16:24+00:00","breadcrumb":{"@id":"https:\/\/spectrebaltics.com\/toode\/wortex-wg445-sormikud-nitriilkattega-roheline-cutc\/#breadcrumb"},"inLanguage":"ru-RU","potentialAction":[{"@type":"ReadAction","target":["https:\/\/spectrebaltics.com\/toode\/wortex-wg445-sormikud-nitriilkattega-roheline-cutc\/"]}]},{"@type":"BreadcrumbList","@id":"https:\/\/spectrebaltics.com\/toode\/wortex-wg445-sormikud-nitriilkattega-roheline-cutc\/#breadcrumb","itemListElement":[{"@type":"ListItem","position":1,"name":"Home","item":"https:\/\/spectrebaltics.com\/ru\/"},{"@type":"ListItem","position":2,"name":"\u041a\u0430\u0442\u0430\u043b\u043e\u0433","item":"https:\/\/spectrebaltics.com\/ru\/katalog\/"},{"@type":"ListItem","position":3,"name":"WORTEX WG445 s\u00f5rmikud nitriilkattega, roheline, cutC,"}]}]}},"_links":{"self":[{"href":"https:\/\/spectrebaltics.com\/ru\/wp-json\/wp\/v2\/product\/10734"}],"collection":[{"href":"https:\/\/spectrebaltics.com\/ru\/wp-json\/wp\/v2\/product"}],"about":[{"href":"https:\/\/spectrebaltics.com\/ru\/wp-json\/wp\/v2\/types\/product"}],"wp:featuredmedia":[{"embeddable":true,"href":"https:\/\/spectrebaltics.com\/ru\/wp-json\/wp\/v2\/media\/10738"}],"wp:attachment":[{"href":"https:\/\/spectrebaltics.com\/ru\/wp-json\/wp\/v2\/media?parent=10734"}],"wp:term":[{"taxonomy":"product_cat","embeddable":true,"href":"https:\/\/spectrebaltics.com\/ru\/wp-json\/wp\/v2\/product_cat?post=10734"},{"taxonomy":"product_tag","embeddable":true,"href":"https:\/\/spectrebaltics.com\/ru\/wp-json\/wp\/v2\/product_tag?post=10734"}],"curies":[{"name":"wp","href":"https:\/\/api.w.org\/{rel}","templated":true}]}}