{"id":10748,"date":"2024-07-03T05:56:56","date_gmt":"2024-07-03T05:56:56","guid":{"rendered":"https:\/\/spectrebaltics.com\/?post_type=product&#038;p=10748"},"modified":"2024-07-03T05:56:56","modified_gmt":"2024-07-03T05:56:56","slug":"keevituskindad-1055-10-fin-sg145","status":"publish","type":"product","link":"https:\/\/spectrebaltics.com\/ru\/toode\/keevituskindad-1055-10-fin-sg145\/","title":{"rendered":"Keevituskindad 1055 (10) FIN SG145"},"content":{"rendered":"<p>Mudel p\u00f5hineb populaarsel A500 kindal. Fliisvooder kaitseb v\u00e4lise kuumuse eest ja hoiab k\u00e4ed k\u00fclma ilmaga soojas. Aramiid\u00f5mblused muudavad kindad vastupidavaks.<\/p>\n","protected":false},"excerpt":{"rendered":"<p>Mudel p\u00f5hineb populaarsel A500 kindal. Fliisvooder kaitseb v\u00e4lise kuumuse eest ja hoiab k\u00e4ed k\u00fclma ilmaga soojas. Aramiid\u00f5mblused muudavad kindad vastupidavaks.<\/p>\n","protected":false},"featured_media":10749,"template":"","meta":[],"product_cat":[106,111],"product_tag":[],"yoast_head":"<!-- This site is optimized with the Yoast SEO plugin v18.4.1 - https:\/\/yoast.com\/wordpress\/plugins\/seo\/ -->\n<title>Keevituskindad 1055 (10) FIN SG145<\/title>\n<meta name=\"robots\" content=\"index, follow, max-snippet:-1, max-image-preview:large, max-video-preview:-1\" \/>\n<link rel=\"canonical\" href=\"https:\/\/spectrebaltics.com\/toode\/keevituskindad-1055-10-fin-sg145\/\" \/>\n<meta property=\"og:locale\" content=\"ru_RU\" \/>\n<meta property=\"og:type\" content=\"article\" \/>\n<meta property=\"og:title\" content=\"Keevituskindad 1055 (10) FIN SG145\" \/>\n<meta property=\"og:description\" content=\"Mudel p\u00f5hineb populaarsel A500 kindal. Fliisvooder kaitseb v\u00e4lise kuumuse eest ja hoiab k\u00e4ed k\u00fclma ilmaga soojas. Aramiid\u00f5mblused muudavad kindad vastupidavaks.\" \/>\n<meta property=\"og:url\" content=\"https:\/\/spectrebaltics.com\/toode\/keevituskindad-1055-10-fin-sg145\/\" \/>\n<meta property=\"og:site_name\" content=\"Spectrebaltics\" \/>\n<meta name=\"twitter:card\" content=\"summary_large_image\" \/>\n<meta name=\"twitter:image\" content=\"https:\/\/spectrebaltics.com\/wp-content\/uploads\/2024\/07\/a505rer_510x.progressive.webp\" \/>\n<script type=\"application\/ld+json\" class=\"yoast-schema-graph\">{\"@context\":\"https:\/\/schema.org\",\"@graph\":[{\"@type\":\"Organization\",\"@id\":\"https:\/\/spectrebaltics.com\/ru\/#organization\",\"name\":\"Spectrebaltics\",\"url\":\"https:\/\/spectrebaltics.com\/ru\/\",\"sameAs\":[],\"logo\":{\"@type\":\"ImageObject\",\"@id\":\"https:\/\/spectrebaltics.com\/ru\/#logo\",\"inLanguage\":\"ru-RU\",\"url\":\"https:\/\/spectrebaltics.com\/wp-content\/uploads\/2024\/03\/Spectrebaltics-logo.svg\",\"contentUrl\":\"https:\/\/spectrebaltics.com\/wp-content\/uploads\/2024\/03\/Spectrebaltics-logo.svg\",\"caption\":\"Spectrebaltics\"},\"image\":{\"@id\":\"https:\/\/spectrebaltics.com\/ru\/#logo\"}},{\"@type\":\"WebSite\",\"@id\":\"https:\/\/spectrebaltics.com\/ru\/#website\",\"url\":\"https:\/\/spectrebaltics.com\/ru\/\",\"name\":\"Spectrebaltics\",\"description\":\"\",\"publisher\":{\"@id\":\"https:\/\/spectrebaltics.com\/ru\/#organization\"},\"potentialAction\":[{\"@type\":\"SearchAction\",\"target\":{\"@type\":\"EntryPoint\",\"urlTemplate\":\"https:\/\/spectrebaltics.com\/ru\/?s={search_term_string}\"},\"query-input\":\"required name=search_term_string\"}],\"inLanguage\":\"ru-RU\"},{\"@type\":\"ImageObject\",\"@id\":\"https:\/\/spectrebaltics.com\/toode\/keevituskindad-1055-10-fin-sg145\/#primaryimage\",\"inLanguage\":\"ru-RU\",\"url\":\"https:\/\/spectrebaltics.com\/wp-content\/uploads\/2024\/07\/a505rer_510x.progressive.webp\",\"contentUrl\":\"https:\/\/spectrebaltics.com\/wp-content\/uploads\/2024\/07\/a505rer_510x.progressive.webp\",\"width\":400,\"height\":400},{\"@type\":\"WebPage\",\"@id\":\"https:\/\/spectrebaltics.com\/toode\/keevituskindad-1055-10-fin-sg145\/#webpage\",\"url\":\"https:\/\/spectrebaltics.com\/toode\/keevituskindad-1055-10-fin-sg145\/\",\"name\":\"Keevituskindad 1055 (10) FIN SG145\",\"isPartOf\":{\"@id\":\"https:\/\/spectrebaltics.com\/ru\/#website\"},\"primaryImageOfPage\":{\"@id\":\"https:\/\/spectrebaltics.com\/toode\/keevituskindad-1055-10-fin-sg145\/#primaryimage\"},\"datePublished\":\"2024-07-03T05:56:56+00:00\",\"dateModified\":\"2024-07-03T05:56:56+00:00\",\"breadcrumb\":{\"@id\":\"https:\/\/spectrebaltics.com\/toode\/keevituskindad-1055-10-fin-sg145\/#breadcrumb\"},\"inLanguage\":\"ru-RU\",\"potentialAction\":[{\"@type\":\"ReadAction\",\"target\":[\"https:\/\/spectrebaltics.com\/toode\/keevituskindad-1055-10-fin-sg145\/\"]}]},{\"@type\":\"BreadcrumbList\",\"@id\":\"https:\/\/spectrebaltics.com\/toode\/keevituskindad-1055-10-fin-sg145\/#breadcrumb\",\"itemListElement\":[{\"@type\":\"ListItem\",\"position\":1,\"name\":\"Home\",\"item\":\"https:\/\/spectrebaltics.com\/ru\/\"},{\"@type\":\"ListItem\",\"position\":2,\"name\":\"\u041a\u0430\u0442\u0430\u043b\u043e\u0433\",\"item\":\"https:\/\/spectrebaltics.com\/ru\/katalog\/\"},{\"@type\":\"ListItem\",\"position\":3,\"name\":\"Keevituskindad 1055 (10) FIN SG145\"}]}]}<\/script>\n<!-- \/ Yoast SEO plugin. -->","yoast_head_json":{"title":"Keevituskindad 1055 (10) FIN SG145","robots":{"index":"index","follow":"follow","max-snippet":"max-snippet:-1","max-image-preview":"max-image-preview:large","max-video-preview":"max-video-preview:-1"},"canonical":"https:\/\/spectrebaltics.com\/toode\/keevituskindad-1055-10-fin-sg145\/","og_locale":"ru_RU","og_type":"article","og_title":"Keevituskindad 1055 (10) FIN SG145","og_description":"Mudel p\u00f5hineb populaarsel A500 kindal. Fliisvooder kaitseb v\u00e4lise kuumuse eest ja hoiab k\u00e4ed k\u00fclma ilmaga soojas. Aramiid\u00f5mblused muudavad kindad vastupidavaks.","og_url":"https:\/\/spectrebaltics.com\/toode\/keevituskindad-1055-10-fin-sg145\/","og_site_name":"Spectrebaltics","twitter_card":"summary_large_image","twitter_image":"https:\/\/spectrebaltics.com\/wp-content\/uploads\/2024\/07\/a505rer_510x.progressive.webp","schema":{"@context":"https:\/\/schema.org","@graph":[{"@type":"Organization","@id":"https:\/\/spectrebaltics.com\/ru\/#organization","name":"Spectrebaltics","url":"https:\/\/spectrebaltics.com\/ru\/","sameAs":[],"logo":{"@type":"ImageObject","@id":"https:\/\/spectrebaltics.com\/ru\/#logo","inLanguage":"ru-RU","url":"https:\/\/spectrebaltics.com\/wp-content\/uploads\/2024\/03\/Spectrebaltics-logo.svg","contentUrl":"https:\/\/spectrebaltics.com\/wp-content\/uploads\/2024\/03\/Spectrebaltics-logo.svg","caption":"Spectrebaltics"},"image":{"@id":"https:\/\/spectrebaltics.com\/ru\/#logo"}},{"@type":"WebSite","@id":"https:\/\/spectrebaltics.com\/ru\/#website","url":"https:\/\/spectrebaltics.com\/ru\/","name":"Spectrebaltics","description":"","publisher":{"@id":"https:\/\/spectrebaltics.com\/ru\/#organization"},"potentialAction":[{"@type":"SearchAction","target":{"@type":"EntryPoint","urlTemplate":"https:\/\/spectrebaltics.com\/ru\/?s={search_term_string}"},"query-input":"required name=search_term_string"}],"inLanguage":"ru-RU"},{"@type":"ImageObject","@id":"https:\/\/spectrebaltics.com\/toode\/keevituskindad-1055-10-fin-sg145\/#primaryimage","inLanguage":"ru-RU","url":"https:\/\/spectrebaltics.com\/wp-content\/uploads\/2024\/07\/a505rer_510x.progressive.webp","contentUrl":"https:\/\/spectrebaltics.com\/wp-content\/uploads\/2024\/07\/a505rer_510x.progressive.webp","width":400,"height":400},{"@type":"WebPage","@id":"https:\/\/spectrebaltics.com\/toode\/keevituskindad-1055-10-fin-sg145\/#webpage","url":"https:\/\/spectrebaltics.com\/toode\/keevituskindad-1055-10-fin-sg145\/","name":"Keevituskindad 1055 (10) FIN SG145","isPartOf":{"@id":"https:\/\/spectrebaltics.com\/ru\/#website"},"primaryImageOfPage":{"@id":"https:\/\/spectrebaltics.com\/toode\/keevituskindad-1055-10-fin-sg145\/#primaryimage"},"datePublished":"2024-07-03T05:56:56+00:00","dateModified":"2024-07-03T05:56:56+00:00","breadcrumb":{"@id":"https:\/\/spectrebaltics.com\/toode\/keevituskindad-1055-10-fin-sg145\/#breadcrumb"},"inLanguage":"ru-RU","potentialAction":[{"@type":"ReadAction","target":["https:\/\/spectrebaltics.com\/toode\/keevituskindad-1055-10-fin-sg145\/"]}]},{"@type":"BreadcrumbList","@id":"https:\/\/spectrebaltics.com\/toode\/keevituskindad-1055-10-fin-sg145\/#breadcrumb","itemListElement":[{"@type":"ListItem","position":1,"name":"Home","item":"https:\/\/spectrebaltics.com\/ru\/"},{"@type":"ListItem","position":2,"name":"\u041a\u0430\u0442\u0430\u043b\u043e\u0433","item":"https:\/\/spectrebaltics.com\/ru\/katalog\/"},{"@type":"ListItem","position":3,"name":"Keevituskindad 1055 (10) FIN SG145"}]}]}},"_links":{"self":[{"href":"https:\/\/spectrebaltics.com\/ru\/wp-json\/wp\/v2\/product\/10748"}],"collection":[{"href":"https:\/\/spectrebaltics.com\/ru\/wp-json\/wp\/v2\/product"}],"about":[{"href":"https:\/\/spectrebaltics.com\/ru\/wp-json\/wp\/v2\/types\/product"}],"wp:featuredmedia":[{"embeddable":true,"href":"https:\/\/spectrebaltics.com\/ru\/wp-json\/wp\/v2\/media\/10749"}],"wp:attachment":[{"href":"https:\/\/spectrebaltics.com\/ru\/wp-json\/wp\/v2\/media?parent=10748"}],"wp:term":[{"taxonomy":"product_cat","embeddable":true,"href":"https:\/\/spectrebaltics.com\/ru\/wp-json\/wp\/v2\/product_cat?post=10748"},{"taxonomy":"product_tag","embeddable":true,"href":"https:\/\/spectrebaltics.com\/ru\/wp-json\/wp\/v2\/product_tag?post=10748"}],"curies":[{"name":"wp","href":"https:\/\/api.w.org\/{rel}","templated":true}]}}