{"id":11043,"date":"2024-07-03T11:57:05","date_gmt":"2024-07-03T11:57:05","guid":{"rendered":"https:\/\/spectrebaltics.com\/?post_type=product&#038;p=11043"},"modified":"2024-07-03T12:06:19","modified_gmt":"2024-07-03T12:06:19","slug":"xtw-3000-kaeshoitav-fiberlaserkeevitusseade-3000w-3-in-1","status":"publish","type":"product","link":"https:\/\/spectrebaltics.com\/ru\/toode\/xtw-3000-kaeshoitav-fiberlaserkeevitusseade-3000w-3-in-1\/","title":{"rendered":"XTW-3000 k\u00e4eshoitav fiberlaserkeevitusseade 1500W\/2000W\/3000W 3 in 1"},"content":{"rendered":"<div class=\"elementor-element elementor-element-86e52d4 elementor-widget elementor-widget-heading\" data-id=\"86e52d4\" data-element_type=\"widget\" data-widget_type=\"heading.default\">\n<div class=\"elementor-widget-container\">\n<div class=\"elementor-heading-title elementor-size-default\">\n<p>Kompaktne disain, lihtne teisaldada<\/p>\n<p>Masin on integreeritud ja v\u00f5tab v\u00e4hem p\u00f5randapinda<br \/>\n10 m kiudoptiline kaabel v\u00f5imaldab kaugkeevitust<br \/>\nAlumised universaalsed rattad aitavad kasutajatel masinat h\u00f5lpsalt liigutada<\/p>\n<\/div>\n<\/div>\n<\/div>\n<div class=\"elementor-element elementor-element-ef9c1bd elementor-widget elementor-widget-text-editor\" data-id=\"ef9c1bd\" data-element_type=\"widget\" data-widget_type=\"text-editor.default\">\n<div class=\"elementor-widget-container\">\n<p><iframe loading=\"lazy\" title=\"XT LASER--Four in one laser welding machine\" width=\"640\" height=\"360\" src=\"https:\/\/www.youtube.com\/embed\/qRLImeXnmt0?feature=oembed\" frameborder=\"0\" allow=\"accelerometer; autoplay; clipboard-write; encrypted-media; gyroscope; picture-in-picture; web-share\" referrerpolicy=\"strict-origin-when-cross-origin\" allowfullscreen><\/iframe><\/p>\n<p><img src=\"https:\/\/www.xtlaser.com\/wp-content\/uploads\/2022\/01\/2023091122.png\" \/><img src=\"https:\/\/www.xtlaser.com\/wp-content\/uploads\/2022\/01\/2023091133.png\" \/><\/p>\n<div class=\"elementor-element elementor-element-36ac634 elementor-widget elementor-widget-heading\" data-id=\"36ac634\" data-element_type=\"widget\" data-widget_type=\"heading.default\">\n<div class=\"elementor-widget-container\"><\/div>\n<\/div>\n<div class=\"elementor-element elementor-element-e6d9ad1 elementor-widget elementor-widget-text-editor\" data-id=\"e6d9ad1\" data-element_type=\"widget\" data-widget_type=\"text-editor.default\">\n<div class=\"elementor-widget-container\">\n<p>Tugevam keevitustugevus<\/p>\n<p>Keevitusrajad on pidevas laserre\u017eiimis kindlad ja sujuvad.<br \/>\nV\u00e4ike deformatsioon ja v\u00e4ike punn<br \/>\nV\u00e4hem v\u00f5i pole vaja poleerimist, s\u00e4\u00e4stes t\u00f6\u00f6- ja ajakulusid<\/p>\n<p><img src=\"https:\/\/www.xtlaser.com\/wp-content\/uploads\/2022\/01\/2022031868.png\" \/><img src=\"https:\/\/www.xtlaser.com\/wp-content\/uploads\/2022\/01\/2022031839.png\" \/><\/p>\n<div class=\"elementor-element elementor-element-c036f1c elementor-widget elementor-widget-heading\" data-id=\"c036f1c\" data-element_type=\"widget\" data-widget_type=\"heading.default\">\n<div class=\"elementor-widget-container\">\n<div class=\"elementor-heading-title elementor-size-default\">\n<p>Traadis\u00f6\u00f6tur on standardne t\u00f6\u00f6riist<\/p>\n<p>Kahe ajamiga traadi etteandja<br \/>\nXT LASER pakub igale kliendile standardosana traadi etteandjat, mis aitab neil saavutada paremat keevituskvaliteeti<\/p>\n<\/div>\n<\/div>\n<\/div>\n<div class=\"elementor-element elementor-element-b05c9a5 elementor-widget elementor-widget-text-editor\" data-id=\"b05c9a5\" data-element_type=\"widget\" data-widget_type=\"text-editor.default\">\n<div class=\"elementor-widget-container\">\n<p><img src=\"https:\/\/www.xtlaser.com\/wp-content\/uploads\/2022\/01\/2023091188.png\" \/><\/p>\n<\/div>\n<\/div>\n<\/div>\n<\/div>\n<div><\/div>\n<div><\/div>\n<\/div>\n<\/div>\n","protected":false},"excerpt":{"rendered":"<p>Kompaktne disain, lihtne teisaldada Masin on integreeritud ja v\u00f5tab v\u00e4hem p\u00f5randapinda 10 m kiudoptiline kaabel v\u00f5imaldab kaugkeevitust Alumised universaalsed rattad aitavad kasutajatel masinat h\u00f5lpsalt liigutada Tugevam keevitustugevus Keevitusrajad on pidevas laserre\u017eiimis kindlad ja sujuvad. V\u00e4ike deformatsioon ja v\u00e4ike punn V\u00e4hem v\u00f5i pole vaja poleerimist, s\u00e4\u00e4stes t\u00f6\u00f6- ja ajakulusid Traadis\u00f6\u00f6tur on standardne t\u00f6\u00f6riist Kahe ajamiga traadi&#8230;<\/p>\n","protected":false},"featured_media":11065,"template":"","meta":[],"product_cat":[59,63],"product_tag":[],"yoast_head":"<!-- This site is optimized with the Yoast SEO plugin v18.4.1 - https:\/\/yoast.com\/wordpress\/plugins\/seo\/ -->\n<title>XTW-3000 k\u00e4eshoitav fiberlaserkeevitusseade 1500W\/2000W\/3000W 3 in 1<\/title>\n<meta name=\"robots\" content=\"index, follow, max-snippet:-1, max-image-preview:large, max-video-preview:-1\" \/>\n<link rel=\"canonical\" href=\"https:\/\/spectrebaltics.com\/en\/toode\/xtw-3000-kaeshoitav-fiberlaserkeevitusseade-3000w-3-in-1\/\" \/>\n<meta property=\"og:locale\" content=\"ru_RU\" \/>\n<meta property=\"og:type\" content=\"article\" \/>\n<meta property=\"og:title\" content=\"XTW-3000 k\u00e4eshoitav fiberlaserkeevitusseade 1500W\/2000W\/3000W 3 in 1\" \/>\n<meta property=\"og:description\" content=\"Kompaktne disain, lihtne teisaldada Masin on integreeritud ja v\u00f5tab v\u00e4hem p\u00f5randapinda 10 m kiudoptiline kaabel v\u00f5imaldab kaugkeevitust Alumised universaalsed rattad aitavad kasutajatel masinat h\u00f5lpsalt liigutada Tugevam keevitustugevus Keevitusrajad on pidevas laserre\u017eiimis kindlad ja sujuvad. V\u00e4ike deformatsioon ja v\u00e4ike punn V\u00e4hem v\u00f5i pole vaja poleerimist, s\u00e4\u00e4stes t\u00f6\u00f6- ja ajakulusid Traadis\u00f6\u00f6tur on standardne t\u00f6\u00f6riist Kahe ajamiga traadi...\" \/>\n<meta property=\"og:url\" content=\"https:\/\/spectrebaltics.com\/en\/toode\/xtw-3000-kaeshoitav-fiberlaserkeevitusseade-3000w-3-in-1\/\" \/>\n<meta property=\"og:site_name\" content=\"Spectrebaltics\" \/>\n<meta property=\"article:modified_time\" content=\"2024-07-03T12:06:19+00:00\" \/>\n<meta property=\"og:image\" content=\"https:\/\/spectrebaltics.com\/wp-content\/uploads\/2024\/07\/xt1.png\" \/>\n\t<meta property=\"og:image:width\" content=\"617\" \/>\n\t<meta property=\"og:image:height\" content=\"419\" \/>\n\t<meta property=\"og:image:type\" content=\"image\/png\" \/>\n<meta name=\"twitter:card\" content=\"summary_large_image\" \/>\n<script type=\"application\/ld+json\" class=\"yoast-schema-graph\">{\"@context\":\"https:\/\/schema.org\",\"@graph\":[{\"@type\":\"Organization\",\"@id\":\"https:\/\/spectrebaltics.com\/ru\/#organization\",\"name\":\"Spectrebaltics\",\"url\":\"https:\/\/spectrebaltics.com\/ru\/\",\"sameAs\":[],\"logo\":{\"@type\":\"ImageObject\",\"@id\":\"https:\/\/spectrebaltics.com\/ru\/#logo\",\"inLanguage\":\"ru-RU\",\"url\":\"https:\/\/spectrebaltics.com\/wp-content\/uploads\/2024\/03\/Spectrebaltics-logo.svg\",\"contentUrl\":\"https:\/\/spectrebaltics.com\/wp-content\/uploads\/2024\/03\/Spectrebaltics-logo.svg\",\"caption\":\"Spectrebaltics\"},\"image\":{\"@id\":\"https:\/\/spectrebaltics.com\/ru\/#logo\"}},{\"@type\":\"WebSite\",\"@id\":\"https:\/\/spectrebaltics.com\/ru\/#website\",\"url\":\"https:\/\/spectrebaltics.com\/ru\/\",\"name\":\"Spectrebaltics\",\"description\":\"\",\"publisher\":{\"@id\":\"https:\/\/spectrebaltics.com\/ru\/#organization\"},\"potentialAction\":[{\"@type\":\"SearchAction\",\"target\":{\"@type\":\"EntryPoint\",\"urlTemplate\":\"https:\/\/spectrebaltics.com\/ru\/?s={search_term_string}\"},\"query-input\":\"required name=search_term_string\"}],\"inLanguage\":\"ru-RU\"},{\"@type\":\"ImageObject\",\"@id\":\"https:\/\/spectrebaltics.com\/en\/toode\/xtw-3000-kaeshoitav-fiberlaserkeevitusseade-3000w-3-in-1\/#primaryimage\",\"inLanguage\":\"ru-RU\",\"url\":\"https:\/\/spectrebaltics.com\/wp-content\/uploads\/2024\/07\/xt1.png\",\"contentUrl\":\"https:\/\/spectrebaltics.com\/wp-content\/uploads\/2024\/07\/xt1.png\",\"width\":617,\"height\":419},{\"@type\":\"WebPage\",\"@id\":\"https:\/\/spectrebaltics.com\/en\/toode\/xtw-3000-kaeshoitav-fiberlaserkeevitusseade-3000w-3-in-1\/#webpage\",\"url\":\"https:\/\/spectrebaltics.com\/en\/toode\/xtw-3000-kaeshoitav-fiberlaserkeevitusseade-3000w-3-in-1\/\",\"name\":\"XTW-3000 k\u00e4eshoitav fiberlaserkeevitusseade 1500W\/2000W\/3000W 3 in 1\",\"isPartOf\":{\"@id\":\"https:\/\/spectrebaltics.com\/ru\/#website\"},\"primaryImageOfPage\":{\"@id\":\"https:\/\/spectrebaltics.com\/en\/toode\/xtw-3000-kaeshoitav-fiberlaserkeevitusseade-3000w-3-in-1\/#primaryimage\"},\"datePublished\":\"2024-07-03T11:57:05+00:00\",\"dateModified\":\"2024-07-03T12:06:19+00:00\",\"breadcrumb\":{\"@id\":\"https:\/\/spectrebaltics.com\/en\/toode\/xtw-3000-kaeshoitav-fiberlaserkeevitusseade-3000w-3-in-1\/#breadcrumb\"},\"inLanguage\":\"ru-RU\",\"potentialAction\":[{\"@type\":\"ReadAction\",\"target\":[\"https:\/\/spectrebaltics.com\/en\/toode\/xtw-3000-kaeshoitav-fiberlaserkeevitusseade-3000w-3-in-1\/\"]}]},{\"@type\":\"BreadcrumbList\",\"@id\":\"https:\/\/spectrebaltics.com\/en\/toode\/xtw-3000-kaeshoitav-fiberlaserkeevitusseade-3000w-3-in-1\/#breadcrumb\",\"itemListElement\":[{\"@type\":\"ListItem\",\"position\":1,\"name\":\"Home\",\"item\":\"https:\/\/spectrebaltics.com\/ru\/\"},{\"@type\":\"ListItem\",\"position\":2,\"name\":\"\u041a\u0430\u0442\u0430\u043b\u043e\u0433\",\"item\":\"https:\/\/spectrebaltics.com\/ru\/katalog\/\"},{\"@type\":\"ListItem\",\"position\":3,\"name\":\"XTW-3000 k\u00e4eshoitav fiberlaserkeevitusseade 1500W\/2000W\/3000W 3 in 1\"}]}]}<\/script>\n<!-- \/ Yoast SEO plugin. -->","yoast_head_json":{"title":"XTW-3000 k\u00e4eshoitav fiberlaserkeevitusseade 1500W\/2000W\/3000W 3 in 1","robots":{"index":"index","follow":"follow","max-snippet":"max-snippet:-1","max-image-preview":"max-image-preview:large","max-video-preview":"max-video-preview:-1"},"canonical":"https:\/\/spectrebaltics.com\/en\/toode\/xtw-3000-kaeshoitav-fiberlaserkeevitusseade-3000w-3-in-1\/","og_locale":"ru_RU","og_type":"article","og_title":"XTW-3000 k\u00e4eshoitav fiberlaserkeevitusseade 1500W\/2000W\/3000W 3 in 1","og_description":"Kompaktne disain, lihtne teisaldada Masin on integreeritud ja v\u00f5tab v\u00e4hem p\u00f5randapinda 10 m kiudoptiline kaabel v\u00f5imaldab kaugkeevitust Alumised universaalsed rattad aitavad kasutajatel masinat h\u00f5lpsalt liigutada Tugevam keevitustugevus Keevitusrajad on pidevas laserre\u017eiimis kindlad ja sujuvad. V\u00e4ike deformatsioon ja v\u00e4ike punn V\u00e4hem v\u00f5i pole vaja poleerimist, s\u00e4\u00e4stes t\u00f6\u00f6- ja ajakulusid Traadis\u00f6\u00f6tur on standardne t\u00f6\u00f6riist Kahe ajamiga traadi...","og_url":"https:\/\/spectrebaltics.com\/en\/toode\/xtw-3000-kaeshoitav-fiberlaserkeevitusseade-3000w-3-in-1\/","og_site_name":"Spectrebaltics","article_modified_time":"2024-07-03T12:06:19+00:00","og_image":[{"width":617,"height":419,"url":"https:\/\/spectrebaltics.com\/wp-content\/uploads\/2024\/07\/xt1.png","type":"image\/png"}],"twitter_card":"summary_large_image","schema":{"@context":"https:\/\/schema.org","@graph":[{"@type":"Organization","@id":"https:\/\/spectrebaltics.com\/ru\/#organization","name":"Spectrebaltics","url":"https:\/\/spectrebaltics.com\/ru\/","sameAs":[],"logo":{"@type":"ImageObject","@id":"https:\/\/spectrebaltics.com\/ru\/#logo","inLanguage":"ru-RU","url":"https:\/\/spectrebaltics.com\/wp-content\/uploads\/2024\/03\/Spectrebaltics-logo.svg","contentUrl":"https:\/\/spectrebaltics.com\/wp-content\/uploads\/2024\/03\/Spectrebaltics-logo.svg","caption":"Spectrebaltics"},"image":{"@id":"https:\/\/spectrebaltics.com\/ru\/#logo"}},{"@type":"WebSite","@id":"https:\/\/spectrebaltics.com\/ru\/#website","url":"https:\/\/spectrebaltics.com\/ru\/","name":"Spectrebaltics","description":"","publisher":{"@id":"https:\/\/spectrebaltics.com\/ru\/#organization"},"potentialAction":[{"@type":"SearchAction","target":{"@type":"EntryPoint","urlTemplate":"https:\/\/spectrebaltics.com\/ru\/?s={search_term_string}"},"query-input":"required name=search_term_string"}],"inLanguage":"ru-RU"},{"@type":"ImageObject","@id":"https:\/\/spectrebaltics.com\/en\/toode\/xtw-3000-kaeshoitav-fiberlaserkeevitusseade-3000w-3-in-1\/#primaryimage","inLanguage":"ru-RU","url":"https:\/\/spectrebaltics.com\/wp-content\/uploads\/2024\/07\/xt1.png","contentUrl":"https:\/\/spectrebaltics.com\/wp-content\/uploads\/2024\/07\/xt1.png","width":617,"height":419},{"@type":"WebPage","@id":"https:\/\/spectrebaltics.com\/en\/toode\/xtw-3000-kaeshoitav-fiberlaserkeevitusseade-3000w-3-in-1\/#webpage","url":"https:\/\/spectrebaltics.com\/en\/toode\/xtw-3000-kaeshoitav-fiberlaserkeevitusseade-3000w-3-in-1\/","name":"XTW-3000 k\u00e4eshoitav fiberlaserkeevitusseade 1500W\/2000W\/3000W 3 in 1","isPartOf":{"@id":"https:\/\/spectrebaltics.com\/ru\/#website"},"primaryImageOfPage":{"@id":"https:\/\/spectrebaltics.com\/en\/toode\/xtw-3000-kaeshoitav-fiberlaserkeevitusseade-3000w-3-in-1\/#primaryimage"},"datePublished":"2024-07-03T11:57:05+00:00","dateModified":"2024-07-03T12:06:19+00:00","breadcrumb":{"@id":"https:\/\/spectrebaltics.com\/en\/toode\/xtw-3000-kaeshoitav-fiberlaserkeevitusseade-3000w-3-in-1\/#breadcrumb"},"inLanguage":"ru-RU","potentialAction":[{"@type":"ReadAction","target":["https:\/\/spectrebaltics.com\/en\/toode\/xtw-3000-kaeshoitav-fiberlaserkeevitusseade-3000w-3-in-1\/"]}]},{"@type":"BreadcrumbList","@id":"https:\/\/spectrebaltics.com\/en\/toode\/xtw-3000-kaeshoitav-fiberlaserkeevitusseade-3000w-3-in-1\/#breadcrumb","itemListElement":[{"@type":"ListItem","position":1,"name":"Home","item":"https:\/\/spectrebaltics.com\/ru\/"},{"@type":"ListItem","position":2,"name":"\u041a\u0430\u0442\u0430\u043b\u043e\u0433","item":"https:\/\/spectrebaltics.com\/ru\/katalog\/"},{"@type":"ListItem","position":3,"name":"XTW-3000 k\u00e4eshoitav fiberlaserkeevitusseade 1500W\/2000W\/3000W 3 in 1"}]}]}},"_links":{"self":[{"href":"https:\/\/spectrebaltics.com\/ru\/wp-json\/wp\/v2\/product\/11043"}],"collection":[{"href":"https:\/\/spectrebaltics.com\/ru\/wp-json\/wp\/v2\/product"}],"about":[{"href":"https:\/\/spectrebaltics.com\/ru\/wp-json\/wp\/v2\/types\/product"}],"wp:featuredmedia":[{"embeddable":true,"href":"https:\/\/spectrebaltics.com\/ru\/wp-json\/wp\/v2\/media\/11065"}],"wp:attachment":[{"href":"https:\/\/spectrebaltics.com\/ru\/wp-json\/wp\/v2\/media?parent=11043"}],"wp:term":[{"taxonomy":"product_cat","embeddable":true,"href":"https:\/\/spectrebaltics.com\/ru\/wp-json\/wp\/v2\/product_cat?post=11043"},{"taxonomy":"product_tag","embeddable":true,"href":"https:\/\/spectrebaltics.com\/ru\/wp-json\/wp\/v2\/product_tag?post=11043"}],"curies":[{"name":"wp","href":"https:\/\/api.w.org\/{rel}","templated":true}]}}