{"id":11101,"date":"2024-07-03T12:21:46","date_gmt":"2024-07-03T12:21:46","guid":{"rendered":"https:\/\/spectrebaltics.com\/?post_type=product&#038;p=11101"},"modified":"2024-07-03T12:21:46","modified_gmt":"2024-07-03T12:21:46","slug":"binzel-keraamiline-gaasiduus-nr-10-10x26mm-150-260-777-0083","status":"publish","type":"product","link":"https:\/\/spectrebaltics.com\/ru\/toode\/binzel-keraamiline-gaasiduus-nr-10-10x26mm-150-260-777-0083\/","title":{"rendered":"Binzel Keraamiline gaasid\u00fc\u00fcs nr. 10 10x26mm 150\/260 777.0083"},"content":{"rendered":"<p>Otsik on keevitusp\u00f5leti (TIG) lahutamatu osa, mille \u00f5igest valikust s\u00f5ltub keevitustulemus. Otsik on keraamiline toode, mis talub h\u00e4sti k\u00f5rgeid temperatuure, on kulumiskindel ja kaetud spetsiaalse ainega, mis takistab keevituspritsmete nakkumist. Kuid samal ajal on see v\u00e4ga habras, nii et seda m\u00fc\u00fcakse 10 tk pakendis.<\/p>\n<p>Keraamilise otsiku m\u00f5\u00f5tmed:<\/p>\n<p>D\u00fc\u00fcsi l\u00e4bim\u00f5\u00f5t D = 9,5 mm<\/p>\n<p>D\u00fc\u00fcsi pikkus L = 26 mm<\/p>\n","protected":false},"excerpt":{"rendered":"<p>Otsik on keevitusp\u00f5leti (TIG) lahutamatu osa, mille \u00f5igest valikust s\u00f5ltub keevitustulemus. Otsik on keraamiline toode, mis talub h\u00e4sti k\u00f5rgeid temperatuure, on kulumiskindel ja kaetud spetsiaalse ainega, mis takistab keevituspritsmete nakkumist. Kuid samal ajal on see v\u00e4ga habras, nii et seda m\u00fc\u00fcakse 10 tk pakendis. Keraamilise otsiku m\u00f5\u00f5tmed: D\u00fc\u00fcsi l\u00e4bim\u00f5\u00f5t D = 9,5 mm D\u00fc\u00fcsi pikkus&#8230;<\/p>\n","protected":false},"featured_media":11102,"template":"","meta":[],"product_cat":[65,73],"product_tag":[],"yoast_head":"<!-- This site is optimized with the Yoast SEO plugin v18.4.1 - https:\/\/yoast.com\/wordpress\/plugins\/seo\/ -->\n<title>Binzel Keraamiline gaasid\u00fc\u00fcs nr. 10 10x26mm 150\/260 777.0083<\/title>\n<meta name=\"robots\" content=\"index, follow, max-snippet:-1, max-image-preview:large, max-video-preview:-1\" \/>\n<link rel=\"canonical\" href=\"https:\/\/spectrebaltics.com\/toode\/binzel-keraamiline-gaasiduus-nr-10-10x26mm-150-260-777-0083\/\" \/>\n<meta property=\"og:locale\" content=\"ru_RU\" \/>\n<meta property=\"og:type\" content=\"article\" \/>\n<meta property=\"og:title\" content=\"Binzel Keraamiline gaasid\u00fc\u00fcs nr. 10 10x26mm 150\/260 777.0083\" \/>\n<meta property=\"og:description\" content=\"Otsik on keevitusp\u00f5leti (TIG) lahutamatu osa, mille \u00f5igest valikust s\u00f5ltub keevitustulemus. Otsik on keraamiline toode, mis talub h\u00e4sti k\u00f5rgeid temperatuure, on kulumiskindel ja kaetud spetsiaalse ainega, mis takistab keevituspritsmete nakkumist. Kuid samal ajal on see v\u00e4ga habras, nii et seda m\u00fc\u00fcakse 10 tk pakendis. Keraamilise otsiku m\u00f5\u00f5tmed: D\u00fc\u00fcsi l\u00e4bim\u00f5\u00f5t D = 9,5 mm D\u00fc\u00fcsi pikkus...\" \/>\n<meta property=\"og:url\" content=\"https:\/\/spectrebaltics.com\/toode\/binzel-keraamiline-gaasiduus-nr-10-10x26mm-150-260-777-0083\/\" \/>\n<meta property=\"og:site_name\" content=\"Spectrebaltics\" \/>\n<meta property=\"og:image\" content=\"https:\/\/spectrebaltics.com\/wp-content\/uploads\/2024\/07\/snimok-ekrana-2024-07-03-152121.png\" \/>\n\t<meta property=\"og:image:width\" content=\"783\" \/>\n\t<meta property=\"og:image:height\" content=\"822\" \/>\n\t<meta property=\"og:image:type\" content=\"image\/png\" \/>\n<meta name=\"twitter:card\" content=\"summary_large_image\" \/>\n<script type=\"application\/ld+json\" class=\"yoast-schema-graph\">{\"@context\":\"https:\/\/schema.org\",\"@graph\":[{\"@type\":\"Organization\",\"@id\":\"https:\/\/spectrebaltics.com\/ru\/#organization\",\"name\":\"Spectrebaltics\",\"url\":\"https:\/\/spectrebaltics.com\/ru\/\",\"sameAs\":[],\"logo\":{\"@type\":\"ImageObject\",\"@id\":\"https:\/\/spectrebaltics.com\/ru\/#logo\",\"inLanguage\":\"ru-RU\",\"url\":\"https:\/\/spectrebaltics.com\/wp-content\/uploads\/2024\/03\/Spectrebaltics-logo.svg\",\"contentUrl\":\"https:\/\/spectrebaltics.com\/wp-content\/uploads\/2024\/03\/Spectrebaltics-logo.svg\",\"caption\":\"Spectrebaltics\"},\"image\":{\"@id\":\"https:\/\/spectrebaltics.com\/ru\/#logo\"}},{\"@type\":\"WebSite\",\"@id\":\"https:\/\/spectrebaltics.com\/ru\/#website\",\"url\":\"https:\/\/spectrebaltics.com\/ru\/\",\"name\":\"Spectrebaltics\",\"description\":\"\",\"publisher\":{\"@id\":\"https:\/\/spectrebaltics.com\/ru\/#organization\"},\"potentialAction\":[{\"@type\":\"SearchAction\",\"target\":{\"@type\":\"EntryPoint\",\"urlTemplate\":\"https:\/\/spectrebaltics.com\/ru\/?s={search_term_string}\"},\"query-input\":\"required name=search_term_string\"}],\"inLanguage\":\"ru-RU\"},{\"@type\":\"ImageObject\",\"@id\":\"https:\/\/spectrebaltics.com\/toode\/binzel-keraamiline-gaasiduus-nr-10-10x26mm-150-260-777-0083\/#primaryimage\",\"inLanguage\":\"ru-RU\",\"url\":\"https:\/\/spectrebaltics.com\/wp-content\/uploads\/2024\/07\/snimok-ekrana-2024-07-03-152121.png\",\"contentUrl\":\"https:\/\/spectrebaltics.com\/wp-content\/uploads\/2024\/07\/snimok-ekrana-2024-07-03-152121.png\",\"width\":783,\"height\":822},{\"@type\":\"WebPage\",\"@id\":\"https:\/\/spectrebaltics.com\/toode\/binzel-keraamiline-gaasiduus-nr-10-10x26mm-150-260-777-0083\/#webpage\",\"url\":\"https:\/\/spectrebaltics.com\/toode\/binzel-keraamiline-gaasiduus-nr-10-10x26mm-150-260-777-0083\/\",\"name\":\"Binzel Keraamiline gaasid\u00fc\u00fcs nr. 10 10x26mm 150\/260 777.0083\",\"isPartOf\":{\"@id\":\"https:\/\/spectrebaltics.com\/ru\/#website\"},\"primaryImageOfPage\":{\"@id\":\"https:\/\/spectrebaltics.com\/toode\/binzel-keraamiline-gaasiduus-nr-10-10x26mm-150-260-777-0083\/#primaryimage\"},\"datePublished\":\"2024-07-03T12:21:46+00:00\",\"dateModified\":\"2024-07-03T12:21:46+00:00\",\"breadcrumb\":{\"@id\":\"https:\/\/spectrebaltics.com\/toode\/binzel-keraamiline-gaasiduus-nr-10-10x26mm-150-260-777-0083\/#breadcrumb\"},\"inLanguage\":\"ru-RU\",\"potentialAction\":[{\"@type\":\"ReadAction\",\"target\":[\"https:\/\/spectrebaltics.com\/toode\/binzel-keraamiline-gaasiduus-nr-10-10x26mm-150-260-777-0083\/\"]}]},{\"@type\":\"BreadcrumbList\",\"@id\":\"https:\/\/spectrebaltics.com\/toode\/binzel-keraamiline-gaasiduus-nr-10-10x26mm-150-260-777-0083\/#breadcrumb\",\"itemListElement\":[{\"@type\":\"ListItem\",\"position\":1,\"name\":\"Home\",\"item\":\"https:\/\/spectrebaltics.com\/ru\/\"},{\"@type\":\"ListItem\",\"position\":2,\"name\":\"\u041a\u0430\u0442\u0430\u043b\u043e\u0433\",\"item\":\"https:\/\/spectrebaltics.com\/ru\/katalog\/\"},{\"@type\":\"ListItem\",\"position\":3,\"name\":\"Binzel Keraamiline gaasid\u00fc\u00fcs nr. 10 10x26mm 150\/260 777.0083\"}]}]}<\/script>\n<!-- \/ Yoast SEO plugin. -->","yoast_head_json":{"title":"Binzel Keraamiline gaasid\u00fc\u00fcs nr. 10 10x26mm 150\/260 777.0083","robots":{"index":"index","follow":"follow","max-snippet":"max-snippet:-1","max-image-preview":"max-image-preview:large","max-video-preview":"max-video-preview:-1"},"canonical":"https:\/\/spectrebaltics.com\/toode\/binzel-keraamiline-gaasiduus-nr-10-10x26mm-150-260-777-0083\/","og_locale":"ru_RU","og_type":"article","og_title":"Binzel Keraamiline gaasid\u00fc\u00fcs nr. 10 10x26mm 150\/260 777.0083","og_description":"Otsik on keevitusp\u00f5leti (TIG) lahutamatu osa, mille \u00f5igest valikust s\u00f5ltub keevitustulemus. Otsik on keraamiline toode, mis talub h\u00e4sti k\u00f5rgeid temperatuure, on kulumiskindel ja kaetud spetsiaalse ainega, mis takistab keevituspritsmete nakkumist. Kuid samal ajal on see v\u00e4ga habras, nii et seda m\u00fc\u00fcakse 10 tk pakendis. Keraamilise otsiku m\u00f5\u00f5tmed: D\u00fc\u00fcsi l\u00e4bim\u00f5\u00f5t D = 9,5 mm D\u00fc\u00fcsi pikkus...","og_url":"https:\/\/spectrebaltics.com\/toode\/binzel-keraamiline-gaasiduus-nr-10-10x26mm-150-260-777-0083\/","og_site_name":"Spectrebaltics","og_image":[{"width":783,"height":822,"url":"https:\/\/spectrebaltics.com\/wp-content\/uploads\/2024\/07\/snimok-ekrana-2024-07-03-152121.png","type":"image\/png"}],"twitter_card":"summary_large_image","schema":{"@context":"https:\/\/schema.org","@graph":[{"@type":"Organization","@id":"https:\/\/spectrebaltics.com\/ru\/#organization","name":"Spectrebaltics","url":"https:\/\/spectrebaltics.com\/ru\/","sameAs":[],"logo":{"@type":"ImageObject","@id":"https:\/\/spectrebaltics.com\/ru\/#logo","inLanguage":"ru-RU","url":"https:\/\/spectrebaltics.com\/wp-content\/uploads\/2024\/03\/Spectrebaltics-logo.svg","contentUrl":"https:\/\/spectrebaltics.com\/wp-content\/uploads\/2024\/03\/Spectrebaltics-logo.svg","caption":"Spectrebaltics"},"image":{"@id":"https:\/\/spectrebaltics.com\/ru\/#logo"}},{"@type":"WebSite","@id":"https:\/\/spectrebaltics.com\/ru\/#website","url":"https:\/\/spectrebaltics.com\/ru\/","name":"Spectrebaltics","description":"","publisher":{"@id":"https:\/\/spectrebaltics.com\/ru\/#organization"},"potentialAction":[{"@type":"SearchAction","target":{"@type":"EntryPoint","urlTemplate":"https:\/\/spectrebaltics.com\/ru\/?s={search_term_string}"},"query-input":"required name=search_term_string"}],"inLanguage":"ru-RU"},{"@type":"ImageObject","@id":"https:\/\/spectrebaltics.com\/toode\/binzel-keraamiline-gaasiduus-nr-10-10x26mm-150-260-777-0083\/#primaryimage","inLanguage":"ru-RU","url":"https:\/\/spectrebaltics.com\/wp-content\/uploads\/2024\/07\/snimok-ekrana-2024-07-03-152121.png","contentUrl":"https:\/\/spectrebaltics.com\/wp-content\/uploads\/2024\/07\/snimok-ekrana-2024-07-03-152121.png","width":783,"height":822},{"@type":"WebPage","@id":"https:\/\/spectrebaltics.com\/toode\/binzel-keraamiline-gaasiduus-nr-10-10x26mm-150-260-777-0083\/#webpage","url":"https:\/\/spectrebaltics.com\/toode\/binzel-keraamiline-gaasiduus-nr-10-10x26mm-150-260-777-0083\/","name":"Binzel Keraamiline gaasid\u00fc\u00fcs nr. 10 10x26mm 150\/260 777.0083","isPartOf":{"@id":"https:\/\/spectrebaltics.com\/ru\/#website"},"primaryImageOfPage":{"@id":"https:\/\/spectrebaltics.com\/toode\/binzel-keraamiline-gaasiduus-nr-10-10x26mm-150-260-777-0083\/#primaryimage"},"datePublished":"2024-07-03T12:21:46+00:00","dateModified":"2024-07-03T12:21:46+00:00","breadcrumb":{"@id":"https:\/\/spectrebaltics.com\/toode\/binzel-keraamiline-gaasiduus-nr-10-10x26mm-150-260-777-0083\/#breadcrumb"},"inLanguage":"ru-RU","potentialAction":[{"@type":"ReadAction","target":["https:\/\/spectrebaltics.com\/toode\/binzel-keraamiline-gaasiduus-nr-10-10x26mm-150-260-777-0083\/"]}]},{"@type":"BreadcrumbList","@id":"https:\/\/spectrebaltics.com\/toode\/binzel-keraamiline-gaasiduus-nr-10-10x26mm-150-260-777-0083\/#breadcrumb","itemListElement":[{"@type":"ListItem","position":1,"name":"Home","item":"https:\/\/spectrebaltics.com\/ru\/"},{"@type":"ListItem","position":2,"name":"\u041a\u0430\u0442\u0430\u043b\u043e\u0433","item":"https:\/\/spectrebaltics.com\/ru\/katalog\/"},{"@type":"ListItem","position":3,"name":"Binzel Keraamiline gaasid\u00fc\u00fcs nr. 10 10x26mm 150\/260 777.0083"}]}]}},"_links":{"self":[{"href":"https:\/\/spectrebaltics.com\/ru\/wp-json\/wp\/v2\/product\/11101"}],"collection":[{"href":"https:\/\/spectrebaltics.com\/ru\/wp-json\/wp\/v2\/product"}],"about":[{"href":"https:\/\/spectrebaltics.com\/ru\/wp-json\/wp\/v2\/types\/product"}],"wp:featuredmedia":[{"embeddable":true,"href":"https:\/\/spectrebaltics.com\/ru\/wp-json\/wp\/v2\/media\/11102"}],"wp:attachment":[{"href":"https:\/\/spectrebaltics.com\/ru\/wp-json\/wp\/v2\/media?parent=11101"}],"wp:term":[{"taxonomy":"product_cat","embeddable":true,"href":"https:\/\/spectrebaltics.com\/ru\/wp-json\/wp\/v2\/product_cat?post=11101"},{"taxonomy":"product_tag","embeddable":true,"href":"https:\/\/spectrebaltics.com\/ru\/wp-json\/wp\/v2\/product_tag?post=11101"}],"curies":[{"name":"wp","href":"https:\/\/api.w.org\/{rel}","templated":true}]}}