{"id":11118,"date":"2024-07-04T06:39:08","date_gmt":"2024-07-04T06:39:08","guid":{"rendered":"https:\/\/spectrebaltics.com\/?post_type=product&#038;p=11118"},"modified":"2024-07-04T06:39:08","modified_gmt":"2024-07-04T06:39:08","slug":"binzel-keraamiline-gaasiduus-nr-6-8x26mm-150-260-777-0082","status":"publish","type":"product","link":"https:\/\/spectrebaltics.com\/ru\/toode\/binzel-keraamiline-gaasiduus-nr-6-8x26mm-150-260-777-0082\/","title":{"rendered":"Binzel Keraamiline gaasid\u00fc\u00fcs nr.6 8x26mm 150\/260 777.0082"},"content":{"rendered":"<p>Keraamiline gaasiotsik BINZEL \u2300 8,0 mm standardne, l\u00fchendatud t\u00fc\u00fcp, m\u00f5eldud argoonkaarega keevitusp\u00f5letitele. See talub h\u00e4sti k\u00f5rgeid temperatuure, on kulumiskindel ja on kaetud spetsiaalse ainega, mis takistab keevituspritsmete kleepumist, kuid on ka v\u00e4ga rabe.<\/p>\n","protected":false},"excerpt":{"rendered":"<p>Keraamiline gaasiotsik BINZEL \u2300 8,0 mm standardne, l\u00fchendatud t\u00fc\u00fcp, m\u00f5eldud argoonkaarega keevitusp\u00f5letitele. See talub h\u00e4sti k\u00f5rgeid temperatuure, on kulumiskindel ja on kaetud spetsiaalse ainega, mis takistab keevituspritsmete kleepumist, kuid on ka v\u00e4ga rabe.<\/p>\n","protected":false},"featured_media":11119,"template":"","meta":[],"product_cat":[65,73],"product_tag":[],"yoast_head":"<!-- This site is optimized with the Yoast SEO plugin v18.4.1 - https:\/\/yoast.com\/wordpress\/plugins\/seo\/ -->\n<title>Binzel Keraamiline gaasid\u00fc\u00fcs nr.6 8x26mm 150\/260 777.0082<\/title>\n<meta name=\"robots\" content=\"index, follow, max-snippet:-1, max-image-preview:large, max-video-preview:-1\" \/>\n<link rel=\"canonical\" href=\"https:\/\/spectrebaltics.com\/toode\/binzel-keraamiline-gaasiduus-nr-6-8x26mm-150-260-777-0082\/\" \/>\n<meta property=\"og:locale\" content=\"ru_RU\" \/>\n<meta property=\"og:type\" content=\"article\" \/>\n<meta property=\"og:title\" content=\"Binzel Keraamiline gaasid\u00fc\u00fcs nr.6 8x26mm 150\/260 777.0082\" \/>\n<meta property=\"og:description\" content=\"Keraamiline gaasiotsik BINZEL \u2300 8,0 mm standardne, l\u00fchendatud t\u00fc\u00fcp, m\u00f5eldud argoonkaarega keevitusp\u00f5letitele. See talub h\u00e4sti k\u00f5rgeid temperatuure, on kulumiskindel ja on kaetud spetsiaalse ainega, mis takistab keevituspritsmete kleepumist, kuid on ka v\u00e4ga rabe.\" \/>\n<meta property=\"og:url\" content=\"https:\/\/spectrebaltics.com\/toode\/binzel-keraamiline-gaasiduus-nr-6-8x26mm-150-260-777-0082\/\" \/>\n<meta property=\"og:site_name\" content=\"Spectrebaltics\" \/>\n<meta property=\"og:image\" content=\"https:\/\/spectrebaltics.com\/wp-content\/uploads\/2024\/07\/a864987f_f0d4_11ea_a6b4_002590c1d961_be9d9949_0cea_11ed_a26d_3cecef0e3764.jpeg\" \/>\n\t<meta property=\"og:image:width\" content=\"500\" \/>\n\t<meta property=\"og:image:height\" content=\"500\" \/>\n\t<meta property=\"og:image:type\" content=\"image\/jpeg\" \/>\n<meta name=\"twitter:card\" content=\"summary_large_image\" \/>\n<script type=\"application\/ld+json\" class=\"yoast-schema-graph\">{\"@context\":\"https:\/\/schema.org\",\"@graph\":[{\"@type\":\"Organization\",\"@id\":\"https:\/\/spectrebaltics.com\/ru\/#organization\",\"name\":\"Spectrebaltics\",\"url\":\"https:\/\/spectrebaltics.com\/ru\/\",\"sameAs\":[],\"logo\":{\"@type\":\"ImageObject\",\"@id\":\"https:\/\/spectrebaltics.com\/ru\/#logo\",\"inLanguage\":\"ru-RU\",\"url\":\"https:\/\/spectrebaltics.com\/wp-content\/uploads\/2024\/03\/Spectrebaltics-logo.svg\",\"contentUrl\":\"https:\/\/spectrebaltics.com\/wp-content\/uploads\/2024\/03\/Spectrebaltics-logo.svg\",\"caption\":\"Spectrebaltics\"},\"image\":{\"@id\":\"https:\/\/spectrebaltics.com\/ru\/#logo\"}},{\"@type\":\"WebSite\",\"@id\":\"https:\/\/spectrebaltics.com\/ru\/#website\",\"url\":\"https:\/\/spectrebaltics.com\/ru\/\",\"name\":\"Spectrebaltics\",\"description\":\"\",\"publisher\":{\"@id\":\"https:\/\/spectrebaltics.com\/ru\/#organization\"},\"potentialAction\":[{\"@type\":\"SearchAction\",\"target\":{\"@type\":\"EntryPoint\",\"urlTemplate\":\"https:\/\/spectrebaltics.com\/ru\/?s={search_term_string}\"},\"query-input\":\"required name=search_term_string\"}],\"inLanguage\":\"ru-RU\"},{\"@type\":\"ImageObject\",\"@id\":\"https:\/\/spectrebaltics.com\/toode\/binzel-keraamiline-gaasiduus-nr-6-8x26mm-150-260-777-0082\/#primaryimage\",\"inLanguage\":\"ru-RU\",\"url\":\"https:\/\/spectrebaltics.com\/wp-content\/uploads\/2024\/07\/a864987f_f0d4_11ea_a6b4_002590c1d961_be9d9949_0cea_11ed_a26d_3cecef0e3764.jpeg\",\"contentUrl\":\"https:\/\/spectrebaltics.com\/wp-content\/uploads\/2024\/07\/a864987f_f0d4_11ea_a6b4_002590c1d961_be9d9949_0cea_11ed_a26d_3cecef0e3764.jpeg\",\"width\":500,\"height\":500},{\"@type\":\"WebPage\",\"@id\":\"https:\/\/spectrebaltics.com\/toode\/binzel-keraamiline-gaasiduus-nr-6-8x26mm-150-260-777-0082\/#webpage\",\"url\":\"https:\/\/spectrebaltics.com\/toode\/binzel-keraamiline-gaasiduus-nr-6-8x26mm-150-260-777-0082\/\",\"name\":\"Binzel Keraamiline gaasid\u00fc\u00fcs nr.6 8x26mm 150\/260 777.0082\",\"isPartOf\":{\"@id\":\"https:\/\/spectrebaltics.com\/ru\/#website\"},\"primaryImageOfPage\":{\"@id\":\"https:\/\/spectrebaltics.com\/toode\/binzel-keraamiline-gaasiduus-nr-6-8x26mm-150-260-777-0082\/#primaryimage\"},\"datePublished\":\"2024-07-04T06:39:08+00:00\",\"dateModified\":\"2024-07-04T06:39:08+00:00\",\"breadcrumb\":{\"@id\":\"https:\/\/spectrebaltics.com\/toode\/binzel-keraamiline-gaasiduus-nr-6-8x26mm-150-260-777-0082\/#breadcrumb\"},\"inLanguage\":\"ru-RU\",\"potentialAction\":[{\"@type\":\"ReadAction\",\"target\":[\"https:\/\/spectrebaltics.com\/toode\/binzel-keraamiline-gaasiduus-nr-6-8x26mm-150-260-777-0082\/\"]}]},{\"@type\":\"BreadcrumbList\",\"@id\":\"https:\/\/spectrebaltics.com\/toode\/binzel-keraamiline-gaasiduus-nr-6-8x26mm-150-260-777-0082\/#breadcrumb\",\"itemListElement\":[{\"@type\":\"ListItem\",\"position\":1,\"name\":\"Home\",\"item\":\"https:\/\/spectrebaltics.com\/ru\/\"},{\"@type\":\"ListItem\",\"position\":2,\"name\":\"\u041a\u0430\u0442\u0430\u043b\u043e\u0433\",\"item\":\"https:\/\/spectrebaltics.com\/ru\/katalog\/\"},{\"@type\":\"ListItem\",\"position\":3,\"name\":\"Binzel Keraamiline gaasid\u00fc\u00fcs nr.6 8x26mm 150\/260 777.0082\"}]}]}<\/script>\n<!-- \/ Yoast SEO plugin. -->","yoast_head_json":{"title":"Binzel Keraamiline gaasid\u00fc\u00fcs nr.6 8x26mm 150\/260 777.0082","robots":{"index":"index","follow":"follow","max-snippet":"max-snippet:-1","max-image-preview":"max-image-preview:large","max-video-preview":"max-video-preview:-1"},"canonical":"https:\/\/spectrebaltics.com\/toode\/binzel-keraamiline-gaasiduus-nr-6-8x26mm-150-260-777-0082\/","og_locale":"ru_RU","og_type":"article","og_title":"Binzel Keraamiline gaasid\u00fc\u00fcs nr.6 8x26mm 150\/260 777.0082","og_description":"Keraamiline gaasiotsik BINZEL \u2300 8,0 mm standardne, l\u00fchendatud t\u00fc\u00fcp, m\u00f5eldud argoonkaarega keevitusp\u00f5letitele. See talub h\u00e4sti k\u00f5rgeid temperatuure, on kulumiskindel ja on kaetud spetsiaalse ainega, mis takistab keevituspritsmete kleepumist, kuid on ka v\u00e4ga rabe.","og_url":"https:\/\/spectrebaltics.com\/toode\/binzel-keraamiline-gaasiduus-nr-6-8x26mm-150-260-777-0082\/","og_site_name":"Spectrebaltics","og_image":[{"width":500,"height":500,"url":"https:\/\/spectrebaltics.com\/wp-content\/uploads\/2024\/07\/a864987f_f0d4_11ea_a6b4_002590c1d961_be9d9949_0cea_11ed_a26d_3cecef0e3764.jpeg","type":"image\/jpeg"}],"twitter_card":"summary_large_image","schema":{"@context":"https:\/\/schema.org","@graph":[{"@type":"Organization","@id":"https:\/\/spectrebaltics.com\/ru\/#organization","name":"Spectrebaltics","url":"https:\/\/spectrebaltics.com\/ru\/","sameAs":[],"logo":{"@type":"ImageObject","@id":"https:\/\/spectrebaltics.com\/ru\/#logo","inLanguage":"ru-RU","url":"https:\/\/spectrebaltics.com\/wp-content\/uploads\/2024\/03\/Spectrebaltics-logo.svg","contentUrl":"https:\/\/spectrebaltics.com\/wp-content\/uploads\/2024\/03\/Spectrebaltics-logo.svg","caption":"Spectrebaltics"},"image":{"@id":"https:\/\/spectrebaltics.com\/ru\/#logo"}},{"@type":"WebSite","@id":"https:\/\/spectrebaltics.com\/ru\/#website","url":"https:\/\/spectrebaltics.com\/ru\/","name":"Spectrebaltics","description":"","publisher":{"@id":"https:\/\/spectrebaltics.com\/ru\/#organization"},"potentialAction":[{"@type":"SearchAction","target":{"@type":"EntryPoint","urlTemplate":"https:\/\/spectrebaltics.com\/ru\/?s={search_term_string}"},"query-input":"required name=search_term_string"}],"inLanguage":"ru-RU"},{"@type":"ImageObject","@id":"https:\/\/spectrebaltics.com\/toode\/binzel-keraamiline-gaasiduus-nr-6-8x26mm-150-260-777-0082\/#primaryimage","inLanguage":"ru-RU","url":"https:\/\/spectrebaltics.com\/wp-content\/uploads\/2024\/07\/a864987f_f0d4_11ea_a6b4_002590c1d961_be9d9949_0cea_11ed_a26d_3cecef0e3764.jpeg","contentUrl":"https:\/\/spectrebaltics.com\/wp-content\/uploads\/2024\/07\/a864987f_f0d4_11ea_a6b4_002590c1d961_be9d9949_0cea_11ed_a26d_3cecef0e3764.jpeg","width":500,"height":500},{"@type":"WebPage","@id":"https:\/\/spectrebaltics.com\/toode\/binzel-keraamiline-gaasiduus-nr-6-8x26mm-150-260-777-0082\/#webpage","url":"https:\/\/spectrebaltics.com\/toode\/binzel-keraamiline-gaasiduus-nr-6-8x26mm-150-260-777-0082\/","name":"Binzel Keraamiline gaasid\u00fc\u00fcs nr.6 8x26mm 150\/260 777.0082","isPartOf":{"@id":"https:\/\/spectrebaltics.com\/ru\/#website"},"primaryImageOfPage":{"@id":"https:\/\/spectrebaltics.com\/toode\/binzel-keraamiline-gaasiduus-nr-6-8x26mm-150-260-777-0082\/#primaryimage"},"datePublished":"2024-07-04T06:39:08+00:00","dateModified":"2024-07-04T06:39:08+00:00","breadcrumb":{"@id":"https:\/\/spectrebaltics.com\/toode\/binzel-keraamiline-gaasiduus-nr-6-8x26mm-150-260-777-0082\/#breadcrumb"},"inLanguage":"ru-RU","potentialAction":[{"@type":"ReadAction","target":["https:\/\/spectrebaltics.com\/toode\/binzel-keraamiline-gaasiduus-nr-6-8x26mm-150-260-777-0082\/"]}]},{"@type":"BreadcrumbList","@id":"https:\/\/spectrebaltics.com\/toode\/binzel-keraamiline-gaasiduus-nr-6-8x26mm-150-260-777-0082\/#breadcrumb","itemListElement":[{"@type":"ListItem","position":1,"name":"Home","item":"https:\/\/spectrebaltics.com\/ru\/"},{"@type":"ListItem","position":2,"name":"\u041a\u0430\u0442\u0430\u043b\u043e\u0433","item":"https:\/\/spectrebaltics.com\/ru\/katalog\/"},{"@type":"ListItem","position":3,"name":"Binzel Keraamiline gaasid\u00fc\u00fcs nr.6 8x26mm 150\/260 777.0082"}]}]}},"_links":{"self":[{"href":"https:\/\/spectrebaltics.com\/ru\/wp-json\/wp\/v2\/product\/11118"}],"collection":[{"href":"https:\/\/spectrebaltics.com\/ru\/wp-json\/wp\/v2\/product"}],"about":[{"href":"https:\/\/spectrebaltics.com\/ru\/wp-json\/wp\/v2\/types\/product"}],"wp:featuredmedia":[{"embeddable":true,"href":"https:\/\/spectrebaltics.com\/ru\/wp-json\/wp\/v2\/media\/11119"}],"wp:attachment":[{"href":"https:\/\/spectrebaltics.com\/ru\/wp-json\/wp\/v2\/media?parent=11118"}],"wp:term":[{"taxonomy":"product_cat","embeddable":true,"href":"https:\/\/spectrebaltics.com\/ru\/wp-json\/wp\/v2\/product_cat?post=11118"},{"taxonomy":"product_tag","embeddable":true,"href":"https:\/\/spectrebaltics.com\/ru\/wp-json\/wp\/v2\/product_tag?post=11118"}],"curies":[{"name":"wp","href":"https:\/\/api.w.org\/{rel}","templated":true}]}}