{"id":11126,"date":"2024-07-04T06:44:20","date_gmt":"2024-07-04T06:44:20","guid":{"rendered":"https:\/\/spectrebaltics.com\/?post_type=product&#038;p=11126"},"modified":"2024-07-04T06:44:20","modified_gmt":"2024-07-04T06:44:20","slug":"binzel-keraamiline-gaasiduusnr-4-701-0296","status":"publish","type":"product","link":"https:\/\/spectrebaltics.com\/ru\/toode\/binzel-keraamiline-gaasiduusnr-4-701-0296\/","title":{"rendered":"Binzel Keraamiline gaasid\u00fc\u00fcsnr. 4 701.0296"},"content":{"rendered":"<p>Keraamiline otsik v\u00e4ikestele standardsetele TIG-keevitusp\u00f5letitele (ABITIG 9, ABITIG 20), valmistatud kvaliteetsetest materjalidest.<\/p>\n<p>See erineb standardn\u00e4idisest oma 89 mm pikkuse poolest, mis on asendamatu, kui on vaja keevitada raskesti ligip\u00e4\u00e4setavaid detaile, kuid sobib tavaliste tsangide ja tsangide hoidikute jaoks.<\/p>\n","protected":false},"excerpt":{"rendered":"<p>Keraamiline otsik v\u00e4ikestele standardsetele TIG-keevitusp\u00f5letitele (ABITIG 9, ABITIG 20), valmistatud kvaliteetsetest materjalidest. See erineb standardn\u00e4idisest oma 89 mm pikkuse poolest, mis on asendamatu, kui on vaja keevitada raskesti ligip\u00e4\u00e4setavaid detaile, kuid sobib tavaliste tsangide ja tsangide hoidikute jaoks.<\/p>\n","protected":false},"featured_media":11127,"template":"","meta":[],"product_cat":[65,73],"product_tag":[],"yoast_head":"<!-- This site is optimized with the Yoast SEO plugin v18.4.1 - https:\/\/yoast.com\/wordpress\/plugins\/seo\/ -->\n<title>Binzel Keraamiline gaasid\u00fc\u00fcsnr. 4 701.0296<\/title>\n<meta name=\"robots\" content=\"index, follow, max-snippet:-1, max-image-preview:large, max-video-preview:-1\" \/>\n<link rel=\"canonical\" href=\"https:\/\/spectrebaltics.com\/toode\/binzel-keraamiline-gaasiduusnr-4-701-0296\/\" \/>\n<meta property=\"og:locale\" content=\"ru_RU\" \/>\n<meta property=\"og:type\" content=\"article\" \/>\n<meta property=\"og:title\" content=\"Binzel Keraamiline gaasid\u00fc\u00fcsnr. 4 701.0296\" \/>\n<meta property=\"og:description\" content=\"Keraamiline otsik v\u00e4ikestele standardsetele TIG-keevitusp\u00f5letitele (ABITIG 9, ABITIG 20), valmistatud kvaliteetsetest materjalidest. See erineb standardn\u00e4idisest oma 89 mm pikkuse poolest, mis on asendamatu, kui on vaja keevitada raskesti ligip\u00e4\u00e4setavaid detaile, kuid sobib tavaliste tsangide ja tsangide hoidikute jaoks.\" \/>\n<meta property=\"og:url\" content=\"https:\/\/spectrebaltics.com\/toode\/binzel-keraamiline-gaasiduusnr-4-701-0296\/\" \/>\n<meta property=\"og:site_name\" content=\"Spectrebaltics\" \/>\n<meta property=\"og:image\" content=\"https:\/\/spectrebaltics.com\/wp-content\/uploads\/2024\/07\/snimok-ekrana-2024-07-04-094206.png\" \/>\n\t<meta property=\"og:image:width\" content=\"783\" \/>\n\t<meta property=\"og:image:height\" content=\"824\" \/>\n\t<meta property=\"og:image:type\" content=\"image\/png\" \/>\n<meta name=\"twitter:card\" content=\"summary_large_image\" \/>\n<script type=\"application\/ld+json\" class=\"yoast-schema-graph\">{\"@context\":\"https:\/\/schema.org\",\"@graph\":[{\"@type\":\"Organization\",\"@id\":\"https:\/\/spectrebaltics.com\/ru\/#organization\",\"name\":\"Spectrebaltics\",\"url\":\"https:\/\/spectrebaltics.com\/ru\/\",\"sameAs\":[],\"logo\":{\"@type\":\"ImageObject\",\"@id\":\"https:\/\/spectrebaltics.com\/ru\/#logo\",\"inLanguage\":\"ru-RU\",\"url\":\"https:\/\/spectrebaltics.com\/wp-content\/uploads\/2024\/03\/Spectrebaltics-logo.svg\",\"contentUrl\":\"https:\/\/spectrebaltics.com\/wp-content\/uploads\/2024\/03\/Spectrebaltics-logo.svg\",\"caption\":\"Spectrebaltics\"},\"image\":{\"@id\":\"https:\/\/spectrebaltics.com\/ru\/#logo\"}},{\"@type\":\"WebSite\",\"@id\":\"https:\/\/spectrebaltics.com\/ru\/#website\",\"url\":\"https:\/\/spectrebaltics.com\/ru\/\",\"name\":\"Spectrebaltics\",\"description\":\"\",\"publisher\":{\"@id\":\"https:\/\/spectrebaltics.com\/ru\/#organization\"},\"potentialAction\":[{\"@type\":\"SearchAction\",\"target\":{\"@type\":\"EntryPoint\",\"urlTemplate\":\"https:\/\/spectrebaltics.com\/ru\/?s={search_term_string}\"},\"query-input\":\"required name=search_term_string\"}],\"inLanguage\":\"ru-RU\"},{\"@type\":\"ImageObject\",\"@id\":\"https:\/\/spectrebaltics.com\/toode\/binzel-keraamiline-gaasiduusnr-4-701-0296\/#primaryimage\",\"inLanguage\":\"ru-RU\",\"url\":\"https:\/\/spectrebaltics.com\/wp-content\/uploads\/2024\/07\/snimok-ekrana-2024-07-04-094206.png\",\"contentUrl\":\"https:\/\/spectrebaltics.com\/wp-content\/uploads\/2024\/07\/snimok-ekrana-2024-07-04-094206.png\",\"width\":783,\"height\":824},{\"@type\":\"WebPage\",\"@id\":\"https:\/\/spectrebaltics.com\/toode\/binzel-keraamiline-gaasiduusnr-4-701-0296\/#webpage\",\"url\":\"https:\/\/spectrebaltics.com\/toode\/binzel-keraamiline-gaasiduusnr-4-701-0296\/\",\"name\":\"Binzel Keraamiline gaasid\u00fc\u00fcsnr. 4 701.0296\",\"isPartOf\":{\"@id\":\"https:\/\/spectrebaltics.com\/ru\/#website\"},\"primaryImageOfPage\":{\"@id\":\"https:\/\/spectrebaltics.com\/toode\/binzel-keraamiline-gaasiduusnr-4-701-0296\/#primaryimage\"},\"datePublished\":\"2024-07-04T06:44:20+00:00\",\"dateModified\":\"2024-07-04T06:44:20+00:00\",\"breadcrumb\":{\"@id\":\"https:\/\/spectrebaltics.com\/toode\/binzel-keraamiline-gaasiduusnr-4-701-0296\/#breadcrumb\"},\"inLanguage\":\"ru-RU\",\"potentialAction\":[{\"@type\":\"ReadAction\",\"target\":[\"https:\/\/spectrebaltics.com\/toode\/binzel-keraamiline-gaasiduusnr-4-701-0296\/\"]}]},{\"@type\":\"BreadcrumbList\",\"@id\":\"https:\/\/spectrebaltics.com\/toode\/binzel-keraamiline-gaasiduusnr-4-701-0296\/#breadcrumb\",\"itemListElement\":[{\"@type\":\"ListItem\",\"position\":1,\"name\":\"Home\",\"item\":\"https:\/\/spectrebaltics.com\/ru\/\"},{\"@type\":\"ListItem\",\"position\":2,\"name\":\"\u041a\u0430\u0442\u0430\u043b\u043e\u0433\",\"item\":\"https:\/\/spectrebaltics.com\/ru\/katalog\/\"},{\"@type\":\"ListItem\",\"position\":3,\"name\":\"Binzel Keraamiline gaasid\u00fc\u00fcsnr. 4 701.0296\"}]}]}<\/script>\n<!-- \/ Yoast SEO plugin. -->","yoast_head_json":{"title":"Binzel Keraamiline gaasid\u00fc\u00fcsnr. 4 701.0296","robots":{"index":"index","follow":"follow","max-snippet":"max-snippet:-1","max-image-preview":"max-image-preview:large","max-video-preview":"max-video-preview:-1"},"canonical":"https:\/\/spectrebaltics.com\/toode\/binzel-keraamiline-gaasiduusnr-4-701-0296\/","og_locale":"ru_RU","og_type":"article","og_title":"Binzel Keraamiline gaasid\u00fc\u00fcsnr. 4 701.0296","og_description":"Keraamiline otsik v\u00e4ikestele standardsetele TIG-keevitusp\u00f5letitele (ABITIG 9, ABITIG 20), valmistatud kvaliteetsetest materjalidest. See erineb standardn\u00e4idisest oma 89 mm pikkuse poolest, mis on asendamatu, kui on vaja keevitada raskesti ligip\u00e4\u00e4setavaid detaile, kuid sobib tavaliste tsangide ja tsangide hoidikute jaoks.","og_url":"https:\/\/spectrebaltics.com\/toode\/binzel-keraamiline-gaasiduusnr-4-701-0296\/","og_site_name":"Spectrebaltics","og_image":[{"width":783,"height":824,"url":"https:\/\/spectrebaltics.com\/wp-content\/uploads\/2024\/07\/snimok-ekrana-2024-07-04-094206.png","type":"image\/png"}],"twitter_card":"summary_large_image","schema":{"@context":"https:\/\/schema.org","@graph":[{"@type":"Organization","@id":"https:\/\/spectrebaltics.com\/ru\/#organization","name":"Spectrebaltics","url":"https:\/\/spectrebaltics.com\/ru\/","sameAs":[],"logo":{"@type":"ImageObject","@id":"https:\/\/spectrebaltics.com\/ru\/#logo","inLanguage":"ru-RU","url":"https:\/\/spectrebaltics.com\/wp-content\/uploads\/2024\/03\/Spectrebaltics-logo.svg","contentUrl":"https:\/\/spectrebaltics.com\/wp-content\/uploads\/2024\/03\/Spectrebaltics-logo.svg","caption":"Spectrebaltics"},"image":{"@id":"https:\/\/spectrebaltics.com\/ru\/#logo"}},{"@type":"WebSite","@id":"https:\/\/spectrebaltics.com\/ru\/#website","url":"https:\/\/spectrebaltics.com\/ru\/","name":"Spectrebaltics","description":"","publisher":{"@id":"https:\/\/spectrebaltics.com\/ru\/#organization"},"potentialAction":[{"@type":"SearchAction","target":{"@type":"EntryPoint","urlTemplate":"https:\/\/spectrebaltics.com\/ru\/?s={search_term_string}"},"query-input":"required name=search_term_string"}],"inLanguage":"ru-RU"},{"@type":"ImageObject","@id":"https:\/\/spectrebaltics.com\/toode\/binzel-keraamiline-gaasiduusnr-4-701-0296\/#primaryimage","inLanguage":"ru-RU","url":"https:\/\/spectrebaltics.com\/wp-content\/uploads\/2024\/07\/snimok-ekrana-2024-07-04-094206.png","contentUrl":"https:\/\/spectrebaltics.com\/wp-content\/uploads\/2024\/07\/snimok-ekrana-2024-07-04-094206.png","width":783,"height":824},{"@type":"WebPage","@id":"https:\/\/spectrebaltics.com\/toode\/binzel-keraamiline-gaasiduusnr-4-701-0296\/#webpage","url":"https:\/\/spectrebaltics.com\/toode\/binzel-keraamiline-gaasiduusnr-4-701-0296\/","name":"Binzel Keraamiline gaasid\u00fc\u00fcsnr. 4 701.0296","isPartOf":{"@id":"https:\/\/spectrebaltics.com\/ru\/#website"},"primaryImageOfPage":{"@id":"https:\/\/spectrebaltics.com\/toode\/binzel-keraamiline-gaasiduusnr-4-701-0296\/#primaryimage"},"datePublished":"2024-07-04T06:44:20+00:00","dateModified":"2024-07-04T06:44:20+00:00","breadcrumb":{"@id":"https:\/\/spectrebaltics.com\/toode\/binzel-keraamiline-gaasiduusnr-4-701-0296\/#breadcrumb"},"inLanguage":"ru-RU","potentialAction":[{"@type":"ReadAction","target":["https:\/\/spectrebaltics.com\/toode\/binzel-keraamiline-gaasiduusnr-4-701-0296\/"]}]},{"@type":"BreadcrumbList","@id":"https:\/\/spectrebaltics.com\/toode\/binzel-keraamiline-gaasiduusnr-4-701-0296\/#breadcrumb","itemListElement":[{"@type":"ListItem","position":1,"name":"Home","item":"https:\/\/spectrebaltics.com\/ru\/"},{"@type":"ListItem","position":2,"name":"\u041a\u0430\u0442\u0430\u043b\u043e\u0433","item":"https:\/\/spectrebaltics.com\/ru\/katalog\/"},{"@type":"ListItem","position":3,"name":"Binzel Keraamiline gaasid\u00fc\u00fcsnr. 4 701.0296"}]}]}},"_links":{"self":[{"href":"https:\/\/spectrebaltics.com\/ru\/wp-json\/wp\/v2\/product\/11126"}],"collection":[{"href":"https:\/\/spectrebaltics.com\/ru\/wp-json\/wp\/v2\/product"}],"about":[{"href":"https:\/\/spectrebaltics.com\/ru\/wp-json\/wp\/v2\/types\/product"}],"wp:featuredmedia":[{"embeddable":true,"href":"https:\/\/spectrebaltics.com\/ru\/wp-json\/wp\/v2\/media\/11127"}],"wp:attachment":[{"href":"https:\/\/spectrebaltics.com\/ru\/wp-json\/wp\/v2\/media?parent=11126"}],"wp:term":[{"taxonomy":"product_cat","embeddable":true,"href":"https:\/\/spectrebaltics.com\/ru\/wp-json\/wp\/v2\/product_cat?post=11126"},{"taxonomy":"product_tag","embeddable":true,"href":"https:\/\/spectrebaltics.com\/ru\/wp-json\/wp\/v2\/product_tag?post=11126"}],"curies":[{"name":"wp","href":"https:\/\/api.w.org\/{rel}","templated":true}]}}