{"id":11208,"date":"2024-07-04T07:58:23","date_gmt":"2024-07-04T07:58:23","guid":{"rendered":"https:\/\/spectrebaltics.com\/?post_type=product&#038;p=11208"},"modified":"2024-07-04T07:58:23","modified_gmt":"2024-07-04T07:58:23","slug":"binzel-tsang-linssi-2-4mm-abitig-9-20-701-0309","status":"publish","type":"product","link":"https:\/\/spectrebaltics.com\/ru\/toode\/binzel-tsang-linssi-2-4mm-abitig-9-20-701-0309\/","title":{"rendered":"Binzel Tsang linssi 2.4mm ABITIG 9\/20 701.0309"},"content":{"rendered":"<p>Tsangi korpus koos difuusoriga volframelektroodile 2,4 mm Abicor Binzel 701.0309 keevitusp\u00f5leti ABITIG GRIP 9, 20 ja 20 SC jaoks, standardversioon gaasil\u00e4\u00e4tsega, keevituselektroodi l\u00e4bim\u00f5\u00f5t 2,4 mm. Gaasil\u00e4\u00e4tsed (hajuti) v\u00e4hendavad kaitsegaasi turbulentsi ja tagavad laminaarse gaasivoolu keevisvanni ning v\u00f5imaldavad keevitamist suure elektroodipikendusega, mis v\u00f5imaldab n\u00e4ha kaare ja keevisvanni<\/p>\n","protected":false},"excerpt":{"rendered":"<p>Tsangi korpus koos difuusoriga volframelektroodile 2,4 mm Abicor Binzel 701.0309 keevitusp\u00f5leti ABITIG GRIP 9, 20 ja 20 SC jaoks, standardversioon gaasil\u00e4\u00e4tsega, keevituselektroodi l\u00e4bim\u00f5\u00f5t 2,4 mm. Gaasil\u00e4\u00e4tsed (hajuti) v\u00e4hendavad kaitsegaasi turbulentsi ja tagavad laminaarse gaasivoolu keevisvanni ning v\u00f5imaldavad keevitamist suure elektroodipikendusega, mis v\u00f5imaldab n\u00e4ha kaare ja keevisvanni<\/p>\n","protected":false},"featured_media":11209,"template":"","meta":[],"product_cat":[65,73],"product_tag":[],"yoast_head":"<!-- This site is optimized with the Yoast SEO plugin v18.4.1 - https:\/\/yoast.com\/wordpress\/plugins\/seo\/ -->\n<title>Binzel Tsang linssi 2.4mm ABITIG 9\/20 701.0309<\/title>\n<meta name=\"robots\" content=\"index, follow, max-snippet:-1, max-image-preview:large, max-video-preview:-1\" \/>\n<link rel=\"canonical\" href=\"https:\/\/spectrebaltics.com\/toode\/binzel-tsang-linssi-2-4mm-abitig-9-20-701-0309\/\" \/>\n<meta property=\"og:locale\" content=\"ru_RU\" \/>\n<meta property=\"og:type\" content=\"article\" \/>\n<meta property=\"og:title\" content=\"Binzel Tsang linssi 2.4mm ABITIG 9\/20 701.0309\" \/>\n<meta property=\"og:description\" content=\"Tsangi korpus koos difuusoriga volframelektroodile 2,4 mm Abicor Binzel 701.0309 keevitusp\u00f5leti ABITIG GRIP 9, 20 ja 20 SC jaoks, standardversioon gaasil\u00e4\u00e4tsega, keevituselektroodi l\u00e4bim\u00f5\u00f5t 2,4 mm. Gaasil\u00e4\u00e4tsed (hajuti) v\u00e4hendavad kaitsegaasi turbulentsi ja tagavad laminaarse gaasivoolu keevisvanni ning v\u00f5imaldavad keevitamist suure elektroodipikendusega, mis v\u00f5imaldab n\u00e4ha kaare ja keevisvanni\" \/>\n<meta property=\"og:url\" content=\"https:\/\/spectrebaltics.com\/toode\/binzel-tsang-linssi-2-4mm-abitig-9-20-701-0309\/\" \/>\n<meta property=\"og:site_name\" content=\"Spectrebaltics\" \/>\n<meta property=\"og:image\" content=\"https:\/\/spectrebaltics.com\/wp-content\/uploads\/2024\/07\/snimok-ekrana-2024-07-04-105658.png\" \/>\n\t<meta property=\"og:image:width\" content=\"782\" \/>\n\t<meta property=\"og:image:height\" content=\"837\" \/>\n\t<meta property=\"og:image:type\" content=\"image\/png\" \/>\n<meta name=\"twitter:card\" content=\"summary_large_image\" \/>\n<script type=\"application\/ld+json\" class=\"yoast-schema-graph\">{\"@context\":\"https:\/\/schema.org\",\"@graph\":[{\"@type\":\"Organization\",\"@id\":\"https:\/\/spectrebaltics.com\/ru\/#organization\",\"name\":\"Spectrebaltics\",\"url\":\"https:\/\/spectrebaltics.com\/ru\/\",\"sameAs\":[],\"logo\":{\"@type\":\"ImageObject\",\"@id\":\"https:\/\/spectrebaltics.com\/ru\/#logo\",\"inLanguage\":\"ru-RU\",\"url\":\"https:\/\/spectrebaltics.com\/wp-content\/uploads\/2024\/03\/Spectrebaltics-logo.svg\",\"contentUrl\":\"https:\/\/spectrebaltics.com\/wp-content\/uploads\/2024\/03\/Spectrebaltics-logo.svg\",\"caption\":\"Spectrebaltics\"},\"image\":{\"@id\":\"https:\/\/spectrebaltics.com\/ru\/#logo\"}},{\"@type\":\"WebSite\",\"@id\":\"https:\/\/spectrebaltics.com\/ru\/#website\",\"url\":\"https:\/\/spectrebaltics.com\/ru\/\",\"name\":\"Spectrebaltics\",\"description\":\"\",\"publisher\":{\"@id\":\"https:\/\/spectrebaltics.com\/ru\/#organization\"},\"potentialAction\":[{\"@type\":\"SearchAction\",\"target\":{\"@type\":\"EntryPoint\",\"urlTemplate\":\"https:\/\/spectrebaltics.com\/ru\/?s={search_term_string}\"},\"query-input\":\"required name=search_term_string\"}],\"inLanguage\":\"ru-RU\"},{\"@type\":\"ImageObject\",\"@id\":\"https:\/\/spectrebaltics.com\/toode\/binzel-tsang-linssi-2-4mm-abitig-9-20-701-0309\/#primaryimage\",\"inLanguage\":\"ru-RU\",\"url\":\"https:\/\/spectrebaltics.com\/wp-content\/uploads\/2024\/07\/snimok-ekrana-2024-07-04-105658.png\",\"contentUrl\":\"https:\/\/spectrebaltics.com\/wp-content\/uploads\/2024\/07\/snimok-ekrana-2024-07-04-105658.png\",\"width\":782,\"height\":837},{\"@type\":\"WebPage\",\"@id\":\"https:\/\/spectrebaltics.com\/toode\/binzel-tsang-linssi-2-4mm-abitig-9-20-701-0309\/#webpage\",\"url\":\"https:\/\/spectrebaltics.com\/toode\/binzel-tsang-linssi-2-4mm-abitig-9-20-701-0309\/\",\"name\":\"Binzel Tsang linssi 2.4mm ABITIG 9\/20 701.0309\",\"isPartOf\":{\"@id\":\"https:\/\/spectrebaltics.com\/ru\/#website\"},\"primaryImageOfPage\":{\"@id\":\"https:\/\/spectrebaltics.com\/toode\/binzel-tsang-linssi-2-4mm-abitig-9-20-701-0309\/#primaryimage\"},\"datePublished\":\"2024-07-04T07:58:23+00:00\",\"dateModified\":\"2024-07-04T07:58:23+00:00\",\"breadcrumb\":{\"@id\":\"https:\/\/spectrebaltics.com\/toode\/binzel-tsang-linssi-2-4mm-abitig-9-20-701-0309\/#breadcrumb\"},\"inLanguage\":\"ru-RU\",\"potentialAction\":[{\"@type\":\"ReadAction\",\"target\":[\"https:\/\/spectrebaltics.com\/toode\/binzel-tsang-linssi-2-4mm-abitig-9-20-701-0309\/\"]}]},{\"@type\":\"BreadcrumbList\",\"@id\":\"https:\/\/spectrebaltics.com\/toode\/binzel-tsang-linssi-2-4mm-abitig-9-20-701-0309\/#breadcrumb\",\"itemListElement\":[{\"@type\":\"ListItem\",\"position\":1,\"name\":\"Home\",\"item\":\"https:\/\/spectrebaltics.com\/ru\/\"},{\"@type\":\"ListItem\",\"position\":2,\"name\":\"\u041a\u0430\u0442\u0430\u043b\u043e\u0433\",\"item\":\"https:\/\/spectrebaltics.com\/ru\/katalog\/\"},{\"@type\":\"ListItem\",\"position\":3,\"name\":\"Binzel Tsang linssi 2.4mm ABITIG 9\/20 701.0309\"}]}]}<\/script>\n<!-- \/ Yoast SEO plugin. -->","yoast_head_json":{"title":"Binzel Tsang linssi 2.4mm ABITIG 9\/20 701.0309","robots":{"index":"index","follow":"follow","max-snippet":"max-snippet:-1","max-image-preview":"max-image-preview:large","max-video-preview":"max-video-preview:-1"},"canonical":"https:\/\/spectrebaltics.com\/toode\/binzel-tsang-linssi-2-4mm-abitig-9-20-701-0309\/","og_locale":"ru_RU","og_type":"article","og_title":"Binzel Tsang linssi 2.4mm ABITIG 9\/20 701.0309","og_description":"Tsangi korpus koos difuusoriga volframelektroodile 2,4 mm Abicor Binzel 701.0309 keevitusp\u00f5leti ABITIG GRIP 9, 20 ja 20 SC jaoks, standardversioon gaasil\u00e4\u00e4tsega, keevituselektroodi l\u00e4bim\u00f5\u00f5t 2,4 mm. Gaasil\u00e4\u00e4tsed (hajuti) v\u00e4hendavad kaitsegaasi turbulentsi ja tagavad laminaarse gaasivoolu keevisvanni ning v\u00f5imaldavad keevitamist suure elektroodipikendusega, mis v\u00f5imaldab n\u00e4ha kaare ja keevisvanni","og_url":"https:\/\/spectrebaltics.com\/toode\/binzel-tsang-linssi-2-4mm-abitig-9-20-701-0309\/","og_site_name":"Spectrebaltics","og_image":[{"width":782,"height":837,"url":"https:\/\/spectrebaltics.com\/wp-content\/uploads\/2024\/07\/snimok-ekrana-2024-07-04-105658.png","type":"image\/png"}],"twitter_card":"summary_large_image","schema":{"@context":"https:\/\/schema.org","@graph":[{"@type":"Organization","@id":"https:\/\/spectrebaltics.com\/ru\/#organization","name":"Spectrebaltics","url":"https:\/\/spectrebaltics.com\/ru\/","sameAs":[],"logo":{"@type":"ImageObject","@id":"https:\/\/spectrebaltics.com\/ru\/#logo","inLanguage":"ru-RU","url":"https:\/\/spectrebaltics.com\/wp-content\/uploads\/2024\/03\/Spectrebaltics-logo.svg","contentUrl":"https:\/\/spectrebaltics.com\/wp-content\/uploads\/2024\/03\/Spectrebaltics-logo.svg","caption":"Spectrebaltics"},"image":{"@id":"https:\/\/spectrebaltics.com\/ru\/#logo"}},{"@type":"WebSite","@id":"https:\/\/spectrebaltics.com\/ru\/#website","url":"https:\/\/spectrebaltics.com\/ru\/","name":"Spectrebaltics","description":"","publisher":{"@id":"https:\/\/spectrebaltics.com\/ru\/#organization"},"potentialAction":[{"@type":"SearchAction","target":{"@type":"EntryPoint","urlTemplate":"https:\/\/spectrebaltics.com\/ru\/?s={search_term_string}"},"query-input":"required name=search_term_string"}],"inLanguage":"ru-RU"},{"@type":"ImageObject","@id":"https:\/\/spectrebaltics.com\/toode\/binzel-tsang-linssi-2-4mm-abitig-9-20-701-0309\/#primaryimage","inLanguage":"ru-RU","url":"https:\/\/spectrebaltics.com\/wp-content\/uploads\/2024\/07\/snimok-ekrana-2024-07-04-105658.png","contentUrl":"https:\/\/spectrebaltics.com\/wp-content\/uploads\/2024\/07\/snimok-ekrana-2024-07-04-105658.png","width":782,"height":837},{"@type":"WebPage","@id":"https:\/\/spectrebaltics.com\/toode\/binzel-tsang-linssi-2-4mm-abitig-9-20-701-0309\/#webpage","url":"https:\/\/spectrebaltics.com\/toode\/binzel-tsang-linssi-2-4mm-abitig-9-20-701-0309\/","name":"Binzel Tsang linssi 2.4mm ABITIG 9\/20 701.0309","isPartOf":{"@id":"https:\/\/spectrebaltics.com\/ru\/#website"},"primaryImageOfPage":{"@id":"https:\/\/spectrebaltics.com\/toode\/binzel-tsang-linssi-2-4mm-abitig-9-20-701-0309\/#primaryimage"},"datePublished":"2024-07-04T07:58:23+00:00","dateModified":"2024-07-04T07:58:23+00:00","breadcrumb":{"@id":"https:\/\/spectrebaltics.com\/toode\/binzel-tsang-linssi-2-4mm-abitig-9-20-701-0309\/#breadcrumb"},"inLanguage":"ru-RU","potentialAction":[{"@type":"ReadAction","target":["https:\/\/spectrebaltics.com\/toode\/binzel-tsang-linssi-2-4mm-abitig-9-20-701-0309\/"]}]},{"@type":"BreadcrumbList","@id":"https:\/\/spectrebaltics.com\/toode\/binzel-tsang-linssi-2-4mm-abitig-9-20-701-0309\/#breadcrumb","itemListElement":[{"@type":"ListItem","position":1,"name":"Home","item":"https:\/\/spectrebaltics.com\/ru\/"},{"@type":"ListItem","position":2,"name":"\u041a\u0430\u0442\u0430\u043b\u043e\u0433","item":"https:\/\/spectrebaltics.com\/ru\/katalog\/"},{"@type":"ListItem","position":3,"name":"Binzel Tsang linssi 2.4mm ABITIG 9\/20 701.0309"}]}]}},"_links":{"self":[{"href":"https:\/\/spectrebaltics.com\/ru\/wp-json\/wp\/v2\/product\/11208"}],"collection":[{"href":"https:\/\/spectrebaltics.com\/ru\/wp-json\/wp\/v2\/product"}],"about":[{"href":"https:\/\/spectrebaltics.com\/ru\/wp-json\/wp\/v2\/types\/product"}],"wp:featuredmedia":[{"embeddable":true,"href":"https:\/\/spectrebaltics.com\/ru\/wp-json\/wp\/v2\/media\/11209"}],"wp:attachment":[{"href":"https:\/\/spectrebaltics.com\/ru\/wp-json\/wp\/v2\/media?parent=11208"}],"wp:term":[{"taxonomy":"product_cat","embeddable":true,"href":"https:\/\/spectrebaltics.com\/ru\/wp-json\/wp\/v2\/product_cat?post=11208"},{"taxonomy":"product_tag","embeddable":true,"href":"https:\/\/spectrebaltics.com\/ru\/wp-json\/wp\/v2\/product_tag?post=11208"}],"curies":[{"name":"wp","href":"https:\/\/api.w.org\/{rel}","templated":true}]}}