{"id":11360,"date":"2024-07-05T05:55:43","date_gmt":"2024-07-05T05:55:43","guid":{"rendered":"https:\/\/spectrebaltics.com\/?post_type=product&#038;p=11360"},"modified":"2024-07-05T05:55:43","modified_gmt":"2024-07-05T05:55:43","slug":"binzel-vooluotsik-m8x30x10-ag","status":"publish","type":"product","link":"https:\/\/spectrebaltics.com\/ru\/toode\/binzel-vooluotsik-m8x30x10-ag\/","title":{"rendered":"Binzel Vooluotsik M8x30x1,0 AG"},"content":{"rendered":"<p>Kontaktotsik robotkeevitusp\u00f5leti jaoks 1,0 mm l\u00e4bim\u00f5\u00f5duga keevitustraadi jaoks. Binzeli toodetud robotp\u00f5leti kontaktotsak tagab keevitusprotsesside k\u00f5rge ja stabiilse j\u00f5udluse.<\/p>\n<p>Keevitustraadi robotp\u00f5leti keevituskontakti otsa sisel\u00e4bim\u00f5\u00f5t on 1,0 mm<\/p>\n<p>Vooluotsiku otsa v\u00e4lisl\u00e4bim\u00f5\u00f5t on 10 mm<\/p>\n<p>Otsa pikkus &#8212; 30 mm<\/p>\n","protected":false},"excerpt":{"rendered":"<p>Kontaktotsik robotkeevitusp\u00f5leti jaoks 1,0 mm l\u00e4bim\u00f5\u00f5duga keevitustraadi jaoks. Binzeli toodetud robotp\u00f5leti kontaktotsak tagab keevitusprotsesside k\u00f5rge ja stabiilse j\u00f5udluse. Keevitustraadi robotp\u00f5leti keevituskontakti otsa sisel\u00e4bim\u00f5\u00f5t on 1,0 mm Vooluotsiku otsa v\u00e4lisl\u00e4bim\u00f5\u00f5t on 10 mm Otsa pikkus &#8212; 30 mm<\/p>\n","protected":false},"featured_media":11361,"template":"","meta":[],"product_cat":[65,70],"product_tag":[],"yoast_head":"<!-- This site is optimized with the Yoast SEO plugin v18.4.1 - https:\/\/yoast.com\/wordpress\/plugins\/seo\/ -->\n<title>Binzel Vooluotsik M8x30x1,0 AG<\/title>\n<meta name=\"robots\" content=\"index, follow, max-snippet:-1, max-image-preview:large, max-video-preview:-1\" \/>\n<link rel=\"canonical\" href=\"https:\/\/spectrebaltics.com\/toode\/binzel-vooluotsik-m8x30x10-ag\/\" \/>\n<meta property=\"og:locale\" content=\"ru_RU\" \/>\n<meta property=\"og:type\" content=\"article\" \/>\n<meta property=\"og:title\" content=\"Binzel Vooluotsik M8x30x1,0 AG\" \/>\n<meta property=\"og:description\" content=\"Kontaktotsik robotkeevitusp\u00f5leti jaoks 1,0 mm l\u00e4bim\u00f5\u00f5duga keevitustraadi jaoks. Binzeli toodetud robotp\u00f5leti kontaktotsak tagab keevitusprotsesside k\u00f5rge ja stabiilse j\u00f5udluse. Keevitustraadi robotp\u00f5leti keevituskontakti otsa sisel\u00e4bim\u00f5\u00f5t on 1,0 mm Vooluotsiku otsa v\u00e4lisl\u00e4bim\u00f5\u00f5t on 10 mm Otsa pikkus &#8212; 30 mm\" \/>\n<meta property=\"og:url\" content=\"https:\/\/spectrebaltics.com\/toode\/binzel-vooluotsik-m8x30x10-ag\/\" \/>\n<meta property=\"og:site_name\" content=\"Spectrebaltics\" \/>\n<meta property=\"og:image\" content=\"https:\/\/spectrebaltics.com\/wp-content\/uploads\/2024\/07\/snimok-ekrana-2024-07-05-085355.png\" \/>\n\t<meta property=\"og:image:width\" content=\"785\" \/>\n\t<meta property=\"og:image:height\" content=\"828\" \/>\n\t<meta property=\"og:image:type\" content=\"image\/png\" \/>\n<meta name=\"twitter:card\" content=\"summary_large_image\" \/>\n<script type=\"application\/ld+json\" class=\"yoast-schema-graph\">{\"@context\":\"https:\/\/schema.org\",\"@graph\":[{\"@type\":\"Organization\",\"@id\":\"https:\/\/spectrebaltics.com\/ru\/#organization\",\"name\":\"Spectrebaltics\",\"url\":\"https:\/\/spectrebaltics.com\/ru\/\",\"sameAs\":[],\"logo\":{\"@type\":\"ImageObject\",\"@id\":\"https:\/\/spectrebaltics.com\/ru\/#logo\",\"inLanguage\":\"ru-RU\",\"url\":\"https:\/\/spectrebaltics.com\/wp-content\/uploads\/2024\/03\/Spectrebaltics-logo.svg\",\"contentUrl\":\"https:\/\/spectrebaltics.com\/wp-content\/uploads\/2024\/03\/Spectrebaltics-logo.svg\",\"caption\":\"Spectrebaltics\"},\"image\":{\"@id\":\"https:\/\/spectrebaltics.com\/ru\/#logo\"}},{\"@type\":\"WebSite\",\"@id\":\"https:\/\/spectrebaltics.com\/ru\/#website\",\"url\":\"https:\/\/spectrebaltics.com\/ru\/\",\"name\":\"Spectrebaltics\",\"description\":\"\",\"publisher\":{\"@id\":\"https:\/\/spectrebaltics.com\/ru\/#organization\"},\"potentialAction\":[{\"@type\":\"SearchAction\",\"target\":{\"@type\":\"EntryPoint\",\"urlTemplate\":\"https:\/\/spectrebaltics.com\/ru\/?s={search_term_string}\"},\"query-input\":\"required name=search_term_string\"}],\"inLanguage\":\"ru-RU\"},{\"@type\":\"ImageObject\",\"@id\":\"https:\/\/spectrebaltics.com\/toode\/binzel-vooluotsik-m8x30x10-ag\/#primaryimage\",\"inLanguage\":\"ru-RU\",\"url\":\"https:\/\/spectrebaltics.com\/wp-content\/uploads\/2024\/07\/snimok-ekrana-2024-07-05-085355.png\",\"contentUrl\":\"https:\/\/spectrebaltics.com\/wp-content\/uploads\/2024\/07\/snimok-ekrana-2024-07-05-085355.png\",\"width\":785,\"height\":828},{\"@type\":\"WebPage\",\"@id\":\"https:\/\/spectrebaltics.com\/toode\/binzel-vooluotsik-m8x30x10-ag\/#webpage\",\"url\":\"https:\/\/spectrebaltics.com\/toode\/binzel-vooluotsik-m8x30x10-ag\/\",\"name\":\"Binzel Vooluotsik M8x30x1,0 AG\",\"isPartOf\":{\"@id\":\"https:\/\/spectrebaltics.com\/ru\/#website\"},\"primaryImageOfPage\":{\"@id\":\"https:\/\/spectrebaltics.com\/toode\/binzel-vooluotsik-m8x30x10-ag\/#primaryimage\"},\"datePublished\":\"2024-07-05T05:55:43+00:00\",\"dateModified\":\"2024-07-05T05:55:43+00:00\",\"breadcrumb\":{\"@id\":\"https:\/\/spectrebaltics.com\/toode\/binzel-vooluotsik-m8x30x10-ag\/#breadcrumb\"},\"inLanguage\":\"ru-RU\",\"potentialAction\":[{\"@type\":\"ReadAction\",\"target\":[\"https:\/\/spectrebaltics.com\/toode\/binzel-vooluotsik-m8x30x10-ag\/\"]}]},{\"@type\":\"BreadcrumbList\",\"@id\":\"https:\/\/spectrebaltics.com\/toode\/binzel-vooluotsik-m8x30x10-ag\/#breadcrumb\",\"itemListElement\":[{\"@type\":\"ListItem\",\"position\":1,\"name\":\"Home\",\"item\":\"https:\/\/spectrebaltics.com\/ru\/\"},{\"@type\":\"ListItem\",\"position\":2,\"name\":\"\u041a\u0430\u0442\u0430\u043b\u043e\u0433\",\"item\":\"https:\/\/spectrebaltics.com\/ru\/katalog\/\"},{\"@type\":\"ListItem\",\"position\":3,\"name\":\"Binzel Vooluotsik M8x30x1,0 AG\"}]}]}<\/script>\n<!-- \/ Yoast SEO plugin. -->","yoast_head_json":{"title":"Binzel Vooluotsik M8x30x1,0 AG","robots":{"index":"index","follow":"follow","max-snippet":"max-snippet:-1","max-image-preview":"max-image-preview:large","max-video-preview":"max-video-preview:-1"},"canonical":"https:\/\/spectrebaltics.com\/toode\/binzel-vooluotsik-m8x30x10-ag\/","og_locale":"ru_RU","og_type":"article","og_title":"Binzel Vooluotsik M8x30x1,0 AG","og_description":"Kontaktotsik robotkeevitusp\u00f5leti jaoks 1,0 mm l\u00e4bim\u00f5\u00f5duga keevitustraadi jaoks. Binzeli toodetud robotp\u00f5leti kontaktotsak tagab keevitusprotsesside k\u00f5rge ja stabiilse j\u00f5udluse. Keevitustraadi robotp\u00f5leti keevituskontakti otsa sisel\u00e4bim\u00f5\u00f5t on 1,0 mm Vooluotsiku otsa v\u00e4lisl\u00e4bim\u00f5\u00f5t on 10 mm Otsa pikkus &#8212; 30 mm","og_url":"https:\/\/spectrebaltics.com\/toode\/binzel-vooluotsik-m8x30x10-ag\/","og_site_name":"Spectrebaltics","og_image":[{"width":785,"height":828,"url":"https:\/\/spectrebaltics.com\/wp-content\/uploads\/2024\/07\/snimok-ekrana-2024-07-05-085355.png","type":"image\/png"}],"twitter_card":"summary_large_image","schema":{"@context":"https:\/\/schema.org","@graph":[{"@type":"Organization","@id":"https:\/\/spectrebaltics.com\/ru\/#organization","name":"Spectrebaltics","url":"https:\/\/spectrebaltics.com\/ru\/","sameAs":[],"logo":{"@type":"ImageObject","@id":"https:\/\/spectrebaltics.com\/ru\/#logo","inLanguage":"ru-RU","url":"https:\/\/spectrebaltics.com\/wp-content\/uploads\/2024\/03\/Spectrebaltics-logo.svg","contentUrl":"https:\/\/spectrebaltics.com\/wp-content\/uploads\/2024\/03\/Spectrebaltics-logo.svg","caption":"Spectrebaltics"},"image":{"@id":"https:\/\/spectrebaltics.com\/ru\/#logo"}},{"@type":"WebSite","@id":"https:\/\/spectrebaltics.com\/ru\/#website","url":"https:\/\/spectrebaltics.com\/ru\/","name":"Spectrebaltics","description":"","publisher":{"@id":"https:\/\/spectrebaltics.com\/ru\/#organization"},"potentialAction":[{"@type":"SearchAction","target":{"@type":"EntryPoint","urlTemplate":"https:\/\/spectrebaltics.com\/ru\/?s={search_term_string}"},"query-input":"required name=search_term_string"}],"inLanguage":"ru-RU"},{"@type":"ImageObject","@id":"https:\/\/spectrebaltics.com\/toode\/binzel-vooluotsik-m8x30x10-ag\/#primaryimage","inLanguage":"ru-RU","url":"https:\/\/spectrebaltics.com\/wp-content\/uploads\/2024\/07\/snimok-ekrana-2024-07-05-085355.png","contentUrl":"https:\/\/spectrebaltics.com\/wp-content\/uploads\/2024\/07\/snimok-ekrana-2024-07-05-085355.png","width":785,"height":828},{"@type":"WebPage","@id":"https:\/\/spectrebaltics.com\/toode\/binzel-vooluotsik-m8x30x10-ag\/#webpage","url":"https:\/\/spectrebaltics.com\/toode\/binzel-vooluotsik-m8x30x10-ag\/","name":"Binzel Vooluotsik M8x30x1,0 AG","isPartOf":{"@id":"https:\/\/spectrebaltics.com\/ru\/#website"},"primaryImageOfPage":{"@id":"https:\/\/spectrebaltics.com\/toode\/binzel-vooluotsik-m8x30x10-ag\/#primaryimage"},"datePublished":"2024-07-05T05:55:43+00:00","dateModified":"2024-07-05T05:55:43+00:00","breadcrumb":{"@id":"https:\/\/spectrebaltics.com\/toode\/binzel-vooluotsik-m8x30x10-ag\/#breadcrumb"},"inLanguage":"ru-RU","potentialAction":[{"@type":"ReadAction","target":["https:\/\/spectrebaltics.com\/toode\/binzel-vooluotsik-m8x30x10-ag\/"]}]},{"@type":"BreadcrumbList","@id":"https:\/\/spectrebaltics.com\/toode\/binzel-vooluotsik-m8x30x10-ag\/#breadcrumb","itemListElement":[{"@type":"ListItem","position":1,"name":"Home","item":"https:\/\/spectrebaltics.com\/ru\/"},{"@type":"ListItem","position":2,"name":"\u041a\u0430\u0442\u0430\u043b\u043e\u0433","item":"https:\/\/spectrebaltics.com\/ru\/katalog\/"},{"@type":"ListItem","position":3,"name":"Binzel Vooluotsik M8x30x1,0 AG"}]}]}},"_links":{"self":[{"href":"https:\/\/spectrebaltics.com\/ru\/wp-json\/wp\/v2\/product\/11360"}],"collection":[{"href":"https:\/\/spectrebaltics.com\/ru\/wp-json\/wp\/v2\/product"}],"about":[{"href":"https:\/\/spectrebaltics.com\/ru\/wp-json\/wp\/v2\/types\/product"}],"wp:featuredmedia":[{"embeddable":true,"href":"https:\/\/spectrebaltics.com\/ru\/wp-json\/wp\/v2\/media\/11361"}],"wp:attachment":[{"href":"https:\/\/spectrebaltics.com\/ru\/wp-json\/wp\/v2\/media?parent=11360"}],"wp:term":[{"taxonomy":"product_cat","embeddable":true,"href":"https:\/\/spectrebaltics.com\/ru\/wp-json\/wp\/v2\/product_cat?post=11360"},{"taxonomy":"product_tag","embeddable":true,"href":"https:\/\/spectrebaltics.com\/ru\/wp-json\/wp\/v2\/product_tag?post=11360"}],"curies":[{"name":"wp","href":"https:\/\/api.w.org\/{rel}","templated":true}]}}