{"id":12280,"date":"2024-12-27T10:06:05","date_gmt":"2024-12-27T10:06:05","guid":{"rendered":"https:\/\/spectrebaltics.com\/?post_type=product&#038;p=12280"},"modified":"2024-12-27T10:06:05","modified_gmt":"2024-12-27T10:06:05","slug":"aerosol-cleaner-400ml","status":"publish","type":"product","link":"https:\/\/spectrebaltics.com\/ru\/toode\/aerosol-cleaner-400ml\/","title":{"rendered":"Aerosol Cleaner, 400ml"},"content":{"rendered":"<p>Puhastus- ja puhastussprei metallidele \u00fcldiselt. See eemaldab rasvase, rasva\u00f5li, setted ja PENTRIX 100 ja RIVELEX 200 j\u00e4\u00e4gid. Sellel on kiire aurustumine ja see ei j\u00e4ta \u00f5liseid j\u00e4\u00e4ke.<\/p>\n<ul>\n<li>See eemaldab rasva, \u00f5li<\/li>\n<li>Kiire aurustumine<\/li>\n<li>V\u00e4rvitu<\/li>\n<li>Elektriliste osade jaoks<\/li>\n<li>K\u00f5vade pindade ja plasti jaoks<\/li>\n<li>See ei kahjusta kummi ja plastikut<\/li>\n<\/ul>\n","protected":false},"excerpt":{"rendered":"<p>Puhastus- ja puhastussprei metallidele \u00fcldiselt. See eemaldab rasvase, rasva\u00f5li, setted ja PENTRIX 100 ja RIVELEX 200 j\u00e4\u00e4gid. Sellel on kiire aurustumine ja see ei j\u00e4ta \u00f5liseid j\u00e4\u00e4ke. See eemaldab rasva, \u00f5li Kiire aurustumine V\u00e4rvitu Elektriliste osade jaoks K\u00f5vade pindade ja plasti jaoks See ei kahjusta kummi ja plastikut<\/p>\n","protected":false},"featured_media":12281,"template":"","meta":[],"product_cat":[118],"product_tag":[],"yoast_head":"<!-- This site is optimized with the Yoast SEO plugin v18.4.1 - https:\/\/yoast.com\/wordpress\/plugins\/seo\/ -->\n<title>Aerosol Cleaner, 400ml<\/title>\n<meta name=\"robots\" content=\"index, follow, max-snippet:-1, max-image-preview:large, max-video-preview:-1\" \/>\n<link rel=\"canonical\" href=\"https:\/\/spectrebaltics.com\/toode\/aerosol-cleaner-400ml\/\" \/>\n<meta property=\"og:locale\" content=\"ru_RU\" \/>\n<meta property=\"og:type\" content=\"article\" \/>\n<meta property=\"og:title\" content=\"Aerosol Cleaner, 400ml\" \/>\n<meta property=\"og:description\" content=\"Puhastus- ja puhastussprei metallidele \u00fcldiselt. See eemaldab rasvase, rasva\u00f5li, setted ja PENTRIX 100 ja RIVELEX 200 j\u00e4\u00e4gid. Sellel on kiire aurustumine ja see ei j\u00e4ta \u00f5liseid j\u00e4\u00e4ke. See eemaldab rasva, \u00f5li Kiire aurustumine V\u00e4rvitu Elektriliste osade jaoks K\u00f5vade pindade ja plasti jaoks See ei kahjusta kummi ja plastikut\" \/>\n<meta property=\"og:url\" content=\"https:\/\/spectrebaltics.com\/toode\/aerosol-cleaner-400ml\/\" \/>\n<meta property=\"og:site_name\" content=\"Spectrebaltics\" \/>\n<meta property=\"og:image\" content=\"https:\/\/spectrebaltics.com\/wp-content\/uploads\/2024\/12\/snimok-ekrana-2024-07-23-112029.png\" \/>\n\t<meta property=\"og:image:width\" content=\"537\" \/>\n\t<meta property=\"og:image:height\" content=\"791\" \/>\n\t<meta property=\"og:image:type\" content=\"image\/png\" \/>\n<meta name=\"twitter:card\" content=\"summary_large_image\" \/>\n<script type=\"application\/ld+json\" class=\"yoast-schema-graph\">{\"@context\":\"https:\/\/schema.org\",\"@graph\":[{\"@type\":\"Organization\",\"@id\":\"https:\/\/spectrebaltics.com\/ru\/#organization\",\"name\":\"Spectrebaltics\",\"url\":\"https:\/\/spectrebaltics.com\/ru\/\",\"sameAs\":[],\"logo\":{\"@type\":\"ImageObject\",\"@id\":\"https:\/\/spectrebaltics.com\/ru\/#logo\",\"inLanguage\":\"ru-RU\",\"url\":\"https:\/\/spectrebaltics.com\/wp-content\/uploads\/2024\/03\/Spectrebaltics-logo.svg\",\"contentUrl\":\"https:\/\/spectrebaltics.com\/wp-content\/uploads\/2024\/03\/Spectrebaltics-logo.svg\",\"caption\":\"Spectrebaltics\"},\"image\":{\"@id\":\"https:\/\/spectrebaltics.com\/ru\/#logo\"}},{\"@type\":\"WebSite\",\"@id\":\"https:\/\/spectrebaltics.com\/ru\/#website\",\"url\":\"https:\/\/spectrebaltics.com\/ru\/\",\"name\":\"Spectrebaltics\",\"description\":\"\",\"publisher\":{\"@id\":\"https:\/\/spectrebaltics.com\/ru\/#organization\"},\"potentialAction\":[{\"@type\":\"SearchAction\",\"target\":{\"@type\":\"EntryPoint\",\"urlTemplate\":\"https:\/\/spectrebaltics.com\/ru\/?s={search_term_string}\"},\"query-input\":\"required name=search_term_string\"}],\"inLanguage\":\"ru-RU\"},{\"@type\":\"ImageObject\",\"@id\":\"https:\/\/spectrebaltics.com\/toode\/aerosol-cleaner-400ml\/#primaryimage\",\"inLanguage\":\"ru-RU\",\"url\":\"https:\/\/spectrebaltics.com\/wp-content\/uploads\/2024\/12\/snimok-ekrana-2024-07-23-112029.png\",\"contentUrl\":\"https:\/\/spectrebaltics.com\/wp-content\/uploads\/2024\/12\/snimok-ekrana-2024-07-23-112029.png\",\"width\":537,\"height\":791},{\"@type\":\"WebPage\",\"@id\":\"https:\/\/spectrebaltics.com\/toode\/aerosol-cleaner-400ml\/#webpage\",\"url\":\"https:\/\/spectrebaltics.com\/toode\/aerosol-cleaner-400ml\/\",\"name\":\"Aerosol Cleaner, 400ml\",\"isPartOf\":{\"@id\":\"https:\/\/spectrebaltics.com\/ru\/#website\"},\"primaryImageOfPage\":{\"@id\":\"https:\/\/spectrebaltics.com\/toode\/aerosol-cleaner-400ml\/#primaryimage\"},\"datePublished\":\"2024-12-27T10:06:05+00:00\",\"dateModified\":\"2024-12-27T10:06:05+00:00\",\"breadcrumb\":{\"@id\":\"https:\/\/spectrebaltics.com\/toode\/aerosol-cleaner-400ml\/#breadcrumb\"},\"inLanguage\":\"ru-RU\",\"potentialAction\":[{\"@type\":\"ReadAction\",\"target\":[\"https:\/\/spectrebaltics.com\/toode\/aerosol-cleaner-400ml\/\"]}]},{\"@type\":\"BreadcrumbList\",\"@id\":\"https:\/\/spectrebaltics.com\/toode\/aerosol-cleaner-400ml\/#breadcrumb\",\"itemListElement\":[{\"@type\":\"ListItem\",\"position\":1,\"name\":\"Home\",\"item\":\"https:\/\/spectrebaltics.com\/ru\/\"},{\"@type\":\"ListItem\",\"position\":2,\"name\":\"\u041a\u0430\u0442\u0430\u043b\u043e\u0433\",\"item\":\"https:\/\/spectrebaltics.com\/ru\/katalog\/\"},{\"@type\":\"ListItem\",\"position\":3,\"name\":\"Aerosol Cleaner, 400ml\"}]}]}<\/script>\n<!-- \/ Yoast SEO plugin. -->","yoast_head_json":{"title":"Aerosol Cleaner, 400ml","robots":{"index":"index","follow":"follow","max-snippet":"max-snippet:-1","max-image-preview":"max-image-preview:large","max-video-preview":"max-video-preview:-1"},"canonical":"https:\/\/spectrebaltics.com\/toode\/aerosol-cleaner-400ml\/","og_locale":"ru_RU","og_type":"article","og_title":"Aerosol Cleaner, 400ml","og_description":"Puhastus- ja puhastussprei metallidele \u00fcldiselt. See eemaldab rasvase, rasva\u00f5li, setted ja PENTRIX 100 ja RIVELEX 200 j\u00e4\u00e4gid. Sellel on kiire aurustumine ja see ei j\u00e4ta \u00f5liseid j\u00e4\u00e4ke. See eemaldab rasva, \u00f5li Kiire aurustumine V\u00e4rvitu Elektriliste osade jaoks K\u00f5vade pindade ja plasti jaoks See ei kahjusta kummi ja plastikut","og_url":"https:\/\/spectrebaltics.com\/toode\/aerosol-cleaner-400ml\/","og_site_name":"Spectrebaltics","og_image":[{"width":537,"height":791,"url":"https:\/\/spectrebaltics.com\/wp-content\/uploads\/2024\/12\/snimok-ekrana-2024-07-23-112029.png","type":"image\/png"}],"twitter_card":"summary_large_image","schema":{"@context":"https:\/\/schema.org","@graph":[{"@type":"Organization","@id":"https:\/\/spectrebaltics.com\/ru\/#organization","name":"Spectrebaltics","url":"https:\/\/spectrebaltics.com\/ru\/","sameAs":[],"logo":{"@type":"ImageObject","@id":"https:\/\/spectrebaltics.com\/ru\/#logo","inLanguage":"ru-RU","url":"https:\/\/spectrebaltics.com\/wp-content\/uploads\/2024\/03\/Spectrebaltics-logo.svg","contentUrl":"https:\/\/spectrebaltics.com\/wp-content\/uploads\/2024\/03\/Spectrebaltics-logo.svg","caption":"Spectrebaltics"},"image":{"@id":"https:\/\/spectrebaltics.com\/ru\/#logo"}},{"@type":"WebSite","@id":"https:\/\/spectrebaltics.com\/ru\/#website","url":"https:\/\/spectrebaltics.com\/ru\/","name":"Spectrebaltics","description":"","publisher":{"@id":"https:\/\/spectrebaltics.com\/ru\/#organization"},"potentialAction":[{"@type":"SearchAction","target":{"@type":"EntryPoint","urlTemplate":"https:\/\/spectrebaltics.com\/ru\/?s={search_term_string}"},"query-input":"required name=search_term_string"}],"inLanguage":"ru-RU"},{"@type":"ImageObject","@id":"https:\/\/spectrebaltics.com\/toode\/aerosol-cleaner-400ml\/#primaryimage","inLanguage":"ru-RU","url":"https:\/\/spectrebaltics.com\/wp-content\/uploads\/2024\/12\/snimok-ekrana-2024-07-23-112029.png","contentUrl":"https:\/\/spectrebaltics.com\/wp-content\/uploads\/2024\/12\/snimok-ekrana-2024-07-23-112029.png","width":537,"height":791},{"@type":"WebPage","@id":"https:\/\/spectrebaltics.com\/toode\/aerosol-cleaner-400ml\/#webpage","url":"https:\/\/spectrebaltics.com\/toode\/aerosol-cleaner-400ml\/","name":"Aerosol Cleaner, 400ml","isPartOf":{"@id":"https:\/\/spectrebaltics.com\/ru\/#website"},"primaryImageOfPage":{"@id":"https:\/\/spectrebaltics.com\/toode\/aerosol-cleaner-400ml\/#primaryimage"},"datePublished":"2024-12-27T10:06:05+00:00","dateModified":"2024-12-27T10:06:05+00:00","breadcrumb":{"@id":"https:\/\/spectrebaltics.com\/toode\/aerosol-cleaner-400ml\/#breadcrumb"},"inLanguage":"ru-RU","potentialAction":[{"@type":"ReadAction","target":["https:\/\/spectrebaltics.com\/toode\/aerosol-cleaner-400ml\/"]}]},{"@type":"BreadcrumbList","@id":"https:\/\/spectrebaltics.com\/toode\/aerosol-cleaner-400ml\/#breadcrumb","itemListElement":[{"@type":"ListItem","position":1,"name":"Home","item":"https:\/\/spectrebaltics.com\/ru\/"},{"@type":"ListItem","position":2,"name":"\u041a\u0430\u0442\u0430\u043b\u043e\u0433","item":"https:\/\/spectrebaltics.com\/ru\/katalog\/"},{"@type":"ListItem","position":3,"name":"Aerosol Cleaner, 400ml"}]}]}},"_links":{"self":[{"href":"https:\/\/spectrebaltics.com\/ru\/wp-json\/wp\/v2\/product\/12280"}],"collection":[{"href":"https:\/\/spectrebaltics.com\/ru\/wp-json\/wp\/v2\/product"}],"about":[{"href":"https:\/\/spectrebaltics.com\/ru\/wp-json\/wp\/v2\/types\/product"}],"wp:featuredmedia":[{"embeddable":true,"href":"https:\/\/spectrebaltics.com\/ru\/wp-json\/wp\/v2\/media\/12281"}],"wp:attachment":[{"href":"https:\/\/spectrebaltics.com\/ru\/wp-json\/wp\/v2\/media?parent=12280"}],"wp:term":[{"taxonomy":"product_cat","embeddable":true,"href":"https:\/\/spectrebaltics.com\/ru\/wp-json\/wp\/v2\/product_cat?post=12280"},{"taxonomy":"product_tag","embeddable":true,"href":"https:\/\/spectrebaltics.com\/ru\/wp-json\/wp\/v2\/product_tag?post=12280"}],"curies":[{"name":"wp","href":"https:\/\/api.w.org\/{rel}","templated":true}]}}