{"id":12308,"date":"2024-12-27T12:15:33","date_gmt":"2024-12-27T12:15:33","guid":{"rendered":"https:\/\/spectrebaltics.com\/?post_type=product&#038;p=12308"},"modified":"2024-12-27T12:15:33","modified_gmt":"2024-12-27T12:15:34","slug":"binzel-pritsmevastane-aerosool-anti-spatter-chemical-sundry-400ml","status":"publish","type":"product","link":"https:\/\/spectrebaltics.com\/ru\/toode\/binzel-pritsmevastane-aerosool-anti-spatter-chemical-sundry-400ml\/","title":{"rendered":"Binzel Pritsmevastane aerosool\/Anti-spatter chemical sundry 400ml"},"content":{"rendered":"<p>\u00d5li baasil, silikoonivaba, pikalt vastupidava kaitsekihiga.<br \/>\nSobib eelk\u00f5ige keevitusvahenditele ja d\u00fc\u00fcsidele.<br \/>\nPikendab gaasid\u00fc\u00fcside ja keevitusseadme komponentide kasutusiga. M\u00e4rgatavalt v\u00e4hendab pritsmete kleepumist seadmetele ja t\u00f6\u00f6deldud pindadele ning samuti kaitseb korrosiooni eest.<\/p>\n","protected":false},"excerpt":{"rendered":"<p>\u00d5li baasil, silikoonivaba, pikalt vastupidava kaitsekihiga. Sobib eelk\u00f5ige keevitusvahenditele ja d\u00fc\u00fcsidele. Pikendab gaasid\u00fc\u00fcside ja keevitusseadme komponentide kasutusiga. M\u00e4rgatavalt v\u00e4hendab pritsmete kleepumist seadmetele ja t\u00f6\u00f6deldud pindadele ning samuti kaitseb korrosiooni eest.<\/p>\n","protected":false},"featured_media":12309,"template":"","meta":[],"product_cat":[118],"product_tag":[],"yoast_head":"<!-- This site is optimized with the Yoast SEO plugin v18.4.1 - https:\/\/yoast.com\/wordpress\/plugins\/seo\/ -->\n<title>Binzel Pritsmevastane aerosool\/Anti-spatter chemical sundry 400ml<\/title>\n<meta name=\"robots\" content=\"index, follow, max-snippet:-1, max-image-preview:large, max-video-preview:-1\" \/>\n<link rel=\"canonical\" href=\"https:\/\/spectrebaltics.com\/toode\/binzel-pritsmevastane-aerosool-anti-spatter-chemical-sundry-400ml\/\" \/>\n<meta property=\"og:locale\" content=\"ru_RU\" \/>\n<meta property=\"og:type\" content=\"article\" \/>\n<meta property=\"og:title\" content=\"Binzel Pritsmevastane aerosool\/Anti-spatter chemical sundry 400ml\" \/>\n<meta property=\"og:description\" content=\"\u00d5li baasil, silikoonivaba, pikalt vastupidava kaitsekihiga. Sobib eelk\u00f5ige keevitusvahenditele ja d\u00fc\u00fcsidele. Pikendab gaasid\u00fc\u00fcside ja keevitusseadme komponentide kasutusiga. M\u00e4rgatavalt v\u00e4hendab pritsmete kleepumist seadmetele ja t\u00f6\u00f6deldud pindadele ning samuti kaitseb korrosiooni eest.\" \/>\n<meta property=\"og:url\" content=\"https:\/\/spectrebaltics.com\/toode\/binzel-pritsmevastane-aerosool-anti-spatter-chemical-sundry-400ml\/\" \/>\n<meta property=\"og:site_name\" content=\"Spectrebaltics\" \/>\n<meta property=\"article:modified_time\" content=\"2024-12-27T12:15:34+00:00\" \/>\n<meta property=\"og:image\" content=\"https:\/\/spectrebaltics.com\/wp-content\/uploads\/2024\/12\/snimok-ekrana-2024-07-23-113505.png\" \/>\n\t<meta property=\"og:image:width\" content=\"740\" \/>\n\t<meta property=\"og:image:height\" content=\"851\" \/>\n\t<meta property=\"og:image:type\" content=\"image\/png\" \/>\n<meta name=\"twitter:card\" content=\"summary_large_image\" \/>\n<meta name=\"twitter:label1\" content=\"\u041f\u0440\u0438\u043c\u0435\u0440\u043d\u043e\u0435 \u0432\u0440\u0435\u043c\u044f \u0434\u043b\u044f \u0447\u0442\u0435\u043d\u0438\u044f\" \/>\n\t<meta name=\"twitter:data1\" content=\"1 \u043c\u0438\u043d\u0443\u0442\u0430\" \/>\n<script type=\"application\/ld+json\" class=\"yoast-schema-graph\">{\"@context\":\"https:\/\/schema.org\",\"@graph\":[{\"@type\":\"Organization\",\"@id\":\"https:\/\/spectrebaltics.com\/ru\/#organization\",\"name\":\"Spectrebaltics\",\"url\":\"https:\/\/spectrebaltics.com\/ru\/\",\"sameAs\":[],\"logo\":{\"@type\":\"ImageObject\",\"@id\":\"https:\/\/spectrebaltics.com\/ru\/#logo\",\"inLanguage\":\"ru-RU\",\"url\":\"https:\/\/spectrebaltics.com\/wp-content\/uploads\/2024\/03\/Spectrebaltics-logo.svg\",\"contentUrl\":\"https:\/\/spectrebaltics.com\/wp-content\/uploads\/2024\/03\/Spectrebaltics-logo.svg\",\"caption\":\"Spectrebaltics\"},\"image\":{\"@id\":\"https:\/\/spectrebaltics.com\/ru\/#logo\"}},{\"@type\":\"WebSite\",\"@id\":\"https:\/\/spectrebaltics.com\/ru\/#website\",\"url\":\"https:\/\/spectrebaltics.com\/ru\/\",\"name\":\"Spectrebaltics\",\"description\":\"\",\"publisher\":{\"@id\":\"https:\/\/spectrebaltics.com\/ru\/#organization\"},\"potentialAction\":[{\"@type\":\"SearchAction\",\"target\":{\"@type\":\"EntryPoint\",\"urlTemplate\":\"https:\/\/spectrebaltics.com\/ru\/?s={search_term_string}\"},\"query-input\":\"required name=search_term_string\"}],\"inLanguage\":\"ru-RU\"},{\"@type\":\"ImageObject\",\"@id\":\"https:\/\/spectrebaltics.com\/toode\/binzel-pritsmevastane-aerosool-anti-spatter-chemical-sundry-400ml\/#primaryimage\",\"inLanguage\":\"ru-RU\",\"url\":\"https:\/\/spectrebaltics.com\/wp-content\/uploads\/2024\/12\/snimok-ekrana-2024-07-23-113505.png\",\"contentUrl\":\"https:\/\/spectrebaltics.com\/wp-content\/uploads\/2024\/12\/snimok-ekrana-2024-07-23-113505.png\",\"width\":740,\"height\":851},{\"@type\":\"WebPage\",\"@id\":\"https:\/\/spectrebaltics.com\/toode\/binzel-pritsmevastane-aerosool-anti-spatter-chemical-sundry-400ml\/#webpage\",\"url\":\"https:\/\/spectrebaltics.com\/toode\/binzel-pritsmevastane-aerosool-anti-spatter-chemical-sundry-400ml\/\",\"name\":\"Binzel Pritsmevastane aerosool\/Anti-spatter chemical sundry 400ml\",\"isPartOf\":{\"@id\":\"https:\/\/spectrebaltics.com\/ru\/#website\"},\"primaryImageOfPage\":{\"@id\":\"https:\/\/spectrebaltics.com\/toode\/binzel-pritsmevastane-aerosool-anti-spatter-chemical-sundry-400ml\/#primaryimage\"},\"datePublished\":\"2024-12-27T12:15:33+00:00\",\"dateModified\":\"2024-12-27T12:15:34+00:00\",\"breadcrumb\":{\"@id\":\"https:\/\/spectrebaltics.com\/toode\/binzel-pritsmevastane-aerosool-anti-spatter-chemical-sundry-400ml\/#breadcrumb\"},\"inLanguage\":\"ru-RU\",\"potentialAction\":[{\"@type\":\"ReadAction\",\"target\":[\"https:\/\/spectrebaltics.com\/toode\/binzel-pritsmevastane-aerosool-anti-spatter-chemical-sundry-400ml\/\"]}]},{\"@type\":\"BreadcrumbList\",\"@id\":\"https:\/\/spectrebaltics.com\/toode\/binzel-pritsmevastane-aerosool-anti-spatter-chemical-sundry-400ml\/#breadcrumb\",\"itemListElement\":[{\"@type\":\"ListItem\",\"position\":1,\"name\":\"Home\",\"item\":\"https:\/\/spectrebaltics.com\/ru\/\"},{\"@type\":\"ListItem\",\"position\":2,\"name\":\"\u041a\u0430\u0442\u0430\u043b\u043e\u0433\",\"item\":\"https:\/\/spectrebaltics.com\/ru\/katalog\/\"},{\"@type\":\"ListItem\",\"position\":3,\"name\":\"Binzel Pritsmevastane aerosool\/Anti-spatter chemical sundry 400ml\"}]}]}<\/script>\n<!-- \/ Yoast SEO plugin. -->","yoast_head_json":{"title":"Binzel Pritsmevastane aerosool\/Anti-spatter chemical sundry 400ml","robots":{"index":"index","follow":"follow","max-snippet":"max-snippet:-1","max-image-preview":"max-image-preview:large","max-video-preview":"max-video-preview:-1"},"canonical":"https:\/\/spectrebaltics.com\/toode\/binzel-pritsmevastane-aerosool-anti-spatter-chemical-sundry-400ml\/","og_locale":"ru_RU","og_type":"article","og_title":"Binzel Pritsmevastane aerosool\/Anti-spatter chemical sundry 400ml","og_description":"\u00d5li baasil, silikoonivaba, pikalt vastupidava kaitsekihiga. Sobib eelk\u00f5ige keevitusvahenditele ja d\u00fc\u00fcsidele. Pikendab gaasid\u00fc\u00fcside ja keevitusseadme komponentide kasutusiga. M\u00e4rgatavalt v\u00e4hendab pritsmete kleepumist seadmetele ja t\u00f6\u00f6deldud pindadele ning samuti kaitseb korrosiooni eest.","og_url":"https:\/\/spectrebaltics.com\/toode\/binzel-pritsmevastane-aerosool-anti-spatter-chemical-sundry-400ml\/","og_site_name":"Spectrebaltics","article_modified_time":"2024-12-27T12:15:34+00:00","og_image":[{"width":740,"height":851,"url":"https:\/\/spectrebaltics.com\/wp-content\/uploads\/2024\/12\/snimok-ekrana-2024-07-23-113505.png","type":"image\/png"}],"twitter_card":"summary_large_image","twitter_misc":{"\u041f\u0440\u0438\u043c\u0435\u0440\u043d\u043e\u0435 \u0432\u0440\u0435\u043c\u044f \u0434\u043b\u044f \u0447\u0442\u0435\u043d\u0438\u044f":"1 \u043c\u0438\u043d\u0443\u0442\u0430"},"schema":{"@context":"https:\/\/schema.org","@graph":[{"@type":"Organization","@id":"https:\/\/spectrebaltics.com\/ru\/#organization","name":"Spectrebaltics","url":"https:\/\/spectrebaltics.com\/ru\/","sameAs":[],"logo":{"@type":"ImageObject","@id":"https:\/\/spectrebaltics.com\/ru\/#logo","inLanguage":"ru-RU","url":"https:\/\/spectrebaltics.com\/wp-content\/uploads\/2024\/03\/Spectrebaltics-logo.svg","contentUrl":"https:\/\/spectrebaltics.com\/wp-content\/uploads\/2024\/03\/Spectrebaltics-logo.svg","caption":"Spectrebaltics"},"image":{"@id":"https:\/\/spectrebaltics.com\/ru\/#logo"}},{"@type":"WebSite","@id":"https:\/\/spectrebaltics.com\/ru\/#website","url":"https:\/\/spectrebaltics.com\/ru\/","name":"Spectrebaltics","description":"","publisher":{"@id":"https:\/\/spectrebaltics.com\/ru\/#organization"},"potentialAction":[{"@type":"SearchAction","target":{"@type":"EntryPoint","urlTemplate":"https:\/\/spectrebaltics.com\/ru\/?s={search_term_string}"},"query-input":"required name=search_term_string"}],"inLanguage":"ru-RU"},{"@type":"ImageObject","@id":"https:\/\/spectrebaltics.com\/toode\/binzel-pritsmevastane-aerosool-anti-spatter-chemical-sundry-400ml\/#primaryimage","inLanguage":"ru-RU","url":"https:\/\/spectrebaltics.com\/wp-content\/uploads\/2024\/12\/snimok-ekrana-2024-07-23-113505.png","contentUrl":"https:\/\/spectrebaltics.com\/wp-content\/uploads\/2024\/12\/snimok-ekrana-2024-07-23-113505.png","width":740,"height":851},{"@type":"WebPage","@id":"https:\/\/spectrebaltics.com\/toode\/binzel-pritsmevastane-aerosool-anti-spatter-chemical-sundry-400ml\/#webpage","url":"https:\/\/spectrebaltics.com\/toode\/binzel-pritsmevastane-aerosool-anti-spatter-chemical-sundry-400ml\/","name":"Binzel Pritsmevastane aerosool\/Anti-spatter chemical sundry 400ml","isPartOf":{"@id":"https:\/\/spectrebaltics.com\/ru\/#website"},"primaryImageOfPage":{"@id":"https:\/\/spectrebaltics.com\/toode\/binzel-pritsmevastane-aerosool-anti-spatter-chemical-sundry-400ml\/#primaryimage"},"datePublished":"2024-12-27T12:15:33+00:00","dateModified":"2024-12-27T12:15:34+00:00","breadcrumb":{"@id":"https:\/\/spectrebaltics.com\/toode\/binzel-pritsmevastane-aerosool-anti-spatter-chemical-sundry-400ml\/#breadcrumb"},"inLanguage":"ru-RU","potentialAction":[{"@type":"ReadAction","target":["https:\/\/spectrebaltics.com\/toode\/binzel-pritsmevastane-aerosool-anti-spatter-chemical-sundry-400ml\/"]}]},{"@type":"BreadcrumbList","@id":"https:\/\/spectrebaltics.com\/toode\/binzel-pritsmevastane-aerosool-anti-spatter-chemical-sundry-400ml\/#breadcrumb","itemListElement":[{"@type":"ListItem","position":1,"name":"Home","item":"https:\/\/spectrebaltics.com\/ru\/"},{"@type":"ListItem","position":2,"name":"\u041a\u0430\u0442\u0430\u043b\u043e\u0433","item":"https:\/\/spectrebaltics.com\/ru\/katalog\/"},{"@type":"ListItem","position":3,"name":"Binzel Pritsmevastane aerosool\/Anti-spatter chemical sundry 400ml"}]}]}},"_links":{"self":[{"href":"https:\/\/spectrebaltics.com\/ru\/wp-json\/wp\/v2\/product\/12308"}],"collection":[{"href":"https:\/\/spectrebaltics.com\/ru\/wp-json\/wp\/v2\/product"}],"about":[{"href":"https:\/\/spectrebaltics.com\/ru\/wp-json\/wp\/v2\/types\/product"}],"wp:featuredmedia":[{"embeddable":true,"href":"https:\/\/spectrebaltics.com\/ru\/wp-json\/wp\/v2\/media\/12309"}],"wp:attachment":[{"href":"https:\/\/spectrebaltics.com\/ru\/wp-json\/wp\/v2\/media?parent=12308"}],"wp:term":[{"taxonomy":"product_cat","embeddable":true,"href":"https:\/\/spectrebaltics.com\/ru\/wp-json\/wp\/v2\/product_cat?post=12308"},{"taxonomy":"product_tag","embeddable":true,"href":"https:\/\/spectrebaltics.com\/ru\/wp-json\/wp\/v2\/product_tag?post=12308"}],"curies":[{"name":"wp","href":"https:\/\/api.w.org\/{rel}","templated":true}]}}