{"id":12312,"date":"2024-12-27T12:21:01","date_gmt":"2024-12-27T12:21:01","guid":{"rendered":"https:\/\/spectrebaltics.com\/?post_type=product&#038;p=12312"},"modified":"2024-12-27T12:21:01","modified_gmt":"2024-12-27T12:21:01","slug":"binzel-pasta-duesofix-300ml","status":"publish","type":"product","link":"https:\/\/spectrebaltics.com\/ru\/toode\/binzel-pasta-duesofix-300ml\/","title":{"rendered":"Binzel, Pasta DUESOFIX 300ml"},"content":{"rendered":"<p>Metallist pritsmekaitse (pasta), BINZEL hoiab \u00e4ra pritsmete kleepumise. Kuna p\u00f5letile sattunud keevituspritsmed v\u00f5ivad p\u00f5hjustada kehva traadi etteande ja l\u00fchiseid, pikendab pasta otsikute, siset\u00fckkide ja d\u00fc\u00fcside kasutusiga.<\/p>\n","protected":false},"excerpt":{"rendered":"<p>Metallist pritsmekaitse (pasta), BINZEL hoiab \u00e4ra pritsmete kleepumise. Kuna p\u00f5letile sattunud keevituspritsmed v\u00f5ivad p\u00f5hjustada kehva traadi etteande ja l\u00fchiseid, pikendab pasta otsikute, siset\u00fckkide ja d\u00fc\u00fcside kasutusiga.<\/p>\n","protected":false},"featured_media":12313,"template":"","meta":[],"product_cat":[118],"product_tag":[],"yoast_head":"<!-- This site is optimized with the Yoast SEO plugin v18.4.1 - https:\/\/yoast.com\/wordpress\/plugins\/seo\/ -->\n<title>Binzel, Pasta DUESOFIX 300ml<\/title>\n<meta name=\"robots\" content=\"index, follow, max-snippet:-1, max-image-preview:large, max-video-preview:-1\" \/>\n<link rel=\"canonical\" href=\"https:\/\/spectrebaltics.com\/toode\/binzel-pasta-duesofix-300ml\/\" \/>\n<meta property=\"og:locale\" content=\"ru_RU\" \/>\n<meta property=\"og:type\" content=\"article\" \/>\n<meta property=\"og:title\" content=\"Binzel, Pasta DUESOFIX 300ml\" \/>\n<meta property=\"og:description\" content=\"Metallist pritsmekaitse (pasta), BINZEL hoiab \u00e4ra pritsmete kleepumise. Kuna p\u00f5letile sattunud keevituspritsmed v\u00f5ivad p\u00f5hjustada kehva traadi etteande ja l\u00fchiseid, pikendab pasta otsikute, siset\u00fckkide ja d\u00fc\u00fcside kasutusiga.\" \/>\n<meta property=\"og:url\" content=\"https:\/\/spectrebaltics.com\/toode\/binzel-pasta-duesofix-300ml\/\" \/>\n<meta property=\"og:site_name\" content=\"Spectrebaltics\" \/>\n<meta property=\"og:image\" content=\"https:\/\/spectrebaltics.com\/wp-content\/uploads\/2024\/12\/62a438e7_e7c1_11dc_ab07_0013023ce2bc_1781df44_bc1b_11ed_a26e_3cecef0e3764.jpeg\" \/>\n\t<meta property=\"og:image:width\" content=\"1000\" \/>\n\t<meta property=\"og:image:height\" content=\"1000\" \/>\n\t<meta property=\"og:image:type\" content=\"image\/jpeg\" \/>\n<meta name=\"twitter:card\" content=\"summary_large_image\" \/>\n<meta name=\"twitter:label1\" content=\"\u041f\u0440\u0438\u043c\u0435\u0440\u043d\u043e\u0435 \u0432\u0440\u0435\u043c\u044f \u0434\u043b\u044f \u0447\u0442\u0435\u043d\u0438\u044f\" \/>\n\t<meta name=\"twitter:data1\" content=\"1 \u043c\u0438\u043d\u0443\u0442\u0430\" \/>\n<script type=\"application\/ld+json\" class=\"yoast-schema-graph\">{\"@context\":\"https:\/\/schema.org\",\"@graph\":[{\"@type\":\"Organization\",\"@id\":\"https:\/\/spectrebaltics.com\/ru\/#organization\",\"name\":\"Spectrebaltics\",\"url\":\"https:\/\/spectrebaltics.com\/ru\/\",\"sameAs\":[],\"logo\":{\"@type\":\"ImageObject\",\"@id\":\"https:\/\/spectrebaltics.com\/ru\/#logo\",\"inLanguage\":\"ru-RU\",\"url\":\"https:\/\/spectrebaltics.com\/wp-content\/uploads\/2024\/03\/Spectrebaltics-logo.svg\",\"contentUrl\":\"https:\/\/spectrebaltics.com\/wp-content\/uploads\/2024\/03\/Spectrebaltics-logo.svg\",\"caption\":\"Spectrebaltics\"},\"image\":{\"@id\":\"https:\/\/spectrebaltics.com\/ru\/#logo\"}},{\"@type\":\"WebSite\",\"@id\":\"https:\/\/spectrebaltics.com\/ru\/#website\",\"url\":\"https:\/\/spectrebaltics.com\/ru\/\",\"name\":\"Spectrebaltics\",\"description\":\"\",\"publisher\":{\"@id\":\"https:\/\/spectrebaltics.com\/ru\/#organization\"},\"potentialAction\":[{\"@type\":\"SearchAction\",\"target\":{\"@type\":\"EntryPoint\",\"urlTemplate\":\"https:\/\/spectrebaltics.com\/ru\/?s={search_term_string}\"},\"query-input\":\"required name=search_term_string\"}],\"inLanguage\":\"ru-RU\"},{\"@type\":\"ImageObject\",\"@id\":\"https:\/\/spectrebaltics.com\/toode\/binzel-pasta-duesofix-300ml\/#primaryimage\",\"inLanguage\":\"ru-RU\",\"url\":\"https:\/\/spectrebaltics.com\/wp-content\/uploads\/2024\/12\/62a438e7_e7c1_11dc_ab07_0013023ce2bc_1781df44_bc1b_11ed_a26e_3cecef0e3764.jpeg\",\"contentUrl\":\"https:\/\/spectrebaltics.com\/wp-content\/uploads\/2024\/12\/62a438e7_e7c1_11dc_ab07_0013023ce2bc_1781df44_bc1b_11ed_a26e_3cecef0e3764.jpeg\",\"width\":1000,\"height\":1000},{\"@type\":\"WebPage\",\"@id\":\"https:\/\/spectrebaltics.com\/toode\/binzel-pasta-duesofix-300ml\/#webpage\",\"url\":\"https:\/\/spectrebaltics.com\/toode\/binzel-pasta-duesofix-300ml\/\",\"name\":\"Binzel, Pasta DUESOFIX 300ml\",\"isPartOf\":{\"@id\":\"https:\/\/spectrebaltics.com\/ru\/#website\"},\"primaryImageOfPage\":{\"@id\":\"https:\/\/spectrebaltics.com\/toode\/binzel-pasta-duesofix-300ml\/#primaryimage\"},\"datePublished\":\"2024-12-27T12:21:01+00:00\",\"dateModified\":\"2024-12-27T12:21:01+00:00\",\"breadcrumb\":{\"@id\":\"https:\/\/spectrebaltics.com\/toode\/binzel-pasta-duesofix-300ml\/#breadcrumb\"},\"inLanguage\":\"ru-RU\",\"potentialAction\":[{\"@type\":\"ReadAction\",\"target\":[\"https:\/\/spectrebaltics.com\/toode\/binzel-pasta-duesofix-300ml\/\"]}]},{\"@type\":\"BreadcrumbList\",\"@id\":\"https:\/\/spectrebaltics.com\/toode\/binzel-pasta-duesofix-300ml\/#breadcrumb\",\"itemListElement\":[{\"@type\":\"ListItem\",\"position\":1,\"name\":\"Home\",\"item\":\"https:\/\/spectrebaltics.com\/ru\/\"},{\"@type\":\"ListItem\",\"position\":2,\"name\":\"\u041a\u0430\u0442\u0430\u043b\u043e\u0433\",\"item\":\"https:\/\/spectrebaltics.com\/ru\/katalog\/\"},{\"@type\":\"ListItem\",\"position\":3,\"name\":\"Binzel, Pasta DUESOFIX 300ml\"}]}]}<\/script>\n<!-- \/ Yoast SEO plugin. -->","yoast_head_json":{"title":"Binzel, Pasta DUESOFIX 300ml","robots":{"index":"index","follow":"follow","max-snippet":"max-snippet:-1","max-image-preview":"max-image-preview:large","max-video-preview":"max-video-preview:-1"},"canonical":"https:\/\/spectrebaltics.com\/toode\/binzel-pasta-duesofix-300ml\/","og_locale":"ru_RU","og_type":"article","og_title":"Binzel, Pasta DUESOFIX 300ml","og_description":"Metallist pritsmekaitse (pasta), BINZEL hoiab \u00e4ra pritsmete kleepumise. Kuna p\u00f5letile sattunud keevituspritsmed v\u00f5ivad p\u00f5hjustada kehva traadi etteande ja l\u00fchiseid, pikendab pasta otsikute, siset\u00fckkide ja d\u00fc\u00fcside kasutusiga.","og_url":"https:\/\/spectrebaltics.com\/toode\/binzel-pasta-duesofix-300ml\/","og_site_name":"Spectrebaltics","og_image":[{"width":1000,"height":1000,"url":"https:\/\/spectrebaltics.com\/wp-content\/uploads\/2024\/12\/62a438e7_e7c1_11dc_ab07_0013023ce2bc_1781df44_bc1b_11ed_a26e_3cecef0e3764.jpeg","type":"image\/jpeg"}],"twitter_card":"summary_large_image","twitter_misc":{"\u041f\u0440\u0438\u043c\u0435\u0440\u043d\u043e\u0435 \u0432\u0440\u0435\u043c\u044f \u0434\u043b\u044f \u0447\u0442\u0435\u043d\u0438\u044f":"1 \u043c\u0438\u043d\u0443\u0442\u0430"},"schema":{"@context":"https:\/\/schema.org","@graph":[{"@type":"Organization","@id":"https:\/\/spectrebaltics.com\/ru\/#organization","name":"Spectrebaltics","url":"https:\/\/spectrebaltics.com\/ru\/","sameAs":[],"logo":{"@type":"ImageObject","@id":"https:\/\/spectrebaltics.com\/ru\/#logo","inLanguage":"ru-RU","url":"https:\/\/spectrebaltics.com\/wp-content\/uploads\/2024\/03\/Spectrebaltics-logo.svg","contentUrl":"https:\/\/spectrebaltics.com\/wp-content\/uploads\/2024\/03\/Spectrebaltics-logo.svg","caption":"Spectrebaltics"},"image":{"@id":"https:\/\/spectrebaltics.com\/ru\/#logo"}},{"@type":"WebSite","@id":"https:\/\/spectrebaltics.com\/ru\/#website","url":"https:\/\/spectrebaltics.com\/ru\/","name":"Spectrebaltics","description":"","publisher":{"@id":"https:\/\/spectrebaltics.com\/ru\/#organization"},"potentialAction":[{"@type":"SearchAction","target":{"@type":"EntryPoint","urlTemplate":"https:\/\/spectrebaltics.com\/ru\/?s={search_term_string}"},"query-input":"required name=search_term_string"}],"inLanguage":"ru-RU"},{"@type":"ImageObject","@id":"https:\/\/spectrebaltics.com\/toode\/binzel-pasta-duesofix-300ml\/#primaryimage","inLanguage":"ru-RU","url":"https:\/\/spectrebaltics.com\/wp-content\/uploads\/2024\/12\/62a438e7_e7c1_11dc_ab07_0013023ce2bc_1781df44_bc1b_11ed_a26e_3cecef0e3764.jpeg","contentUrl":"https:\/\/spectrebaltics.com\/wp-content\/uploads\/2024\/12\/62a438e7_e7c1_11dc_ab07_0013023ce2bc_1781df44_bc1b_11ed_a26e_3cecef0e3764.jpeg","width":1000,"height":1000},{"@type":"WebPage","@id":"https:\/\/spectrebaltics.com\/toode\/binzel-pasta-duesofix-300ml\/#webpage","url":"https:\/\/spectrebaltics.com\/toode\/binzel-pasta-duesofix-300ml\/","name":"Binzel, Pasta DUESOFIX 300ml","isPartOf":{"@id":"https:\/\/spectrebaltics.com\/ru\/#website"},"primaryImageOfPage":{"@id":"https:\/\/spectrebaltics.com\/toode\/binzel-pasta-duesofix-300ml\/#primaryimage"},"datePublished":"2024-12-27T12:21:01+00:00","dateModified":"2024-12-27T12:21:01+00:00","breadcrumb":{"@id":"https:\/\/spectrebaltics.com\/toode\/binzel-pasta-duesofix-300ml\/#breadcrumb"},"inLanguage":"ru-RU","potentialAction":[{"@type":"ReadAction","target":["https:\/\/spectrebaltics.com\/toode\/binzel-pasta-duesofix-300ml\/"]}]},{"@type":"BreadcrumbList","@id":"https:\/\/spectrebaltics.com\/toode\/binzel-pasta-duesofix-300ml\/#breadcrumb","itemListElement":[{"@type":"ListItem","position":1,"name":"Home","item":"https:\/\/spectrebaltics.com\/ru\/"},{"@type":"ListItem","position":2,"name":"\u041a\u0430\u0442\u0430\u043b\u043e\u0433","item":"https:\/\/spectrebaltics.com\/ru\/katalog\/"},{"@type":"ListItem","position":3,"name":"Binzel, Pasta DUESOFIX 300ml"}]}]}},"_links":{"self":[{"href":"https:\/\/spectrebaltics.com\/ru\/wp-json\/wp\/v2\/product\/12312"}],"collection":[{"href":"https:\/\/spectrebaltics.com\/ru\/wp-json\/wp\/v2\/product"}],"about":[{"href":"https:\/\/spectrebaltics.com\/ru\/wp-json\/wp\/v2\/types\/product"}],"wp:featuredmedia":[{"embeddable":true,"href":"https:\/\/spectrebaltics.com\/ru\/wp-json\/wp\/v2\/media\/12313"}],"wp:attachment":[{"href":"https:\/\/spectrebaltics.com\/ru\/wp-json\/wp\/v2\/media?parent=12312"}],"wp:term":[{"taxonomy":"product_cat","embeddable":true,"href":"https:\/\/spectrebaltics.com\/ru\/wp-json\/wp\/v2\/product_cat?post=12312"},{"taxonomy":"product_tag","embeddable":true,"href":"https:\/\/spectrebaltics.com\/ru\/wp-json\/wp\/v2\/product_tag?post=12312"}],"curies":[{"name":"wp","href":"https:\/\/api.w.org\/{rel}","templated":true}]}}