{"id":12316,"date":"2024-12-27T12:23:01","date_gmt":"2024-12-27T12:23:01","guid":{"rendered":"https:\/\/spectrebaltics.com\/?post_type=product&#038;p=12316"},"modified":"2024-12-27T12:23:02","modified_gmt":"2024-12-27T12:23:02","slug":"pasta-sp-340-ml","status":"publish","type":"product","link":"https:\/\/spectrebaltics.com\/ru\/toode\/pasta-sp-340-ml\/","title":{"rendered":"Pasta SP 340 ml"},"content":{"rendered":"<p>SPARTUS\u00ae pritsmevastane pasta hoiab \u00e4ra pritsmete kleepumise gaasid\u00fc\u00fcsi ja kontaktotsa pinnale. Suurendab p\u00f5leti kuluosade vastupidavust, aitab tagada keevisliitele \u00f5ige kaitsegaasikaitse. Kastke lihtsalt p\u00f5leti ots pasta sisse ja oodake m\u00f5ni sekund.<\/p>\n<p>Pasta omadused:<br \/>\n\u2013 M\u00f5eldud keevitatud pindade ja keevitusdetailide kaitsmiseks<br \/>\n\u2013 Hoiab \u00e4ra pritsmete moodustumise ja kleepumise<br \/>\n\u2013 Ilma silikoonita<br \/>\n\u2013 Kaitseb korrosiooni eest<br \/>\n\u2013 Kasutatakse k\u00f5ikides keevitusmeetodites: MIG\/MAG, laserkeevitus, k\u00f5vajoodisega keevitamine, keevitamine jne.<\/p>\n","protected":false},"excerpt":{"rendered":"<p>SPARTUS\u00ae pritsmevastane pasta hoiab \u00e4ra pritsmete kleepumise gaasid\u00fc\u00fcsi ja kontaktotsa pinnale. Suurendab p\u00f5leti kuluosade vastupidavust, aitab tagada keevisliitele \u00f5ige kaitsegaasikaitse. Kastke lihtsalt p\u00f5leti ots pasta sisse ja oodake m\u00f5ni sekund. Pasta omadused: \u2013 M\u00f5eldud keevitatud pindade ja keevitusdetailide kaitsmiseks \u2013 Hoiab \u00e4ra pritsmete moodustumise ja kleepumise \u2013 Ilma silikoonita \u2013 Kaitseb korrosiooni eest \u2013 Kasutatakse&#8230;<\/p>\n","protected":false},"featured_media":12317,"template":"","meta":[],"product_cat":[118],"product_tag":[],"yoast_head":"<!-- This site is optimized with the Yoast SEO plugin v18.4.1 - https:\/\/yoast.com\/wordpress\/plugins\/seo\/ -->\n<title>Pasta SP 340 ml<\/title>\n<meta name=\"robots\" content=\"index, follow, max-snippet:-1, max-image-preview:large, max-video-preview:-1\" \/>\n<link rel=\"canonical\" href=\"https:\/\/spectrebaltics.com\/toode\/pasta-sp-340-ml\/\" \/>\n<meta property=\"og:locale\" content=\"ru_RU\" \/>\n<meta property=\"og:type\" content=\"article\" \/>\n<meta property=\"og:title\" content=\"Pasta SP 340 ml\" \/>\n<meta property=\"og:description\" content=\"SPARTUS\u00ae pritsmevastane pasta hoiab \u00e4ra pritsmete kleepumise gaasid\u00fc\u00fcsi ja kontaktotsa pinnale. Suurendab p\u00f5leti kuluosade vastupidavust, aitab tagada keevisliitele \u00f5ige kaitsegaasikaitse. Kastke lihtsalt p\u00f5leti ots pasta sisse ja oodake m\u00f5ni sekund. Pasta omadused: \u2013 M\u00f5eldud keevitatud pindade ja keevitusdetailide kaitsmiseks \u2013 Hoiab \u00e4ra pritsmete moodustumise ja kleepumise \u2013 Ilma silikoonita \u2013 Kaitseb korrosiooni eest \u2013 Kasutatakse...\" \/>\n<meta property=\"og:url\" content=\"https:\/\/spectrebaltics.com\/toode\/pasta-sp-340-ml\/\" \/>\n<meta property=\"og:site_name\" content=\"Spectrebaltics\" \/>\n<meta property=\"article:modified_time\" content=\"2024-12-27T12:23:02+00:00\" \/>\n<meta property=\"og:image\" content=\"https:\/\/spectrebaltics.com\/wp-content\/uploads\/2024\/12\/snimok-ekrana-2024-07-23-114855.png\" \/>\n\t<meta property=\"og:image:width\" content=\"642\" \/>\n\t<meta property=\"og:image:height\" content=\"474\" \/>\n\t<meta property=\"og:image:type\" content=\"image\/png\" \/>\n<meta name=\"twitter:card\" content=\"summary_large_image\" \/>\n<meta name=\"twitter:label1\" content=\"\u041f\u0440\u0438\u043c\u0435\u0440\u043d\u043e\u0435 \u0432\u0440\u0435\u043c\u044f \u0434\u043b\u044f \u0447\u0442\u0435\u043d\u0438\u044f\" \/>\n\t<meta name=\"twitter:data1\" content=\"1 \u043c\u0438\u043d\u0443\u0442\u0430\" \/>\n<script type=\"application\/ld+json\" class=\"yoast-schema-graph\">{\"@context\":\"https:\/\/schema.org\",\"@graph\":[{\"@type\":\"Organization\",\"@id\":\"https:\/\/spectrebaltics.com\/ru\/#organization\",\"name\":\"Spectrebaltics\",\"url\":\"https:\/\/spectrebaltics.com\/ru\/\",\"sameAs\":[],\"logo\":{\"@type\":\"ImageObject\",\"@id\":\"https:\/\/spectrebaltics.com\/ru\/#logo\",\"inLanguage\":\"ru-RU\",\"url\":\"https:\/\/spectrebaltics.com\/wp-content\/uploads\/2024\/03\/Spectrebaltics-logo.svg\",\"contentUrl\":\"https:\/\/spectrebaltics.com\/wp-content\/uploads\/2024\/03\/Spectrebaltics-logo.svg\",\"caption\":\"Spectrebaltics\"},\"image\":{\"@id\":\"https:\/\/spectrebaltics.com\/ru\/#logo\"}},{\"@type\":\"WebSite\",\"@id\":\"https:\/\/spectrebaltics.com\/ru\/#website\",\"url\":\"https:\/\/spectrebaltics.com\/ru\/\",\"name\":\"Spectrebaltics\",\"description\":\"\",\"publisher\":{\"@id\":\"https:\/\/spectrebaltics.com\/ru\/#organization\"},\"potentialAction\":[{\"@type\":\"SearchAction\",\"target\":{\"@type\":\"EntryPoint\",\"urlTemplate\":\"https:\/\/spectrebaltics.com\/ru\/?s={search_term_string}\"},\"query-input\":\"required name=search_term_string\"}],\"inLanguage\":\"ru-RU\"},{\"@type\":\"ImageObject\",\"@id\":\"https:\/\/spectrebaltics.com\/toode\/pasta-sp-340-ml\/#primaryimage\",\"inLanguage\":\"ru-RU\",\"url\":\"https:\/\/spectrebaltics.com\/wp-content\/uploads\/2024\/12\/snimok-ekrana-2024-07-23-114855.png\",\"contentUrl\":\"https:\/\/spectrebaltics.com\/wp-content\/uploads\/2024\/12\/snimok-ekrana-2024-07-23-114855.png\",\"width\":642,\"height\":474},{\"@type\":\"WebPage\",\"@id\":\"https:\/\/spectrebaltics.com\/toode\/pasta-sp-340-ml\/#webpage\",\"url\":\"https:\/\/spectrebaltics.com\/toode\/pasta-sp-340-ml\/\",\"name\":\"Pasta SP 340 ml\",\"isPartOf\":{\"@id\":\"https:\/\/spectrebaltics.com\/ru\/#website\"},\"primaryImageOfPage\":{\"@id\":\"https:\/\/spectrebaltics.com\/toode\/pasta-sp-340-ml\/#primaryimage\"},\"datePublished\":\"2024-12-27T12:23:01+00:00\",\"dateModified\":\"2024-12-27T12:23:02+00:00\",\"breadcrumb\":{\"@id\":\"https:\/\/spectrebaltics.com\/toode\/pasta-sp-340-ml\/#breadcrumb\"},\"inLanguage\":\"ru-RU\",\"potentialAction\":[{\"@type\":\"ReadAction\",\"target\":[\"https:\/\/spectrebaltics.com\/toode\/pasta-sp-340-ml\/\"]}]},{\"@type\":\"BreadcrumbList\",\"@id\":\"https:\/\/spectrebaltics.com\/toode\/pasta-sp-340-ml\/#breadcrumb\",\"itemListElement\":[{\"@type\":\"ListItem\",\"position\":1,\"name\":\"Home\",\"item\":\"https:\/\/spectrebaltics.com\/ru\/\"},{\"@type\":\"ListItem\",\"position\":2,\"name\":\"\u041a\u0430\u0442\u0430\u043b\u043e\u0433\",\"item\":\"https:\/\/spectrebaltics.com\/ru\/katalog\/\"},{\"@type\":\"ListItem\",\"position\":3,\"name\":\"Pasta SP 340 ml\"}]}]}<\/script>\n<!-- \/ Yoast SEO plugin. -->","yoast_head_json":{"title":"Pasta SP 340 ml","robots":{"index":"index","follow":"follow","max-snippet":"max-snippet:-1","max-image-preview":"max-image-preview:large","max-video-preview":"max-video-preview:-1"},"canonical":"https:\/\/spectrebaltics.com\/toode\/pasta-sp-340-ml\/","og_locale":"ru_RU","og_type":"article","og_title":"Pasta SP 340 ml","og_description":"SPARTUS\u00ae pritsmevastane pasta hoiab \u00e4ra pritsmete kleepumise gaasid\u00fc\u00fcsi ja kontaktotsa pinnale. Suurendab p\u00f5leti kuluosade vastupidavust, aitab tagada keevisliitele \u00f5ige kaitsegaasikaitse. Kastke lihtsalt p\u00f5leti ots pasta sisse ja oodake m\u00f5ni sekund. Pasta omadused: \u2013 M\u00f5eldud keevitatud pindade ja keevitusdetailide kaitsmiseks \u2013 Hoiab \u00e4ra pritsmete moodustumise ja kleepumise \u2013 Ilma silikoonita \u2013 Kaitseb korrosiooni eest \u2013 Kasutatakse...","og_url":"https:\/\/spectrebaltics.com\/toode\/pasta-sp-340-ml\/","og_site_name":"Spectrebaltics","article_modified_time":"2024-12-27T12:23:02+00:00","og_image":[{"width":642,"height":474,"url":"https:\/\/spectrebaltics.com\/wp-content\/uploads\/2024\/12\/snimok-ekrana-2024-07-23-114855.png","type":"image\/png"}],"twitter_card":"summary_large_image","twitter_misc":{"\u041f\u0440\u0438\u043c\u0435\u0440\u043d\u043e\u0435 \u0432\u0440\u0435\u043c\u044f \u0434\u043b\u044f \u0447\u0442\u0435\u043d\u0438\u044f":"1 \u043c\u0438\u043d\u0443\u0442\u0430"},"schema":{"@context":"https:\/\/schema.org","@graph":[{"@type":"Organization","@id":"https:\/\/spectrebaltics.com\/ru\/#organization","name":"Spectrebaltics","url":"https:\/\/spectrebaltics.com\/ru\/","sameAs":[],"logo":{"@type":"ImageObject","@id":"https:\/\/spectrebaltics.com\/ru\/#logo","inLanguage":"ru-RU","url":"https:\/\/spectrebaltics.com\/wp-content\/uploads\/2024\/03\/Spectrebaltics-logo.svg","contentUrl":"https:\/\/spectrebaltics.com\/wp-content\/uploads\/2024\/03\/Spectrebaltics-logo.svg","caption":"Spectrebaltics"},"image":{"@id":"https:\/\/spectrebaltics.com\/ru\/#logo"}},{"@type":"WebSite","@id":"https:\/\/spectrebaltics.com\/ru\/#website","url":"https:\/\/spectrebaltics.com\/ru\/","name":"Spectrebaltics","description":"","publisher":{"@id":"https:\/\/spectrebaltics.com\/ru\/#organization"},"potentialAction":[{"@type":"SearchAction","target":{"@type":"EntryPoint","urlTemplate":"https:\/\/spectrebaltics.com\/ru\/?s={search_term_string}"},"query-input":"required name=search_term_string"}],"inLanguage":"ru-RU"},{"@type":"ImageObject","@id":"https:\/\/spectrebaltics.com\/toode\/pasta-sp-340-ml\/#primaryimage","inLanguage":"ru-RU","url":"https:\/\/spectrebaltics.com\/wp-content\/uploads\/2024\/12\/snimok-ekrana-2024-07-23-114855.png","contentUrl":"https:\/\/spectrebaltics.com\/wp-content\/uploads\/2024\/12\/snimok-ekrana-2024-07-23-114855.png","width":642,"height":474},{"@type":"WebPage","@id":"https:\/\/spectrebaltics.com\/toode\/pasta-sp-340-ml\/#webpage","url":"https:\/\/spectrebaltics.com\/toode\/pasta-sp-340-ml\/","name":"Pasta SP 340 ml","isPartOf":{"@id":"https:\/\/spectrebaltics.com\/ru\/#website"},"primaryImageOfPage":{"@id":"https:\/\/spectrebaltics.com\/toode\/pasta-sp-340-ml\/#primaryimage"},"datePublished":"2024-12-27T12:23:01+00:00","dateModified":"2024-12-27T12:23:02+00:00","breadcrumb":{"@id":"https:\/\/spectrebaltics.com\/toode\/pasta-sp-340-ml\/#breadcrumb"},"inLanguage":"ru-RU","potentialAction":[{"@type":"ReadAction","target":["https:\/\/spectrebaltics.com\/toode\/pasta-sp-340-ml\/"]}]},{"@type":"BreadcrumbList","@id":"https:\/\/spectrebaltics.com\/toode\/pasta-sp-340-ml\/#breadcrumb","itemListElement":[{"@type":"ListItem","position":1,"name":"Home","item":"https:\/\/spectrebaltics.com\/ru\/"},{"@type":"ListItem","position":2,"name":"\u041a\u0430\u0442\u0430\u043b\u043e\u0433","item":"https:\/\/spectrebaltics.com\/ru\/katalog\/"},{"@type":"ListItem","position":3,"name":"Pasta SP 340 ml"}]}]}},"_links":{"self":[{"href":"https:\/\/spectrebaltics.com\/ru\/wp-json\/wp\/v2\/product\/12316"}],"collection":[{"href":"https:\/\/spectrebaltics.com\/ru\/wp-json\/wp\/v2\/product"}],"about":[{"href":"https:\/\/spectrebaltics.com\/ru\/wp-json\/wp\/v2\/types\/product"}],"wp:featuredmedia":[{"embeddable":true,"href":"https:\/\/spectrebaltics.com\/ru\/wp-json\/wp\/v2\/media\/12317"}],"wp:attachment":[{"href":"https:\/\/spectrebaltics.com\/ru\/wp-json\/wp\/v2\/media?parent=12316"}],"wp:term":[{"taxonomy":"product_cat","embeddable":true,"href":"https:\/\/spectrebaltics.com\/ru\/wp-json\/wp\/v2\/product_cat?post=12316"},{"taxonomy":"product_tag","embeddable":true,"href":"https:\/\/spectrebaltics.com\/ru\/wp-json\/wp\/v2\/product_tag?post=12316"}],"curies":[{"name":"wp","href":"https:\/\/api.w.org\/{rel}","templated":true}]}}