{"id":12371,"date":"2024-12-30T07:30:10","date_gmt":"2024-12-30T07:30:10","guid":{"rendered":"https:\/\/spectrebaltics.com\/?post_type=product&#038;p=12371"},"modified":"2024-12-30T07:30:11","modified_gmt":"2024-12-30T07:30:11","slug":"binzel-keevituspolet-abitig-26-8m-merkle","status":"publish","type":"product","link":"https:\/\/spectrebaltics.com\/ru\/toode\/binzel-keevituspolet-abitig-26-8m-merkle\/","title":{"rendered":"Binzel Keevitusp\u00f5let ABITIG 26 8m , Merkle"},"content":{"rendered":"<p>TIG-keevitusp\u00f5leti ABICOR BINZEL ABITIG GRIP 26 8m HFL<\/p>\n<p>8-meetrine ABITIG GRIP hoidik p\u00e4rineb tuntud Saksa tootjalt ABICOR BINZEL, kes toodab k\u00f5rgeima kvaliteediga keevitusp\u00fcstoleid.<\/p>\n<p>Suurep\u00e4rane ergonoomika ja paindlikkus<\/p>\n<p>ABITIG \u00ae GRIP \u2013 t\u00e4ielik lahendus TIG-keevituse keevitusk\u00e4epideme jaoks. See seeria on loogiline edasiarendus ABITIG\u00ae k\u00e4epideme seeriast, mida on iseloomustanud modulaarse disaini j\u00e4rjepidev rakendamine ja optimaalne ergonoomika.<\/p>\n<p>Erinevate t\u00f6\u00f6piirkondadega, \u00f5hk- v\u00f5i vedelikjahutusega k\u00e4epidemed, varustatud ergonoomilise \u201cGRIP\u201d k\u00e4epidemega ja optimeeritud \u00fchendustega kaablikimpude jaoks, mis v\u00f5imaldavad kasutada erinevaid l\u00fclitus- ja juhtimismooduleid. K\u00f5ik kuluvad osad vastavad rahvusvahelisele \u201cSR\u201d standardile.<\/p>\n","protected":false},"excerpt":{"rendered":"<p>TIG-keevitusp\u00f5leti ABICOR BINZEL ABITIG GRIP 26 8m HFL 8-meetrine ABITIG GRIP hoidik p\u00e4rineb tuntud Saksa tootjalt ABICOR BINZEL, kes toodab k\u00f5rgeima kvaliteediga keevitusp\u00fcstoleid. Suurep\u00e4rane ergonoomika ja paindlikkus ABITIG \u00ae GRIP \u2013 t\u00e4ielik lahendus TIG-keevituse keevitusk\u00e4epideme jaoks. See seeria on loogiline edasiarendus ABITIG\u00ae k\u00e4epideme seeriast, mida on iseloomustanud modulaarse disaini j\u00e4rjepidev rakendamine ja optimaalne ergonoomika. Erinevate&#8230;<\/p>\n","protected":false},"featured_media":12368,"template":"","meta":[],"product_cat":[65,72],"product_tag":[],"yoast_head":"<!-- This site is optimized with the Yoast SEO plugin v18.4.1 - https:\/\/yoast.com\/wordpress\/plugins\/seo\/ -->\n<title>Binzel Keevitusp\u00f5let ABITIG 26 8m , Merkle<\/title>\n<meta name=\"robots\" content=\"index, follow, max-snippet:-1, max-image-preview:large, max-video-preview:-1\" \/>\n<link rel=\"canonical\" href=\"https:\/\/spectrebaltics.com\/toode\/binzel-keevituspolet-abitig-26-8m-merkle\/\" \/>\n<meta property=\"og:locale\" content=\"ru_RU\" \/>\n<meta property=\"og:type\" content=\"article\" \/>\n<meta property=\"og:title\" content=\"Binzel Keevitusp\u00f5let ABITIG 26 8m , Merkle\" \/>\n<meta property=\"og:description\" content=\"TIG-keevitusp\u00f5leti ABICOR BINZEL ABITIG GRIP 26 8m HFL 8-meetrine ABITIG GRIP hoidik p\u00e4rineb tuntud Saksa tootjalt ABICOR BINZEL, kes toodab k\u00f5rgeima kvaliteediga keevitusp\u00fcstoleid. Suurep\u00e4rane ergonoomika ja paindlikkus ABITIG \u00ae GRIP \u2013 t\u00e4ielik lahendus TIG-keevituse keevitusk\u00e4epideme jaoks. See seeria on loogiline edasiarendus ABITIG\u00ae k\u00e4epideme seeriast, mida on iseloomustanud modulaarse disaini j\u00e4rjepidev rakendamine ja optimaalne ergonoomika. Erinevate...\" \/>\n<meta property=\"og:url\" content=\"https:\/\/spectrebaltics.com\/toode\/binzel-keevituspolet-abitig-26-8m-merkle\/\" \/>\n<meta property=\"og:site_name\" content=\"Spectrebaltics\" \/>\n<meta property=\"article:modified_time\" content=\"2024-12-30T07:30:11+00:00\" \/>\n<meta property=\"og:image\" content=\"https:\/\/spectrebaltics.com\/wp-content\/uploads\/2024\/12\/abicor_binzel_abitig_26_hfl.jpg\" \/>\n\t<meta property=\"og:image:width\" content=\"800\" \/>\n\t<meta property=\"og:image:height\" content=\"800\" \/>\n\t<meta property=\"og:image:type\" content=\"image\/jpeg\" \/>\n<meta name=\"twitter:card\" content=\"summary_large_image\" \/>\n<meta name=\"twitter:label1\" content=\"\u041f\u0440\u0438\u043c\u0435\u0440\u043d\u043e\u0435 \u0432\u0440\u0435\u043c\u044f \u0434\u043b\u044f \u0447\u0442\u0435\u043d\u0438\u044f\" \/>\n\t<meta name=\"twitter:data1\" content=\"1 \u043c\u0438\u043d\u0443\u0442\u0430\" \/>\n<script type=\"application\/ld+json\" class=\"yoast-schema-graph\">{\"@context\":\"https:\/\/schema.org\",\"@graph\":[{\"@type\":\"Organization\",\"@id\":\"https:\/\/spectrebaltics.com\/ru\/#organization\",\"name\":\"Spectrebaltics\",\"url\":\"https:\/\/spectrebaltics.com\/ru\/\",\"sameAs\":[],\"logo\":{\"@type\":\"ImageObject\",\"@id\":\"https:\/\/spectrebaltics.com\/ru\/#logo\",\"inLanguage\":\"ru-RU\",\"url\":\"https:\/\/spectrebaltics.com\/wp-content\/uploads\/2024\/03\/Spectrebaltics-logo.svg\",\"contentUrl\":\"https:\/\/spectrebaltics.com\/wp-content\/uploads\/2024\/03\/Spectrebaltics-logo.svg\",\"caption\":\"Spectrebaltics\"},\"image\":{\"@id\":\"https:\/\/spectrebaltics.com\/ru\/#logo\"}},{\"@type\":\"WebSite\",\"@id\":\"https:\/\/spectrebaltics.com\/ru\/#website\",\"url\":\"https:\/\/spectrebaltics.com\/ru\/\",\"name\":\"Spectrebaltics\",\"description\":\"\",\"publisher\":{\"@id\":\"https:\/\/spectrebaltics.com\/ru\/#organization\"},\"potentialAction\":[{\"@type\":\"SearchAction\",\"target\":{\"@type\":\"EntryPoint\",\"urlTemplate\":\"https:\/\/spectrebaltics.com\/ru\/?s={search_term_string}\"},\"query-input\":\"required name=search_term_string\"}],\"inLanguage\":\"ru-RU\"},{\"@type\":\"ImageObject\",\"@id\":\"https:\/\/spectrebaltics.com\/toode\/binzel-keevituspolet-abitig-26-8m-merkle\/#primaryimage\",\"inLanguage\":\"ru-RU\",\"url\":\"https:\/\/spectrebaltics.com\/wp-content\/uploads\/2024\/12\/abicor_binzel_abitig_26_hfl.jpg\",\"contentUrl\":\"https:\/\/spectrebaltics.com\/wp-content\/uploads\/2024\/12\/abicor_binzel_abitig_26_hfl.jpg\",\"width\":800,\"height\":800},{\"@type\":\"WebPage\",\"@id\":\"https:\/\/spectrebaltics.com\/toode\/binzel-keevituspolet-abitig-26-8m-merkle\/#webpage\",\"url\":\"https:\/\/spectrebaltics.com\/toode\/binzel-keevituspolet-abitig-26-8m-merkle\/\",\"name\":\"Binzel Keevitusp\u00f5let ABITIG 26 8m , Merkle\",\"isPartOf\":{\"@id\":\"https:\/\/spectrebaltics.com\/ru\/#website\"},\"primaryImageOfPage\":{\"@id\":\"https:\/\/spectrebaltics.com\/toode\/binzel-keevituspolet-abitig-26-8m-merkle\/#primaryimage\"},\"datePublished\":\"2024-12-30T07:30:10+00:00\",\"dateModified\":\"2024-12-30T07:30:11+00:00\",\"breadcrumb\":{\"@id\":\"https:\/\/spectrebaltics.com\/toode\/binzel-keevituspolet-abitig-26-8m-merkle\/#breadcrumb\"},\"inLanguage\":\"ru-RU\",\"potentialAction\":[{\"@type\":\"ReadAction\",\"target\":[\"https:\/\/spectrebaltics.com\/toode\/binzel-keevituspolet-abitig-26-8m-merkle\/\"]}]},{\"@type\":\"BreadcrumbList\",\"@id\":\"https:\/\/spectrebaltics.com\/toode\/binzel-keevituspolet-abitig-26-8m-merkle\/#breadcrumb\",\"itemListElement\":[{\"@type\":\"ListItem\",\"position\":1,\"name\":\"Home\",\"item\":\"https:\/\/spectrebaltics.com\/ru\/\"},{\"@type\":\"ListItem\",\"position\":2,\"name\":\"\u041a\u0430\u0442\u0430\u043b\u043e\u0433\",\"item\":\"https:\/\/spectrebaltics.com\/ru\/katalog\/\"},{\"@type\":\"ListItem\",\"position\":3,\"name\":\"Binzel Keevitusp\u00f5let ABITIG 26 8m , Merkle\"}]}]}<\/script>\n<!-- \/ Yoast SEO plugin. -->","yoast_head_json":{"title":"Binzel Keevitusp\u00f5let ABITIG 26 8m , Merkle","robots":{"index":"index","follow":"follow","max-snippet":"max-snippet:-1","max-image-preview":"max-image-preview:large","max-video-preview":"max-video-preview:-1"},"canonical":"https:\/\/spectrebaltics.com\/toode\/binzel-keevituspolet-abitig-26-8m-merkle\/","og_locale":"ru_RU","og_type":"article","og_title":"Binzel Keevitusp\u00f5let ABITIG 26 8m , Merkle","og_description":"TIG-keevitusp\u00f5leti ABICOR BINZEL ABITIG GRIP 26 8m HFL 8-meetrine ABITIG GRIP hoidik p\u00e4rineb tuntud Saksa tootjalt ABICOR BINZEL, kes toodab k\u00f5rgeima kvaliteediga keevitusp\u00fcstoleid. Suurep\u00e4rane ergonoomika ja paindlikkus ABITIG \u00ae GRIP \u2013 t\u00e4ielik lahendus TIG-keevituse keevitusk\u00e4epideme jaoks. See seeria on loogiline edasiarendus ABITIG\u00ae k\u00e4epideme seeriast, mida on iseloomustanud modulaarse disaini j\u00e4rjepidev rakendamine ja optimaalne ergonoomika. Erinevate...","og_url":"https:\/\/spectrebaltics.com\/toode\/binzel-keevituspolet-abitig-26-8m-merkle\/","og_site_name":"Spectrebaltics","article_modified_time":"2024-12-30T07:30:11+00:00","og_image":[{"width":800,"height":800,"url":"https:\/\/spectrebaltics.com\/wp-content\/uploads\/2024\/12\/abicor_binzel_abitig_26_hfl.jpg","type":"image\/jpeg"}],"twitter_card":"summary_large_image","twitter_misc":{"\u041f\u0440\u0438\u043c\u0435\u0440\u043d\u043e\u0435 \u0432\u0440\u0435\u043c\u044f \u0434\u043b\u044f \u0447\u0442\u0435\u043d\u0438\u044f":"1 \u043c\u0438\u043d\u0443\u0442\u0430"},"schema":{"@context":"https:\/\/schema.org","@graph":[{"@type":"Organization","@id":"https:\/\/spectrebaltics.com\/ru\/#organization","name":"Spectrebaltics","url":"https:\/\/spectrebaltics.com\/ru\/","sameAs":[],"logo":{"@type":"ImageObject","@id":"https:\/\/spectrebaltics.com\/ru\/#logo","inLanguage":"ru-RU","url":"https:\/\/spectrebaltics.com\/wp-content\/uploads\/2024\/03\/Spectrebaltics-logo.svg","contentUrl":"https:\/\/spectrebaltics.com\/wp-content\/uploads\/2024\/03\/Spectrebaltics-logo.svg","caption":"Spectrebaltics"},"image":{"@id":"https:\/\/spectrebaltics.com\/ru\/#logo"}},{"@type":"WebSite","@id":"https:\/\/spectrebaltics.com\/ru\/#website","url":"https:\/\/spectrebaltics.com\/ru\/","name":"Spectrebaltics","description":"","publisher":{"@id":"https:\/\/spectrebaltics.com\/ru\/#organization"},"potentialAction":[{"@type":"SearchAction","target":{"@type":"EntryPoint","urlTemplate":"https:\/\/spectrebaltics.com\/ru\/?s={search_term_string}"},"query-input":"required name=search_term_string"}],"inLanguage":"ru-RU"},{"@type":"ImageObject","@id":"https:\/\/spectrebaltics.com\/toode\/binzel-keevituspolet-abitig-26-8m-merkle\/#primaryimage","inLanguage":"ru-RU","url":"https:\/\/spectrebaltics.com\/wp-content\/uploads\/2024\/12\/abicor_binzel_abitig_26_hfl.jpg","contentUrl":"https:\/\/spectrebaltics.com\/wp-content\/uploads\/2024\/12\/abicor_binzel_abitig_26_hfl.jpg","width":800,"height":800},{"@type":"WebPage","@id":"https:\/\/spectrebaltics.com\/toode\/binzel-keevituspolet-abitig-26-8m-merkle\/#webpage","url":"https:\/\/spectrebaltics.com\/toode\/binzel-keevituspolet-abitig-26-8m-merkle\/","name":"Binzel Keevitusp\u00f5let ABITIG 26 8m , Merkle","isPartOf":{"@id":"https:\/\/spectrebaltics.com\/ru\/#website"},"primaryImageOfPage":{"@id":"https:\/\/spectrebaltics.com\/toode\/binzel-keevituspolet-abitig-26-8m-merkle\/#primaryimage"},"datePublished":"2024-12-30T07:30:10+00:00","dateModified":"2024-12-30T07:30:11+00:00","breadcrumb":{"@id":"https:\/\/spectrebaltics.com\/toode\/binzel-keevituspolet-abitig-26-8m-merkle\/#breadcrumb"},"inLanguage":"ru-RU","potentialAction":[{"@type":"ReadAction","target":["https:\/\/spectrebaltics.com\/toode\/binzel-keevituspolet-abitig-26-8m-merkle\/"]}]},{"@type":"BreadcrumbList","@id":"https:\/\/spectrebaltics.com\/toode\/binzel-keevituspolet-abitig-26-8m-merkle\/#breadcrumb","itemListElement":[{"@type":"ListItem","position":1,"name":"Home","item":"https:\/\/spectrebaltics.com\/ru\/"},{"@type":"ListItem","position":2,"name":"\u041a\u0430\u0442\u0430\u043b\u043e\u0433","item":"https:\/\/spectrebaltics.com\/ru\/katalog\/"},{"@type":"ListItem","position":3,"name":"Binzel Keevitusp\u00f5let ABITIG 26 8m , Merkle"}]}]}},"_links":{"self":[{"href":"https:\/\/spectrebaltics.com\/ru\/wp-json\/wp\/v2\/product\/12371"}],"collection":[{"href":"https:\/\/spectrebaltics.com\/ru\/wp-json\/wp\/v2\/product"}],"about":[{"href":"https:\/\/spectrebaltics.com\/ru\/wp-json\/wp\/v2\/types\/product"}],"wp:featuredmedia":[{"embeddable":true,"href":"https:\/\/spectrebaltics.com\/ru\/wp-json\/wp\/v2\/media\/12368"}],"wp:attachment":[{"href":"https:\/\/spectrebaltics.com\/ru\/wp-json\/wp\/v2\/media?parent=12371"}],"wp:term":[{"taxonomy":"product_cat","embeddable":true,"href":"https:\/\/spectrebaltics.com\/ru\/wp-json\/wp\/v2\/product_cat?post=12371"},{"taxonomy":"product_tag","embeddable":true,"href":"https:\/\/spectrebaltics.com\/ru\/wp-json\/wp\/v2\/product_tag?post=12371"}],"curies":[{"name":"wp","href":"https:\/\/api.w.org\/{rel}","templated":true}]}}