{"id":12383,"date":"2024-12-30T07:47:35","date_gmt":"2024-12-30T07:47:35","guid":{"rendered":"https:\/\/spectrebaltics.com\/?post_type=product&#038;p=12383"},"modified":"2024-12-30T07:47:35","modified_gmt":"2024-12-30T07:47:35","slug":"binzel-keevituspolet-mb-evo-36-3m","status":"publish","type":"product","link":"https:\/\/spectrebaltics.com\/ru\/toode\/binzel-keevituspolet-mb-evo-36-3m\/","title":{"rendered":"Binzel Keevitusp\u00f5let MB Evo 36 3m"},"content":{"rendered":"<p>Abicor Binzeli toodetud keevitusp\u00f5leti MB EVO 36 on tippklassi \u00f5hkjahutusega p\u00f5leti. P\u00f5letil on ergonoomiline kaheosaline koonilise disainiga k\u00e4epide, mis tagab kindla ja t\u00e4pse haarde. Juhtnupu mugav asukoht tagab mugavuse igas asendis. P\u00f5leti ainulaadne sisemine disain tagab ka p\u00f5leti jahutamise maksimaalsetel koormustel ja on v\u00e4ga vastupidav.<\/p>\n<p>Keevitusp\u00f5leti MB EVO 36 abil saab keevitada vooluga 320A ts\u00fckliga 60%, kasutades kaitsegaasina CO2 ja M21 gaaside segu 290A. Toode v\u00f5imaldab keevitada keevitustraatidega l\u00e4bim\u00f5\u00f5duga 0,8 &#8212; 1,2 mm ja seda saab osta j\u00e4rgmistes pikkustes &#8212; 3m, 4m v\u00f5i 5m.<\/p>\n","protected":false},"excerpt":{"rendered":"<p>Abicor Binzeli toodetud keevitusp\u00f5leti MB EVO 36 on tippklassi \u00f5hkjahutusega p\u00f5leti. P\u00f5letil on ergonoomiline kaheosaline koonilise disainiga k\u00e4epide, mis tagab kindla ja t\u00e4pse haarde. Juhtnupu mugav asukoht tagab mugavuse igas asendis. P\u00f5leti ainulaadne sisemine disain tagab ka p\u00f5leti jahutamise maksimaalsetel koormustel ja on v\u00e4ga vastupidav. Keevitusp\u00f5leti MB EVO 36 abil saab keevitada vooluga 320A ts\u00fckliga&#8230;<\/p>\n","protected":false},"featured_media":12384,"template":"","meta":[],"product_cat":[65,66],"product_tag":[],"yoast_head":"<!-- This site is optimized with the Yoast SEO plugin v18.4.1 - https:\/\/yoast.com\/wordpress\/plugins\/seo\/ -->\n<title>Binzel Keevitusp\u00f5let MB Evo 36 3m<\/title>\n<meta name=\"robots\" content=\"index, follow, max-snippet:-1, max-image-preview:large, max-video-preview:-1\" \/>\n<link rel=\"canonical\" href=\"https:\/\/spectrebaltics.com\/toode\/binzel-keevituspolet-mb-evo-36-3m\/\" \/>\n<meta property=\"og:locale\" content=\"ru_RU\" \/>\n<meta property=\"og:type\" content=\"article\" \/>\n<meta property=\"og:title\" content=\"Binzel Keevitusp\u00f5let MB Evo 36 3m\" \/>\n<meta property=\"og:description\" content=\"Abicor Binzeli toodetud keevitusp\u00f5leti MB EVO 36 on tippklassi \u00f5hkjahutusega p\u00f5leti. P\u00f5letil on ergonoomiline kaheosaline koonilise disainiga k\u00e4epide, mis tagab kindla ja t\u00e4pse haarde. Juhtnupu mugav asukoht tagab mugavuse igas asendis. P\u00f5leti ainulaadne sisemine disain tagab ka p\u00f5leti jahutamise maksimaalsetel koormustel ja on v\u00e4ga vastupidav. Keevitusp\u00f5leti MB EVO 36 abil saab keevitada vooluga 320A ts\u00fckliga...\" \/>\n<meta property=\"og:url\" content=\"https:\/\/spectrebaltics.com\/toode\/binzel-keevituspolet-mb-evo-36-3m\/\" \/>\n<meta property=\"og:site_name\" content=\"Spectrebaltics\" \/>\n<meta property=\"og:image\" content=\"https:\/\/spectrebaltics.com\/wp-content\/uploads\/2024\/12\/zagruzka.jpeg\" \/>\n\t<meta property=\"og:image:width\" content=\"225\" \/>\n\t<meta property=\"og:image:height\" content=\"225\" \/>\n\t<meta property=\"og:image:type\" content=\"image\/jpeg\" \/>\n<meta name=\"twitter:card\" content=\"summary_large_image\" \/>\n<script type=\"application\/ld+json\" class=\"yoast-schema-graph\">{\"@context\":\"https:\/\/schema.org\",\"@graph\":[{\"@type\":\"Organization\",\"@id\":\"https:\/\/spectrebaltics.com\/ru\/#organization\",\"name\":\"Spectrebaltics\",\"url\":\"https:\/\/spectrebaltics.com\/ru\/\",\"sameAs\":[],\"logo\":{\"@type\":\"ImageObject\",\"@id\":\"https:\/\/spectrebaltics.com\/ru\/#logo\",\"inLanguage\":\"ru-RU\",\"url\":\"https:\/\/spectrebaltics.com\/wp-content\/uploads\/2024\/03\/Spectrebaltics-logo.svg\",\"contentUrl\":\"https:\/\/spectrebaltics.com\/wp-content\/uploads\/2024\/03\/Spectrebaltics-logo.svg\",\"caption\":\"Spectrebaltics\"},\"image\":{\"@id\":\"https:\/\/spectrebaltics.com\/ru\/#logo\"}},{\"@type\":\"WebSite\",\"@id\":\"https:\/\/spectrebaltics.com\/ru\/#website\",\"url\":\"https:\/\/spectrebaltics.com\/ru\/\",\"name\":\"Spectrebaltics\",\"description\":\"\",\"publisher\":{\"@id\":\"https:\/\/spectrebaltics.com\/ru\/#organization\"},\"potentialAction\":[{\"@type\":\"SearchAction\",\"target\":{\"@type\":\"EntryPoint\",\"urlTemplate\":\"https:\/\/spectrebaltics.com\/ru\/?s={search_term_string}\"},\"query-input\":\"required name=search_term_string\"}],\"inLanguage\":\"ru-RU\"},{\"@type\":\"ImageObject\",\"@id\":\"https:\/\/spectrebaltics.com\/toode\/binzel-keevituspolet-mb-evo-36-3m\/#primaryimage\",\"inLanguage\":\"ru-RU\",\"url\":\"https:\/\/spectrebaltics.com\/wp-content\/uploads\/2024\/12\/zagruzka.jpeg\",\"contentUrl\":\"https:\/\/spectrebaltics.com\/wp-content\/uploads\/2024\/12\/zagruzka.jpeg\",\"width\":225,\"height\":225},{\"@type\":\"WebPage\",\"@id\":\"https:\/\/spectrebaltics.com\/toode\/binzel-keevituspolet-mb-evo-36-3m\/#webpage\",\"url\":\"https:\/\/spectrebaltics.com\/toode\/binzel-keevituspolet-mb-evo-36-3m\/\",\"name\":\"Binzel Keevitusp\u00f5let MB Evo 36 3m\",\"isPartOf\":{\"@id\":\"https:\/\/spectrebaltics.com\/ru\/#website\"},\"primaryImageOfPage\":{\"@id\":\"https:\/\/spectrebaltics.com\/toode\/binzel-keevituspolet-mb-evo-36-3m\/#primaryimage\"},\"datePublished\":\"2024-12-30T07:47:35+00:00\",\"dateModified\":\"2024-12-30T07:47:35+00:00\",\"breadcrumb\":{\"@id\":\"https:\/\/spectrebaltics.com\/toode\/binzel-keevituspolet-mb-evo-36-3m\/#breadcrumb\"},\"inLanguage\":\"ru-RU\",\"potentialAction\":[{\"@type\":\"ReadAction\",\"target\":[\"https:\/\/spectrebaltics.com\/toode\/binzel-keevituspolet-mb-evo-36-3m\/\"]}]},{\"@type\":\"BreadcrumbList\",\"@id\":\"https:\/\/spectrebaltics.com\/toode\/binzel-keevituspolet-mb-evo-36-3m\/#breadcrumb\",\"itemListElement\":[{\"@type\":\"ListItem\",\"position\":1,\"name\":\"Home\",\"item\":\"https:\/\/spectrebaltics.com\/ru\/\"},{\"@type\":\"ListItem\",\"position\":2,\"name\":\"\u041a\u0430\u0442\u0430\u043b\u043e\u0433\",\"item\":\"https:\/\/spectrebaltics.com\/ru\/katalog\/\"},{\"@type\":\"ListItem\",\"position\":3,\"name\":\"Binzel Keevitusp\u00f5let MB Evo 36 3m\"}]}]}<\/script>\n<!-- \/ Yoast SEO plugin. -->","yoast_head_json":{"title":"Binzel Keevitusp\u00f5let MB Evo 36 3m","robots":{"index":"index","follow":"follow","max-snippet":"max-snippet:-1","max-image-preview":"max-image-preview:large","max-video-preview":"max-video-preview:-1"},"canonical":"https:\/\/spectrebaltics.com\/toode\/binzel-keevituspolet-mb-evo-36-3m\/","og_locale":"ru_RU","og_type":"article","og_title":"Binzel Keevitusp\u00f5let MB Evo 36 3m","og_description":"Abicor Binzeli toodetud keevitusp\u00f5leti MB EVO 36 on tippklassi \u00f5hkjahutusega p\u00f5leti. P\u00f5letil on ergonoomiline kaheosaline koonilise disainiga k\u00e4epide, mis tagab kindla ja t\u00e4pse haarde. Juhtnupu mugav asukoht tagab mugavuse igas asendis. P\u00f5leti ainulaadne sisemine disain tagab ka p\u00f5leti jahutamise maksimaalsetel koormustel ja on v\u00e4ga vastupidav. Keevitusp\u00f5leti MB EVO 36 abil saab keevitada vooluga 320A ts\u00fckliga...","og_url":"https:\/\/spectrebaltics.com\/toode\/binzel-keevituspolet-mb-evo-36-3m\/","og_site_name":"Spectrebaltics","og_image":[{"width":225,"height":225,"url":"https:\/\/spectrebaltics.com\/wp-content\/uploads\/2024\/12\/zagruzka.jpeg","type":"image\/jpeg"}],"twitter_card":"summary_large_image","schema":{"@context":"https:\/\/schema.org","@graph":[{"@type":"Organization","@id":"https:\/\/spectrebaltics.com\/ru\/#organization","name":"Spectrebaltics","url":"https:\/\/spectrebaltics.com\/ru\/","sameAs":[],"logo":{"@type":"ImageObject","@id":"https:\/\/spectrebaltics.com\/ru\/#logo","inLanguage":"ru-RU","url":"https:\/\/spectrebaltics.com\/wp-content\/uploads\/2024\/03\/Spectrebaltics-logo.svg","contentUrl":"https:\/\/spectrebaltics.com\/wp-content\/uploads\/2024\/03\/Spectrebaltics-logo.svg","caption":"Spectrebaltics"},"image":{"@id":"https:\/\/spectrebaltics.com\/ru\/#logo"}},{"@type":"WebSite","@id":"https:\/\/spectrebaltics.com\/ru\/#website","url":"https:\/\/spectrebaltics.com\/ru\/","name":"Spectrebaltics","description":"","publisher":{"@id":"https:\/\/spectrebaltics.com\/ru\/#organization"},"potentialAction":[{"@type":"SearchAction","target":{"@type":"EntryPoint","urlTemplate":"https:\/\/spectrebaltics.com\/ru\/?s={search_term_string}"},"query-input":"required name=search_term_string"}],"inLanguage":"ru-RU"},{"@type":"ImageObject","@id":"https:\/\/spectrebaltics.com\/toode\/binzel-keevituspolet-mb-evo-36-3m\/#primaryimage","inLanguage":"ru-RU","url":"https:\/\/spectrebaltics.com\/wp-content\/uploads\/2024\/12\/zagruzka.jpeg","contentUrl":"https:\/\/spectrebaltics.com\/wp-content\/uploads\/2024\/12\/zagruzka.jpeg","width":225,"height":225},{"@type":"WebPage","@id":"https:\/\/spectrebaltics.com\/toode\/binzel-keevituspolet-mb-evo-36-3m\/#webpage","url":"https:\/\/spectrebaltics.com\/toode\/binzel-keevituspolet-mb-evo-36-3m\/","name":"Binzel Keevitusp\u00f5let MB Evo 36 3m","isPartOf":{"@id":"https:\/\/spectrebaltics.com\/ru\/#website"},"primaryImageOfPage":{"@id":"https:\/\/spectrebaltics.com\/toode\/binzel-keevituspolet-mb-evo-36-3m\/#primaryimage"},"datePublished":"2024-12-30T07:47:35+00:00","dateModified":"2024-12-30T07:47:35+00:00","breadcrumb":{"@id":"https:\/\/spectrebaltics.com\/toode\/binzel-keevituspolet-mb-evo-36-3m\/#breadcrumb"},"inLanguage":"ru-RU","potentialAction":[{"@type":"ReadAction","target":["https:\/\/spectrebaltics.com\/toode\/binzel-keevituspolet-mb-evo-36-3m\/"]}]},{"@type":"BreadcrumbList","@id":"https:\/\/spectrebaltics.com\/toode\/binzel-keevituspolet-mb-evo-36-3m\/#breadcrumb","itemListElement":[{"@type":"ListItem","position":1,"name":"Home","item":"https:\/\/spectrebaltics.com\/ru\/"},{"@type":"ListItem","position":2,"name":"\u041a\u0430\u0442\u0430\u043b\u043e\u0433","item":"https:\/\/spectrebaltics.com\/ru\/katalog\/"},{"@type":"ListItem","position":3,"name":"Binzel Keevitusp\u00f5let MB Evo 36 3m"}]}]}},"_links":{"self":[{"href":"https:\/\/spectrebaltics.com\/ru\/wp-json\/wp\/v2\/product\/12383"}],"collection":[{"href":"https:\/\/spectrebaltics.com\/ru\/wp-json\/wp\/v2\/product"}],"about":[{"href":"https:\/\/spectrebaltics.com\/ru\/wp-json\/wp\/v2\/types\/product"}],"wp:featuredmedia":[{"embeddable":true,"href":"https:\/\/spectrebaltics.com\/ru\/wp-json\/wp\/v2\/media\/12384"}],"wp:attachment":[{"href":"https:\/\/spectrebaltics.com\/ru\/wp-json\/wp\/v2\/media?parent=12383"}],"wp:term":[{"taxonomy":"product_cat","embeddable":true,"href":"https:\/\/spectrebaltics.com\/ru\/wp-json\/wp\/v2\/product_cat?post=12383"},{"taxonomy":"product_tag","embeddable":true,"href":"https:\/\/spectrebaltics.com\/ru\/wp-json\/wp\/v2\/product_tag?post=12383"}],"curies":[{"name":"wp","href":"https:\/\/api.w.org\/{rel}","templated":true}]}}