{"id":12390,"date":"2024-12-30T07:59:42","date_gmt":"2024-12-30T07:59:42","guid":{"rendered":"https:\/\/spectrebaltics.com\/?post_type=product&#038;p=12390"},"modified":"2024-12-30T07:59:42","modified_gmt":"2024-12-30T07:59:42","slug":"binzel-keevituspolet-mb-evo-pro-36-5m","status":"publish","type":"product","link":"https:\/\/spectrebaltics.com\/ru\/toode\/binzel-keevituspolet-mb-evo-pro-36-5m\/","title":{"rendered":"Binzel Keevitusp\u00f5let MB Evo Pro 36 5m"},"content":{"rendered":"<p>Binzel MB 36 EVO PRO MIG taskulamp 5m<\/p>\n<p>MB EVO PRO p\u00f5letite seeria kujutab endast t\u00e4iesti uut kontseptsiooni keevitusp\u00f5leti disainis, vormis ja funktsioonis. Ainulaadne ergonoomika tagab p\u00f5hjaliku uurimist\u00f6\u00f6 tulemusel suurema kontrolli tunde, v\u00f5imaldades keevitajal tunda end p\u00f5letiga \u201e\u00fchena\u201d. P\u00e4\u00e4stiku asend, p\u00e4\u00e4stiku konstruktsioon ja kuulliigendi konstruktsioon tagavad optimaalse tasakaalu ja mugavuse k\u00f5igis keevitusasendites.<\/p>\n","protected":false},"excerpt":{"rendered":"<p>Binzel MB 36 EVO PRO MIG taskulamp 5m MB EVO PRO p\u00f5letite seeria kujutab endast t\u00e4iesti uut kontseptsiooni keevitusp\u00f5leti disainis, vormis ja funktsioonis. Ainulaadne ergonoomika tagab p\u00f5hjaliku uurimist\u00f6\u00f6 tulemusel suurema kontrolli tunde, v\u00f5imaldades keevitajal tunda end p\u00f5letiga \u201e\u00fchena\u201d. P\u00e4\u00e4stiku asend, p\u00e4\u00e4stiku konstruktsioon ja kuulliigendi konstruktsioon tagavad optimaalse tasakaalu ja mugavuse k\u00f5igis keevitusasendites.<\/p>\n","protected":false},"featured_media":12391,"template":"","meta":[],"product_cat":[65,66],"product_tag":[],"yoast_head":"<!-- This site is optimized with the Yoast SEO plugin v18.4.1 - https:\/\/yoast.com\/wordpress\/plugins\/seo\/ -->\n<title>Binzel Keevitusp\u00f5let MB Evo Pro 36 5m<\/title>\n<meta name=\"robots\" content=\"index, follow, max-snippet:-1, max-image-preview:large, max-video-preview:-1\" \/>\n<link rel=\"canonical\" href=\"https:\/\/spectrebaltics.com\/toode\/binzel-keevituspolet-mb-evo-pro-36-5m\/\" \/>\n<meta property=\"og:locale\" content=\"ru_RU\" \/>\n<meta property=\"og:type\" content=\"article\" \/>\n<meta property=\"og:title\" content=\"Binzel Keevitusp\u00f5let MB Evo Pro 36 5m\" \/>\n<meta property=\"og:description\" content=\"Binzel MB 36 EVO PRO MIG taskulamp 5m MB EVO PRO p\u00f5letite seeria kujutab endast t\u00e4iesti uut kontseptsiooni keevitusp\u00f5leti disainis, vormis ja funktsioonis. Ainulaadne ergonoomika tagab p\u00f5hjaliku uurimist\u00f6\u00f6 tulemusel suurema kontrolli tunde, v\u00f5imaldades keevitajal tunda end p\u00f5letiga \u201e\u00fchena\u201d. P\u00e4\u00e4stiku asend, p\u00e4\u00e4stiku konstruktsioon ja kuulliigendi konstruktsioon tagavad optimaalse tasakaalu ja mugavuse k\u00f5igis keevitusasendites.\" \/>\n<meta property=\"og:url\" content=\"https:\/\/spectrebaltics.com\/toode\/binzel-keevituspolet-mb-evo-pro-36-5m\/\" \/>\n<meta property=\"og:site_name\" content=\"Spectrebaltics\" \/>\n<meta property=\"og:image\" content=\"https:\/\/spectrebaltics.com\/wp-content\/uploads\/2024\/12\/zagruzka-1.jpeg\" \/>\n\t<meta property=\"og:image:width\" content=\"225\" \/>\n\t<meta property=\"og:image:height\" content=\"225\" \/>\n\t<meta property=\"og:image:type\" content=\"image\/jpeg\" \/>\n<meta name=\"twitter:card\" content=\"summary_large_image\" \/>\n<meta name=\"twitter:label1\" content=\"\u041f\u0440\u0438\u043c\u0435\u0440\u043d\u043e\u0435 \u0432\u0440\u0435\u043c\u044f \u0434\u043b\u044f \u0447\u0442\u0435\u043d\u0438\u044f\" \/>\n\t<meta name=\"twitter:data1\" content=\"1 \u043c\u0438\u043d\u0443\u0442\u0430\" \/>\n<script type=\"application\/ld+json\" class=\"yoast-schema-graph\">{\"@context\":\"https:\/\/schema.org\",\"@graph\":[{\"@type\":\"Organization\",\"@id\":\"https:\/\/spectrebaltics.com\/ru\/#organization\",\"name\":\"Spectrebaltics\",\"url\":\"https:\/\/spectrebaltics.com\/ru\/\",\"sameAs\":[],\"logo\":{\"@type\":\"ImageObject\",\"@id\":\"https:\/\/spectrebaltics.com\/ru\/#logo\",\"inLanguage\":\"ru-RU\",\"url\":\"https:\/\/spectrebaltics.com\/wp-content\/uploads\/2024\/03\/Spectrebaltics-logo.svg\",\"contentUrl\":\"https:\/\/spectrebaltics.com\/wp-content\/uploads\/2024\/03\/Spectrebaltics-logo.svg\",\"caption\":\"Spectrebaltics\"},\"image\":{\"@id\":\"https:\/\/spectrebaltics.com\/ru\/#logo\"}},{\"@type\":\"WebSite\",\"@id\":\"https:\/\/spectrebaltics.com\/ru\/#website\",\"url\":\"https:\/\/spectrebaltics.com\/ru\/\",\"name\":\"Spectrebaltics\",\"description\":\"\",\"publisher\":{\"@id\":\"https:\/\/spectrebaltics.com\/ru\/#organization\"},\"potentialAction\":[{\"@type\":\"SearchAction\",\"target\":{\"@type\":\"EntryPoint\",\"urlTemplate\":\"https:\/\/spectrebaltics.com\/ru\/?s={search_term_string}\"},\"query-input\":\"required name=search_term_string\"}],\"inLanguage\":\"ru-RU\"},{\"@type\":\"ImageObject\",\"@id\":\"https:\/\/spectrebaltics.com\/toode\/binzel-keevituspolet-mb-evo-pro-36-5m\/#primaryimage\",\"inLanguage\":\"ru-RU\",\"url\":\"https:\/\/spectrebaltics.com\/wp-content\/uploads\/2024\/12\/zagruzka-1.jpeg\",\"contentUrl\":\"https:\/\/spectrebaltics.com\/wp-content\/uploads\/2024\/12\/zagruzka-1.jpeg\",\"width\":225,\"height\":225},{\"@type\":\"WebPage\",\"@id\":\"https:\/\/spectrebaltics.com\/toode\/binzel-keevituspolet-mb-evo-pro-36-5m\/#webpage\",\"url\":\"https:\/\/spectrebaltics.com\/toode\/binzel-keevituspolet-mb-evo-pro-36-5m\/\",\"name\":\"Binzel Keevitusp\u00f5let MB Evo Pro 36 5m\",\"isPartOf\":{\"@id\":\"https:\/\/spectrebaltics.com\/ru\/#website\"},\"primaryImageOfPage\":{\"@id\":\"https:\/\/spectrebaltics.com\/toode\/binzel-keevituspolet-mb-evo-pro-36-5m\/#primaryimage\"},\"datePublished\":\"2024-12-30T07:59:42+00:00\",\"dateModified\":\"2024-12-30T07:59:42+00:00\",\"breadcrumb\":{\"@id\":\"https:\/\/spectrebaltics.com\/toode\/binzel-keevituspolet-mb-evo-pro-36-5m\/#breadcrumb\"},\"inLanguage\":\"ru-RU\",\"potentialAction\":[{\"@type\":\"ReadAction\",\"target\":[\"https:\/\/spectrebaltics.com\/toode\/binzel-keevituspolet-mb-evo-pro-36-5m\/\"]}]},{\"@type\":\"BreadcrumbList\",\"@id\":\"https:\/\/spectrebaltics.com\/toode\/binzel-keevituspolet-mb-evo-pro-36-5m\/#breadcrumb\",\"itemListElement\":[{\"@type\":\"ListItem\",\"position\":1,\"name\":\"Home\",\"item\":\"https:\/\/spectrebaltics.com\/ru\/\"},{\"@type\":\"ListItem\",\"position\":2,\"name\":\"\u041a\u0430\u0442\u0430\u043b\u043e\u0433\",\"item\":\"https:\/\/spectrebaltics.com\/ru\/katalog\/\"},{\"@type\":\"ListItem\",\"position\":3,\"name\":\"Binzel Keevitusp\u00f5let MB Evo Pro 36 5m\"}]}]}<\/script>\n<!-- \/ Yoast SEO plugin. -->","yoast_head_json":{"title":"Binzel Keevitusp\u00f5let MB Evo Pro 36 5m","robots":{"index":"index","follow":"follow","max-snippet":"max-snippet:-1","max-image-preview":"max-image-preview:large","max-video-preview":"max-video-preview:-1"},"canonical":"https:\/\/spectrebaltics.com\/toode\/binzel-keevituspolet-mb-evo-pro-36-5m\/","og_locale":"ru_RU","og_type":"article","og_title":"Binzel Keevitusp\u00f5let MB Evo Pro 36 5m","og_description":"Binzel MB 36 EVO PRO MIG taskulamp 5m MB EVO PRO p\u00f5letite seeria kujutab endast t\u00e4iesti uut kontseptsiooni keevitusp\u00f5leti disainis, vormis ja funktsioonis. Ainulaadne ergonoomika tagab p\u00f5hjaliku uurimist\u00f6\u00f6 tulemusel suurema kontrolli tunde, v\u00f5imaldades keevitajal tunda end p\u00f5letiga \u201e\u00fchena\u201d. P\u00e4\u00e4stiku asend, p\u00e4\u00e4stiku konstruktsioon ja kuulliigendi konstruktsioon tagavad optimaalse tasakaalu ja mugavuse k\u00f5igis keevitusasendites.","og_url":"https:\/\/spectrebaltics.com\/toode\/binzel-keevituspolet-mb-evo-pro-36-5m\/","og_site_name":"Spectrebaltics","og_image":[{"width":225,"height":225,"url":"https:\/\/spectrebaltics.com\/wp-content\/uploads\/2024\/12\/zagruzka-1.jpeg","type":"image\/jpeg"}],"twitter_card":"summary_large_image","twitter_misc":{"\u041f\u0440\u0438\u043c\u0435\u0440\u043d\u043e\u0435 \u0432\u0440\u0435\u043c\u044f \u0434\u043b\u044f \u0447\u0442\u0435\u043d\u0438\u044f":"1 \u043c\u0438\u043d\u0443\u0442\u0430"},"schema":{"@context":"https:\/\/schema.org","@graph":[{"@type":"Organization","@id":"https:\/\/spectrebaltics.com\/ru\/#organization","name":"Spectrebaltics","url":"https:\/\/spectrebaltics.com\/ru\/","sameAs":[],"logo":{"@type":"ImageObject","@id":"https:\/\/spectrebaltics.com\/ru\/#logo","inLanguage":"ru-RU","url":"https:\/\/spectrebaltics.com\/wp-content\/uploads\/2024\/03\/Spectrebaltics-logo.svg","contentUrl":"https:\/\/spectrebaltics.com\/wp-content\/uploads\/2024\/03\/Spectrebaltics-logo.svg","caption":"Spectrebaltics"},"image":{"@id":"https:\/\/spectrebaltics.com\/ru\/#logo"}},{"@type":"WebSite","@id":"https:\/\/spectrebaltics.com\/ru\/#website","url":"https:\/\/spectrebaltics.com\/ru\/","name":"Spectrebaltics","description":"","publisher":{"@id":"https:\/\/spectrebaltics.com\/ru\/#organization"},"potentialAction":[{"@type":"SearchAction","target":{"@type":"EntryPoint","urlTemplate":"https:\/\/spectrebaltics.com\/ru\/?s={search_term_string}"},"query-input":"required name=search_term_string"}],"inLanguage":"ru-RU"},{"@type":"ImageObject","@id":"https:\/\/spectrebaltics.com\/toode\/binzel-keevituspolet-mb-evo-pro-36-5m\/#primaryimage","inLanguage":"ru-RU","url":"https:\/\/spectrebaltics.com\/wp-content\/uploads\/2024\/12\/zagruzka-1.jpeg","contentUrl":"https:\/\/spectrebaltics.com\/wp-content\/uploads\/2024\/12\/zagruzka-1.jpeg","width":225,"height":225},{"@type":"WebPage","@id":"https:\/\/spectrebaltics.com\/toode\/binzel-keevituspolet-mb-evo-pro-36-5m\/#webpage","url":"https:\/\/spectrebaltics.com\/toode\/binzel-keevituspolet-mb-evo-pro-36-5m\/","name":"Binzel Keevitusp\u00f5let MB Evo Pro 36 5m","isPartOf":{"@id":"https:\/\/spectrebaltics.com\/ru\/#website"},"primaryImageOfPage":{"@id":"https:\/\/spectrebaltics.com\/toode\/binzel-keevituspolet-mb-evo-pro-36-5m\/#primaryimage"},"datePublished":"2024-12-30T07:59:42+00:00","dateModified":"2024-12-30T07:59:42+00:00","breadcrumb":{"@id":"https:\/\/spectrebaltics.com\/toode\/binzel-keevituspolet-mb-evo-pro-36-5m\/#breadcrumb"},"inLanguage":"ru-RU","potentialAction":[{"@type":"ReadAction","target":["https:\/\/spectrebaltics.com\/toode\/binzel-keevituspolet-mb-evo-pro-36-5m\/"]}]},{"@type":"BreadcrumbList","@id":"https:\/\/spectrebaltics.com\/toode\/binzel-keevituspolet-mb-evo-pro-36-5m\/#breadcrumb","itemListElement":[{"@type":"ListItem","position":1,"name":"Home","item":"https:\/\/spectrebaltics.com\/ru\/"},{"@type":"ListItem","position":2,"name":"\u041a\u0430\u0442\u0430\u043b\u043e\u0433","item":"https:\/\/spectrebaltics.com\/ru\/katalog\/"},{"@type":"ListItem","position":3,"name":"Binzel Keevitusp\u00f5let MB Evo Pro 36 5m"}]}]}},"_links":{"self":[{"href":"https:\/\/spectrebaltics.com\/ru\/wp-json\/wp\/v2\/product\/12390"}],"collection":[{"href":"https:\/\/spectrebaltics.com\/ru\/wp-json\/wp\/v2\/product"}],"about":[{"href":"https:\/\/spectrebaltics.com\/ru\/wp-json\/wp\/v2\/types\/product"}],"wp:featuredmedia":[{"embeddable":true,"href":"https:\/\/spectrebaltics.com\/ru\/wp-json\/wp\/v2\/media\/12391"}],"wp:attachment":[{"href":"https:\/\/spectrebaltics.com\/ru\/wp-json\/wp\/v2\/media?parent=12390"}],"wp:term":[{"taxonomy":"product_cat","embeddable":true,"href":"https:\/\/spectrebaltics.com\/ru\/wp-json\/wp\/v2\/product_cat?post=12390"},{"taxonomy":"product_tag","embeddable":true,"href":"https:\/\/spectrebaltics.com\/ru\/wp-json\/wp\/v2\/product_tag?post=12390"}],"curies":[{"name":"wp","href":"https:\/\/api.w.org\/{rel}","templated":true}]}}