{"id":12452,"date":"2025-02-19T14:31:10","date_gmt":"2025-02-19T14:31:10","guid":{"rendered":"https:\/\/spectrebaltics.com\/?post_type=product&#038;p=12452"},"modified":"2025-02-19T14:31:10","modified_gmt":"2025-02-19T14:31:10","slug":"globus-a-2cv-alphamesh-fold-flat-respiraator","status":"publish","type":"product","link":"https:\/\/spectrebaltics.com\/ru\/toode\/globus-a-2cv-alphamesh-fold-flat-respiraator\/","title":{"rendered":"Globus A-2CV Alphamesh Fold Flat respiraator"},"content":{"rendered":"<p><img loading=\"lazy\" class=\"brand-logo \" src=\"https:\/\/globusgroup.ams3.cdn.digitaloceanspaces.com\/globusgroup\/image\/logos\/GG-WEB-LOGOS-1023-02.svg\" alt=\"GG WEB LOGOS 1023 02\" width=\"308\" height=\"49\" \/><\/p>\n<p>A-2CV P2\u00a0 respiraator<\/p>\n<ul>\n<li>Elektrostaatiline filter tagab madala hingamistakistuse<\/li>\n<li>Kerge alfamesh-kest, mis on loodud kuju s\u00e4ilitamiseks<\/li>\n<li>Vertikaalne kokkuklapitav lame disain h\u00f5lpsaks taskus hoidmiseks<\/li>\n<li>Eraldi pakitud<\/li>\n<li>Pidev aasaga pearihm lihtsaks paigaldamiseks<\/li>\n<li>Eelvormitud ninasild; ei vaja sagedast reguleerimist<\/li>\n<li>Identifitseerimise h\u00f5lbustamiseks v\u00e4rvikoodiga<\/li>\n<li>Metallivaba<\/li>\n<li>S\u00f6efilter pakub kaitset ebameeldivate l\u00f5hnade eest ja sobib ideaalselt keevitamiseks<\/li>\n<li>Vastab standardile EN 149: 2001 + A1: 2009 FFP2 NR<\/li>\n<\/ul>\n<p>DATASHEET \u2013 Inglise keeles<\/p>\n<p><a href=\"https:\/\/res.cloudinary.com\/globusgroup\/image\/upload\/PIM\/3f65496d\/65e0ae0448f3b7462a00001e\/MFAS-ALP-A2C_DATA_ALP_A2CV_EN_0919.pdf\">MFAS-ALP-A2C_DATA_ALP_A2CV_EN_0919.pdf<\/a><\/p>\n<p>&nbsp;<\/p>\n<p>&nbsp;<\/p>\n","protected":false},"excerpt":{"rendered":"<p>A-2CV P2\u00a0 respiraator Elektrostaatiline filter tagab madala hingamistakistuse Kerge alfamesh-kest, mis on loodud kuju s\u00e4ilitamiseks Vertikaalne kokkuklapitav lame disain h\u00f5lpsaks taskus hoidmiseks Eraldi pakitud Pidev aasaga pearihm lihtsaks paigaldamiseks Eelvormitud ninasild; ei vaja sagedast reguleerimist Identifitseerimise h\u00f5lbustamiseks v\u00e4rvikoodiga Metallivaba S\u00f6efilter pakub kaitset ebameeldivate l\u00f5hnade eest ja sobib ideaalselt keevitamiseks Vastab standardile EN 149: 2001 +&#8230;<\/p>\n","protected":false},"featured_media":12453,"template":"","meta":[],"product_cat":[106,108],"product_tag":[],"yoast_head":"<!-- This site is optimized with the Yoast SEO plugin v18.4.1 - https:\/\/yoast.com\/wordpress\/plugins\/seo\/ -->\n<title>Globus A-2CV Alphamesh Fold Flat respiraator<\/title>\n<meta name=\"robots\" content=\"index, follow, max-snippet:-1, max-image-preview:large, max-video-preview:-1\" \/>\n<link rel=\"canonical\" href=\"https:\/\/spectrebaltics.com\/toode\/globus-a-2cv-alphamesh-fold-flat-respiraator\/\" \/>\n<meta property=\"og:locale\" content=\"ru_RU\" \/>\n<meta property=\"og:type\" content=\"article\" \/>\n<meta property=\"og:title\" content=\"Globus A-2CV Alphamesh Fold Flat respiraator\" \/>\n<meta property=\"og:description\" content=\"A-2CV P2\u00a0 respiraator Elektrostaatiline filter tagab madala hingamistakistuse Kerge alfamesh-kest, mis on loodud kuju s\u00e4ilitamiseks Vertikaalne kokkuklapitav lame disain h\u00f5lpsaks taskus hoidmiseks Eraldi pakitud Pidev aasaga pearihm lihtsaks paigaldamiseks Eelvormitud ninasild; ei vaja sagedast reguleerimist Identifitseerimise h\u00f5lbustamiseks v\u00e4rvikoodiga Metallivaba S\u00f6efilter pakub kaitset ebameeldivate l\u00f5hnade eest ja sobib ideaalselt keevitamiseks Vastab standardile EN 149: 2001 +...\" \/>\n<meta property=\"og:url\" content=\"https:\/\/spectrebaltics.com\/toode\/globus-a-2cv-alphamesh-fold-flat-respiraator\/\" \/>\n<meta property=\"og:site_name\" content=\"Spectrebaltics\" \/>\n<meta property=\"og:image\" content=\"https:\/\/spectrebaltics.com\/wp-content\/uploads\/2025\/02\/snimok-ekrana-2025-02-19-162250.png\" \/>\n\t<meta property=\"og:image:width\" content=\"1016\" \/>\n\t<meta property=\"og:image:height\" content=\"757\" \/>\n\t<meta property=\"og:image:type\" content=\"image\/png\" \/>\n<meta name=\"twitter:card\" content=\"summary_large_image\" \/>\n<meta name=\"twitter:label1\" content=\"\u041f\u0440\u0438\u043c\u0435\u0440\u043d\u043e\u0435 \u0432\u0440\u0435\u043c\u044f \u0434\u043b\u044f \u0447\u0442\u0435\u043d\u0438\u044f\" \/>\n\t<meta name=\"twitter:data1\" content=\"1 \u043c\u0438\u043d\u0443\u0442\u0430\" \/>\n<script type=\"application\/ld+json\" class=\"yoast-schema-graph\">{\"@context\":\"https:\/\/schema.org\",\"@graph\":[{\"@type\":\"Organization\",\"@id\":\"https:\/\/spectrebaltics.com\/ru\/#organization\",\"name\":\"Spectrebaltics\",\"url\":\"https:\/\/spectrebaltics.com\/ru\/\",\"sameAs\":[],\"logo\":{\"@type\":\"ImageObject\",\"@id\":\"https:\/\/spectrebaltics.com\/ru\/#logo\",\"inLanguage\":\"ru-RU\",\"url\":\"https:\/\/spectrebaltics.com\/wp-content\/uploads\/2024\/03\/Spectrebaltics-logo.svg\",\"contentUrl\":\"https:\/\/spectrebaltics.com\/wp-content\/uploads\/2024\/03\/Spectrebaltics-logo.svg\",\"caption\":\"Spectrebaltics\"},\"image\":{\"@id\":\"https:\/\/spectrebaltics.com\/ru\/#logo\"}},{\"@type\":\"WebSite\",\"@id\":\"https:\/\/spectrebaltics.com\/ru\/#website\",\"url\":\"https:\/\/spectrebaltics.com\/ru\/\",\"name\":\"Spectrebaltics\",\"description\":\"\",\"publisher\":{\"@id\":\"https:\/\/spectrebaltics.com\/ru\/#organization\"},\"potentialAction\":[{\"@type\":\"SearchAction\",\"target\":{\"@type\":\"EntryPoint\",\"urlTemplate\":\"https:\/\/spectrebaltics.com\/ru\/?s={search_term_string}\"},\"query-input\":\"required name=search_term_string\"}],\"inLanguage\":\"ru-RU\"},{\"@type\":\"ImageObject\",\"@id\":\"https:\/\/spectrebaltics.com\/toode\/globus-a-2cv-alphamesh-fold-flat-respiraator\/#primaryimage\",\"inLanguage\":\"ru-RU\",\"url\":\"https:\/\/spectrebaltics.com\/wp-content\/uploads\/2025\/02\/snimok-ekrana-2025-02-19-162250.png\",\"contentUrl\":\"https:\/\/spectrebaltics.com\/wp-content\/uploads\/2025\/02\/snimok-ekrana-2025-02-19-162250.png\",\"width\":1016,\"height\":757},{\"@type\":\"WebPage\",\"@id\":\"https:\/\/spectrebaltics.com\/toode\/globus-a-2cv-alphamesh-fold-flat-respiraator\/#webpage\",\"url\":\"https:\/\/spectrebaltics.com\/toode\/globus-a-2cv-alphamesh-fold-flat-respiraator\/\",\"name\":\"Globus A-2CV Alphamesh Fold Flat respiraator\",\"isPartOf\":{\"@id\":\"https:\/\/spectrebaltics.com\/ru\/#website\"},\"primaryImageOfPage\":{\"@id\":\"https:\/\/spectrebaltics.com\/toode\/globus-a-2cv-alphamesh-fold-flat-respiraator\/#primaryimage\"},\"datePublished\":\"2025-02-19T14:31:10+00:00\",\"dateModified\":\"2025-02-19T14:31:10+00:00\",\"breadcrumb\":{\"@id\":\"https:\/\/spectrebaltics.com\/toode\/globus-a-2cv-alphamesh-fold-flat-respiraator\/#breadcrumb\"},\"inLanguage\":\"ru-RU\",\"potentialAction\":[{\"@type\":\"ReadAction\",\"target\":[\"https:\/\/spectrebaltics.com\/toode\/globus-a-2cv-alphamesh-fold-flat-respiraator\/\"]}]},{\"@type\":\"BreadcrumbList\",\"@id\":\"https:\/\/spectrebaltics.com\/toode\/globus-a-2cv-alphamesh-fold-flat-respiraator\/#breadcrumb\",\"itemListElement\":[{\"@type\":\"ListItem\",\"position\":1,\"name\":\"Home\",\"item\":\"https:\/\/spectrebaltics.com\/ru\/\"},{\"@type\":\"ListItem\",\"position\":2,\"name\":\"\u041a\u0430\u0442\u0430\u043b\u043e\u0433\",\"item\":\"https:\/\/spectrebaltics.com\/ru\/katalog\/\"},{\"@type\":\"ListItem\",\"position\":3,\"name\":\"Globus A-2CV Alphamesh Fold Flat respiraator\"}]}]}<\/script>\n<!-- \/ Yoast SEO plugin. -->","yoast_head_json":{"title":"Globus A-2CV Alphamesh Fold Flat respiraator","robots":{"index":"index","follow":"follow","max-snippet":"max-snippet:-1","max-image-preview":"max-image-preview:large","max-video-preview":"max-video-preview:-1"},"canonical":"https:\/\/spectrebaltics.com\/toode\/globus-a-2cv-alphamesh-fold-flat-respiraator\/","og_locale":"ru_RU","og_type":"article","og_title":"Globus A-2CV Alphamesh Fold Flat respiraator","og_description":"A-2CV P2\u00a0 respiraator Elektrostaatiline filter tagab madala hingamistakistuse Kerge alfamesh-kest, mis on loodud kuju s\u00e4ilitamiseks Vertikaalne kokkuklapitav lame disain h\u00f5lpsaks taskus hoidmiseks Eraldi pakitud Pidev aasaga pearihm lihtsaks paigaldamiseks Eelvormitud ninasild; ei vaja sagedast reguleerimist Identifitseerimise h\u00f5lbustamiseks v\u00e4rvikoodiga Metallivaba S\u00f6efilter pakub kaitset ebameeldivate l\u00f5hnade eest ja sobib ideaalselt keevitamiseks Vastab standardile EN 149: 2001 +...","og_url":"https:\/\/spectrebaltics.com\/toode\/globus-a-2cv-alphamesh-fold-flat-respiraator\/","og_site_name":"Spectrebaltics","og_image":[{"width":1016,"height":757,"url":"https:\/\/spectrebaltics.com\/wp-content\/uploads\/2025\/02\/snimok-ekrana-2025-02-19-162250.png","type":"image\/png"}],"twitter_card":"summary_large_image","twitter_misc":{"\u041f\u0440\u0438\u043c\u0435\u0440\u043d\u043e\u0435 \u0432\u0440\u0435\u043c\u044f \u0434\u043b\u044f \u0447\u0442\u0435\u043d\u0438\u044f":"1 \u043c\u0438\u043d\u0443\u0442\u0430"},"schema":{"@context":"https:\/\/schema.org","@graph":[{"@type":"Organization","@id":"https:\/\/spectrebaltics.com\/ru\/#organization","name":"Spectrebaltics","url":"https:\/\/spectrebaltics.com\/ru\/","sameAs":[],"logo":{"@type":"ImageObject","@id":"https:\/\/spectrebaltics.com\/ru\/#logo","inLanguage":"ru-RU","url":"https:\/\/spectrebaltics.com\/wp-content\/uploads\/2024\/03\/Spectrebaltics-logo.svg","contentUrl":"https:\/\/spectrebaltics.com\/wp-content\/uploads\/2024\/03\/Spectrebaltics-logo.svg","caption":"Spectrebaltics"},"image":{"@id":"https:\/\/spectrebaltics.com\/ru\/#logo"}},{"@type":"WebSite","@id":"https:\/\/spectrebaltics.com\/ru\/#website","url":"https:\/\/spectrebaltics.com\/ru\/","name":"Spectrebaltics","description":"","publisher":{"@id":"https:\/\/spectrebaltics.com\/ru\/#organization"},"potentialAction":[{"@type":"SearchAction","target":{"@type":"EntryPoint","urlTemplate":"https:\/\/spectrebaltics.com\/ru\/?s={search_term_string}"},"query-input":"required name=search_term_string"}],"inLanguage":"ru-RU"},{"@type":"ImageObject","@id":"https:\/\/spectrebaltics.com\/toode\/globus-a-2cv-alphamesh-fold-flat-respiraator\/#primaryimage","inLanguage":"ru-RU","url":"https:\/\/spectrebaltics.com\/wp-content\/uploads\/2025\/02\/snimok-ekrana-2025-02-19-162250.png","contentUrl":"https:\/\/spectrebaltics.com\/wp-content\/uploads\/2025\/02\/snimok-ekrana-2025-02-19-162250.png","width":1016,"height":757},{"@type":"WebPage","@id":"https:\/\/spectrebaltics.com\/toode\/globus-a-2cv-alphamesh-fold-flat-respiraator\/#webpage","url":"https:\/\/spectrebaltics.com\/toode\/globus-a-2cv-alphamesh-fold-flat-respiraator\/","name":"Globus A-2CV Alphamesh Fold Flat respiraator","isPartOf":{"@id":"https:\/\/spectrebaltics.com\/ru\/#website"},"primaryImageOfPage":{"@id":"https:\/\/spectrebaltics.com\/toode\/globus-a-2cv-alphamesh-fold-flat-respiraator\/#primaryimage"},"datePublished":"2025-02-19T14:31:10+00:00","dateModified":"2025-02-19T14:31:10+00:00","breadcrumb":{"@id":"https:\/\/spectrebaltics.com\/toode\/globus-a-2cv-alphamesh-fold-flat-respiraator\/#breadcrumb"},"inLanguage":"ru-RU","potentialAction":[{"@type":"ReadAction","target":["https:\/\/spectrebaltics.com\/toode\/globus-a-2cv-alphamesh-fold-flat-respiraator\/"]}]},{"@type":"BreadcrumbList","@id":"https:\/\/spectrebaltics.com\/toode\/globus-a-2cv-alphamesh-fold-flat-respiraator\/#breadcrumb","itemListElement":[{"@type":"ListItem","position":1,"name":"Home","item":"https:\/\/spectrebaltics.com\/ru\/"},{"@type":"ListItem","position":2,"name":"\u041a\u0430\u0442\u0430\u043b\u043e\u0433","item":"https:\/\/spectrebaltics.com\/ru\/katalog\/"},{"@type":"ListItem","position":3,"name":"Globus A-2CV Alphamesh Fold Flat respiraator"}]}]}},"_links":{"self":[{"href":"https:\/\/spectrebaltics.com\/ru\/wp-json\/wp\/v2\/product\/12452"}],"collection":[{"href":"https:\/\/spectrebaltics.com\/ru\/wp-json\/wp\/v2\/product"}],"about":[{"href":"https:\/\/spectrebaltics.com\/ru\/wp-json\/wp\/v2\/types\/product"}],"wp:featuredmedia":[{"embeddable":true,"href":"https:\/\/spectrebaltics.com\/ru\/wp-json\/wp\/v2\/media\/12453"}],"wp:attachment":[{"href":"https:\/\/spectrebaltics.com\/ru\/wp-json\/wp\/v2\/media?parent=12452"}],"wp:term":[{"taxonomy":"product_cat","embeddable":true,"href":"https:\/\/spectrebaltics.com\/ru\/wp-json\/wp\/v2\/product_cat?post=12452"},{"taxonomy":"product_tag","embeddable":true,"href":"https:\/\/spectrebaltics.com\/ru\/wp-json\/wp\/v2\/product_tag?post=12452"}],"curies":[{"name":"wp","href":"https:\/\/api.w.org\/{rel}","templated":true}]}}