{"id":12469,"date":"2025-05-15T08:57:22","date_gmt":"2025-05-15T08:57:22","guid":{"rendered":"https:\/\/spectrebaltics.com\/?post_type=product&#038;p=12469"},"modified":"2025-05-16T06:39:15","modified_gmt":"2025-05-16T06:39:15","slug":"premium-alligator-veekindlad-sunteetilised-paigalduskindad-voodriga-1021w","status":"publish","type":"product","link":"https:\/\/spectrebaltics.com\/ru\/toode\/premium-alligator-veekindlad-sunteetilised-paigalduskindad-voodriga-1021w\/","title":{"rendered":"Premium Alligator veekindlad s\u00fcnteetilised paigalduskindad voodriga 1021W"},"content":{"rendered":"<p>Alligaatori kvaliteediga kinnas on s\u00fcnteetiline paigaldajakinnas valjastega. Pehme ja mugav k\u00e4es. Fliisvooder ja membraan kaitsevad k\u00fclma ja vedeliku eest.<\/p>\n<p>Omadused<br \/>\n\u2022 Sobib erinevate paigaldiste jaoks<br \/>\n\u2022 Pehme ja hingav<br \/>\n\u2022 Sile s\u00fcnteetiline vetth\u00fclgav pind<\/p>\n<p>CE-klassifikatsioon<br \/>\nI kategooria, EN420<\/p>\n<p>Materjalid<br \/>\nS\u00fcnteetiline nahk, kangas, liim, foolium, fliis<\/p>\n<p>9\/L, 10\/XL, 11\/2XL<\/p>\n<p>&nbsp;<\/p>\n<p>EN388: 2121X:2016<\/p>\n<p>standard selle artikli jaoks nii suve- kui ka talvemudel.<\/p>\n","protected":false},"excerpt":{"rendered":"<p>Alligaatori kvaliteediga kinnas on s\u00fcnteetiline paigaldajakinnas valjastega. Pehme ja mugav k\u00e4es. Fliisvooder ja membraan kaitsevad k\u00fclma ja vedeliku eest. Omadused \u2022 Sobib erinevate paigaldiste jaoks \u2022 Pehme ja hingav \u2022 Sile s\u00fcnteetiline vetth\u00fclgav pind CE-klassifikatsioon I kategooria, EN420 Materjalid S\u00fcnteetiline nahk, kangas, liim, foolium, fliis 9\/L, 10\/XL, 11\/2XL &nbsp; EN388: 2121X:2016 standard selle artikli jaoks&#8230;<\/p>\n","protected":false},"featured_media":12470,"template":"","meta":[],"product_cat":[106,111],"product_tag":[],"yoast_head":"<!-- This site is optimized with the Yoast SEO plugin v18.4.1 - https:\/\/yoast.com\/wordpress\/plugins\/seo\/ -->\n<title>Premium Alligator veekindlad s\u00fcnteetilised paigalduskindad voodriga 1021W<\/title>\n<meta name=\"robots\" content=\"index, follow, max-snippet:-1, max-image-preview:large, max-video-preview:-1\" \/>\n<link rel=\"canonical\" href=\"https:\/\/spectrebaltics.com\/toode\/premium-alligator-veekindlad-sunteetilised-paigalduskindad-voodriga-1021w\/\" \/>\n<meta property=\"og:locale\" content=\"ru_RU\" \/>\n<meta property=\"og:type\" content=\"article\" \/>\n<meta property=\"og:title\" content=\"Premium Alligator veekindlad s\u00fcnteetilised paigalduskindad voodriga 1021W\" \/>\n<meta property=\"og:description\" content=\"Alligaatori kvaliteediga kinnas on s\u00fcnteetiline paigaldajakinnas valjastega. Pehme ja mugav k\u00e4es. Fliisvooder ja membraan kaitsevad k\u00fclma ja vedeliku eest. Omadused \u2022 Sobib erinevate paigaldiste jaoks \u2022 Pehme ja hingav \u2022 Sile s\u00fcnteetiline vetth\u00fclgav pind CE-klassifikatsioon I kategooria, EN420 Materjalid S\u00fcnteetiline nahk, kangas, liim, foolium, fliis 9\/L, 10\/XL, 11\/2XL &nbsp; EN388: 2121X:2016 standard selle artikli jaoks...\" \/>\n<meta property=\"og:url\" content=\"https:\/\/spectrebaltics.com\/toode\/premium-alligator-veekindlad-sunteetilised-paigalduskindad-voodriga-1021w\/\" \/>\n<meta property=\"og:site_name\" content=\"Spectrebaltics\" \/>\n<meta property=\"article:modified_time\" content=\"2025-05-16T06:39:15+00:00\" \/>\n<meta name=\"twitter:card\" content=\"summary_large_image\" \/>\n<meta name=\"twitter:image\" content=\"https:\/\/spectrebaltics.com\/wp-content\/uploads\/2025\/05\/alligatorpremiumvedenpitavasynteettinenasentajakasinevuorillinenart.1021w_1021w_ada721f18d43_1.webp\" \/>\n<meta name=\"twitter:label1\" content=\"\u041f\u0440\u0438\u043c\u0435\u0440\u043d\u043e\u0435 \u0432\u0440\u0435\u043c\u044f \u0434\u043b\u044f \u0447\u0442\u0435\u043d\u0438\u044f\" \/>\n\t<meta name=\"twitter:data1\" content=\"1 \u043c\u0438\u043d\u0443\u0442\u0430\" \/>\n<script type=\"application\/ld+json\" class=\"yoast-schema-graph\">{\"@context\":\"https:\/\/schema.org\",\"@graph\":[{\"@type\":\"Organization\",\"@id\":\"https:\/\/spectrebaltics.com\/ru\/#organization\",\"name\":\"Spectrebaltics\",\"url\":\"https:\/\/spectrebaltics.com\/ru\/\",\"sameAs\":[],\"logo\":{\"@type\":\"ImageObject\",\"@id\":\"https:\/\/spectrebaltics.com\/ru\/#logo\",\"inLanguage\":\"ru-RU\",\"url\":\"https:\/\/spectrebaltics.com\/wp-content\/uploads\/2024\/03\/Spectrebaltics-logo.svg\",\"contentUrl\":\"https:\/\/spectrebaltics.com\/wp-content\/uploads\/2024\/03\/Spectrebaltics-logo.svg\",\"caption\":\"Spectrebaltics\"},\"image\":{\"@id\":\"https:\/\/spectrebaltics.com\/ru\/#logo\"}},{\"@type\":\"WebSite\",\"@id\":\"https:\/\/spectrebaltics.com\/ru\/#website\",\"url\":\"https:\/\/spectrebaltics.com\/ru\/\",\"name\":\"Spectrebaltics\",\"description\":\"\",\"publisher\":{\"@id\":\"https:\/\/spectrebaltics.com\/ru\/#organization\"},\"potentialAction\":[{\"@type\":\"SearchAction\",\"target\":{\"@type\":\"EntryPoint\",\"urlTemplate\":\"https:\/\/spectrebaltics.com\/ru\/?s={search_term_string}\"},\"query-input\":\"required name=search_term_string\"}],\"inLanguage\":\"ru-RU\"},{\"@type\":\"ImageObject\",\"@id\":\"https:\/\/spectrebaltics.com\/toode\/premium-alligator-veekindlad-sunteetilised-paigalduskindad-voodriga-1021w\/#primaryimage\",\"inLanguage\":\"ru-RU\",\"url\":\"https:\/\/spectrebaltics.com\/wp-content\/uploads\/2025\/05\/alligatorpremiumvedenpitavasynteettinenasentajakasinevuorillinenart.1021w_1021w_ada721f18d43_1.webp\",\"contentUrl\":\"https:\/\/spectrebaltics.com\/wp-content\/uploads\/2025\/05\/alligatorpremiumvedenpitavasynteettinenasentajakasinevuorillinenart.1021w_1021w_ada721f18d43_1.webp\",\"width\":1559,\"height\":1949},{\"@type\":\"WebPage\",\"@id\":\"https:\/\/spectrebaltics.com\/toode\/premium-alligator-veekindlad-sunteetilised-paigalduskindad-voodriga-1021w\/#webpage\",\"url\":\"https:\/\/spectrebaltics.com\/toode\/premium-alligator-veekindlad-sunteetilised-paigalduskindad-voodriga-1021w\/\",\"name\":\"Premium Alligator veekindlad s\u00fcnteetilised paigalduskindad voodriga 1021W\",\"isPartOf\":{\"@id\":\"https:\/\/spectrebaltics.com\/ru\/#website\"},\"primaryImageOfPage\":{\"@id\":\"https:\/\/spectrebaltics.com\/toode\/premium-alligator-veekindlad-sunteetilised-paigalduskindad-voodriga-1021w\/#primaryimage\"},\"datePublished\":\"2025-05-15T08:57:22+00:00\",\"dateModified\":\"2025-05-16T06:39:15+00:00\",\"breadcrumb\":{\"@id\":\"https:\/\/spectrebaltics.com\/toode\/premium-alligator-veekindlad-sunteetilised-paigalduskindad-voodriga-1021w\/#breadcrumb\"},\"inLanguage\":\"ru-RU\",\"potentialAction\":[{\"@type\":\"ReadAction\",\"target\":[\"https:\/\/spectrebaltics.com\/toode\/premium-alligator-veekindlad-sunteetilised-paigalduskindad-voodriga-1021w\/\"]}]},{\"@type\":\"BreadcrumbList\",\"@id\":\"https:\/\/spectrebaltics.com\/toode\/premium-alligator-veekindlad-sunteetilised-paigalduskindad-voodriga-1021w\/#breadcrumb\",\"itemListElement\":[{\"@type\":\"ListItem\",\"position\":1,\"name\":\"Home\",\"item\":\"https:\/\/spectrebaltics.com\/ru\/\"},{\"@type\":\"ListItem\",\"position\":2,\"name\":\"\u041a\u0430\u0442\u0430\u043b\u043e\u0433\",\"item\":\"https:\/\/spectrebaltics.com\/ru\/katalog\/\"},{\"@type\":\"ListItem\",\"position\":3,\"name\":\"Premium Alligator veekindlad s\u00fcnteetilised paigalduskindad voodriga 1021W\"}]}]}<\/script>\n<!-- \/ Yoast SEO plugin. -->","yoast_head_json":{"title":"Premium Alligator veekindlad s\u00fcnteetilised paigalduskindad voodriga 1021W","robots":{"index":"index","follow":"follow","max-snippet":"max-snippet:-1","max-image-preview":"max-image-preview:large","max-video-preview":"max-video-preview:-1"},"canonical":"https:\/\/spectrebaltics.com\/toode\/premium-alligator-veekindlad-sunteetilised-paigalduskindad-voodriga-1021w\/","og_locale":"ru_RU","og_type":"article","og_title":"Premium Alligator veekindlad s\u00fcnteetilised paigalduskindad voodriga 1021W","og_description":"Alligaatori kvaliteediga kinnas on s\u00fcnteetiline paigaldajakinnas valjastega. Pehme ja mugav k\u00e4es. Fliisvooder ja membraan kaitsevad k\u00fclma ja vedeliku eest. Omadused \u2022 Sobib erinevate paigaldiste jaoks \u2022 Pehme ja hingav \u2022 Sile s\u00fcnteetiline vetth\u00fclgav pind CE-klassifikatsioon I kategooria, EN420 Materjalid S\u00fcnteetiline nahk, kangas, liim, foolium, fliis 9\/L, 10\/XL, 11\/2XL &nbsp; EN388: 2121X:2016 standard selle artikli jaoks...","og_url":"https:\/\/spectrebaltics.com\/toode\/premium-alligator-veekindlad-sunteetilised-paigalduskindad-voodriga-1021w\/","og_site_name":"Spectrebaltics","article_modified_time":"2025-05-16T06:39:15+00:00","twitter_card":"summary_large_image","twitter_image":"https:\/\/spectrebaltics.com\/wp-content\/uploads\/2025\/05\/alligatorpremiumvedenpitavasynteettinenasentajakasinevuorillinenart.1021w_1021w_ada721f18d43_1.webp","twitter_misc":{"\u041f\u0440\u0438\u043c\u0435\u0440\u043d\u043e\u0435 \u0432\u0440\u0435\u043c\u044f \u0434\u043b\u044f \u0447\u0442\u0435\u043d\u0438\u044f":"1 \u043c\u0438\u043d\u0443\u0442\u0430"},"schema":{"@context":"https:\/\/schema.org","@graph":[{"@type":"Organization","@id":"https:\/\/spectrebaltics.com\/ru\/#organization","name":"Spectrebaltics","url":"https:\/\/spectrebaltics.com\/ru\/","sameAs":[],"logo":{"@type":"ImageObject","@id":"https:\/\/spectrebaltics.com\/ru\/#logo","inLanguage":"ru-RU","url":"https:\/\/spectrebaltics.com\/wp-content\/uploads\/2024\/03\/Spectrebaltics-logo.svg","contentUrl":"https:\/\/spectrebaltics.com\/wp-content\/uploads\/2024\/03\/Spectrebaltics-logo.svg","caption":"Spectrebaltics"},"image":{"@id":"https:\/\/spectrebaltics.com\/ru\/#logo"}},{"@type":"WebSite","@id":"https:\/\/spectrebaltics.com\/ru\/#website","url":"https:\/\/spectrebaltics.com\/ru\/","name":"Spectrebaltics","description":"","publisher":{"@id":"https:\/\/spectrebaltics.com\/ru\/#organization"},"potentialAction":[{"@type":"SearchAction","target":{"@type":"EntryPoint","urlTemplate":"https:\/\/spectrebaltics.com\/ru\/?s={search_term_string}"},"query-input":"required name=search_term_string"}],"inLanguage":"ru-RU"},{"@type":"ImageObject","@id":"https:\/\/spectrebaltics.com\/toode\/premium-alligator-veekindlad-sunteetilised-paigalduskindad-voodriga-1021w\/#primaryimage","inLanguage":"ru-RU","url":"https:\/\/spectrebaltics.com\/wp-content\/uploads\/2025\/05\/alligatorpremiumvedenpitavasynteettinenasentajakasinevuorillinenart.1021w_1021w_ada721f18d43_1.webp","contentUrl":"https:\/\/spectrebaltics.com\/wp-content\/uploads\/2025\/05\/alligatorpremiumvedenpitavasynteettinenasentajakasinevuorillinenart.1021w_1021w_ada721f18d43_1.webp","width":1559,"height":1949},{"@type":"WebPage","@id":"https:\/\/spectrebaltics.com\/toode\/premium-alligator-veekindlad-sunteetilised-paigalduskindad-voodriga-1021w\/#webpage","url":"https:\/\/spectrebaltics.com\/toode\/premium-alligator-veekindlad-sunteetilised-paigalduskindad-voodriga-1021w\/","name":"Premium Alligator veekindlad s\u00fcnteetilised paigalduskindad voodriga 1021W","isPartOf":{"@id":"https:\/\/spectrebaltics.com\/ru\/#website"},"primaryImageOfPage":{"@id":"https:\/\/spectrebaltics.com\/toode\/premium-alligator-veekindlad-sunteetilised-paigalduskindad-voodriga-1021w\/#primaryimage"},"datePublished":"2025-05-15T08:57:22+00:00","dateModified":"2025-05-16T06:39:15+00:00","breadcrumb":{"@id":"https:\/\/spectrebaltics.com\/toode\/premium-alligator-veekindlad-sunteetilised-paigalduskindad-voodriga-1021w\/#breadcrumb"},"inLanguage":"ru-RU","potentialAction":[{"@type":"ReadAction","target":["https:\/\/spectrebaltics.com\/toode\/premium-alligator-veekindlad-sunteetilised-paigalduskindad-voodriga-1021w\/"]}]},{"@type":"BreadcrumbList","@id":"https:\/\/spectrebaltics.com\/toode\/premium-alligator-veekindlad-sunteetilised-paigalduskindad-voodriga-1021w\/#breadcrumb","itemListElement":[{"@type":"ListItem","position":1,"name":"Home","item":"https:\/\/spectrebaltics.com\/ru\/"},{"@type":"ListItem","position":2,"name":"\u041a\u0430\u0442\u0430\u043b\u043e\u0433","item":"https:\/\/spectrebaltics.com\/ru\/katalog\/"},{"@type":"ListItem","position":3,"name":"Premium Alligator veekindlad s\u00fcnteetilised paigalduskindad voodriga 1021W"}]}]}},"_links":{"self":[{"href":"https:\/\/spectrebaltics.com\/ru\/wp-json\/wp\/v2\/product\/12469"}],"collection":[{"href":"https:\/\/spectrebaltics.com\/ru\/wp-json\/wp\/v2\/product"}],"about":[{"href":"https:\/\/spectrebaltics.com\/ru\/wp-json\/wp\/v2\/types\/product"}],"wp:featuredmedia":[{"embeddable":true,"href":"https:\/\/spectrebaltics.com\/ru\/wp-json\/wp\/v2\/media\/12470"}],"wp:attachment":[{"href":"https:\/\/spectrebaltics.com\/ru\/wp-json\/wp\/v2\/media?parent=12469"}],"wp:term":[{"taxonomy":"product_cat","embeddable":true,"href":"https:\/\/spectrebaltics.com\/ru\/wp-json\/wp\/v2\/product_cat?post=12469"},{"taxonomy":"product_tag","embeddable":true,"href":"https:\/\/spectrebaltics.com\/ru\/wp-json\/wp\/v2\/product_tag?post=12469"}],"curies":[{"name":"wp","href":"https:\/\/api.w.org\/{rel}","templated":true}]}}