{"id":12633,"date":"2026-04-06T09:36:34","date_gmt":"2026-04-06T09:36:34","guid":{"rendered":"https:\/\/spectrebaltics.com\/?post_type=product&#038;p=12633"},"modified":"2026-04-06T09:36:34","modified_gmt":"2026-04-06T09:36:34","slug":"promotech-magneti-drell-pro-36-auto-220v-50-60hz","status":"publish","type":"product","link":"https:\/\/spectrebaltics.com\/ru\/toode\/promotech-magneti-drell-pro-36-auto-220v-50-60hz\/","title":{"rendered":"Promotech Magneti drell PRO-36 AUTO 220V 50-60HZ"},"content":{"rendered":"<p>PRO-36 AUTO on varustatud ainulaadse LED-j\u00e4lgimiss\u00fcsteemiga, mis n\u00e4itab puuri hetkeseisukorda ning annab t\u00e4iendavat ohutus- ja diagnostilist teavet. Auto Feed Smart Drive optimeerib iga t\u00f6\u00f6riista freesimisparameetreid individuaalselt, olenevalt selle t\u00fc\u00fcbist (HSS v\u00f5i TCT) ja ava l\u00e4bim\u00f5\u00f5dust 12 mm kuni 36 mm, mis pikendab oluliselt t\u00f6\u00f6riista eluiga. S\u00fcvistamine ja \u00f5hukeste toorikute t\u00f6\u00f6tlemine, kui LED-tuli n\u00e4itab madalat kinnitusj\u00f5udu (vilkuv roheline), on v\u00f5imalik ainult k\u00e4sitsire\u017eiimis.<\/p>\n<p>LED-j\u00e4lgimiss\u00fcsteem vilgub roheliselt, kui tuvastatakse ebapiisav haardumine nt t\u00fchimiku v\u00f5i \u00f5hukese tooriku t\u00f5ttu.<\/p>\n<p>Automaatne s\u00f6\u00f6tmise juhtimine peatab masina, kui l\u00f5ikur l\u00e4bib t\u00f6\u00f6riista.<\/p>\n<p>Kahe vardaga juhts\u00fcsteem tagab erakordse j\u00e4ikuse ja reguleerimisvaba t\u00f6\u00f6.<\/p>\n<p>\u00dclekoormuskaitse hoiab \u00e4ra masina v\u00e4\u00e4rkasutuse.<\/p>\n<p>Kallutusandur \u2013 mootori peatamiseks, kui masin t\u00f6\u00f6tamise ajal pinnast lahti tuleb.<\/p>\n<p>Magnetv\u00e4lja kuju juhtimine (MFSC) tagab maksimaalse kinnitusj\u00f5u \u00f5hukeste materjalide puhul.<\/p>\n<p>Suurem tootlikkus \u2013 \u00fcks operaator saab korraga juhtida mitut masinat.<br \/>\n2-aastane garantii.<\/p>\n<p>rohkem infot: https:\/\/www.promotech.eu\/product\/pro-36-auto-auto-feed-mag-drill\/<\/p>\n","protected":false},"excerpt":{"rendered":"<p>PRO-36 AUTO on varustatud ainulaadse LED-j\u00e4lgimiss\u00fcsteemiga, mis n\u00e4itab puuri hetkeseisukorda ning annab t\u00e4iendavat ohutus- ja diagnostilist teavet. Auto Feed Smart Drive optimeerib iga t\u00f6\u00f6riista freesimisparameetreid individuaalselt, olenevalt selle t\u00fc\u00fcbist (HSS v\u00f5i TCT) ja ava l\u00e4bim\u00f5\u00f5dust 12 mm kuni 36 mm, mis pikendab oluliselt t\u00f6\u00f6riista eluiga. S\u00fcvistamine ja \u00f5hukeste toorikute t\u00f6\u00f6tlemine, kui LED-tuli n\u00e4itab madalat kinnitusj\u00f5udu&#8230;<\/p>\n","protected":false},"featured_media":12634,"template":"","meta":[],"product_cat":[304,301],"product_tag":[],"yoast_head":"<!-- This site is optimized with the Yoast SEO plugin v18.4.1 - https:\/\/yoast.com\/wordpress\/plugins\/seo\/ -->\n<title>Promotech Magneti drell PRO-36 AUTO 220V 50-60HZ<\/title>\n<meta name=\"robots\" content=\"index, follow, max-snippet:-1, max-image-preview:large, max-video-preview:-1\" \/>\n<link rel=\"canonical\" href=\"https:\/\/spectrebaltics.com\/toode\/promotech-magneti-drell-pro-36-auto-220v-50-60hz\/\" \/>\n<meta property=\"og:locale\" content=\"ru_RU\" \/>\n<meta property=\"og:type\" content=\"article\" \/>\n<meta property=\"og:title\" content=\"Promotech Magneti drell PRO-36 AUTO 220V 50-60HZ\" \/>\n<meta property=\"og:description\" content=\"PRO-36 AUTO on varustatud ainulaadse LED-j\u00e4lgimiss\u00fcsteemiga, mis n\u00e4itab puuri hetkeseisukorda ning annab t\u00e4iendavat ohutus- ja diagnostilist teavet. Auto Feed Smart Drive optimeerib iga t\u00f6\u00f6riista freesimisparameetreid individuaalselt, olenevalt selle t\u00fc\u00fcbist (HSS v\u00f5i TCT) ja ava l\u00e4bim\u00f5\u00f5dust 12 mm kuni 36 mm, mis pikendab oluliselt t\u00f6\u00f6riista eluiga. S\u00fcvistamine ja \u00f5hukeste toorikute t\u00f6\u00f6tlemine, kui LED-tuli n\u00e4itab madalat kinnitusj\u00f5udu...\" \/>\n<meta property=\"og:url\" content=\"https:\/\/spectrebaltics.com\/toode\/promotech-magneti-drell-pro-36-auto-220v-50-60hz\/\" \/>\n<meta property=\"og:site_name\" content=\"Spectrebaltics\" \/>\n<meta name=\"twitter:card\" content=\"summary_large_image\" \/>\n<meta name=\"twitter:image\" content=\"https:\/\/spectrebaltics.com\/wp-content\/uploads\/2026\/04\/pro-36-auto-900x1050-1.webp\" \/>\n<meta name=\"twitter:label1\" content=\"\u041f\u0440\u0438\u043c\u0435\u0440\u043d\u043e\u0435 \u0432\u0440\u0435\u043c\u044f \u0434\u043b\u044f \u0447\u0442\u0435\u043d\u0438\u044f\" \/>\n\t<meta name=\"twitter:data1\" content=\"1 \u043c\u0438\u043d\u0443\u0442\u0430\" \/>\n<script type=\"application\/ld+json\" class=\"yoast-schema-graph\">{\"@context\":\"https:\/\/schema.org\",\"@graph\":[{\"@type\":\"Organization\",\"@id\":\"https:\/\/spectrebaltics.com\/ru\/#organization\",\"name\":\"Spectrebaltics\",\"url\":\"https:\/\/spectrebaltics.com\/ru\/\",\"sameAs\":[],\"logo\":{\"@type\":\"ImageObject\",\"@id\":\"https:\/\/spectrebaltics.com\/ru\/#logo\",\"inLanguage\":\"ru-RU\",\"url\":\"https:\/\/spectrebaltics.com\/wp-content\/uploads\/2024\/03\/Spectrebaltics-logo.svg\",\"contentUrl\":\"https:\/\/spectrebaltics.com\/wp-content\/uploads\/2024\/03\/Spectrebaltics-logo.svg\",\"caption\":\"Spectrebaltics\"},\"image\":{\"@id\":\"https:\/\/spectrebaltics.com\/ru\/#logo\"}},{\"@type\":\"WebSite\",\"@id\":\"https:\/\/spectrebaltics.com\/ru\/#website\",\"url\":\"https:\/\/spectrebaltics.com\/ru\/\",\"name\":\"Spectrebaltics\",\"description\":\"\",\"publisher\":{\"@id\":\"https:\/\/spectrebaltics.com\/ru\/#organization\"},\"potentialAction\":[{\"@type\":\"SearchAction\",\"target\":{\"@type\":\"EntryPoint\",\"urlTemplate\":\"https:\/\/spectrebaltics.com\/ru\/?s={search_term_string}\"},\"query-input\":\"required name=search_term_string\"}],\"inLanguage\":\"ru-RU\"},{\"@type\":\"ImageObject\",\"@id\":\"https:\/\/spectrebaltics.com\/toode\/promotech-magneti-drell-pro-36-auto-220v-50-60hz\/#primaryimage\",\"inLanguage\":\"ru-RU\",\"url\":\"https:\/\/spectrebaltics.com\/wp-content\/uploads\/2026\/04\/pro-36-auto-900x1050-1.webp\",\"contentUrl\":\"https:\/\/spectrebaltics.com\/wp-content\/uploads\/2026\/04\/pro-36-auto-900x1050-1.webp\",\"width\":900,\"height\":1050},{\"@type\":\"WebPage\",\"@id\":\"https:\/\/spectrebaltics.com\/toode\/promotech-magneti-drell-pro-36-auto-220v-50-60hz\/#webpage\",\"url\":\"https:\/\/spectrebaltics.com\/toode\/promotech-magneti-drell-pro-36-auto-220v-50-60hz\/\",\"name\":\"Promotech Magneti drell PRO-36 AUTO 220V 50-60HZ\",\"isPartOf\":{\"@id\":\"https:\/\/spectrebaltics.com\/ru\/#website\"},\"primaryImageOfPage\":{\"@id\":\"https:\/\/spectrebaltics.com\/toode\/promotech-magneti-drell-pro-36-auto-220v-50-60hz\/#primaryimage\"},\"datePublished\":\"2026-04-06T09:36:34+00:00\",\"dateModified\":\"2026-04-06T09:36:34+00:00\",\"breadcrumb\":{\"@id\":\"https:\/\/spectrebaltics.com\/toode\/promotech-magneti-drell-pro-36-auto-220v-50-60hz\/#breadcrumb\"},\"inLanguage\":\"ru-RU\",\"potentialAction\":[{\"@type\":\"ReadAction\",\"target\":[\"https:\/\/spectrebaltics.com\/toode\/promotech-magneti-drell-pro-36-auto-220v-50-60hz\/\"]}]},{\"@type\":\"BreadcrumbList\",\"@id\":\"https:\/\/spectrebaltics.com\/toode\/promotech-magneti-drell-pro-36-auto-220v-50-60hz\/#breadcrumb\",\"itemListElement\":[{\"@type\":\"ListItem\",\"position\":1,\"name\":\"Home\",\"item\":\"https:\/\/spectrebaltics.com\/ru\/\"},{\"@type\":\"ListItem\",\"position\":2,\"name\":\"\u041a\u0430\u0442\u0430\u043b\u043e\u0433\",\"item\":\"https:\/\/spectrebaltics.com\/ru\/katalog\/\"},{\"@type\":\"ListItem\",\"position\":3,\"name\":\"Promotech Magneti drell PRO-36 AUTO 220V 50-60HZ\"}]}]}<\/script>\n<!-- \/ Yoast SEO plugin. -->","yoast_head_json":{"title":"Promotech Magneti drell PRO-36 AUTO 220V 50-60HZ","robots":{"index":"index","follow":"follow","max-snippet":"max-snippet:-1","max-image-preview":"max-image-preview:large","max-video-preview":"max-video-preview:-1"},"canonical":"https:\/\/spectrebaltics.com\/toode\/promotech-magneti-drell-pro-36-auto-220v-50-60hz\/","og_locale":"ru_RU","og_type":"article","og_title":"Promotech Magneti drell PRO-36 AUTO 220V 50-60HZ","og_description":"PRO-36 AUTO on varustatud ainulaadse LED-j\u00e4lgimiss\u00fcsteemiga, mis n\u00e4itab puuri hetkeseisukorda ning annab t\u00e4iendavat ohutus- ja diagnostilist teavet. Auto Feed Smart Drive optimeerib iga t\u00f6\u00f6riista freesimisparameetreid individuaalselt, olenevalt selle t\u00fc\u00fcbist (HSS v\u00f5i TCT) ja ava l\u00e4bim\u00f5\u00f5dust 12 mm kuni 36 mm, mis pikendab oluliselt t\u00f6\u00f6riista eluiga. S\u00fcvistamine ja \u00f5hukeste toorikute t\u00f6\u00f6tlemine, kui LED-tuli n\u00e4itab madalat kinnitusj\u00f5udu...","og_url":"https:\/\/spectrebaltics.com\/toode\/promotech-magneti-drell-pro-36-auto-220v-50-60hz\/","og_site_name":"Spectrebaltics","twitter_card":"summary_large_image","twitter_image":"https:\/\/spectrebaltics.com\/wp-content\/uploads\/2026\/04\/pro-36-auto-900x1050-1.webp","twitter_misc":{"\u041f\u0440\u0438\u043c\u0435\u0440\u043d\u043e\u0435 \u0432\u0440\u0435\u043c\u044f \u0434\u043b\u044f \u0447\u0442\u0435\u043d\u0438\u044f":"1 \u043c\u0438\u043d\u0443\u0442\u0430"},"schema":{"@context":"https:\/\/schema.org","@graph":[{"@type":"Organization","@id":"https:\/\/spectrebaltics.com\/ru\/#organization","name":"Spectrebaltics","url":"https:\/\/spectrebaltics.com\/ru\/","sameAs":[],"logo":{"@type":"ImageObject","@id":"https:\/\/spectrebaltics.com\/ru\/#logo","inLanguage":"ru-RU","url":"https:\/\/spectrebaltics.com\/wp-content\/uploads\/2024\/03\/Spectrebaltics-logo.svg","contentUrl":"https:\/\/spectrebaltics.com\/wp-content\/uploads\/2024\/03\/Spectrebaltics-logo.svg","caption":"Spectrebaltics"},"image":{"@id":"https:\/\/spectrebaltics.com\/ru\/#logo"}},{"@type":"WebSite","@id":"https:\/\/spectrebaltics.com\/ru\/#website","url":"https:\/\/spectrebaltics.com\/ru\/","name":"Spectrebaltics","description":"","publisher":{"@id":"https:\/\/spectrebaltics.com\/ru\/#organization"},"potentialAction":[{"@type":"SearchAction","target":{"@type":"EntryPoint","urlTemplate":"https:\/\/spectrebaltics.com\/ru\/?s={search_term_string}"},"query-input":"required name=search_term_string"}],"inLanguage":"ru-RU"},{"@type":"ImageObject","@id":"https:\/\/spectrebaltics.com\/toode\/promotech-magneti-drell-pro-36-auto-220v-50-60hz\/#primaryimage","inLanguage":"ru-RU","url":"https:\/\/spectrebaltics.com\/wp-content\/uploads\/2026\/04\/pro-36-auto-900x1050-1.webp","contentUrl":"https:\/\/spectrebaltics.com\/wp-content\/uploads\/2026\/04\/pro-36-auto-900x1050-1.webp","width":900,"height":1050},{"@type":"WebPage","@id":"https:\/\/spectrebaltics.com\/toode\/promotech-magneti-drell-pro-36-auto-220v-50-60hz\/#webpage","url":"https:\/\/spectrebaltics.com\/toode\/promotech-magneti-drell-pro-36-auto-220v-50-60hz\/","name":"Promotech Magneti drell PRO-36 AUTO 220V 50-60HZ","isPartOf":{"@id":"https:\/\/spectrebaltics.com\/ru\/#website"},"primaryImageOfPage":{"@id":"https:\/\/spectrebaltics.com\/toode\/promotech-magneti-drell-pro-36-auto-220v-50-60hz\/#primaryimage"},"datePublished":"2026-04-06T09:36:34+00:00","dateModified":"2026-04-06T09:36:34+00:00","breadcrumb":{"@id":"https:\/\/spectrebaltics.com\/toode\/promotech-magneti-drell-pro-36-auto-220v-50-60hz\/#breadcrumb"},"inLanguage":"ru-RU","potentialAction":[{"@type":"ReadAction","target":["https:\/\/spectrebaltics.com\/toode\/promotech-magneti-drell-pro-36-auto-220v-50-60hz\/"]}]},{"@type":"BreadcrumbList","@id":"https:\/\/spectrebaltics.com\/toode\/promotech-magneti-drell-pro-36-auto-220v-50-60hz\/#breadcrumb","itemListElement":[{"@type":"ListItem","position":1,"name":"Home","item":"https:\/\/spectrebaltics.com\/ru\/"},{"@type":"ListItem","position":2,"name":"\u041a\u0430\u0442\u0430\u043b\u043e\u0433","item":"https:\/\/spectrebaltics.com\/ru\/katalog\/"},{"@type":"ListItem","position":3,"name":"Promotech Magneti drell PRO-36 AUTO 220V 50-60HZ"}]}]}},"_links":{"self":[{"href":"https:\/\/spectrebaltics.com\/ru\/wp-json\/wp\/v2\/product\/12633"}],"collection":[{"href":"https:\/\/spectrebaltics.com\/ru\/wp-json\/wp\/v2\/product"}],"about":[{"href":"https:\/\/spectrebaltics.com\/ru\/wp-json\/wp\/v2\/types\/product"}],"wp:featuredmedia":[{"embeddable":true,"href":"https:\/\/spectrebaltics.com\/ru\/wp-json\/wp\/v2\/media\/12634"}],"wp:attachment":[{"href":"https:\/\/spectrebaltics.com\/ru\/wp-json\/wp\/v2\/media?parent=12633"}],"wp:term":[{"taxonomy":"product_cat","embeddable":true,"href":"https:\/\/spectrebaltics.com\/ru\/wp-json\/wp\/v2\/product_cat?post=12633"},{"taxonomy":"product_tag","embeddable":true,"href":"https:\/\/spectrebaltics.com\/ru\/wp-json\/wp\/v2\/product_tag?post=12633"}],"curies":[{"name":"wp","href":"https:\/\/api.w.org\/{rel}","templated":true}]}}