{"id":12680,"date":"2026-05-05T10:32:32","date_gmt":"2026-05-05T10:32:32","guid":{"rendered":"https:\/\/spectrebaltics.com\/?post_type=product&#038;p=12680"},"modified":"2026-05-05T10:37:21","modified_gmt":"2026-05-05T10:37:21","slug":"bm-6-aku-juhtmeta-kompaktne-faasimismasin","status":"publish","type":"product","link":"https:\/\/spectrebaltics.com\/ru\/toode\/bm-6-aku-juhtmeta-kompaktne-faasimismasin\/","title":{"rendered":"Promotech BM-6 aku | Juhtmeta kompaktne faasimismasin"},"content":{"rendered":"<p>Akutoitel t\u00f6\u00f6tav kompaktne ja kerge masin l\u00f5ikab kuni 6 mm laiuseid kaldenurki plaatidele, torudele ja kontuuridele. BM-6 aku on ideaalne lahendus ka metallkonstruktsioonide raadiuste R2, R3, R4, R5 \u00fcmardamiseks enne v\u00e4rvimist, et v\u00e4ltida rooste teket teravatele servadele. See pakub suuremat paindlikkust ja teisaldatavust ilma komistamise v\u00f5i toitekaabli sassimineku riskita ning sobib ideaalselt \u00f5ues t\u00f6\u00f6tamiseks kaugemates piirkondades, kus toiteallikas puudub. T\u00f6\u00f6aja pikendamiseks on BM-6 akuga kaasas kaks laetavat CAS akut.<\/p>\n<p>Pidev kalde laiuse reguleerimine kuni 6 mm 45 kraadi juures (30 kraadi \u2013 lisavarustus)<br \/>\nLoob t\u00e4iusliku raadiuse R2, R3, R4 v\u00f5i R5 vaid \u00fche l\u00e4bimisega, s\u00e4\u00e4stes aega ja raha tavap\u00e4raste lihvimismeetoditega v\u00f5rreldes<br \/>\nIdeaalne kasutamiseks v\u00e4litingimustes \u2013 pole vaja vooluv\u00f5rku ega kaablit kaasas kanda<br \/>\nMugavalt toidetav 18-voldise alalisvoolu akuga, sama CAS aku nagu teistel akutoitel PROMOTECH masinatel<br \/>\nLiHD aku tagab maksimaalse v\u00f5imsuse k\u00e4ttesaadavuse<br \/>\n\u00dcks 45-kraadine freespea nii raadius- kui ka V-kalde jaoks<br \/>\nAukude s\u00fcvistamine minimaalse l\u00e4bim\u00f5\u00f5duga 40 mm<br \/>\n\u00dclekoormuskaitse mootori kahjustuste v\u00e4ltimiseks<br \/>\n2-aastane garantii<\/p>\n<p>Rohkem teavet:<\/p>\n<blockquote class=\"wp-embedded-content\" data-secret=\"SNiaExT6pm\"><p><a href=\"https:\/\/www.promotech.eu\/product\/bm-6-battery-cordless-compact-beveller\/\">BM-6 Battery | Cordless Compact Beveller<\/a><\/p><\/blockquote>\n<p><iframe class=\"wp-embedded-content\" sandbox=\"allow-scripts\" security=\"restricted\" style=\"position: absolute; clip: rect(1px, 1px, 1px, 1px);\" title=\"&#8222;BM-6 Battery | Cordless Compact Beveller&#8221; &#8212; PROMOTECH\" src=\"https:\/\/www.promotech.eu\/product\/bm-6-battery-cordless-compact-beveller\/embed\/#?secret=Tye1eiWPus#?secret=SNiaExT6pm\" data-secret=\"SNiaExT6pm\" width=\"600\" height=\"338\" frameborder=\"0\" marginwidth=\"0\" marginheight=\"0\" scrolling=\"no\"><\/iframe><\/p>\n","protected":false},"excerpt":{"rendered":"<p>Akutoitel t\u00f6\u00f6tav kompaktne ja kerge masin l\u00f5ikab kuni 6 mm laiuseid kaldenurki plaatidele, torudele ja kontuuridele. BM-6 aku on ideaalne lahendus ka metallkonstruktsioonide raadiuste R2, R3, R4, R5 \u00fcmardamiseks enne v\u00e4rvimist, et v\u00e4ltida rooste teket teravatele servadele. See pakub suuremat paindlikkust ja teisaldatavust ilma komistamise v\u00f5i toitekaabli sassimineku riskita ning sobib ideaalselt \u00f5ues t\u00f6\u00f6tamiseks kaugemates&#8230;<\/p>\n","protected":false},"featured_media":12681,"template":"","meta":[],"product_cat":[325,119],"product_tag":[],"yoast_head":"<!-- This site is optimized with the Yoast SEO plugin v18.4.1 - https:\/\/yoast.com\/wordpress\/plugins\/seo\/ -->\n<title>Promotech BM-6 aku | Juhtmeta kompaktne faasimismasin<\/title>\n<meta name=\"robots\" content=\"index, follow, max-snippet:-1, max-image-preview:large, max-video-preview:-1\" \/>\n<link rel=\"canonical\" href=\"https:\/\/spectrebaltics.com\/toode\/bm-6-aku-juhtmeta-kompaktne-faasimismasin\/\" \/>\n<meta property=\"og:locale\" content=\"ru_RU\" \/>\n<meta property=\"og:type\" content=\"article\" \/>\n<meta property=\"og:title\" content=\"Promotech BM-6 aku | Juhtmeta kompaktne faasimismasin\" \/>\n<meta property=\"og:description\" content=\"Akutoitel t\u00f6\u00f6tav kompaktne ja kerge masin l\u00f5ikab kuni 6 mm laiuseid kaldenurki plaatidele, torudele ja kontuuridele. BM-6 aku on ideaalne lahendus ka metallkonstruktsioonide raadiuste R2, R3, R4, R5 \u00fcmardamiseks enne v\u00e4rvimist, et v\u00e4ltida rooste teket teravatele servadele. See pakub suuremat paindlikkust ja teisaldatavust ilma komistamise v\u00f5i toitekaabli sassimineku riskita ning sobib ideaalselt \u00f5ues t\u00f6\u00f6tamiseks kaugemates...\" \/>\n<meta property=\"og:url\" content=\"https:\/\/spectrebaltics.com\/toode\/bm-6-aku-juhtmeta-kompaktne-faasimismasin\/\" \/>\n<meta property=\"og:site_name\" content=\"Spectrebaltics\" \/>\n<meta property=\"article:modified_time\" content=\"2026-05-05T10:37:21+00:00\" \/>\n<meta name=\"twitter:card\" content=\"summary_large_image\" \/>\n<meta name=\"twitter:image\" content=\"https:\/\/spectrebaltics.com\/wp-content\/uploads\/2026\/05\/bm-6-battery-feature-image.webp\" \/>\n<meta name=\"twitter:label1\" content=\"\u041f\u0440\u0438\u043c\u0435\u0440\u043d\u043e\u0435 \u0432\u0440\u0435\u043c\u044f \u0434\u043b\u044f \u0447\u0442\u0435\u043d\u0438\u044f\" \/>\n\t<meta name=\"twitter:data1\" content=\"1 \u043c\u0438\u043d\u0443\u0442\u0430\" \/>\n<script type=\"application\/ld+json\" class=\"yoast-schema-graph\">{\"@context\":\"https:\/\/schema.org\",\"@graph\":[{\"@type\":\"Organization\",\"@id\":\"https:\/\/spectrebaltics.com\/ru\/#organization\",\"name\":\"Spectrebaltics\",\"url\":\"https:\/\/spectrebaltics.com\/ru\/\",\"sameAs\":[],\"logo\":{\"@type\":\"ImageObject\",\"@id\":\"https:\/\/spectrebaltics.com\/ru\/#logo\",\"inLanguage\":\"ru-RU\",\"url\":\"https:\/\/spectrebaltics.com\/wp-content\/uploads\/2024\/03\/Spectrebaltics-logo.svg\",\"contentUrl\":\"https:\/\/spectrebaltics.com\/wp-content\/uploads\/2024\/03\/Spectrebaltics-logo.svg\",\"caption\":\"Spectrebaltics\"},\"image\":{\"@id\":\"https:\/\/spectrebaltics.com\/ru\/#logo\"}},{\"@type\":\"WebSite\",\"@id\":\"https:\/\/spectrebaltics.com\/ru\/#website\",\"url\":\"https:\/\/spectrebaltics.com\/ru\/\",\"name\":\"Spectrebaltics\",\"description\":\"\",\"publisher\":{\"@id\":\"https:\/\/spectrebaltics.com\/ru\/#organization\"},\"potentialAction\":[{\"@type\":\"SearchAction\",\"target\":{\"@type\":\"EntryPoint\",\"urlTemplate\":\"https:\/\/spectrebaltics.com\/ru\/?s={search_term_string}\"},\"query-input\":\"required name=search_term_string\"}],\"inLanguage\":\"ru-RU\"},{\"@type\":\"ImageObject\",\"@id\":\"https:\/\/spectrebaltics.com\/toode\/bm-6-aku-juhtmeta-kompaktne-faasimismasin\/#primaryimage\",\"inLanguage\":\"ru-RU\",\"url\":\"https:\/\/spectrebaltics.com\/wp-content\/uploads\/2026\/05\/bm-6-battery-feature-image.webp\",\"contentUrl\":\"https:\/\/spectrebaltics.com\/wp-content\/uploads\/2026\/05\/bm-6-battery-feature-image.webp\",\"width\":1200,\"height\":912},{\"@type\":\"WebPage\",\"@id\":\"https:\/\/spectrebaltics.com\/toode\/bm-6-aku-juhtmeta-kompaktne-faasimismasin\/#webpage\",\"url\":\"https:\/\/spectrebaltics.com\/toode\/bm-6-aku-juhtmeta-kompaktne-faasimismasin\/\",\"name\":\"Promotech BM-6 aku | Juhtmeta kompaktne faasimismasin\",\"isPartOf\":{\"@id\":\"https:\/\/spectrebaltics.com\/ru\/#website\"},\"primaryImageOfPage\":{\"@id\":\"https:\/\/spectrebaltics.com\/toode\/bm-6-aku-juhtmeta-kompaktne-faasimismasin\/#primaryimage\"},\"datePublished\":\"2026-05-05T10:32:32+00:00\",\"dateModified\":\"2026-05-05T10:37:21+00:00\",\"breadcrumb\":{\"@id\":\"https:\/\/spectrebaltics.com\/toode\/bm-6-aku-juhtmeta-kompaktne-faasimismasin\/#breadcrumb\"},\"inLanguage\":\"ru-RU\",\"potentialAction\":[{\"@type\":\"ReadAction\",\"target\":[\"https:\/\/spectrebaltics.com\/toode\/bm-6-aku-juhtmeta-kompaktne-faasimismasin\/\"]}]},{\"@type\":\"BreadcrumbList\",\"@id\":\"https:\/\/spectrebaltics.com\/toode\/bm-6-aku-juhtmeta-kompaktne-faasimismasin\/#breadcrumb\",\"itemListElement\":[{\"@type\":\"ListItem\",\"position\":1,\"name\":\"Home\",\"item\":\"https:\/\/spectrebaltics.com\/ru\/\"},{\"@type\":\"ListItem\",\"position\":2,\"name\":\"\u041a\u0430\u0442\u0430\u043b\u043e\u0433\",\"item\":\"https:\/\/spectrebaltics.com\/ru\/katalog\/\"},{\"@type\":\"ListItem\",\"position\":3,\"name\":\"Promotech BM-6 aku | Juhtmeta kompaktne faasimismasin\"}]}]}<\/script>\n<!-- \/ Yoast SEO plugin. -->","yoast_head_json":{"title":"Promotech BM-6 aku | Juhtmeta kompaktne faasimismasin","robots":{"index":"index","follow":"follow","max-snippet":"max-snippet:-1","max-image-preview":"max-image-preview:large","max-video-preview":"max-video-preview:-1"},"canonical":"https:\/\/spectrebaltics.com\/toode\/bm-6-aku-juhtmeta-kompaktne-faasimismasin\/","og_locale":"ru_RU","og_type":"article","og_title":"Promotech BM-6 aku | Juhtmeta kompaktne faasimismasin","og_description":"Akutoitel t\u00f6\u00f6tav kompaktne ja kerge masin l\u00f5ikab kuni 6 mm laiuseid kaldenurki plaatidele, torudele ja kontuuridele. BM-6 aku on ideaalne lahendus ka metallkonstruktsioonide raadiuste R2, R3, R4, R5 \u00fcmardamiseks enne v\u00e4rvimist, et v\u00e4ltida rooste teket teravatele servadele. See pakub suuremat paindlikkust ja teisaldatavust ilma komistamise v\u00f5i toitekaabli sassimineku riskita ning sobib ideaalselt \u00f5ues t\u00f6\u00f6tamiseks kaugemates...","og_url":"https:\/\/spectrebaltics.com\/toode\/bm-6-aku-juhtmeta-kompaktne-faasimismasin\/","og_site_name":"Spectrebaltics","article_modified_time":"2026-05-05T10:37:21+00:00","twitter_card":"summary_large_image","twitter_image":"https:\/\/spectrebaltics.com\/wp-content\/uploads\/2026\/05\/bm-6-battery-feature-image.webp","twitter_misc":{"\u041f\u0440\u0438\u043c\u0435\u0440\u043d\u043e\u0435 \u0432\u0440\u0435\u043c\u044f \u0434\u043b\u044f \u0447\u0442\u0435\u043d\u0438\u044f":"1 \u043c\u0438\u043d\u0443\u0442\u0430"},"schema":{"@context":"https:\/\/schema.org","@graph":[{"@type":"Organization","@id":"https:\/\/spectrebaltics.com\/ru\/#organization","name":"Spectrebaltics","url":"https:\/\/spectrebaltics.com\/ru\/","sameAs":[],"logo":{"@type":"ImageObject","@id":"https:\/\/spectrebaltics.com\/ru\/#logo","inLanguage":"ru-RU","url":"https:\/\/spectrebaltics.com\/wp-content\/uploads\/2024\/03\/Spectrebaltics-logo.svg","contentUrl":"https:\/\/spectrebaltics.com\/wp-content\/uploads\/2024\/03\/Spectrebaltics-logo.svg","caption":"Spectrebaltics"},"image":{"@id":"https:\/\/spectrebaltics.com\/ru\/#logo"}},{"@type":"WebSite","@id":"https:\/\/spectrebaltics.com\/ru\/#website","url":"https:\/\/spectrebaltics.com\/ru\/","name":"Spectrebaltics","description":"","publisher":{"@id":"https:\/\/spectrebaltics.com\/ru\/#organization"},"potentialAction":[{"@type":"SearchAction","target":{"@type":"EntryPoint","urlTemplate":"https:\/\/spectrebaltics.com\/ru\/?s={search_term_string}"},"query-input":"required name=search_term_string"}],"inLanguage":"ru-RU"},{"@type":"ImageObject","@id":"https:\/\/spectrebaltics.com\/toode\/bm-6-aku-juhtmeta-kompaktne-faasimismasin\/#primaryimage","inLanguage":"ru-RU","url":"https:\/\/spectrebaltics.com\/wp-content\/uploads\/2026\/05\/bm-6-battery-feature-image.webp","contentUrl":"https:\/\/spectrebaltics.com\/wp-content\/uploads\/2026\/05\/bm-6-battery-feature-image.webp","width":1200,"height":912},{"@type":"WebPage","@id":"https:\/\/spectrebaltics.com\/toode\/bm-6-aku-juhtmeta-kompaktne-faasimismasin\/#webpage","url":"https:\/\/spectrebaltics.com\/toode\/bm-6-aku-juhtmeta-kompaktne-faasimismasin\/","name":"Promotech BM-6 aku | Juhtmeta kompaktne faasimismasin","isPartOf":{"@id":"https:\/\/spectrebaltics.com\/ru\/#website"},"primaryImageOfPage":{"@id":"https:\/\/spectrebaltics.com\/toode\/bm-6-aku-juhtmeta-kompaktne-faasimismasin\/#primaryimage"},"datePublished":"2026-05-05T10:32:32+00:00","dateModified":"2026-05-05T10:37:21+00:00","breadcrumb":{"@id":"https:\/\/spectrebaltics.com\/toode\/bm-6-aku-juhtmeta-kompaktne-faasimismasin\/#breadcrumb"},"inLanguage":"ru-RU","potentialAction":[{"@type":"ReadAction","target":["https:\/\/spectrebaltics.com\/toode\/bm-6-aku-juhtmeta-kompaktne-faasimismasin\/"]}]},{"@type":"BreadcrumbList","@id":"https:\/\/spectrebaltics.com\/toode\/bm-6-aku-juhtmeta-kompaktne-faasimismasin\/#breadcrumb","itemListElement":[{"@type":"ListItem","position":1,"name":"Home","item":"https:\/\/spectrebaltics.com\/ru\/"},{"@type":"ListItem","position":2,"name":"\u041a\u0430\u0442\u0430\u043b\u043e\u0433","item":"https:\/\/spectrebaltics.com\/ru\/katalog\/"},{"@type":"ListItem","position":3,"name":"Promotech BM-6 aku | Juhtmeta kompaktne faasimismasin"}]}]}},"_links":{"self":[{"href":"https:\/\/spectrebaltics.com\/ru\/wp-json\/wp\/v2\/product\/12680"}],"collection":[{"href":"https:\/\/spectrebaltics.com\/ru\/wp-json\/wp\/v2\/product"}],"about":[{"href":"https:\/\/spectrebaltics.com\/ru\/wp-json\/wp\/v2\/types\/product"}],"wp:featuredmedia":[{"embeddable":true,"href":"https:\/\/spectrebaltics.com\/ru\/wp-json\/wp\/v2\/media\/12681"}],"wp:attachment":[{"href":"https:\/\/spectrebaltics.com\/ru\/wp-json\/wp\/v2\/media?parent=12680"}],"wp:term":[{"taxonomy":"product_cat","embeddable":true,"href":"https:\/\/spectrebaltics.com\/ru\/wp-json\/wp\/v2\/product_cat?post=12680"},{"taxonomy":"product_tag","embeddable":true,"href":"https:\/\/spectrebaltics.com\/ru\/wp-json\/wp\/v2\/product_tag?post=12680"}],"curies":[{"name":"wp","href":"https:\/\/api.w.org\/{rel}","templated":true}]}}