{"id":12684,"date":"2026-05-05T10:35:24","date_gmt":"2026-05-05T10:35:24","guid":{"rendered":"https:\/\/spectrebaltics.com\/?post_type=product&#038;p=12684"},"modified":"2026-05-05T10:36:45","modified_gmt":"2026-05-05T10:36:45","slug":"bm-7-kompaktne-plaatide-ja-torude-faasimismasin","status":"publish","type":"product","link":"https:\/\/spectrebaltics.com\/ru\/toode\/bm-7-kompaktne-plaatide-ja-torude-faasimismasin\/","title":{"rendered":"Promotech BM-7 | Kompaktne plaatide ja torude faasimismasin"},"content":{"rendered":"<p>V\u00e4ike ja kerge kaldefreesimismasin plaatide, torude ja kontuurprofiilide freesimiseks. Ideaalne lahendus terasprofiilide raadiusservade freesimiseks enne v\u00e4rvimist, et v\u00e4ltida rooste teket teravatele servadele. Kiire ja lihtsalt kasutatav kaldefreesimismasin, mis loob t\u00e4iusliku raadiuse (R2, R3, R4 v\u00f5i R5) vaid \u00fche t\u00f6\u00f6k\u00e4iguga, s\u00e4\u00e4stes aega ja raha tavap\u00e4raste lihvimismeetoditega v\u00f5rreldes.<\/p>\n<p>Kerge ja kompaktne disain<br \/>\nV\u00e4ikesed \u00fcldm\u00f5\u00f5tmed<br \/>\nSuurep\u00e4rane piiratud juurdep\u00e4\u00e4suga kohtades<br \/>\nPidev kalde laiuse reguleerimine<br \/>\nIdeaalne raadiusservade kaldefreesimiseks<br \/>\n\u00dcks 45-kraadine freespea nii raadius- kui ka V-kalde freesimiseks<br \/>\n2-aastane garantii<\/p>\n<p>Rohkem teavet:<\/p>\n<blockquote class=\"wp-embedded-content\" data-secret=\"aGynN4T3iW\"><p><a href=\"https:\/\/www.promotech.eu\/product\/bm-7-compact-plate-and-pipe-beveller\/\">BM-7 | Compact Plate And Pipe Beveller<\/a><\/p><\/blockquote>\n<p><iframe class=\"wp-embedded-content\" sandbox=\"allow-scripts\" security=\"restricted\" style=\"position: absolute; clip: rect(1px, 1px, 1px, 1px);\" title=\"&#8222;BM-7 | Compact Plate And Pipe Beveller&#8221; &#8212; PROMOTECH\" src=\"https:\/\/www.promotech.eu\/product\/bm-7-compact-plate-and-pipe-beveller\/embed\/#?secret=SpRwGzBVCt#?secret=aGynN4T3iW\" data-secret=\"aGynN4T3iW\" width=\"600\" height=\"338\" frameborder=\"0\" marginwidth=\"0\" marginheight=\"0\" scrolling=\"no\"><\/iframe><\/p>\n","protected":false},"excerpt":{"rendered":"<p>V\u00e4ike ja kerge kaldefreesimismasin plaatide, torude ja kontuurprofiilide freesimiseks. Ideaalne lahendus terasprofiilide raadiusservade freesimiseks enne v\u00e4rvimist, et v\u00e4ltida rooste teket teravatele servadele. Kiire ja lihtsalt kasutatav kaldefreesimismasin, mis loob t\u00e4iusliku raadiuse (R2, R3, R4 v\u00f5i R5) vaid \u00fche t\u00f6\u00f6k\u00e4iguga, s\u00e4\u00e4stes aega ja raha tavap\u00e4raste lihvimismeetoditega v\u00f5rreldes. Kerge ja kompaktne disain V\u00e4ikesed \u00fcldm\u00f5\u00f5tmed Suurep\u00e4rane piiratud juurdep\u00e4\u00e4suga&#8230;<\/p>\n","protected":false},"featured_media":12685,"template":"","meta":[],"product_cat":[305,325,119],"product_tag":[],"yoast_head":"<!-- This site is optimized with the Yoast SEO plugin v18.4.1 - https:\/\/yoast.com\/wordpress\/plugins\/seo\/ -->\n<title>Promotech BM-7 | Kompaktne plaatide ja torude faasimismasin<\/title>\n<meta name=\"robots\" content=\"index, follow, max-snippet:-1, max-image-preview:large, max-video-preview:-1\" \/>\n<link rel=\"canonical\" href=\"https:\/\/spectrebaltics.com\/toode\/bm-7-kompaktne-plaatide-ja-torude-faasimismasin\/\" \/>\n<meta property=\"og:locale\" content=\"ru_RU\" \/>\n<meta property=\"og:type\" content=\"article\" \/>\n<meta property=\"og:title\" content=\"Promotech BM-7 | Kompaktne plaatide ja torude faasimismasin\" \/>\n<meta property=\"og:description\" content=\"V\u00e4ike ja kerge kaldefreesimismasin plaatide, torude ja kontuurprofiilide freesimiseks. Ideaalne lahendus terasprofiilide raadiusservade freesimiseks enne v\u00e4rvimist, et v\u00e4ltida rooste teket teravatele servadele. Kiire ja lihtsalt kasutatav kaldefreesimismasin, mis loob t\u00e4iusliku raadiuse (R2, R3, R4 v\u00f5i R5) vaid \u00fche t\u00f6\u00f6k\u00e4iguga, s\u00e4\u00e4stes aega ja raha tavap\u00e4raste lihvimismeetoditega v\u00f5rreldes. Kerge ja kompaktne disain V\u00e4ikesed \u00fcldm\u00f5\u00f5tmed Suurep\u00e4rane piiratud juurdep\u00e4\u00e4suga...\" \/>\n<meta property=\"og:url\" content=\"https:\/\/spectrebaltics.com\/toode\/bm-7-kompaktne-plaatide-ja-torude-faasimismasin\/\" \/>\n<meta property=\"og:site_name\" content=\"Spectrebaltics\" \/>\n<meta property=\"article:modified_time\" content=\"2026-05-05T10:36:45+00:00\" \/>\n<meta property=\"og:image\" content=\"https:\/\/spectrebaltics.com\/wp-content\/uploads\/2026\/05\/bm-18-multitask-plate-and-pipe-beveller.png\" \/>\n\t<meta property=\"og:image:width\" content=\"900\" \/>\n\t<meta property=\"og:image:height\" content=\"955\" \/>\n\t<meta property=\"og:image:type\" content=\"image\/png\" \/>\n<meta name=\"twitter:card\" content=\"summary_large_image\" \/>\n<script type=\"application\/ld+json\" class=\"yoast-schema-graph\">{\"@context\":\"https:\/\/schema.org\",\"@graph\":[{\"@type\":\"Organization\",\"@id\":\"https:\/\/spectrebaltics.com\/ru\/#organization\",\"name\":\"Spectrebaltics\",\"url\":\"https:\/\/spectrebaltics.com\/ru\/\",\"sameAs\":[],\"logo\":{\"@type\":\"ImageObject\",\"@id\":\"https:\/\/spectrebaltics.com\/ru\/#logo\",\"inLanguage\":\"ru-RU\",\"url\":\"https:\/\/spectrebaltics.com\/wp-content\/uploads\/2024\/03\/Spectrebaltics-logo.svg\",\"contentUrl\":\"https:\/\/spectrebaltics.com\/wp-content\/uploads\/2024\/03\/Spectrebaltics-logo.svg\",\"caption\":\"Spectrebaltics\"},\"image\":{\"@id\":\"https:\/\/spectrebaltics.com\/ru\/#logo\"}},{\"@type\":\"WebSite\",\"@id\":\"https:\/\/spectrebaltics.com\/ru\/#website\",\"url\":\"https:\/\/spectrebaltics.com\/ru\/\",\"name\":\"Spectrebaltics\",\"description\":\"\",\"publisher\":{\"@id\":\"https:\/\/spectrebaltics.com\/ru\/#organization\"},\"potentialAction\":[{\"@type\":\"SearchAction\",\"target\":{\"@type\":\"EntryPoint\",\"urlTemplate\":\"https:\/\/spectrebaltics.com\/ru\/?s={search_term_string}\"},\"query-input\":\"required name=search_term_string\"}],\"inLanguage\":\"ru-RU\"},{\"@type\":\"ImageObject\",\"@id\":\"https:\/\/spectrebaltics.com\/toode\/bm-7-kompaktne-plaatide-ja-torude-faasimismasin\/#primaryimage\",\"inLanguage\":\"ru-RU\",\"url\":\"https:\/\/spectrebaltics.com\/wp-content\/uploads\/2026\/05\/bm-18-multitask-plate-and-pipe-beveller.png\",\"contentUrl\":\"https:\/\/spectrebaltics.com\/wp-content\/uploads\/2026\/05\/bm-18-multitask-plate-and-pipe-beveller.png\",\"width\":900,\"height\":955},{\"@type\":\"WebPage\",\"@id\":\"https:\/\/spectrebaltics.com\/toode\/bm-7-kompaktne-plaatide-ja-torude-faasimismasin\/#webpage\",\"url\":\"https:\/\/spectrebaltics.com\/toode\/bm-7-kompaktne-plaatide-ja-torude-faasimismasin\/\",\"name\":\"Promotech BM-7 | Kompaktne plaatide ja torude faasimismasin\",\"isPartOf\":{\"@id\":\"https:\/\/spectrebaltics.com\/ru\/#website\"},\"primaryImageOfPage\":{\"@id\":\"https:\/\/spectrebaltics.com\/toode\/bm-7-kompaktne-plaatide-ja-torude-faasimismasin\/#primaryimage\"},\"datePublished\":\"2026-05-05T10:35:24+00:00\",\"dateModified\":\"2026-05-05T10:36:45+00:00\",\"breadcrumb\":{\"@id\":\"https:\/\/spectrebaltics.com\/toode\/bm-7-kompaktne-plaatide-ja-torude-faasimismasin\/#breadcrumb\"},\"inLanguage\":\"ru-RU\",\"potentialAction\":[{\"@type\":\"ReadAction\",\"target\":[\"https:\/\/spectrebaltics.com\/toode\/bm-7-kompaktne-plaatide-ja-torude-faasimismasin\/\"]}]},{\"@type\":\"BreadcrumbList\",\"@id\":\"https:\/\/spectrebaltics.com\/toode\/bm-7-kompaktne-plaatide-ja-torude-faasimismasin\/#breadcrumb\",\"itemListElement\":[{\"@type\":\"ListItem\",\"position\":1,\"name\":\"Home\",\"item\":\"https:\/\/spectrebaltics.com\/ru\/\"},{\"@type\":\"ListItem\",\"position\":2,\"name\":\"\u041a\u0430\u0442\u0430\u043b\u043e\u0433\",\"item\":\"https:\/\/spectrebaltics.com\/ru\/katalog\/\"},{\"@type\":\"ListItem\",\"position\":3,\"name\":\"Promotech BM-7 | Kompaktne plaatide ja torude faasimismasin\"}]}]}<\/script>\n<!-- \/ Yoast SEO plugin. -->","yoast_head_json":{"title":"Promotech BM-7 | Kompaktne plaatide ja torude faasimismasin","robots":{"index":"index","follow":"follow","max-snippet":"max-snippet:-1","max-image-preview":"max-image-preview:large","max-video-preview":"max-video-preview:-1"},"canonical":"https:\/\/spectrebaltics.com\/toode\/bm-7-kompaktne-plaatide-ja-torude-faasimismasin\/","og_locale":"ru_RU","og_type":"article","og_title":"Promotech BM-7 | Kompaktne plaatide ja torude faasimismasin","og_description":"V\u00e4ike ja kerge kaldefreesimismasin plaatide, torude ja kontuurprofiilide freesimiseks. Ideaalne lahendus terasprofiilide raadiusservade freesimiseks enne v\u00e4rvimist, et v\u00e4ltida rooste teket teravatele servadele. Kiire ja lihtsalt kasutatav kaldefreesimismasin, mis loob t\u00e4iusliku raadiuse (R2, R3, R4 v\u00f5i R5) vaid \u00fche t\u00f6\u00f6k\u00e4iguga, s\u00e4\u00e4stes aega ja raha tavap\u00e4raste lihvimismeetoditega v\u00f5rreldes. Kerge ja kompaktne disain V\u00e4ikesed \u00fcldm\u00f5\u00f5tmed Suurep\u00e4rane piiratud juurdep\u00e4\u00e4suga...","og_url":"https:\/\/spectrebaltics.com\/toode\/bm-7-kompaktne-plaatide-ja-torude-faasimismasin\/","og_site_name":"Spectrebaltics","article_modified_time":"2026-05-05T10:36:45+00:00","og_image":[{"width":900,"height":955,"url":"https:\/\/spectrebaltics.com\/wp-content\/uploads\/2026\/05\/bm-18-multitask-plate-and-pipe-beveller.png","type":"image\/png"}],"twitter_card":"summary_large_image","schema":{"@context":"https:\/\/schema.org","@graph":[{"@type":"Organization","@id":"https:\/\/spectrebaltics.com\/ru\/#organization","name":"Spectrebaltics","url":"https:\/\/spectrebaltics.com\/ru\/","sameAs":[],"logo":{"@type":"ImageObject","@id":"https:\/\/spectrebaltics.com\/ru\/#logo","inLanguage":"ru-RU","url":"https:\/\/spectrebaltics.com\/wp-content\/uploads\/2024\/03\/Spectrebaltics-logo.svg","contentUrl":"https:\/\/spectrebaltics.com\/wp-content\/uploads\/2024\/03\/Spectrebaltics-logo.svg","caption":"Spectrebaltics"},"image":{"@id":"https:\/\/spectrebaltics.com\/ru\/#logo"}},{"@type":"WebSite","@id":"https:\/\/spectrebaltics.com\/ru\/#website","url":"https:\/\/spectrebaltics.com\/ru\/","name":"Spectrebaltics","description":"","publisher":{"@id":"https:\/\/spectrebaltics.com\/ru\/#organization"},"potentialAction":[{"@type":"SearchAction","target":{"@type":"EntryPoint","urlTemplate":"https:\/\/spectrebaltics.com\/ru\/?s={search_term_string}"},"query-input":"required name=search_term_string"}],"inLanguage":"ru-RU"},{"@type":"ImageObject","@id":"https:\/\/spectrebaltics.com\/toode\/bm-7-kompaktne-plaatide-ja-torude-faasimismasin\/#primaryimage","inLanguage":"ru-RU","url":"https:\/\/spectrebaltics.com\/wp-content\/uploads\/2026\/05\/bm-18-multitask-plate-and-pipe-beveller.png","contentUrl":"https:\/\/spectrebaltics.com\/wp-content\/uploads\/2026\/05\/bm-18-multitask-plate-and-pipe-beveller.png","width":900,"height":955},{"@type":"WebPage","@id":"https:\/\/spectrebaltics.com\/toode\/bm-7-kompaktne-plaatide-ja-torude-faasimismasin\/#webpage","url":"https:\/\/spectrebaltics.com\/toode\/bm-7-kompaktne-plaatide-ja-torude-faasimismasin\/","name":"Promotech BM-7 | Kompaktne plaatide ja torude faasimismasin","isPartOf":{"@id":"https:\/\/spectrebaltics.com\/ru\/#website"},"primaryImageOfPage":{"@id":"https:\/\/spectrebaltics.com\/toode\/bm-7-kompaktne-plaatide-ja-torude-faasimismasin\/#primaryimage"},"datePublished":"2026-05-05T10:35:24+00:00","dateModified":"2026-05-05T10:36:45+00:00","breadcrumb":{"@id":"https:\/\/spectrebaltics.com\/toode\/bm-7-kompaktne-plaatide-ja-torude-faasimismasin\/#breadcrumb"},"inLanguage":"ru-RU","potentialAction":[{"@type":"ReadAction","target":["https:\/\/spectrebaltics.com\/toode\/bm-7-kompaktne-plaatide-ja-torude-faasimismasin\/"]}]},{"@type":"BreadcrumbList","@id":"https:\/\/spectrebaltics.com\/toode\/bm-7-kompaktne-plaatide-ja-torude-faasimismasin\/#breadcrumb","itemListElement":[{"@type":"ListItem","position":1,"name":"Home","item":"https:\/\/spectrebaltics.com\/ru\/"},{"@type":"ListItem","position":2,"name":"\u041a\u0430\u0442\u0430\u043b\u043e\u0433","item":"https:\/\/spectrebaltics.com\/ru\/katalog\/"},{"@type":"ListItem","position":3,"name":"Promotech BM-7 | Kompaktne plaatide ja torude faasimismasin"}]}]}},"_links":{"self":[{"href":"https:\/\/spectrebaltics.com\/ru\/wp-json\/wp\/v2\/product\/12684"}],"collection":[{"href":"https:\/\/spectrebaltics.com\/ru\/wp-json\/wp\/v2\/product"}],"about":[{"href":"https:\/\/spectrebaltics.com\/ru\/wp-json\/wp\/v2\/types\/product"}],"wp:featuredmedia":[{"embeddable":true,"href":"https:\/\/spectrebaltics.com\/ru\/wp-json\/wp\/v2\/media\/12685"}],"wp:attachment":[{"href":"https:\/\/spectrebaltics.com\/ru\/wp-json\/wp\/v2\/media?parent=12684"}],"wp:term":[{"taxonomy":"product_cat","embeddable":true,"href":"https:\/\/spectrebaltics.com\/ru\/wp-json\/wp\/v2\/product_cat?post=12684"},{"taxonomy":"product_tag","embeddable":true,"href":"https:\/\/spectrebaltics.com\/ru\/wp-json\/wp\/v2\/product_tag?post=12684"}],"curies":[{"name":"wp","href":"https:\/\/api.w.org\/{rel}","templated":true}]}}