{"id":12697,"date":"2026-05-05T10:46:10","date_gmt":"2026-05-05T10:46:10","guid":{"rendered":"https:\/\/spectrebaltics.com\/?post_type=product&#038;p=12697"},"modified":"2026-05-05T10:46:10","modified_gmt":"2026-05-05T10:46:10","slug":"promotech-bm-20plus-kaasaskantav-faasimismasin","status":"publish","type":"product","link":"https:\/\/spectrebaltics.com\/ru\/toode\/promotech-bm-20plus-kaasaskantav-faasimismasin\/","title":{"rendered":"Promotech BM-20plus | Kaasaskantav faasimismasin"},"content":{"rendered":"<p>BM-20plus on h\u00f5lpsasti kasutatav ja kaasaskantav vastupidav masin, mis on m\u00f5eldud terasplaatide ja -torude faasimiseks enne keevitamist. Masin on varustatud kahe p\u00f6\u00f6rleva freespeaga, millest iga\u00fcks hoiab viit neljapoolset indekseeritavat l\u00f5iketera, mis v\u00f5imaldab sujuvat t\u00f6\u00f6d ja erakordset efektiivsust. BM-20plus on varustatud tipptasemel elektroonilise mootori \u00fclekoormuse mooduliga, mis kaitseb operaatorit, masinat ja t\u00f6\u00f6riistu. See on varustatud ka juhtrullikutega, mis muudavad selle kasutamise lihtsaks ja kergeks.<\/p>\n<p>Kaasaskantav ja vastupidav masin<\/p>\n<p>Maksimaalne kalde laius 21 mm<\/p>\n<p>Pidevalt reguleeritav kaldenurk vahemikus 15\u00b0 kuni 60\u00b0<\/p>\n<p>Varustatud kahe p\u00f6\u00f6rleva freespeaga sujuva ja t\u00f5husa t\u00f6\u00f6 tagamiseks<\/p>\n<p>Pidev freesimiss\u00fcgavuse reguleerimine faasimisprotsessi t\u00e4ielikuks juhtimiseks<\/p>\n<p>Automaatne mootori \u00fclekoormuskaitse mootorikahjustuste v\u00e4ltimiseks<\/p>\n<p>Lisatarvikud laiendavad BM-20plus kasutusv\u00f5imalusi torude ja \u00fcmarplaatide t\u00f6\u00f6tlemiseks ning tooriku (vastupidi) tasase pinna loomiseks<\/p>\n<p>2-aastane garantii<\/p>\n<p>Rohkem teavet:<\/p>\n<blockquote class=\"wp-embedded-content\" data-secret=\"EsJJwo0bZ4\"><p><a href=\"https:\/\/www.promotech.eu\/product\/bm-20plus-portable-beveller\/\">BM-20plus | Portable Beveller<\/a><\/p><\/blockquote>\n<p><iframe class=\"wp-embedded-content\" sandbox=\"allow-scripts\" security=\"restricted\" style=\"position: absolute; clip: rect(1px, 1px, 1px, 1px);\" title=\"&#8222;BM-20plus | Portable Beveller&#8221; &#8212; PROMOTECH\" src=\"https:\/\/www.promotech.eu\/product\/bm-20plus-portable-beveller\/embed\/#?secret=HqElHqIyX8#?secret=EsJJwo0bZ4\" data-secret=\"EsJJwo0bZ4\" width=\"600\" height=\"338\" frameborder=\"0\" marginwidth=\"0\" marginheight=\"0\" scrolling=\"no\"><\/iframe><\/p>\n","protected":false},"excerpt":{"rendered":"<p>BM-20plus on h\u00f5lpsasti kasutatav ja kaasaskantav vastupidav masin, mis on m\u00f5eldud terasplaatide ja -torude faasimiseks enne keevitamist. Masin on varustatud kahe p\u00f6\u00f6rleva freespeaga, millest iga\u00fcks hoiab viit neljapoolset indekseeritavat l\u00f5iketera, mis v\u00f5imaldab sujuvat t\u00f6\u00f6d ja erakordset efektiivsust. BM-20plus on varustatud tipptasemel elektroonilise mootori \u00fclekoormuse mooduliga, mis kaitseb operaatorit, masinat ja t\u00f6\u00f6riistu. See on varustatud ka&#8230;<\/p>\n","protected":false},"featured_media":12698,"template":"","meta":[],"product_cat":[325,119],"product_tag":[],"yoast_head":"<!-- This site is optimized with the Yoast SEO plugin v18.4.1 - https:\/\/yoast.com\/wordpress\/plugins\/seo\/ -->\n<title>Promotech BM-20plus | Kaasaskantav faasimismasin<\/title>\n<meta name=\"robots\" content=\"index, follow, max-snippet:-1, max-image-preview:large, max-video-preview:-1\" \/>\n<link rel=\"canonical\" href=\"https:\/\/spectrebaltics.com\/toode\/promotech-bm-20plus-kaasaskantav-faasimismasin\/\" \/>\n<meta property=\"og:locale\" content=\"ru_RU\" \/>\n<meta property=\"og:type\" content=\"article\" \/>\n<meta property=\"og:title\" content=\"Promotech BM-20plus | Kaasaskantav faasimismasin\" \/>\n<meta property=\"og:description\" content=\"BM-20plus on h\u00f5lpsasti kasutatav ja kaasaskantav vastupidav masin, mis on m\u00f5eldud terasplaatide ja -torude faasimiseks enne keevitamist. Masin on varustatud kahe p\u00f6\u00f6rleva freespeaga, millest iga\u00fcks hoiab viit neljapoolset indekseeritavat l\u00f5iketera, mis v\u00f5imaldab sujuvat t\u00f6\u00f6d ja erakordset efektiivsust. BM-20plus on varustatud tipptasemel elektroonilise mootori \u00fclekoormuse mooduliga, mis kaitseb operaatorit, masinat ja t\u00f6\u00f6riistu. See on varustatud ka...\" \/>\n<meta property=\"og:url\" content=\"https:\/\/spectrebaltics.com\/toode\/promotech-bm-20plus-kaasaskantav-faasimismasin\/\" \/>\n<meta property=\"og:site_name\" content=\"Spectrebaltics\" \/>\n<meta property=\"og:image\" content=\"https:\/\/spectrebaltics.com\/wp-content\/uploads\/2026\/05\/bm20plus_1200-900x900-1.png\" \/>\n\t<meta property=\"og:image:width\" content=\"900\" \/>\n\t<meta property=\"og:image:height\" content=\"900\" \/>\n\t<meta property=\"og:image:type\" content=\"image\/png\" \/>\n<meta name=\"twitter:card\" content=\"summary_large_image\" \/>\n<meta name=\"twitter:label1\" content=\"\u041f\u0440\u0438\u043c\u0435\u0440\u043d\u043e\u0435 \u0432\u0440\u0435\u043c\u044f \u0434\u043b\u044f \u0447\u0442\u0435\u043d\u0438\u044f\" \/>\n\t<meta name=\"twitter:data1\" content=\"1 \u043c\u0438\u043d\u0443\u0442\u0430\" \/>\n<script type=\"application\/ld+json\" class=\"yoast-schema-graph\">{\"@context\":\"https:\/\/schema.org\",\"@graph\":[{\"@type\":\"Organization\",\"@id\":\"https:\/\/spectrebaltics.com\/ru\/#organization\",\"name\":\"Spectrebaltics\",\"url\":\"https:\/\/spectrebaltics.com\/ru\/\",\"sameAs\":[],\"logo\":{\"@type\":\"ImageObject\",\"@id\":\"https:\/\/spectrebaltics.com\/ru\/#logo\",\"inLanguage\":\"ru-RU\",\"url\":\"https:\/\/spectrebaltics.com\/wp-content\/uploads\/2024\/03\/Spectrebaltics-logo.svg\",\"contentUrl\":\"https:\/\/spectrebaltics.com\/wp-content\/uploads\/2024\/03\/Spectrebaltics-logo.svg\",\"caption\":\"Spectrebaltics\"},\"image\":{\"@id\":\"https:\/\/spectrebaltics.com\/ru\/#logo\"}},{\"@type\":\"WebSite\",\"@id\":\"https:\/\/spectrebaltics.com\/ru\/#website\",\"url\":\"https:\/\/spectrebaltics.com\/ru\/\",\"name\":\"Spectrebaltics\",\"description\":\"\",\"publisher\":{\"@id\":\"https:\/\/spectrebaltics.com\/ru\/#organization\"},\"potentialAction\":[{\"@type\":\"SearchAction\",\"target\":{\"@type\":\"EntryPoint\",\"urlTemplate\":\"https:\/\/spectrebaltics.com\/ru\/?s={search_term_string}\"},\"query-input\":\"required name=search_term_string\"}],\"inLanguage\":\"ru-RU\"},{\"@type\":\"ImageObject\",\"@id\":\"https:\/\/spectrebaltics.com\/toode\/promotech-bm-20plus-kaasaskantav-faasimismasin\/#primaryimage\",\"inLanguage\":\"ru-RU\",\"url\":\"https:\/\/spectrebaltics.com\/wp-content\/uploads\/2026\/05\/bm20plus_1200-900x900-1.png\",\"contentUrl\":\"https:\/\/spectrebaltics.com\/wp-content\/uploads\/2026\/05\/bm20plus_1200-900x900-1.png\",\"width\":900,\"height\":900},{\"@type\":\"WebPage\",\"@id\":\"https:\/\/spectrebaltics.com\/toode\/promotech-bm-20plus-kaasaskantav-faasimismasin\/#webpage\",\"url\":\"https:\/\/spectrebaltics.com\/toode\/promotech-bm-20plus-kaasaskantav-faasimismasin\/\",\"name\":\"Promotech BM-20plus | Kaasaskantav faasimismasin\",\"isPartOf\":{\"@id\":\"https:\/\/spectrebaltics.com\/ru\/#website\"},\"primaryImageOfPage\":{\"@id\":\"https:\/\/spectrebaltics.com\/toode\/promotech-bm-20plus-kaasaskantav-faasimismasin\/#primaryimage\"},\"datePublished\":\"2026-05-05T10:46:10+00:00\",\"dateModified\":\"2026-05-05T10:46:10+00:00\",\"breadcrumb\":{\"@id\":\"https:\/\/spectrebaltics.com\/toode\/promotech-bm-20plus-kaasaskantav-faasimismasin\/#breadcrumb\"},\"inLanguage\":\"ru-RU\",\"potentialAction\":[{\"@type\":\"ReadAction\",\"target\":[\"https:\/\/spectrebaltics.com\/toode\/promotech-bm-20plus-kaasaskantav-faasimismasin\/\"]}]},{\"@type\":\"BreadcrumbList\",\"@id\":\"https:\/\/spectrebaltics.com\/toode\/promotech-bm-20plus-kaasaskantav-faasimismasin\/#breadcrumb\",\"itemListElement\":[{\"@type\":\"ListItem\",\"position\":1,\"name\":\"Home\",\"item\":\"https:\/\/spectrebaltics.com\/ru\/\"},{\"@type\":\"ListItem\",\"position\":2,\"name\":\"\u041a\u0430\u0442\u0430\u043b\u043e\u0433\",\"item\":\"https:\/\/spectrebaltics.com\/ru\/katalog\/\"},{\"@type\":\"ListItem\",\"position\":3,\"name\":\"Promotech BM-20plus | Kaasaskantav faasimismasin\"}]}]}<\/script>\n<!-- \/ Yoast SEO plugin. -->","yoast_head_json":{"title":"Promotech BM-20plus | Kaasaskantav faasimismasin","robots":{"index":"index","follow":"follow","max-snippet":"max-snippet:-1","max-image-preview":"max-image-preview:large","max-video-preview":"max-video-preview:-1"},"canonical":"https:\/\/spectrebaltics.com\/toode\/promotech-bm-20plus-kaasaskantav-faasimismasin\/","og_locale":"ru_RU","og_type":"article","og_title":"Promotech BM-20plus | Kaasaskantav faasimismasin","og_description":"BM-20plus on h\u00f5lpsasti kasutatav ja kaasaskantav vastupidav masin, mis on m\u00f5eldud terasplaatide ja -torude faasimiseks enne keevitamist. Masin on varustatud kahe p\u00f6\u00f6rleva freespeaga, millest iga\u00fcks hoiab viit neljapoolset indekseeritavat l\u00f5iketera, mis v\u00f5imaldab sujuvat t\u00f6\u00f6d ja erakordset efektiivsust. BM-20plus on varustatud tipptasemel elektroonilise mootori \u00fclekoormuse mooduliga, mis kaitseb operaatorit, masinat ja t\u00f6\u00f6riistu. See on varustatud ka...","og_url":"https:\/\/spectrebaltics.com\/toode\/promotech-bm-20plus-kaasaskantav-faasimismasin\/","og_site_name":"Spectrebaltics","og_image":[{"width":900,"height":900,"url":"https:\/\/spectrebaltics.com\/wp-content\/uploads\/2026\/05\/bm20plus_1200-900x900-1.png","type":"image\/png"}],"twitter_card":"summary_large_image","twitter_misc":{"\u041f\u0440\u0438\u043c\u0435\u0440\u043d\u043e\u0435 \u0432\u0440\u0435\u043c\u044f \u0434\u043b\u044f \u0447\u0442\u0435\u043d\u0438\u044f":"1 \u043c\u0438\u043d\u0443\u0442\u0430"},"schema":{"@context":"https:\/\/schema.org","@graph":[{"@type":"Organization","@id":"https:\/\/spectrebaltics.com\/ru\/#organization","name":"Spectrebaltics","url":"https:\/\/spectrebaltics.com\/ru\/","sameAs":[],"logo":{"@type":"ImageObject","@id":"https:\/\/spectrebaltics.com\/ru\/#logo","inLanguage":"ru-RU","url":"https:\/\/spectrebaltics.com\/wp-content\/uploads\/2024\/03\/Spectrebaltics-logo.svg","contentUrl":"https:\/\/spectrebaltics.com\/wp-content\/uploads\/2024\/03\/Spectrebaltics-logo.svg","caption":"Spectrebaltics"},"image":{"@id":"https:\/\/spectrebaltics.com\/ru\/#logo"}},{"@type":"WebSite","@id":"https:\/\/spectrebaltics.com\/ru\/#website","url":"https:\/\/spectrebaltics.com\/ru\/","name":"Spectrebaltics","description":"","publisher":{"@id":"https:\/\/spectrebaltics.com\/ru\/#organization"},"potentialAction":[{"@type":"SearchAction","target":{"@type":"EntryPoint","urlTemplate":"https:\/\/spectrebaltics.com\/ru\/?s={search_term_string}"},"query-input":"required name=search_term_string"}],"inLanguage":"ru-RU"},{"@type":"ImageObject","@id":"https:\/\/spectrebaltics.com\/toode\/promotech-bm-20plus-kaasaskantav-faasimismasin\/#primaryimage","inLanguage":"ru-RU","url":"https:\/\/spectrebaltics.com\/wp-content\/uploads\/2026\/05\/bm20plus_1200-900x900-1.png","contentUrl":"https:\/\/spectrebaltics.com\/wp-content\/uploads\/2026\/05\/bm20plus_1200-900x900-1.png","width":900,"height":900},{"@type":"WebPage","@id":"https:\/\/spectrebaltics.com\/toode\/promotech-bm-20plus-kaasaskantav-faasimismasin\/#webpage","url":"https:\/\/spectrebaltics.com\/toode\/promotech-bm-20plus-kaasaskantav-faasimismasin\/","name":"Promotech BM-20plus | Kaasaskantav faasimismasin","isPartOf":{"@id":"https:\/\/spectrebaltics.com\/ru\/#website"},"primaryImageOfPage":{"@id":"https:\/\/spectrebaltics.com\/toode\/promotech-bm-20plus-kaasaskantav-faasimismasin\/#primaryimage"},"datePublished":"2026-05-05T10:46:10+00:00","dateModified":"2026-05-05T10:46:10+00:00","breadcrumb":{"@id":"https:\/\/spectrebaltics.com\/toode\/promotech-bm-20plus-kaasaskantav-faasimismasin\/#breadcrumb"},"inLanguage":"ru-RU","potentialAction":[{"@type":"ReadAction","target":["https:\/\/spectrebaltics.com\/toode\/promotech-bm-20plus-kaasaskantav-faasimismasin\/"]}]},{"@type":"BreadcrumbList","@id":"https:\/\/spectrebaltics.com\/toode\/promotech-bm-20plus-kaasaskantav-faasimismasin\/#breadcrumb","itemListElement":[{"@type":"ListItem","position":1,"name":"Home","item":"https:\/\/spectrebaltics.com\/ru\/"},{"@type":"ListItem","position":2,"name":"\u041a\u0430\u0442\u0430\u043b\u043e\u0433","item":"https:\/\/spectrebaltics.com\/ru\/katalog\/"},{"@type":"ListItem","position":3,"name":"Promotech BM-20plus | Kaasaskantav faasimismasin"}]}]}},"_links":{"self":[{"href":"https:\/\/spectrebaltics.com\/ru\/wp-json\/wp\/v2\/product\/12697"}],"collection":[{"href":"https:\/\/spectrebaltics.com\/ru\/wp-json\/wp\/v2\/product"}],"about":[{"href":"https:\/\/spectrebaltics.com\/ru\/wp-json\/wp\/v2\/types\/product"}],"wp:featuredmedia":[{"embeddable":true,"href":"https:\/\/spectrebaltics.com\/ru\/wp-json\/wp\/v2\/media\/12698"}],"wp:attachment":[{"href":"https:\/\/spectrebaltics.com\/ru\/wp-json\/wp\/v2\/media?parent=12697"}],"wp:term":[{"taxonomy":"product_cat","embeddable":true,"href":"https:\/\/spectrebaltics.com\/ru\/wp-json\/wp\/v2\/product_cat?post=12697"},{"taxonomy":"product_tag","embeddable":true,"href":"https:\/\/spectrebaltics.com\/ru\/wp-json\/wp\/v2\/product_tag?post=12697"}],"curies":[{"name":"wp","href":"https:\/\/api.w.org\/{rel}","templated":true}]}}