{"id":12713,"date":"2026-05-05T11:01:55","date_gmt":"2026-05-05T11:01:55","guid":{"rendered":"https:\/\/spectrebaltics.com\/?post_type=product&#038;p=12713"},"modified":"2026-05-05T11:01:56","modified_gmt":"2026-05-05T11:01:56","slug":"promotech-abm-14-plaatide-ja-torude-faasimismasin","status":"publish","type":"product","link":"https:\/\/spectrebaltics.com\/ru\/toode\/promotech-abm-14-plaatide-ja-torude-faasimismasin\/","title":{"rendered":"Promotech ABM-14 | Plaatide ja torude faasimismasin"},"content":{"rendered":"<p>ABM-14 on automaatse s\u00f6\u00f6tmisega kaldl\u00f5ikur, mis on m\u00f5eldud s\u00fcsinikterasest, legeerterasest, roostevabast terasest v\u00f5i alumiiniumisulamitest plaatide ja torude freesimiseks. Masin suudab \u00fche t\u00f6\u00f6k\u00e4iguga l\u00f5igata kuni 12 mm (1\/2 tolli) laiust kaldl\u00f5ikurit. S\u00f5ltuvalt materjalist on maksimaalse 14 mm (9\/16 tolli) kaldl\u00f5ikuri saavutamiseks vaja kahte v\u00f5i enamat t\u00f6\u00f6k\u00e4iku. ABM-14 v\u00f5imaldab toota kahepoolseid kaldl\u00f5ikureid ilma plaati \u00fcmber p\u00f6\u00f6ramata.<\/p>\n<p>ABM-14 liigub automaatselt m\u00f6\u00f6da pika tooriku serva<br \/>\nkaks valikulist k\u00e4ru ergonoomika, mugavuse ja tootlikkuse suurendamiseks<br \/>\nstandardne l\u00f5ikel\u00f5ikur roostevaba\/legeeritud terase t\u00f6\u00f6tlemiseks<br \/>\nkaks valikulist l\u00f5ikel\u00f5ikurit, mis on m\u00f5eldud s\u00fcsinikterasele ja alumiiniumile<br \/>\nstatsionaarne t\u00f6\u00f6 on v\u00f5imalik v\u00e4ikeste toorikute v\u00f5i torude t\u00f6\u00f6tlemiseks, mille sisel\u00e4bim\u00f5\u00f5t on &gt; 100 mm (4 tolli)<br \/>\nt\u00e4iendav vertikaalne rulljuhik v\u00f5imaldab t\u00f6\u00f6delda n\u00f5gusaid servi, kui k\u00f5verusraadius on 1500 mm v\u00f5i rohkem<br \/>\nABM-14 on madala m\u00fcratasemega masin<br \/>\n2-aastane garantii<\/p>\n<p>Rohkem teavet:<\/p>\n<blockquote class=\"wp-embedded-content\" data-secret=\"DF87KEFNtK\"><p><a href=\"https:\/\/www.promotech.eu\/product\/abm-14-plate-and-pipe-beveler\/\">ABM-14 | Plate and pipe beveler<\/a><\/p><\/blockquote>\n<p><iframe class=\"wp-embedded-content\" sandbox=\"allow-scripts\" security=\"restricted\" style=\"position: absolute; clip: rect(1px, 1px, 1px, 1px);\" title=\"&#8222;ABM-14 | Plate and pipe beveler&#8221; &#8212; PROMOTECH\" src=\"https:\/\/www.promotech.eu\/product\/abm-14-plate-and-pipe-beveler\/embed\/#?secret=EDcV8cIEzK#?secret=DF87KEFNtK\" data-secret=\"DF87KEFNtK\" width=\"600\" height=\"338\" frameborder=\"0\" marginwidth=\"0\" marginheight=\"0\" scrolling=\"no\"><\/iframe><\/p>\n","protected":false},"excerpt":{"rendered":"<p>ABM-14 on automaatse s\u00f6\u00f6tmisega kaldl\u00f5ikur, mis on m\u00f5eldud s\u00fcsinikterasest, legeerterasest, roostevabast terasest v\u00f5i alumiiniumisulamitest plaatide ja torude freesimiseks. Masin suudab \u00fche t\u00f6\u00f6k\u00e4iguga l\u00f5igata kuni 12 mm (1\/2 tolli) laiust kaldl\u00f5ikurit. S\u00f5ltuvalt materjalist on maksimaalse 14 mm (9\/16 tolli) kaldl\u00f5ikuri saavutamiseks vaja kahte v\u00f5i enamat t\u00f6\u00f6k\u00e4iku. ABM-14 v\u00f5imaldab toota kahepoolseid kaldl\u00f5ikureid ilma plaati \u00fcmber p\u00f6\u00f6ramata. ABM-14&#8230;<\/p>\n","protected":false},"featured_media":12714,"template":"","meta":[],"product_cat":[325,119],"product_tag":[],"yoast_head":"<!-- This site is optimized with the Yoast SEO plugin v18.4.1 - https:\/\/yoast.com\/wordpress\/plugins\/seo\/ -->\n<title>Promotech ABM-14 | Plaatide ja torude faasimismasin<\/title>\n<meta name=\"robots\" content=\"index, follow, max-snippet:-1, max-image-preview:large, max-video-preview:-1\" \/>\n<link rel=\"canonical\" href=\"https:\/\/spectrebaltics.com\/toode\/promotech-abm-14-plaatide-ja-torude-faasimismasin\/\" \/>\n<meta property=\"og:locale\" content=\"ru_RU\" \/>\n<meta property=\"og:type\" content=\"article\" \/>\n<meta property=\"og:title\" content=\"Promotech ABM-14 | Plaatide ja torude faasimismasin\" \/>\n<meta property=\"og:description\" content=\"ABM-14 on automaatse s\u00f6\u00f6tmisega kaldl\u00f5ikur, mis on m\u00f5eldud s\u00fcsinikterasest, legeerterasest, roostevabast terasest v\u00f5i alumiiniumisulamitest plaatide ja torude freesimiseks. Masin suudab \u00fche t\u00f6\u00f6k\u00e4iguga l\u00f5igata kuni 12 mm (1\/2 tolli) laiust kaldl\u00f5ikurit. S\u00f5ltuvalt materjalist on maksimaalse 14 mm (9\/16 tolli) kaldl\u00f5ikuri saavutamiseks vaja kahte v\u00f5i enamat t\u00f6\u00f6k\u00e4iku. ABM-14 v\u00f5imaldab toota kahepoolseid kaldl\u00f5ikureid ilma plaati \u00fcmber p\u00f6\u00f6ramata. ABM-14...\" \/>\n<meta property=\"og:url\" content=\"https:\/\/spectrebaltics.com\/toode\/promotech-abm-14-plaatide-ja-torude-faasimismasin\/\" \/>\n<meta property=\"og:site_name\" content=\"Spectrebaltics\" \/>\n<meta property=\"article:modified_time\" content=\"2026-05-05T11:01:56+00:00\" \/>\n<meta property=\"og:image\" content=\"https:\/\/spectrebaltics.com\/wp-content\/uploads\/2026\/05\/abm_14-900x963-1.png\" \/>\n\t<meta property=\"og:image:width\" content=\"900\" \/>\n\t<meta property=\"og:image:height\" content=\"963\" \/>\n\t<meta property=\"og:image:type\" content=\"image\/png\" \/>\n<meta name=\"twitter:card\" content=\"summary_large_image\" \/>\n<meta name=\"twitter:label1\" content=\"\u041f\u0440\u0438\u043c\u0435\u0440\u043d\u043e\u0435 \u0432\u0440\u0435\u043c\u044f \u0434\u043b\u044f \u0447\u0442\u0435\u043d\u0438\u044f\" \/>\n\t<meta name=\"twitter:data1\" content=\"1 \u043c\u0438\u043d\u0443\u0442\u0430\" \/>\n<script type=\"application\/ld+json\" class=\"yoast-schema-graph\">{\"@context\":\"https:\/\/schema.org\",\"@graph\":[{\"@type\":\"Organization\",\"@id\":\"https:\/\/spectrebaltics.com\/ru\/#organization\",\"name\":\"Spectrebaltics\",\"url\":\"https:\/\/spectrebaltics.com\/ru\/\",\"sameAs\":[],\"logo\":{\"@type\":\"ImageObject\",\"@id\":\"https:\/\/spectrebaltics.com\/ru\/#logo\",\"inLanguage\":\"ru-RU\",\"url\":\"https:\/\/spectrebaltics.com\/wp-content\/uploads\/2024\/03\/Spectrebaltics-logo.svg\",\"contentUrl\":\"https:\/\/spectrebaltics.com\/wp-content\/uploads\/2024\/03\/Spectrebaltics-logo.svg\",\"caption\":\"Spectrebaltics\"},\"image\":{\"@id\":\"https:\/\/spectrebaltics.com\/ru\/#logo\"}},{\"@type\":\"WebSite\",\"@id\":\"https:\/\/spectrebaltics.com\/ru\/#website\",\"url\":\"https:\/\/spectrebaltics.com\/ru\/\",\"name\":\"Spectrebaltics\",\"description\":\"\",\"publisher\":{\"@id\":\"https:\/\/spectrebaltics.com\/ru\/#organization\"},\"potentialAction\":[{\"@type\":\"SearchAction\",\"target\":{\"@type\":\"EntryPoint\",\"urlTemplate\":\"https:\/\/spectrebaltics.com\/ru\/?s={search_term_string}\"},\"query-input\":\"required name=search_term_string\"}],\"inLanguage\":\"ru-RU\"},{\"@type\":\"ImageObject\",\"@id\":\"https:\/\/spectrebaltics.com\/toode\/promotech-abm-14-plaatide-ja-torude-faasimismasin\/#primaryimage\",\"inLanguage\":\"ru-RU\",\"url\":\"https:\/\/spectrebaltics.com\/wp-content\/uploads\/2026\/05\/abm_14-900x963-1.png\",\"contentUrl\":\"https:\/\/spectrebaltics.com\/wp-content\/uploads\/2026\/05\/abm_14-900x963-1.png\",\"width\":900,\"height\":963},{\"@type\":\"WebPage\",\"@id\":\"https:\/\/spectrebaltics.com\/toode\/promotech-abm-14-plaatide-ja-torude-faasimismasin\/#webpage\",\"url\":\"https:\/\/spectrebaltics.com\/toode\/promotech-abm-14-plaatide-ja-torude-faasimismasin\/\",\"name\":\"Promotech ABM-14 | Plaatide ja torude faasimismasin\",\"isPartOf\":{\"@id\":\"https:\/\/spectrebaltics.com\/ru\/#website\"},\"primaryImageOfPage\":{\"@id\":\"https:\/\/spectrebaltics.com\/toode\/promotech-abm-14-plaatide-ja-torude-faasimismasin\/#primaryimage\"},\"datePublished\":\"2026-05-05T11:01:55+00:00\",\"dateModified\":\"2026-05-05T11:01:56+00:00\",\"breadcrumb\":{\"@id\":\"https:\/\/spectrebaltics.com\/toode\/promotech-abm-14-plaatide-ja-torude-faasimismasin\/#breadcrumb\"},\"inLanguage\":\"ru-RU\",\"potentialAction\":[{\"@type\":\"ReadAction\",\"target\":[\"https:\/\/spectrebaltics.com\/toode\/promotech-abm-14-plaatide-ja-torude-faasimismasin\/\"]}]},{\"@type\":\"BreadcrumbList\",\"@id\":\"https:\/\/spectrebaltics.com\/toode\/promotech-abm-14-plaatide-ja-torude-faasimismasin\/#breadcrumb\",\"itemListElement\":[{\"@type\":\"ListItem\",\"position\":1,\"name\":\"Home\",\"item\":\"https:\/\/spectrebaltics.com\/ru\/\"},{\"@type\":\"ListItem\",\"position\":2,\"name\":\"\u041a\u0430\u0442\u0430\u043b\u043e\u0433\",\"item\":\"https:\/\/spectrebaltics.com\/ru\/katalog\/\"},{\"@type\":\"ListItem\",\"position\":3,\"name\":\"Promotech ABM-14 | Plaatide ja torude faasimismasin\"}]}]}<\/script>\n<!-- \/ Yoast SEO plugin. -->","yoast_head_json":{"title":"Promotech ABM-14 | Plaatide ja torude faasimismasin","robots":{"index":"index","follow":"follow","max-snippet":"max-snippet:-1","max-image-preview":"max-image-preview:large","max-video-preview":"max-video-preview:-1"},"canonical":"https:\/\/spectrebaltics.com\/toode\/promotech-abm-14-plaatide-ja-torude-faasimismasin\/","og_locale":"ru_RU","og_type":"article","og_title":"Promotech ABM-14 | Plaatide ja torude faasimismasin","og_description":"ABM-14 on automaatse s\u00f6\u00f6tmisega kaldl\u00f5ikur, mis on m\u00f5eldud s\u00fcsinikterasest, legeerterasest, roostevabast terasest v\u00f5i alumiiniumisulamitest plaatide ja torude freesimiseks. Masin suudab \u00fche t\u00f6\u00f6k\u00e4iguga l\u00f5igata kuni 12 mm (1\/2 tolli) laiust kaldl\u00f5ikurit. S\u00f5ltuvalt materjalist on maksimaalse 14 mm (9\/16 tolli) kaldl\u00f5ikuri saavutamiseks vaja kahte v\u00f5i enamat t\u00f6\u00f6k\u00e4iku. ABM-14 v\u00f5imaldab toota kahepoolseid kaldl\u00f5ikureid ilma plaati \u00fcmber p\u00f6\u00f6ramata. ABM-14...","og_url":"https:\/\/spectrebaltics.com\/toode\/promotech-abm-14-plaatide-ja-torude-faasimismasin\/","og_site_name":"Spectrebaltics","article_modified_time":"2026-05-05T11:01:56+00:00","og_image":[{"width":900,"height":963,"url":"https:\/\/spectrebaltics.com\/wp-content\/uploads\/2026\/05\/abm_14-900x963-1.png","type":"image\/png"}],"twitter_card":"summary_large_image","twitter_misc":{"\u041f\u0440\u0438\u043c\u0435\u0440\u043d\u043e\u0435 \u0432\u0440\u0435\u043c\u044f \u0434\u043b\u044f \u0447\u0442\u0435\u043d\u0438\u044f":"1 \u043c\u0438\u043d\u0443\u0442\u0430"},"schema":{"@context":"https:\/\/schema.org","@graph":[{"@type":"Organization","@id":"https:\/\/spectrebaltics.com\/ru\/#organization","name":"Spectrebaltics","url":"https:\/\/spectrebaltics.com\/ru\/","sameAs":[],"logo":{"@type":"ImageObject","@id":"https:\/\/spectrebaltics.com\/ru\/#logo","inLanguage":"ru-RU","url":"https:\/\/spectrebaltics.com\/wp-content\/uploads\/2024\/03\/Spectrebaltics-logo.svg","contentUrl":"https:\/\/spectrebaltics.com\/wp-content\/uploads\/2024\/03\/Spectrebaltics-logo.svg","caption":"Spectrebaltics"},"image":{"@id":"https:\/\/spectrebaltics.com\/ru\/#logo"}},{"@type":"WebSite","@id":"https:\/\/spectrebaltics.com\/ru\/#website","url":"https:\/\/spectrebaltics.com\/ru\/","name":"Spectrebaltics","description":"","publisher":{"@id":"https:\/\/spectrebaltics.com\/ru\/#organization"},"potentialAction":[{"@type":"SearchAction","target":{"@type":"EntryPoint","urlTemplate":"https:\/\/spectrebaltics.com\/ru\/?s={search_term_string}"},"query-input":"required name=search_term_string"}],"inLanguage":"ru-RU"},{"@type":"ImageObject","@id":"https:\/\/spectrebaltics.com\/toode\/promotech-abm-14-plaatide-ja-torude-faasimismasin\/#primaryimage","inLanguage":"ru-RU","url":"https:\/\/spectrebaltics.com\/wp-content\/uploads\/2026\/05\/abm_14-900x963-1.png","contentUrl":"https:\/\/spectrebaltics.com\/wp-content\/uploads\/2026\/05\/abm_14-900x963-1.png","width":900,"height":963},{"@type":"WebPage","@id":"https:\/\/spectrebaltics.com\/toode\/promotech-abm-14-plaatide-ja-torude-faasimismasin\/#webpage","url":"https:\/\/spectrebaltics.com\/toode\/promotech-abm-14-plaatide-ja-torude-faasimismasin\/","name":"Promotech ABM-14 | Plaatide ja torude faasimismasin","isPartOf":{"@id":"https:\/\/spectrebaltics.com\/ru\/#website"},"primaryImageOfPage":{"@id":"https:\/\/spectrebaltics.com\/toode\/promotech-abm-14-plaatide-ja-torude-faasimismasin\/#primaryimage"},"datePublished":"2026-05-05T11:01:55+00:00","dateModified":"2026-05-05T11:01:56+00:00","breadcrumb":{"@id":"https:\/\/spectrebaltics.com\/toode\/promotech-abm-14-plaatide-ja-torude-faasimismasin\/#breadcrumb"},"inLanguage":"ru-RU","potentialAction":[{"@type":"ReadAction","target":["https:\/\/spectrebaltics.com\/toode\/promotech-abm-14-plaatide-ja-torude-faasimismasin\/"]}]},{"@type":"BreadcrumbList","@id":"https:\/\/spectrebaltics.com\/toode\/promotech-abm-14-plaatide-ja-torude-faasimismasin\/#breadcrumb","itemListElement":[{"@type":"ListItem","position":1,"name":"Home","item":"https:\/\/spectrebaltics.com\/ru\/"},{"@type":"ListItem","position":2,"name":"\u041a\u0430\u0442\u0430\u043b\u043e\u0433","item":"https:\/\/spectrebaltics.com\/ru\/katalog\/"},{"@type":"ListItem","position":3,"name":"Promotech ABM-14 | Plaatide ja torude faasimismasin"}]}]}},"_links":{"self":[{"href":"https:\/\/spectrebaltics.com\/ru\/wp-json\/wp\/v2\/product\/12713"}],"collection":[{"href":"https:\/\/spectrebaltics.com\/ru\/wp-json\/wp\/v2\/product"}],"about":[{"href":"https:\/\/spectrebaltics.com\/ru\/wp-json\/wp\/v2\/types\/product"}],"wp:featuredmedia":[{"embeddable":true,"href":"https:\/\/spectrebaltics.com\/ru\/wp-json\/wp\/v2\/media\/12714"}],"wp:attachment":[{"href":"https:\/\/spectrebaltics.com\/ru\/wp-json\/wp\/v2\/media?parent=12713"}],"wp:term":[{"taxonomy":"product_cat","embeddable":true,"href":"https:\/\/spectrebaltics.com\/ru\/wp-json\/wp\/v2\/product_cat?post=12713"},{"taxonomy":"product_tag","embeddable":true,"href":"https:\/\/spectrebaltics.com\/ru\/wp-json\/wp\/v2\/product_tag?post=12713"}],"curies":[{"name":"wp","href":"https:\/\/api.w.org\/{rel}","templated":true}]}}