{"id":12717,"date":"2026-05-05T11:03:37","date_gmt":"2026-05-05T11:03:37","guid":{"rendered":"https:\/\/spectrebaltics.com\/?post_type=product&#038;p=12717"},"modified":"2026-05-05T11:03:38","modified_gmt":"2026-05-05T11:03:38","slug":"promotech-abm-29-automaatse-sootmisega-kahepoolne-vastupidav-kaasaskantav-faasimismasin","status":"publish","type":"product","link":"https:\/\/spectrebaltics.com\/ru\/toode\/promotech-abm-29-automaatse-sootmisega-kahepoolne-vastupidav-kaasaskantav-faasimismasin\/","title":{"rendered":"Promotech ABM-29 | Automaatse s\u00f6\u00f6tmisega kahepoolne vastupidav kaasaskantav faasimismasin"},"content":{"rendered":"<p>Metallit\u00f6\u00f6stuses raskete kaldl\u00f5ikurite kvaliteedi- ja efektiivsusn\u00f5uete rahuldamiseks tutvustab PROMOTECH uut kaasaskantavat masinat kahepoolsete plaatplaatide t\u00f6\u00f6tlemiseks. Nagu juba tuntud ABM-14 kaldl\u00f5ikur, kasutab ka uus ABM-29 kaldl\u00f5ikuseks l\u00f5ikusmeetodit.<\/p>\n<p>ABM-29 on iseliikuv ja vastupidav masin, mis suudab \u00fche t\u00f6\u00f6k\u00e4iguga l\u00f5igata kuni 20 mm laiuseid kaldl\u00f5ikureid. ABM-29 teostab kahepoolseid kaldl\u00f5ikeid 20\u201345 kraadi nurga all erinevatele terastele, sealhulgas roostevabale terasele ja muudele spetsiaalsetele terasplaatidele, ilma et plaati oleks vaja \u00fcmber p\u00f6\u00f6rata. See kaldl\u00f5ikur on varustatud ergonoomilise disainiga k\u00e4ruga transportimiseks ja ladustamiseks. V\u00e4iksemate osade v\u00f5i torude, mille sisel\u00e4bim\u00f5\u00f5t on &gt; 150 mm, t\u00f6\u00f6tlemiseks on ABM-29-ga v\u00f5imalik ka statsionaarne t\u00f6\u00f6.<\/p>\n<p>Tugev kaldl\u00f5ikur, mis liigub automaatselt m\u00f6\u00f6da plaadi serva kiirusega kuni 1,7 m\/min. Kuni 20 mm kalde laius \u00fche t\u00f6\u00f6ts\u00fckliga ja maksimaalselt 29 mm kalde laius p\u00e4rast mitmekordset t\u00f6\u00f6tlemist<br \/>\nPidev freesimisk\u00f5rguse\/kalde laiuse reguleerimine<br \/>\nPidev kaldenurga reguleerimine 20 ja 45 kraadi vahel<br \/>\nIntegreeritud k\u00e4ru \u00fclemise ja alumise kalde freesimise h\u00f5lbustamiseks k\u00f5rguse reguleerimisega vahemikus 685 kuni 1000 mm<br \/>\nStatsionaarne t\u00f6\u00f6 v\u00e4ikeste toorikute t\u00f6\u00f6tlemiseks<br \/>\nTorude t\u00f6\u00f6tlemine minimaalse sisel\u00e4bim\u00f5\u00f5duga 150 mm (6 tolli)<br \/>\n\u00dclekoormuskaitse<br \/>\nTagurpidi liikumise re\u017eiim kinnikiilunud t\u00f6\u00f6riista vabastamiseks<br \/>\nABM-29 on madala m\u00fcratasemega masin<br \/>\n2-aastane garantii<\/p>\n<p>Rohkem teavet:<\/p>\n<blockquote class=\"wp-embedded-content\" data-secret=\"R1ZLmBDeU7\"><p><a href=\"https:\/\/www.promotech.eu\/product\/abm-29-auto-feed-double-side-heavy-duty-portable-beveller\/\">ABM-29 | Auto-Feed Double-Side Heavy Duty Portable Beveller<\/a><\/p><\/blockquote>\n<p><iframe class=\"wp-embedded-content\" sandbox=\"allow-scripts\" security=\"restricted\" style=\"position: absolute; clip: rect(1px, 1px, 1px, 1px);\" title=\"&#8222;ABM-29 | Auto-Feed Double-Side Heavy Duty Portable Beveller&#8221; &#8212; PROMOTECH\" src=\"https:\/\/www.promotech.eu\/product\/abm-29-auto-feed-double-side-heavy-duty-portable-beveller\/embed\/#?secret=FzWeLNmzO6#?secret=R1ZLmBDeU7\" data-secret=\"R1ZLmBDeU7\" width=\"600\" height=\"338\" frameborder=\"0\" marginwidth=\"0\" marginheight=\"0\" scrolling=\"no\"><\/iframe><\/p>\n","protected":false},"excerpt":{"rendered":"<p>Metallit\u00f6\u00f6stuses raskete kaldl\u00f5ikurite kvaliteedi- ja efektiivsusn\u00f5uete rahuldamiseks tutvustab PROMOTECH uut kaasaskantavat masinat kahepoolsete plaatplaatide t\u00f6\u00f6tlemiseks. Nagu juba tuntud ABM-14 kaldl\u00f5ikur, kasutab ka uus ABM-29 kaldl\u00f5ikuseks l\u00f5ikusmeetodit. ABM-29 on iseliikuv ja vastupidav masin, mis suudab \u00fche t\u00f6\u00f6k\u00e4iguga l\u00f5igata kuni 20 mm laiuseid kaldl\u00f5ikureid. ABM-29 teostab kahepoolseid kaldl\u00f5ikeid 20\u201345 kraadi nurga all erinevatele terastele, sealhulgas roostevabale terasele&#8230;<\/p>\n","protected":false},"featured_media":12718,"template":"","meta":[],"product_cat":[325,119],"product_tag":[],"yoast_head":"<!-- This site is optimized with the Yoast SEO plugin v18.4.1 - https:\/\/yoast.com\/wordpress\/plugins\/seo\/ -->\n<title>Promotech ABM-29 | Automaatse s\u00f6\u00f6tmisega kahepoolne vastupidav kaasaskantav faasimismasin<\/title>\n<meta name=\"robots\" content=\"index, follow, max-snippet:-1, max-image-preview:large, max-video-preview:-1\" \/>\n<link rel=\"canonical\" href=\"https:\/\/spectrebaltics.com\/toode\/promotech-abm-29-automaatse-sootmisega-kahepoolne-vastupidav-kaasaskantav-faasimismasin\/\" \/>\n<meta property=\"og:locale\" content=\"ru_RU\" \/>\n<meta property=\"og:type\" content=\"article\" \/>\n<meta property=\"og:title\" content=\"Promotech ABM-29 | Automaatse s\u00f6\u00f6tmisega kahepoolne vastupidav kaasaskantav faasimismasin\" \/>\n<meta property=\"og:description\" content=\"Metallit\u00f6\u00f6stuses raskete kaldl\u00f5ikurite kvaliteedi- ja efektiivsusn\u00f5uete rahuldamiseks tutvustab PROMOTECH uut kaasaskantavat masinat kahepoolsete plaatplaatide t\u00f6\u00f6tlemiseks. Nagu juba tuntud ABM-14 kaldl\u00f5ikur, kasutab ka uus ABM-29 kaldl\u00f5ikuseks l\u00f5ikusmeetodit. ABM-29 on iseliikuv ja vastupidav masin, mis suudab \u00fche t\u00f6\u00f6k\u00e4iguga l\u00f5igata kuni 20 mm laiuseid kaldl\u00f5ikureid. ABM-29 teostab kahepoolseid kaldl\u00f5ikeid 20\u201345 kraadi nurga all erinevatele terastele, sealhulgas roostevabale terasele...\" \/>\n<meta property=\"og:url\" content=\"https:\/\/spectrebaltics.com\/toode\/promotech-abm-29-automaatse-sootmisega-kahepoolne-vastupidav-kaasaskantav-faasimismasin\/\" \/>\n<meta property=\"og:site_name\" content=\"Spectrebaltics\" \/>\n<meta property=\"article:modified_time\" content=\"2026-05-05T11:03:38+00:00\" \/>\n<meta property=\"og:image\" content=\"https:\/\/spectrebaltics.com\/wp-content\/uploads\/2026\/05\/abm-29-auto-feed-double-side-heavy-duty-portable-beveller-900x1121-1.png\" \/>\n\t<meta property=\"og:image:width\" content=\"900\" \/>\n\t<meta property=\"og:image:height\" content=\"1121\" \/>\n\t<meta property=\"og:image:type\" content=\"image\/png\" \/>\n<meta name=\"twitter:card\" content=\"summary_large_image\" \/>\n<meta name=\"twitter:label1\" content=\"\u041f\u0440\u0438\u043c\u0435\u0440\u043d\u043e\u0435 \u0432\u0440\u0435\u043c\u044f \u0434\u043b\u044f \u0447\u0442\u0435\u043d\u0438\u044f\" \/>\n\t<meta name=\"twitter:data1\" content=\"1 \u043c\u0438\u043d\u0443\u0442\u0430\" \/>\n<script type=\"application\/ld+json\" class=\"yoast-schema-graph\">{\"@context\":\"https:\/\/schema.org\",\"@graph\":[{\"@type\":\"Organization\",\"@id\":\"https:\/\/spectrebaltics.com\/ru\/#organization\",\"name\":\"Spectrebaltics\",\"url\":\"https:\/\/spectrebaltics.com\/ru\/\",\"sameAs\":[],\"logo\":{\"@type\":\"ImageObject\",\"@id\":\"https:\/\/spectrebaltics.com\/ru\/#logo\",\"inLanguage\":\"ru-RU\",\"url\":\"https:\/\/spectrebaltics.com\/wp-content\/uploads\/2024\/03\/Spectrebaltics-logo.svg\",\"contentUrl\":\"https:\/\/spectrebaltics.com\/wp-content\/uploads\/2024\/03\/Spectrebaltics-logo.svg\",\"caption\":\"Spectrebaltics\"},\"image\":{\"@id\":\"https:\/\/spectrebaltics.com\/ru\/#logo\"}},{\"@type\":\"WebSite\",\"@id\":\"https:\/\/spectrebaltics.com\/ru\/#website\",\"url\":\"https:\/\/spectrebaltics.com\/ru\/\",\"name\":\"Spectrebaltics\",\"description\":\"\",\"publisher\":{\"@id\":\"https:\/\/spectrebaltics.com\/ru\/#organization\"},\"potentialAction\":[{\"@type\":\"SearchAction\",\"target\":{\"@type\":\"EntryPoint\",\"urlTemplate\":\"https:\/\/spectrebaltics.com\/ru\/?s={search_term_string}\"},\"query-input\":\"required name=search_term_string\"}],\"inLanguage\":\"ru-RU\"},{\"@type\":\"ImageObject\",\"@id\":\"https:\/\/spectrebaltics.com\/toode\/promotech-abm-29-automaatse-sootmisega-kahepoolne-vastupidav-kaasaskantav-faasimismasin\/#primaryimage\",\"inLanguage\":\"ru-RU\",\"url\":\"https:\/\/spectrebaltics.com\/wp-content\/uploads\/2026\/05\/abm-29-auto-feed-double-side-heavy-duty-portable-beveller-900x1121-1.png\",\"contentUrl\":\"https:\/\/spectrebaltics.com\/wp-content\/uploads\/2026\/05\/abm-29-auto-feed-double-side-heavy-duty-portable-beveller-900x1121-1.png\",\"width\":900,\"height\":1121},{\"@type\":\"WebPage\",\"@id\":\"https:\/\/spectrebaltics.com\/toode\/promotech-abm-29-automaatse-sootmisega-kahepoolne-vastupidav-kaasaskantav-faasimismasin\/#webpage\",\"url\":\"https:\/\/spectrebaltics.com\/toode\/promotech-abm-29-automaatse-sootmisega-kahepoolne-vastupidav-kaasaskantav-faasimismasin\/\",\"name\":\"Promotech ABM-29 | Automaatse s\u00f6\u00f6tmisega kahepoolne vastupidav kaasaskantav faasimismasin\",\"isPartOf\":{\"@id\":\"https:\/\/spectrebaltics.com\/ru\/#website\"},\"primaryImageOfPage\":{\"@id\":\"https:\/\/spectrebaltics.com\/toode\/promotech-abm-29-automaatse-sootmisega-kahepoolne-vastupidav-kaasaskantav-faasimismasin\/#primaryimage\"},\"datePublished\":\"2026-05-05T11:03:37+00:00\",\"dateModified\":\"2026-05-05T11:03:38+00:00\",\"breadcrumb\":{\"@id\":\"https:\/\/spectrebaltics.com\/toode\/promotech-abm-29-automaatse-sootmisega-kahepoolne-vastupidav-kaasaskantav-faasimismasin\/#breadcrumb\"},\"inLanguage\":\"ru-RU\",\"potentialAction\":[{\"@type\":\"ReadAction\",\"target\":[\"https:\/\/spectrebaltics.com\/toode\/promotech-abm-29-automaatse-sootmisega-kahepoolne-vastupidav-kaasaskantav-faasimismasin\/\"]}]},{\"@type\":\"BreadcrumbList\",\"@id\":\"https:\/\/spectrebaltics.com\/toode\/promotech-abm-29-automaatse-sootmisega-kahepoolne-vastupidav-kaasaskantav-faasimismasin\/#breadcrumb\",\"itemListElement\":[{\"@type\":\"ListItem\",\"position\":1,\"name\":\"Home\",\"item\":\"https:\/\/spectrebaltics.com\/ru\/\"},{\"@type\":\"ListItem\",\"position\":2,\"name\":\"\u041a\u0430\u0442\u0430\u043b\u043e\u0433\",\"item\":\"https:\/\/spectrebaltics.com\/ru\/katalog\/\"},{\"@type\":\"ListItem\",\"position\":3,\"name\":\"Promotech ABM-29 | Automaatse s\u00f6\u00f6tmisega kahepoolne vastupidav kaasaskantav faasimismasin\"}]}]}<\/script>\n<!-- \/ Yoast SEO plugin. -->","yoast_head_json":{"title":"Promotech ABM-29 | Automaatse s\u00f6\u00f6tmisega kahepoolne vastupidav kaasaskantav faasimismasin","robots":{"index":"index","follow":"follow","max-snippet":"max-snippet:-1","max-image-preview":"max-image-preview:large","max-video-preview":"max-video-preview:-1"},"canonical":"https:\/\/spectrebaltics.com\/toode\/promotech-abm-29-automaatse-sootmisega-kahepoolne-vastupidav-kaasaskantav-faasimismasin\/","og_locale":"ru_RU","og_type":"article","og_title":"Promotech ABM-29 | Automaatse s\u00f6\u00f6tmisega kahepoolne vastupidav kaasaskantav faasimismasin","og_description":"Metallit\u00f6\u00f6stuses raskete kaldl\u00f5ikurite kvaliteedi- ja efektiivsusn\u00f5uete rahuldamiseks tutvustab PROMOTECH uut kaasaskantavat masinat kahepoolsete plaatplaatide t\u00f6\u00f6tlemiseks. Nagu juba tuntud ABM-14 kaldl\u00f5ikur, kasutab ka uus ABM-29 kaldl\u00f5ikuseks l\u00f5ikusmeetodit. ABM-29 on iseliikuv ja vastupidav masin, mis suudab \u00fche t\u00f6\u00f6k\u00e4iguga l\u00f5igata kuni 20 mm laiuseid kaldl\u00f5ikureid. ABM-29 teostab kahepoolseid kaldl\u00f5ikeid 20\u201345 kraadi nurga all erinevatele terastele, sealhulgas roostevabale terasele...","og_url":"https:\/\/spectrebaltics.com\/toode\/promotech-abm-29-automaatse-sootmisega-kahepoolne-vastupidav-kaasaskantav-faasimismasin\/","og_site_name":"Spectrebaltics","article_modified_time":"2026-05-05T11:03:38+00:00","og_image":[{"width":900,"height":1121,"url":"https:\/\/spectrebaltics.com\/wp-content\/uploads\/2026\/05\/abm-29-auto-feed-double-side-heavy-duty-portable-beveller-900x1121-1.png","type":"image\/png"}],"twitter_card":"summary_large_image","twitter_misc":{"\u041f\u0440\u0438\u043c\u0435\u0440\u043d\u043e\u0435 \u0432\u0440\u0435\u043c\u044f \u0434\u043b\u044f \u0447\u0442\u0435\u043d\u0438\u044f":"1 \u043c\u0438\u043d\u0443\u0442\u0430"},"schema":{"@context":"https:\/\/schema.org","@graph":[{"@type":"Organization","@id":"https:\/\/spectrebaltics.com\/ru\/#organization","name":"Spectrebaltics","url":"https:\/\/spectrebaltics.com\/ru\/","sameAs":[],"logo":{"@type":"ImageObject","@id":"https:\/\/spectrebaltics.com\/ru\/#logo","inLanguage":"ru-RU","url":"https:\/\/spectrebaltics.com\/wp-content\/uploads\/2024\/03\/Spectrebaltics-logo.svg","contentUrl":"https:\/\/spectrebaltics.com\/wp-content\/uploads\/2024\/03\/Spectrebaltics-logo.svg","caption":"Spectrebaltics"},"image":{"@id":"https:\/\/spectrebaltics.com\/ru\/#logo"}},{"@type":"WebSite","@id":"https:\/\/spectrebaltics.com\/ru\/#website","url":"https:\/\/spectrebaltics.com\/ru\/","name":"Spectrebaltics","description":"","publisher":{"@id":"https:\/\/spectrebaltics.com\/ru\/#organization"},"potentialAction":[{"@type":"SearchAction","target":{"@type":"EntryPoint","urlTemplate":"https:\/\/spectrebaltics.com\/ru\/?s={search_term_string}"},"query-input":"required name=search_term_string"}],"inLanguage":"ru-RU"},{"@type":"ImageObject","@id":"https:\/\/spectrebaltics.com\/toode\/promotech-abm-29-automaatse-sootmisega-kahepoolne-vastupidav-kaasaskantav-faasimismasin\/#primaryimage","inLanguage":"ru-RU","url":"https:\/\/spectrebaltics.com\/wp-content\/uploads\/2026\/05\/abm-29-auto-feed-double-side-heavy-duty-portable-beveller-900x1121-1.png","contentUrl":"https:\/\/spectrebaltics.com\/wp-content\/uploads\/2026\/05\/abm-29-auto-feed-double-side-heavy-duty-portable-beveller-900x1121-1.png","width":900,"height":1121},{"@type":"WebPage","@id":"https:\/\/spectrebaltics.com\/toode\/promotech-abm-29-automaatse-sootmisega-kahepoolne-vastupidav-kaasaskantav-faasimismasin\/#webpage","url":"https:\/\/spectrebaltics.com\/toode\/promotech-abm-29-automaatse-sootmisega-kahepoolne-vastupidav-kaasaskantav-faasimismasin\/","name":"Promotech ABM-29 | Automaatse s\u00f6\u00f6tmisega kahepoolne vastupidav kaasaskantav faasimismasin","isPartOf":{"@id":"https:\/\/spectrebaltics.com\/ru\/#website"},"primaryImageOfPage":{"@id":"https:\/\/spectrebaltics.com\/toode\/promotech-abm-29-automaatse-sootmisega-kahepoolne-vastupidav-kaasaskantav-faasimismasin\/#primaryimage"},"datePublished":"2026-05-05T11:03:37+00:00","dateModified":"2026-05-05T11:03:38+00:00","breadcrumb":{"@id":"https:\/\/spectrebaltics.com\/toode\/promotech-abm-29-automaatse-sootmisega-kahepoolne-vastupidav-kaasaskantav-faasimismasin\/#breadcrumb"},"inLanguage":"ru-RU","potentialAction":[{"@type":"ReadAction","target":["https:\/\/spectrebaltics.com\/toode\/promotech-abm-29-automaatse-sootmisega-kahepoolne-vastupidav-kaasaskantav-faasimismasin\/"]}]},{"@type":"BreadcrumbList","@id":"https:\/\/spectrebaltics.com\/toode\/promotech-abm-29-automaatse-sootmisega-kahepoolne-vastupidav-kaasaskantav-faasimismasin\/#breadcrumb","itemListElement":[{"@type":"ListItem","position":1,"name":"Home","item":"https:\/\/spectrebaltics.com\/ru\/"},{"@type":"ListItem","position":2,"name":"\u041a\u0430\u0442\u0430\u043b\u043e\u0433","item":"https:\/\/spectrebaltics.com\/ru\/katalog\/"},{"@type":"ListItem","position":3,"name":"Promotech ABM-29 | Automaatse s\u00f6\u00f6tmisega kahepoolne vastupidav kaasaskantav faasimismasin"}]}]}},"_links":{"self":[{"href":"https:\/\/spectrebaltics.com\/ru\/wp-json\/wp\/v2\/product\/12717"}],"collection":[{"href":"https:\/\/spectrebaltics.com\/ru\/wp-json\/wp\/v2\/product"}],"about":[{"href":"https:\/\/spectrebaltics.com\/ru\/wp-json\/wp\/v2\/types\/product"}],"wp:featuredmedia":[{"embeddable":true,"href":"https:\/\/spectrebaltics.com\/ru\/wp-json\/wp\/v2\/media\/12718"}],"wp:attachment":[{"href":"https:\/\/spectrebaltics.com\/ru\/wp-json\/wp\/v2\/media?parent=12717"}],"wp:term":[{"taxonomy":"product_cat","embeddable":true,"href":"https:\/\/spectrebaltics.com\/ru\/wp-json\/wp\/v2\/product_cat?post=12717"},{"taxonomy":"product_tag","embeddable":true,"href":"https:\/\/spectrebaltics.com\/ru\/wp-json\/wp\/v2\/product_tag?post=12717"}],"curies":[{"name":"wp","href":"https:\/\/api.w.org\/{rel}","templated":true}]}}