{"id":12737,"date":"2026-05-05T11:51:44","date_gmt":"2026-05-05T11:51:44","guid":{"rendered":"https:\/\/spectrebaltics.com\/?post_type=product&#038;p=12737"},"modified":"2026-05-05T11:51:44","modified_gmt":"2026-05-05T11:51:44","slug":"promotech-pro-5-pb-kaasaskantav-toru-faasimismasin","status":"publish","type":"product","link":"https:\/\/spectrebaltics.com\/ru\/toode\/promotech-pro-5-pb-kaasaskantav-toru-faasimismasin\/","title":{"rendered":"Promotech PRO-5 PB | Kaasaskantav toru faasimismasin"},"content":{"rendered":"<p>PRO-5 PB on k\u00e4ep\u00e4rane ja kerge kaasaskantav kaldl\u00f5ikur, mis on loodud ideaalse keevis\u00f5mbluse ettevalmistamise serva loomiseks s\u00fcsinik- ja roostevabast terasest, alumiiniumisulamitest ja vasknikkel\u00fchenditest torudele. Saadaval kas pneumaatilise mootori, elektrimootori v\u00f5i akutoitel ning kaldl\u00f5ikurit saab paigaldada torusse v\u00f5i torustikku, mille minimaalne sisel\u00e4bim\u00f5\u00f5t on 32 mm (1,25 tolli) ja kaldl\u00f5ikuri v\u00e4lisl\u00e4bim\u00f5\u00f5t kuni 140 mm (5,51 tolli). Kolme t\u00f6\u00f6riistahoidikuga PRO-5 PB suudab samaaegselt freesida v\u00e4lisl\u00e4bim\u00f5\u00f5du kaldl\u00f5ikuri, juurepinna ja sisemise s\u00fcvendi, et luua vuugi \u00fcmber \u00fchtlane seinapaksus ja tagada t\u00e4ielik keevis\u00f5mbluse l\u00e4bitungimine. Kasutades isetsentreeruvat mandrelit, mis kinnitatakse toru v\u00f5i toru avatud otsa sissepoole, v\u00f5imaldab kaldl\u00f5ikur v\u00e4ga korduvat ja \u00fchtlast sobitust ning seda saab kiiresti \u00fchelt torult teisele paigaldada, et v\u00e4hendada ts\u00fckliaegu ja parandada t\u00f6\u00f6voogu.<\/p>\n<p>Masin katab l\u00e4bim\u00f5\u00f5tude vahemiku alates 32 mm sisel\u00e4bim\u00f5\u00f5dust kuni 140 mm v\u00e4lisl\u00e4bim\u00f5\u00f5duni.<br \/>\nIsetsentreeruvad laiendatavad sisel\u00e4bim\u00f5\u00f5duga kinnitatud mandrelid tagavad kiire ja \u00f5ige joondamise toru v\u00f5i toruga enne t\u00f6\u00f6tlemist.<\/p>\n<p>Kaldl\u00f5ikurile, pinnale ja s\u00fcvendile saab samaaegselt paigaldada kuni kolm t\u00f6\u00f6riistaotsakut, et muuta keevis\u00f5mbluse ettevalmistust\u00f6\u00f6d kiireks ja lihtsaks.<br \/>\nSaadaval on nii standardsed kui ka eritellimusel valmistatud t\u00f6\u00f6riistaotsikud. V- ja J-soonte ettevalmistamiseks erinevate kaldnurkade loomiseks<br \/>\nLisavarustusena saadaval olev v\u00e4ike spindliketas ja hammasratasv\u00f5ti v\u00f5imaldavad torude t\u00f6\u00f6tlemist raskesti ligip\u00e4\u00e4setavates ja ruumilt piiratud kohtades<br \/>\nSaab t\u00f6\u00f6tada kvaliteetse v\u00f5imsa pneumaatilise mootori, tippkvaliteediga suure p\u00f6\u00f6rdemomendiga elektrimootori v\u00f5i akutoitel, olenevalt objekti tingimustest ja kliendi eelistustest<br \/>\nL\u00f5ppkasutaja saab valida LiHD (k\u00f5rge tihedusega liitiumioonaku) akude vahel mahutavusega 4,0 Ah, 5,5 Ah v\u00f5i 10,0 Ah, millel on pikem eluiga, suurem v\u00f5imsus ja pikem t\u00f6\u00f6aeg kui tavalistel liitiumakudel<br \/>\n2-aastane garantii<\/p>\n<p>Rohkem teavet:<\/p>\n<blockquote class=\"wp-embedded-content\" data-secret=\"RiOoZjfDgK\"><p><a href=\"https:\/\/www.promotech.eu\/product\/pro-5-pb-compact-pipe-beveler\/\">PRO-5 PB | Portable Pipe Beveler<\/a><\/p><\/blockquote>\n<p><iframe class=\"wp-embedded-content\" sandbox=\"allow-scripts\" security=\"restricted\" style=\"position: absolute; clip: rect(1px, 1px, 1px, 1px);\" title=\"&#8222;PRO-5 PB | Portable Pipe Beveler&#8221; &#8212; PROMOTECH\" src=\"https:\/\/www.promotech.eu\/product\/pro-5-pb-compact-pipe-beveler\/embed\/#?secret=Fec9LGMxWD#?secret=RiOoZjfDgK\" data-secret=\"RiOoZjfDgK\" width=\"600\" height=\"338\" frameborder=\"0\" marginwidth=\"0\" marginheight=\"0\" scrolling=\"no\"><\/iframe><\/p>\n","protected":false},"excerpt":{"rendered":"<p>PRO-5 PB on k\u00e4ep\u00e4rane ja kerge kaasaskantav kaldl\u00f5ikur, mis on loodud ideaalse keevis\u00f5mbluse ettevalmistamise serva loomiseks s\u00fcsinik- ja roostevabast terasest, alumiiniumisulamitest ja vasknikkel\u00fchenditest torudele. Saadaval kas pneumaatilise mootori, elektrimootori v\u00f5i akutoitel ning kaldl\u00f5ikurit saab paigaldada torusse v\u00f5i torustikku, mille minimaalne sisel\u00e4bim\u00f5\u00f5t on 32 mm (1,25 tolli) ja kaldl\u00f5ikuri v\u00e4lisl\u00e4bim\u00f5\u00f5t kuni 140 mm (5,51 tolli). Kolme&#8230;<\/p>\n","protected":false},"featured_media":12738,"template":"","meta":[],"product_cat":[325,119],"product_tag":[],"yoast_head":"<!-- This site is optimized with the Yoast SEO plugin v18.4.1 - https:\/\/yoast.com\/wordpress\/plugins\/seo\/ -->\n<title>Promotech PRO-5 PB | Kaasaskantav toru faasimismasin<\/title>\n<meta name=\"robots\" content=\"index, follow, max-snippet:-1, max-image-preview:large, max-video-preview:-1\" \/>\n<link rel=\"canonical\" href=\"https:\/\/spectrebaltics.com\/toode\/promotech-pro-5-pb-kaasaskantav-toru-faasimismasin\/\" \/>\n<meta property=\"og:locale\" content=\"ru_RU\" \/>\n<meta property=\"og:type\" content=\"article\" \/>\n<meta property=\"og:title\" content=\"Promotech PRO-5 PB | Kaasaskantav toru faasimismasin\" \/>\n<meta property=\"og:description\" content=\"PRO-5 PB on k\u00e4ep\u00e4rane ja kerge kaasaskantav kaldl\u00f5ikur, mis on loodud ideaalse keevis\u00f5mbluse ettevalmistamise serva loomiseks s\u00fcsinik- ja roostevabast terasest, alumiiniumisulamitest ja vasknikkel\u00fchenditest torudele. Saadaval kas pneumaatilise mootori, elektrimootori v\u00f5i akutoitel ning kaldl\u00f5ikurit saab paigaldada torusse v\u00f5i torustikku, mille minimaalne sisel\u00e4bim\u00f5\u00f5t on 32 mm (1,25 tolli) ja kaldl\u00f5ikuri v\u00e4lisl\u00e4bim\u00f5\u00f5t kuni 140 mm (5,51 tolli). Kolme...\" \/>\n<meta property=\"og:url\" content=\"https:\/\/spectrebaltics.com\/toode\/promotech-pro-5-pb-kaasaskantav-toru-faasimismasin\/\" \/>\n<meta property=\"og:site_name\" content=\"Spectrebaltics\" \/>\n<meta property=\"og:image\" content=\"https:\/\/spectrebaltics.com\/wp-content\/uploads\/2026\/05\/pro-5-pb-portable-pipe-beveller.png\" \/>\n\t<meta property=\"og:image:width\" content=\"900\" \/>\n\t<meta property=\"og:image:height\" content=\"900\" \/>\n\t<meta property=\"og:image:type\" content=\"image\/png\" \/>\n<meta name=\"twitter:card\" content=\"summary_large_image\" \/>\n<meta name=\"twitter:label1\" content=\"\u041f\u0440\u0438\u043c\u0435\u0440\u043d\u043e\u0435 \u0432\u0440\u0435\u043c\u044f \u0434\u043b\u044f \u0447\u0442\u0435\u043d\u0438\u044f\" \/>\n\t<meta name=\"twitter:data1\" content=\"1 \u043c\u0438\u043d\u0443\u0442\u0430\" \/>\n<script type=\"application\/ld+json\" class=\"yoast-schema-graph\">{\"@context\":\"https:\/\/schema.org\",\"@graph\":[{\"@type\":\"Organization\",\"@id\":\"https:\/\/spectrebaltics.com\/ru\/#organization\",\"name\":\"Spectrebaltics\",\"url\":\"https:\/\/spectrebaltics.com\/ru\/\",\"sameAs\":[],\"logo\":{\"@type\":\"ImageObject\",\"@id\":\"https:\/\/spectrebaltics.com\/ru\/#logo\",\"inLanguage\":\"ru-RU\",\"url\":\"https:\/\/spectrebaltics.com\/wp-content\/uploads\/2024\/03\/Spectrebaltics-logo.svg\",\"contentUrl\":\"https:\/\/spectrebaltics.com\/wp-content\/uploads\/2024\/03\/Spectrebaltics-logo.svg\",\"caption\":\"Spectrebaltics\"},\"image\":{\"@id\":\"https:\/\/spectrebaltics.com\/ru\/#logo\"}},{\"@type\":\"WebSite\",\"@id\":\"https:\/\/spectrebaltics.com\/ru\/#website\",\"url\":\"https:\/\/spectrebaltics.com\/ru\/\",\"name\":\"Spectrebaltics\",\"description\":\"\",\"publisher\":{\"@id\":\"https:\/\/spectrebaltics.com\/ru\/#organization\"},\"potentialAction\":[{\"@type\":\"SearchAction\",\"target\":{\"@type\":\"EntryPoint\",\"urlTemplate\":\"https:\/\/spectrebaltics.com\/ru\/?s={search_term_string}\"},\"query-input\":\"required name=search_term_string\"}],\"inLanguage\":\"ru-RU\"},{\"@type\":\"ImageObject\",\"@id\":\"https:\/\/spectrebaltics.com\/toode\/promotech-pro-5-pb-kaasaskantav-toru-faasimismasin\/#primaryimage\",\"inLanguage\":\"ru-RU\",\"url\":\"https:\/\/spectrebaltics.com\/wp-content\/uploads\/2026\/05\/pro-5-pb-portable-pipe-beveller.png\",\"contentUrl\":\"https:\/\/spectrebaltics.com\/wp-content\/uploads\/2026\/05\/pro-5-pb-portable-pipe-beveller.png\",\"width\":900,\"height\":900},{\"@type\":\"WebPage\",\"@id\":\"https:\/\/spectrebaltics.com\/toode\/promotech-pro-5-pb-kaasaskantav-toru-faasimismasin\/#webpage\",\"url\":\"https:\/\/spectrebaltics.com\/toode\/promotech-pro-5-pb-kaasaskantav-toru-faasimismasin\/\",\"name\":\"Promotech PRO-5 PB | Kaasaskantav toru faasimismasin\",\"isPartOf\":{\"@id\":\"https:\/\/spectrebaltics.com\/ru\/#website\"},\"primaryImageOfPage\":{\"@id\":\"https:\/\/spectrebaltics.com\/toode\/promotech-pro-5-pb-kaasaskantav-toru-faasimismasin\/#primaryimage\"},\"datePublished\":\"2026-05-05T11:51:44+00:00\",\"dateModified\":\"2026-05-05T11:51:44+00:00\",\"breadcrumb\":{\"@id\":\"https:\/\/spectrebaltics.com\/toode\/promotech-pro-5-pb-kaasaskantav-toru-faasimismasin\/#breadcrumb\"},\"inLanguage\":\"ru-RU\",\"potentialAction\":[{\"@type\":\"ReadAction\",\"target\":[\"https:\/\/spectrebaltics.com\/toode\/promotech-pro-5-pb-kaasaskantav-toru-faasimismasin\/\"]}]},{\"@type\":\"BreadcrumbList\",\"@id\":\"https:\/\/spectrebaltics.com\/toode\/promotech-pro-5-pb-kaasaskantav-toru-faasimismasin\/#breadcrumb\",\"itemListElement\":[{\"@type\":\"ListItem\",\"position\":1,\"name\":\"Home\",\"item\":\"https:\/\/spectrebaltics.com\/ru\/\"},{\"@type\":\"ListItem\",\"position\":2,\"name\":\"\u041a\u0430\u0442\u0430\u043b\u043e\u0433\",\"item\":\"https:\/\/spectrebaltics.com\/ru\/katalog\/\"},{\"@type\":\"ListItem\",\"position\":3,\"name\":\"Promotech PRO-5 PB | Kaasaskantav toru faasimismasin\"}]}]}<\/script>\n<!-- \/ Yoast SEO plugin. -->","yoast_head_json":{"title":"Promotech PRO-5 PB | Kaasaskantav toru faasimismasin","robots":{"index":"index","follow":"follow","max-snippet":"max-snippet:-1","max-image-preview":"max-image-preview:large","max-video-preview":"max-video-preview:-1"},"canonical":"https:\/\/spectrebaltics.com\/toode\/promotech-pro-5-pb-kaasaskantav-toru-faasimismasin\/","og_locale":"ru_RU","og_type":"article","og_title":"Promotech PRO-5 PB | Kaasaskantav toru faasimismasin","og_description":"PRO-5 PB on k\u00e4ep\u00e4rane ja kerge kaasaskantav kaldl\u00f5ikur, mis on loodud ideaalse keevis\u00f5mbluse ettevalmistamise serva loomiseks s\u00fcsinik- ja roostevabast terasest, alumiiniumisulamitest ja vasknikkel\u00fchenditest torudele. Saadaval kas pneumaatilise mootori, elektrimootori v\u00f5i akutoitel ning kaldl\u00f5ikurit saab paigaldada torusse v\u00f5i torustikku, mille minimaalne sisel\u00e4bim\u00f5\u00f5t on 32 mm (1,25 tolli) ja kaldl\u00f5ikuri v\u00e4lisl\u00e4bim\u00f5\u00f5t kuni 140 mm (5,51 tolli). Kolme...","og_url":"https:\/\/spectrebaltics.com\/toode\/promotech-pro-5-pb-kaasaskantav-toru-faasimismasin\/","og_site_name":"Spectrebaltics","og_image":[{"width":900,"height":900,"url":"https:\/\/spectrebaltics.com\/wp-content\/uploads\/2026\/05\/pro-5-pb-portable-pipe-beveller.png","type":"image\/png"}],"twitter_card":"summary_large_image","twitter_misc":{"\u041f\u0440\u0438\u043c\u0435\u0440\u043d\u043e\u0435 \u0432\u0440\u0435\u043c\u044f \u0434\u043b\u044f \u0447\u0442\u0435\u043d\u0438\u044f":"1 \u043c\u0438\u043d\u0443\u0442\u0430"},"schema":{"@context":"https:\/\/schema.org","@graph":[{"@type":"Organization","@id":"https:\/\/spectrebaltics.com\/ru\/#organization","name":"Spectrebaltics","url":"https:\/\/spectrebaltics.com\/ru\/","sameAs":[],"logo":{"@type":"ImageObject","@id":"https:\/\/spectrebaltics.com\/ru\/#logo","inLanguage":"ru-RU","url":"https:\/\/spectrebaltics.com\/wp-content\/uploads\/2024\/03\/Spectrebaltics-logo.svg","contentUrl":"https:\/\/spectrebaltics.com\/wp-content\/uploads\/2024\/03\/Spectrebaltics-logo.svg","caption":"Spectrebaltics"},"image":{"@id":"https:\/\/spectrebaltics.com\/ru\/#logo"}},{"@type":"WebSite","@id":"https:\/\/spectrebaltics.com\/ru\/#website","url":"https:\/\/spectrebaltics.com\/ru\/","name":"Spectrebaltics","description":"","publisher":{"@id":"https:\/\/spectrebaltics.com\/ru\/#organization"},"potentialAction":[{"@type":"SearchAction","target":{"@type":"EntryPoint","urlTemplate":"https:\/\/spectrebaltics.com\/ru\/?s={search_term_string}"},"query-input":"required name=search_term_string"}],"inLanguage":"ru-RU"},{"@type":"ImageObject","@id":"https:\/\/spectrebaltics.com\/toode\/promotech-pro-5-pb-kaasaskantav-toru-faasimismasin\/#primaryimage","inLanguage":"ru-RU","url":"https:\/\/spectrebaltics.com\/wp-content\/uploads\/2026\/05\/pro-5-pb-portable-pipe-beveller.png","contentUrl":"https:\/\/spectrebaltics.com\/wp-content\/uploads\/2026\/05\/pro-5-pb-portable-pipe-beveller.png","width":900,"height":900},{"@type":"WebPage","@id":"https:\/\/spectrebaltics.com\/toode\/promotech-pro-5-pb-kaasaskantav-toru-faasimismasin\/#webpage","url":"https:\/\/spectrebaltics.com\/toode\/promotech-pro-5-pb-kaasaskantav-toru-faasimismasin\/","name":"Promotech PRO-5 PB | Kaasaskantav toru faasimismasin","isPartOf":{"@id":"https:\/\/spectrebaltics.com\/ru\/#website"},"primaryImageOfPage":{"@id":"https:\/\/spectrebaltics.com\/toode\/promotech-pro-5-pb-kaasaskantav-toru-faasimismasin\/#primaryimage"},"datePublished":"2026-05-05T11:51:44+00:00","dateModified":"2026-05-05T11:51:44+00:00","breadcrumb":{"@id":"https:\/\/spectrebaltics.com\/toode\/promotech-pro-5-pb-kaasaskantav-toru-faasimismasin\/#breadcrumb"},"inLanguage":"ru-RU","potentialAction":[{"@type":"ReadAction","target":["https:\/\/spectrebaltics.com\/toode\/promotech-pro-5-pb-kaasaskantav-toru-faasimismasin\/"]}]},{"@type":"BreadcrumbList","@id":"https:\/\/spectrebaltics.com\/toode\/promotech-pro-5-pb-kaasaskantav-toru-faasimismasin\/#breadcrumb","itemListElement":[{"@type":"ListItem","position":1,"name":"Home","item":"https:\/\/spectrebaltics.com\/ru\/"},{"@type":"ListItem","position":2,"name":"\u041a\u0430\u0442\u0430\u043b\u043e\u0433","item":"https:\/\/spectrebaltics.com\/ru\/katalog\/"},{"@type":"ListItem","position":3,"name":"Promotech PRO-5 PB | Kaasaskantav toru faasimismasin"}]}]}},"_links":{"self":[{"href":"https:\/\/spectrebaltics.com\/ru\/wp-json\/wp\/v2\/product\/12737"}],"collection":[{"href":"https:\/\/spectrebaltics.com\/ru\/wp-json\/wp\/v2\/product"}],"about":[{"href":"https:\/\/spectrebaltics.com\/ru\/wp-json\/wp\/v2\/types\/product"}],"wp:featuredmedia":[{"embeddable":true,"href":"https:\/\/spectrebaltics.com\/ru\/wp-json\/wp\/v2\/media\/12738"}],"wp:attachment":[{"href":"https:\/\/spectrebaltics.com\/ru\/wp-json\/wp\/v2\/media?parent=12737"}],"wp:term":[{"taxonomy":"product_cat","embeddable":true,"href":"https:\/\/spectrebaltics.com\/ru\/wp-json\/wp\/v2\/product_cat?post=12737"},{"taxonomy":"product_tag","embeddable":true,"href":"https:\/\/spectrebaltics.com\/ru\/wp-json\/wp\/v2\/product_tag?post=12737"}],"curies":[{"name":"wp","href":"https:\/\/api.w.org\/{rel}","templated":true}]}}