{"id":12745,"date":"2026-05-05T11:56:56","date_gmt":"2026-05-05T11:56:56","guid":{"rendered":"https:\/\/spectrebaltics.com\/?post_type=product&#038;p=12745"},"modified":"2026-05-05T11:56:56","modified_gmt":"2026-05-05T11:56:56","slug":"promotech-pro-40-pbs-statsionaarne-torude-kaldloikur","status":"publish","type":"product","link":"https:\/\/spectrebaltics.com\/ru\/toode\/promotech-pro-40-pbs-statsionaarne-torude-kaldloikur\/","title":{"rendered":"Promotech PRO-40 PBS | Statsionaarne torude kaldl\u00f5ikur"},"content":{"rendered":"<p>PRO-40 PBS on suure l\u00e4bim\u00f5\u00f5duga statsionaarne masin torude, paakide v\u00f5i torude kaldl\u00f5ikamiseks ja otstega t\u00f6\u00f6tlemiseks l\u00e4bim\u00f5\u00f5duga alates 200 mm (8 tolli) kuni 1000 mm (40 tolli). Kiire p\u00f6\u00f6rleva freespea vahetatavate l\u00f5iketeradega v\u00f5imaldab efektiivset ja efektiivset t\u00f6\u00f6tlemist kalde laiusega kuni 45 mm (1-3\/4\u201d) nurkade vahemikus 0\u00b0 kuni 60\u00b0. Lisatarvikud laiendavad PRO-40 PBS-i rakendusv\u00f5imalusi, et luua kuni 20 mm laiuseid sisemisi kalde ja R6 v\u00f5i R8 J-soone otsa ettevalmistust.<\/p>\n<p>L\u00e4bim\u00f5\u00f5t 200 mm kuni 1000 mm, mis v\u00f5imaldab t\u00f6\u00f6delda enamikku tavalistest rakendustest<br \/>\nPidevalt reguleeritav kaldenurk vahemikus 0 kuni 60 kraadi<br \/>\nV\u00f5ib l\u00f5igata s\u00fcsinik- v\u00f5i roostevabast terasest torusid<br \/>\nValikuline ovaalne toru j\u00e4lgimise kinnitus v\u00f5imaldab \u00fchtlast aluse\/juure paksust (saadaval nii uue masinaga kui ka moderniseerimiseks)<br \/>\nMaksimaalne lubatud toru kaal kuni 10 000 kg valikuliste terasrullikutega<br \/>\n\u00dclekoormuskaitse mootorikahjustuste v\u00e4ltimiseks<br \/>\nPRO-40 PBS toodab t\u00e4pseid kalde murdosa ajaga, mis kulub traditsioonilisele \u00fchepunktilisele t\u00f6\u00f6tlemisele, s\u00e4\u00e4stes aega ja raha ning parandades t\u00e4psust<br \/>\n2-aastane garantii<\/p>\n<p>Rohkem teavet:<\/p>\n<blockquote class=\"wp-embedded-content\" data-secret=\"8LExzc98EQ\"><p><a href=\"https:\/\/www.promotech.eu\/product\/pro-40-pbs-stationary-pipe-beveling-machine\/\">PRO-40 PBS | Stationary Pipe Beveling Machine<\/a><\/p><\/blockquote>\n<p><iframe class=\"wp-embedded-content\" sandbox=\"allow-scripts\" security=\"restricted\" style=\"position: absolute; clip: rect(1px, 1px, 1px, 1px);\" title=\"&#8222;PRO-40 PBS | Stationary Pipe Beveling Machine&#8221; &#8212; PROMOTECH\" src=\"https:\/\/www.promotech.eu\/product\/pro-40-pbs-stationary-pipe-beveling-machine\/embed\/#?secret=VDL5SHKk14#?secret=8LExzc98EQ\" data-secret=\"8LExzc98EQ\" width=\"600\" height=\"338\" frameborder=\"0\" marginwidth=\"0\" marginheight=\"0\" scrolling=\"no\"><\/iframe><\/p>\n","protected":false},"excerpt":{"rendered":"<p>PRO-40 PBS on suure l\u00e4bim\u00f5\u00f5duga statsionaarne masin torude, paakide v\u00f5i torude kaldl\u00f5ikamiseks ja otstega t\u00f6\u00f6tlemiseks l\u00e4bim\u00f5\u00f5duga alates 200 mm (8 tolli) kuni 1000 mm (40 tolli). Kiire p\u00f6\u00f6rleva freespea vahetatavate l\u00f5iketeradega v\u00f5imaldab efektiivset ja efektiivset t\u00f6\u00f6tlemist kalde laiusega kuni 45 mm (1-3\/4\u201d) nurkade vahemikus 0\u00b0 kuni 60\u00b0. Lisatarvikud laiendavad PRO-40 PBS-i rakendusv\u00f5imalusi, et luua kuni&#8230;<\/p>\n","protected":false},"featured_media":12746,"template":"","meta":[],"product_cat":[325,119],"product_tag":[],"yoast_head":"<!-- This site is optimized with the Yoast SEO plugin v18.4.1 - https:\/\/yoast.com\/wordpress\/plugins\/seo\/ -->\n<title>Promotech PRO-40 PBS | Statsionaarne torude kaldl\u00f5ikur<\/title>\n<meta name=\"robots\" content=\"index, follow, max-snippet:-1, max-image-preview:large, max-video-preview:-1\" \/>\n<link rel=\"canonical\" href=\"https:\/\/spectrebaltics.com\/toode\/promotech-pro-40-pbs-statsionaarne-torude-kaldloikur\/\" \/>\n<meta property=\"og:locale\" content=\"ru_RU\" \/>\n<meta property=\"og:type\" content=\"article\" \/>\n<meta property=\"og:title\" content=\"Promotech PRO-40 PBS | Statsionaarne torude kaldl\u00f5ikur\" \/>\n<meta property=\"og:description\" content=\"PRO-40 PBS on suure l\u00e4bim\u00f5\u00f5duga statsionaarne masin torude, paakide v\u00f5i torude kaldl\u00f5ikamiseks ja otstega t\u00f6\u00f6tlemiseks l\u00e4bim\u00f5\u00f5duga alates 200 mm (8 tolli) kuni 1000 mm (40 tolli). Kiire p\u00f6\u00f6rleva freespea vahetatavate l\u00f5iketeradega v\u00f5imaldab efektiivset ja efektiivset t\u00f6\u00f6tlemist kalde laiusega kuni 45 mm (1-3\/4\u201d) nurkade vahemikus 0\u00b0 kuni 60\u00b0. Lisatarvikud laiendavad PRO-40 PBS-i rakendusv\u00f5imalusi, et luua kuni...\" \/>\n<meta property=\"og:url\" content=\"https:\/\/spectrebaltics.com\/toode\/promotech-pro-40-pbs-statsionaarne-torude-kaldloikur\/\" \/>\n<meta property=\"og:site_name\" content=\"Spectrebaltics\" \/>\n<meta name=\"twitter:card\" content=\"summary_large_image\" \/>\n<meta name=\"twitter:image\" content=\"https:\/\/spectrebaltics.com\/wp-content\/uploads\/2026\/05\/bevelling-pro-40-pbs-feature-image-v1-900x596-1.webp\" \/>\n<meta name=\"twitter:label1\" content=\"\u041f\u0440\u0438\u043c\u0435\u0440\u043d\u043e\u0435 \u0432\u0440\u0435\u043c\u044f \u0434\u043b\u044f \u0447\u0442\u0435\u043d\u0438\u044f\" \/>\n\t<meta name=\"twitter:data1\" content=\"1 \u043c\u0438\u043d\u0443\u0442\u0430\" \/>\n<script type=\"application\/ld+json\" class=\"yoast-schema-graph\">{\"@context\":\"https:\/\/schema.org\",\"@graph\":[{\"@type\":\"Organization\",\"@id\":\"https:\/\/spectrebaltics.com\/ru\/#organization\",\"name\":\"Spectrebaltics\",\"url\":\"https:\/\/spectrebaltics.com\/ru\/\",\"sameAs\":[],\"logo\":{\"@type\":\"ImageObject\",\"@id\":\"https:\/\/spectrebaltics.com\/ru\/#logo\",\"inLanguage\":\"ru-RU\",\"url\":\"https:\/\/spectrebaltics.com\/wp-content\/uploads\/2024\/03\/Spectrebaltics-logo.svg\",\"contentUrl\":\"https:\/\/spectrebaltics.com\/wp-content\/uploads\/2024\/03\/Spectrebaltics-logo.svg\",\"caption\":\"Spectrebaltics\"},\"image\":{\"@id\":\"https:\/\/spectrebaltics.com\/ru\/#logo\"}},{\"@type\":\"WebSite\",\"@id\":\"https:\/\/spectrebaltics.com\/ru\/#website\",\"url\":\"https:\/\/spectrebaltics.com\/ru\/\",\"name\":\"Spectrebaltics\",\"description\":\"\",\"publisher\":{\"@id\":\"https:\/\/spectrebaltics.com\/ru\/#organization\"},\"potentialAction\":[{\"@type\":\"SearchAction\",\"target\":{\"@type\":\"EntryPoint\",\"urlTemplate\":\"https:\/\/spectrebaltics.com\/ru\/?s={search_term_string}\"},\"query-input\":\"required name=search_term_string\"}],\"inLanguage\":\"ru-RU\"},{\"@type\":\"ImageObject\",\"@id\":\"https:\/\/spectrebaltics.com\/toode\/promotech-pro-40-pbs-statsionaarne-torude-kaldloikur\/#primaryimage\",\"inLanguage\":\"ru-RU\",\"url\":\"https:\/\/spectrebaltics.com\/wp-content\/uploads\/2026\/05\/bevelling-pro-40-pbs-feature-image-v1-900x596-1.webp\",\"contentUrl\":\"https:\/\/spectrebaltics.com\/wp-content\/uploads\/2026\/05\/bevelling-pro-40-pbs-feature-image-v1-900x596-1.webp\",\"width\":900,\"height\":596},{\"@type\":\"WebPage\",\"@id\":\"https:\/\/spectrebaltics.com\/toode\/promotech-pro-40-pbs-statsionaarne-torude-kaldloikur\/#webpage\",\"url\":\"https:\/\/spectrebaltics.com\/toode\/promotech-pro-40-pbs-statsionaarne-torude-kaldloikur\/\",\"name\":\"Promotech PRO-40 PBS | Statsionaarne torude kaldl\u00f5ikur\",\"isPartOf\":{\"@id\":\"https:\/\/spectrebaltics.com\/ru\/#website\"},\"primaryImageOfPage\":{\"@id\":\"https:\/\/spectrebaltics.com\/toode\/promotech-pro-40-pbs-statsionaarne-torude-kaldloikur\/#primaryimage\"},\"datePublished\":\"2026-05-05T11:56:56+00:00\",\"dateModified\":\"2026-05-05T11:56:56+00:00\",\"breadcrumb\":{\"@id\":\"https:\/\/spectrebaltics.com\/toode\/promotech-pro-40-pbs-statsionaarne-torude-kaldloikur\/#breadcrumb\"},\"inLanguage\":\"ru-RU\",\"potentialAction\":[{\"@type\":\"ReadAction\",\"target\":[\"https:\/\/spectrebaltics.com\/toode\/promotech-pro-40-pbs-statsionaarne-torude-kaldloikur\/\"]}]},{\"@type\":\"BreadcrumbList\",\"@id\":\"https:\/\/spectrebaltics.com\/toode\/promotech-pro-40-pbs-statsionaarne-torude-kaldloikur\/#breadcrumb\",\"itemListElement\":[{\"@type\":\"ListItem\",\"position\":1,\"name\":\"Home\",\"item\":\"https:\/\/spectrebaltics.com\/ru\/\"},{\"@type\":\"ListItem\",\"position\":2,\"name\":\"\u041a\u0430\u0442\u0430\u043b\u043e\u0433\",\"item\":\"https:\/\/spectrebaltics.com\/ru\/katalog\/\"},{\"@type\":\"ListItem\",\"position\":3,\"name\":\"Promotech PRO-40 PBS | Statsionaarne torude kaldl\u00f5ikur\"}]}]}<\/script>\n<!-- \/ Yoast SEO plugin. -->","yoast_head_json":{"title":"Promotech PRO-40 PBS | Statsionaarne torude kaldl\u00f5ikur","robots":{"index":"index","follow":"follow","max-snippet":"max-snippet:-1","max-image-preview":"max-image-preview:large","max-video-preview":"max-video-preview:-1"},"canonical":"https:\/\/spectrebaltics.com\/toode\/promotech-pro-40-pbs-statsionaarne-torude-kaldloikur\/","og_locale":"ru_RU","og_type":"article","og_title":"Promotech PRO-40 PBS | Statsionaarne torude kaldl\u00f5ikur","og_description":"PRO-40 PBS on suure l\u00e4bim\u00f5\u00f5duga statsionaarne masin torude, paakide v\u00f5i torude kaldl\u00f5ikamiseks ja otstega t\u00f6\u00f6tlemiseks l\u00e4bim\u00f5\u00f5duga alates 200 mm (8 tolli) kuni 1000 mm (40 tolli). Kiire p\u00f6\u00f6rleva freespea vahetatavate l\u00f5iketeradega v\u00f5imaldab efektiivset ja efektiivset t\u00f6\u00f6tlemist kalde laiusega kuni 45 mm (1-3\/4\u201d) nurkade vahemikus 0\u00b0 kuni 60\u00b0. Lisatarvikud laiendavad PRO-40 PBS-i rakendusv\u00f5imalusi, et luua kuni...","og_url":"https:\/\/spectrebaltics.com\/toode\/promotech-pro-40-pbs-statsionaarne-torude-kaldloikur\/","og_site_name":"Spectrebaltics","twitter_card":"summary_large_image","twitter_image":"https:\/\/spectrebaltics.com\/wp-content\/uploads\/2026\/05\/bevelling-pro-40-pbs-feature-image-v1-900x596-1.webp","twitter_misc":{"\u041f\u0440\u0438\u043c\u0435\u0440\u043d\u043e\u0435 \u0432\u0440\u0435\u043c\u044f \u0434\u043b\u044f \u0447\u0442\u0435\u043d\u0438\u044f":"1 \u043c\u0438\u043d\u0443\u0442\u0430"},"schema":{"@context":"https:\/\/schema.org","@graph":[{"@type":"Organization","@id":"https:\/\/spectrebaltics.com\/ru\/#organization","name":"Spectrebaltics","url":"https:\/\/spectrebaltics.com\/ru\/","sameAs":[],"logo":{"@type":"ImageObject","@id":"https:\/\/spectrebaltics.com\/ru\/#logo","inLanguage":"ru-RU","url":"https:\/\/spectrebaltics.com\/wp-content\/uploads\/2024\/03\/Spectrebaltics-logo.svg","contentUrl":"https:\/\/spectrebaltics.com\/wp-content\/uploads\/2024\/03\/Spectrebaltics-logo.svg","caption":"Spectrebaltics"},"image":{"@id":"https:\/\/spectrebaltics.com\/ru\/#logo"}},{"@type":"WebSite","@id":"https:\/\/spectrebaltics.com\/ru\/#website","url":"https:\/\/spectrebaltics.com\/ru\/","name":"Spectrebaltics","description":"","publisher":{"@id":"https:\/\/spectrebaltics.com\/ru\/#organization"},"potentialAction":[{"@type":"SearchAction","target":{"@type":"EntryPoint","urlTemplate":"https:\/\/spectrebaltics.com\/ru\/?s={search_term_string}"},"query-input":"required name=search_term_string"}],"inLanguage":"ru-RU"},{"@type":"ImageObject","@id":"https:\/\/spectrebaltics.com\/toode\/promotech-pro-40-pbs-statsionaarne-torude-kaldloikur\/#primaryimage","inLanguage":"ru-RU","url":"https:\/\/spectrebaltics.com\/wp-content\/uploads\/2026\/05\/bevelling-pro-40-pbs-feature-image-v1-900x596-1.webp","contentUrl":"https:\/\/spectrebaltics.com\/wp-content\/uploads\/2026\/05\/bevelling-pro-40-pbs-feature-image-v1-900x596-1.webp","width":900,"height":596},{"@type":"WebPage","@id":"https:\/\/spectrebaltics.com\/toode\/promotech-pro-40-pbs-statsionaarne-torude-kaldloikur\/#webpage","url":"https:\/\/spectrebaltics.com\/toode\/promotech-pro-40-pbs-statsionaarne-torude-kaldloikur\/","name":"Promotech PRO-40 PBS | Statsionaarne torude kaldl\u00f5ikur","isPartOf":{"@id":"https:\/\/spectrebaltics.com\/ru\/#website"},"primaryImageOfPage":{"@id":"https:\/\/spectrebaltics.com\/toode\/promotech-pro-40-pbs-statsionaarne-torude-kaldloikur\/#primaryimage"},"datePublished":"2026-05-05T11:56:56+00:00","dateModified":"2026-05-05T11:56:56+00:00","breadcrumb":{"@id":"https:\/\/spectrebaltics.com\/toode\/promotech-pro-40-pbs-statsionaarne-torude-kaldloikur\/#breadcrumb"},"inLanguage":"ru-RU","potentialAction":[{"@type":"ReadAction","target":["https:\/\/spectrebaltics.com\/toode\/promotech-pro-40-pbs-statsionaarne-torude-kaldloikur\/"]}]},{"@type":"BreadcrumbList","@id":"https:\/\/spectrebaltics.com\/toode\/promotech-pro-40-pbs-statsionaarne-torude-kaldloikur\/#breadcrumb","itemListElement":[{"@type":"ListItem","position":1,"name":"Home","item":"https:\/\/spectrebaltics.com\/ru\/"},{"@type":"ListItem","position":2,"name":"\u041a\u0430\u0442\u0430\u043b\u043e\u0433","item":"https:\/\/spectrebaltics.com\/ru\/katalog\/"},{"@type":"ListItem","position":3,"name":"Promotech PRO-40 PBS | Statsionaarne torude kaldl\u00f5ikur"}]}]}},"_links":{"self":[{"href":"https:\/\/spectrebaltics.com\/ru\/wp-json\/wp\/v2\/product\/12745"}],"collection":[{"href":"https:\/\/spectrebaltics.com\/ru\/wp-json\/wp\/v2\/product"}],"about":[{"href":"https:\/\/spectrebaltics.com\/ru\/wp-json\/wp\/v2\/types\/product"}],"wp:featuredmedia":[{"embeddable":true,"href":"https:\/\/spectrebaltics.com\/ru\/wp-json\/wp\/v2\/media\/12746"}],"wp:attachment":[{"href":"https:\/\/spectrebaltics.com\/ru\/wp-json\/wp\/v2\/media?parent=12745"}],"wp:term":[{"taxonomy":"product_cat","embeddable":true,"href":"https:\/\/spectrebaltics.com\/ru\/wp-json\/wp\/v2\/product_cat?post=12745"},{"taxonomy":"product_tag","embeddable":true,"href":"https:\/\/spectrebaltics.com\/ru\/wp-json\/wp\/v2\/product_tag?post=12745"}],"curies":[{"name":"wp","href":"https:\/\/api.w.org\/{rel}","templated":true}]}}