{"id":12761,"date":"2026-05-05T12:13:43","date_gmt":"2026-05-05T12:13:43","guid":{"rendered":"https:\/\/spectrebaltics.com\/?post_type=product&#038;p=12761"},"modified":"2026-05-05T12:13:43","modified_gmt":"2026-05-05T12:13:43","slug":"promotech-pro-60-110-hp-kaasaskantavad-hudraulilised-stantspingid","status":"publish","type":"product","link":"https:\/\/spectrebaltics.com\/ru\/toode\/promotech-pro-60-110-hp-kaasaskantavad-hudraulilised-stantspingid\/","title":{"rendered":"Promotech PRO-60\/110 HP | Kaasaskantavad h\u00fcdraulilised stantspingid"},"content":{"rendered":"<p>H\u00fcdraulilised stantsimismasinad PRO-60 HP ja PRO-110 HP teevad augud sekunditega, surudes l\u00e4bi metalldetaili t\u00f6\u00f6riista, mida nimetatakse stantsmatriitsiks. Need kaasaskantavad masinad on saadaval kahes mudelis, mille stantsimisv\u00f5imsus on 35 ja 47 tonni. Need kiirendavad erineva kujuga aukude ja pilude, n\u00e4iteks \u00fcmmarguste, piklike, ovaalsete v\u00f5i kuusnurksete aukude ja pilude tegemist l\u00e4bim\u00f5\u00f5duga kuni 27 mm. T\u00e4isautomaatse stantsi ja tagasit\u00f5mbamise kahetoimeline disain minimeerib ts\u00fckliaegu ja suurendab oluliselt tootlikkust.<\/p>\n<p>Intelligentne juhtimiss\u00fcsteem sissel\u00fclitamisega v\u00f5imaldab stantsi aeglaselt materjali poole l\u00fckata, v\u00f5imaldades protsessi katkestada.<br \/>\nAutomaatne koormuse tuvastamine k\u00e4ivitab augu tegemise protsessi alles siis, kui stants j\u00f5uab toorikuni.<br \/>\nKahetoimeline disain hoiab \u00e4ra stantsi kinnikiilumise ja kiirendab tagasit\u00f5mbumist.<br \/>\nLED-re\u017eiimi indikaatortuli n\u00e4itab protsessi praegust etappi.<br \/>\nKaitse juhusliku k\u00e4ivitamise eest.<br \/>\nValikuline eraldiseisev alus jalgpedaaliga v\u00f5imaldab seadet laual kasutada.<br \/>\nPatent ootel kompaktne liikuv h\u00fcdrauliline j\u00f5uallikas.<br \/>\n2-aastane garantii.<\/p>\n<p>Rohkem teavet:<\/p>\n<blockquote class=\"wp-embedded-content\" data-secret=\"MzgJuRgEPS\"><p><a href=\"https:\/\/www.promotech.eu\/product\/pro-60-110-hp-portable-hydraulic-punchers\/\">PRO-60\/110 HP | Portable Hydraulic Punchers<\/a><\/p><\/blockquote>\n<p><iframe class=\"wp-embedded-content\" sandbox=\"allow-scripts\" security=\"restricted\" style=\"position: absolute; clip: rect(1px, 1px, 1px, 1px);\" title=\"&#8222;PRO-60\/110 HP | Portable Hydraulic Punchers&#8221; &#8212; PROMOTECH\" src=\"https:\/\/www.promotech.eu\/product\/pro-60-110-hp-portable-hydraulic-punchers\/embed\/#?secret=GKGlxPikcz#?secret=MzgJuRgEPS\" data-secret=\"MzgJuRgEPS\" width=\"600\" height=\"338\" frameborder=\"0\" marginwidth=\"0\" marginheight=\"0\" scrolling=\"no\"><\/iframe><\/p>\n","protected":false},"excerpt":{"rendered":"<p>H\u00fcdraulilised stantsimismasinad PRO-60 HP ja PRO-110 HP teevad augud sekunditega, surudes l\u00e4bi metalldetaili t\u00f6\u00f6riista, mida nimetatakse stantsmatriitsiks. Need kaasaskantavad masinad on saadaval kahes mudelis, mille stantsimisv\u00f5imsus on 35 ja 47 tonni. Need kiirendavad erineva kujuga aukude ja pilude, n\u00e4iteks \u00fcmmarguste, piklike, ovaalsete v\u00f5i kuusnurksete aukude ja pilude tegemist l\u00e4bim\u00f5\u00f5duga kuni 27 mm. T\u00e4isautomaatse stantsi ja&#8230;<\/p>\n","protected":false},"featured_media":12762,"template":"","meta":[],"product_cat":[326,119],"product_tag":[],"yoast_head":"<!-- This site is optimized with the Yoast SEO plugin v18.4.1 - https:\/\/yoast.com\/wordpress\/plugins\/seo\/ -->\n<title>Promotech PRO-60\/110 HP | Kaasaskantavad h\u00fcdraulilised stantspingid<\/title>\n<meta name=\"robots\" content=\"index, follow, max-snippet:-1, max-image-preview:large, max-video-preview:-1\" \/>\n<link rel=\"canonical\" href=\"https:\/\/spectrebaltics.com\/toode\/promotech-pro-60-110-hp-kaasaskantavad-hudraulilised-stantspingid\/\" \/>\n<meta property=\"og:locale\" content=\"ru_RU\" \/>\n<meta property=\"og:type\" content=\"article\" \/>\n<meta property=\"og:title\" content=\"Promotech PRO-60\/110 HP | Kaasaskantavad h\u00fcdraulilised stantspingid\" \/>\n<meta property=\"og:description\" content=\"H\u00fcdraulilised stantsimismasinad PRO-60 HP ja PRO-110 HP teevad augud sekunditega, surudes l\u00e4bi metalldetaili t\u00f6\u00f6riista, mida nimetatakse stantsmatriitsiks. Need kaasaskantavad masinad on saadaval kahes mudelis, mille stantsimisv\u00f5imsus on 35 ja 47 tonni. Need kiirendavad erineva kujuga aukude ja pilude, n\u00e4iteks \u00fcmmarguste, piklike, ovaalsete v\u00f5i kuusnurksete aukude ja pilude tegemist l\u00e4bim\u00f5\u00f5duga kuni 27 mm. T\u00e4isautomaatse stantsi ja...\" \/>\n<meta property=\"og:url\" content=\"https:\/\/spectrebaltics.com\/toode\/promotech-pro-60-110-hp-kaasaskantavad-hudraulilised-stantspingid\/\" \/>\n<meta property=\"og:site_name\" content=\"Spectrebaltics\" \/>\n<meta property=\"og:image\" content=\"https:\/\/spectrebaltics.com\/wp-content\/uploads\/2026\/05\/portable-hydraulic-punchers-1.png\" \/>\n\t<meta property=\"og:image:width\" content=\"569\" \/>\n\t<meta property=\"og:image:height\" content=\"900\" \/>\n\t<meta property=\"og:image:type\" content=\"image\/png\" \/>\n<meta name=\"twitter:card\" content=\"summary_large_image\" \/>\n<meta name=\"twitter:label1\" content=\"\u041f\u0440\u0438\u043c\u0435\u0440\u043d\u043e\u0435 \u0432\u0440\u0435\u043c\u044f \u0434\u043b\u044f \u0447\u0442\u0435\u043d\u0438\u044f\" \/>\n\t<meta name=\"twitter:data1\" content=\"1 \u043c\u0438\u043d\u0443\u0442\u0430\" \/>\n<script type=\"application\/ld+json\" class=\"yoast-schema-graph\">{\"@context\":\"https:\/\/schema.org\",\"@graph\":[{\"@type\":\"Organization\",\"@id\":\"https:\/\/spectrebaltics.com\/ru\/#organization\",\"name\":\"Spectrebaltics\",\"url\":\"https:\/\/spectrebaltics.com\/ru\/\",\"sameAs\":[],\"logo\":{\"@type\":\"ImageObject\",\"@id\":\"https:\/\/spectrebaltics.com\/ru\/#logo\",\"inLanguage\":\"ru-RU\",\"url\":\"https:\/\/spectrebaltics.com\/wp-content\/uploads\/2024\/03\/Spectrebaltics-logo.svg\",\"contentUrl\":\"https:\/\/spectrebaltics.com\/wp-content\/uploads\/2024\/03\/Spectrebaltics-logo.svg\",\"caption\":\"Spectrebaltics\"},\"image\":{\"@id\":\"https:\/\/spectrebaltics.com\/ru\/#logo\"}},{\"@type\":\"WebSite\",\"@id\":\"https:\/\/spectrebaltics.com\/ru\/#website\",\"url\":\"https:\/\/spectrebaltics.com\/ru\/\",\"name\":\"Spectrebaltics\",\"description\":\"\",\"publisher\":{\"@id\":\"https:\/\/spectrebaltics.com\/ru\/#organization\"},\"potentialAction\":[{\"@type\":\"SearchAction\",\"target\":{\"@type\":\"EntryPoint\",\"urlTemplate\":\"https:\/\/spectrebaltics.com\/ru\/?s={search_term_string}\"},\"query-input\":\"required name=search_term_string\"}],\"inLanguage\":\"ru-RU\"},{\"@type\":\"ImageObject\",\"@id\":\"https:\/\/spectrebaltics.com\/toode\/promotech-pro-60-110-hp-kaasaskantavad-hudraulilised-stantspingid\/#primaryimage\",\"inLanguage\":\"ru-RU\",\"url\":\"https:\/\/spectrebaltics.com\/wp-content\/uploads\/2026\/05\/portable-hydraulic-punchers-1.png\",\"contentUrl\":\"https:\/\/spectrebaltics.com\/wp-content\/uploads\/2026\/05\/portable-hydraulic-punchers-1.png\",\"width\":569,\"height\":900},{\"@type\":\"WebPage\",\"@id\":\"https:\/\/spectrebaltics.com\/toode\/promotech-pro-60-110-hp-kaasaskantavad-hudraulilised-stantspingid\/#webpage\",\"url\":\"https:\/\/spectrebaltics.com\/toode\/promotech-pro-60-110-hp-kaasaskantavad-hudraulilised-stantspingid\/\",\"name\":\"Promotech PRO-60\/110 HP | Kaasaskantavad h\u00fcdraulilised stantspingid\",\"isPartOf\":{\"@id\":\"https:\/\/spectrebaltics.com\/ru\/#website\"},\"primaryImageOfPage\":{\"@id\":\"https:\/\/spectrebaltics.com\/toode\/promotech-pro-60-110-hp-kaasaskantavad-hudraulilised-stantspingid\/#primaryimage\"},\"datePublished\":\"2026-05-05T12:13:43+00:00\",\"dateModified\":\"2026-05-05T12:13:43+00:00\",\"breadcrumb\":{\"@id\":\"https:\/\/spectrebaltics.com\/toode\/promotech-pro-60-110-hp-kaasaskantavad-hudraulilised-stantspingid\/#breadcrumb\"},\"inLanguage\":\"ru-RU\",\"potentialAction\":[{\"@type\":\"ReadAction\",\"target\":[\"https:\/\/spectrebaltics.com\/toode\/promotech-pro-60-110-hp-kaasaskantavad-hudraulilised-stantspingid\/\"]}]},{\"@type\":\"BreadcrumbList\",\"@id\":\"https:\/\/spectrebaltics.com\/toode\/promotech-pro-60-110-hp-kaasaskantavad-hudraulilised-stantspingid\/#breadcrumb\",\"itemListElement\":[{\"@type\":\"ListItem\",\"position\":1,\"name\":\"Home\",\"item\":\"https:\/\/spectrebaltics.com\/ru\/\"},{\"@type\":\"ListItem\",\"position\":2,\"name\":\"\u041a\u0430\u0442\u0430\u043b\u043e\u0433\",\"item\":\"https:\/\/spectrebaltics.com\/ru\/katalog\/\"},{\"@type\":\"ListItem\",\"position\":3,\"name\":\"Promotech PRO-60\/110 HP | Kaasaskantavad h\u00fcdraulilised stantspingid\"}]}]}<\/script>\n<!-- \/ Yoast SEO plugin. -->","yoast_head_json":{"title":"Promotech PRO-60\/110 HP | Kaasaskantavad h\u00fcdraulilised stantspingid","robots":{"index":"index","follow":"follow","max-snippet":"max-snippet:-1","max-image-preview":"max-image-preview:large","max-video-preview":"max-video-preview:-1"},"canonical":"https:\/\/spectrebaltics.com\/toode\/promotech-pro-60-110-hp-kaasaskantavad-hudraulilised-stantspingid\/","og_locale":"ru_RU","og_type":"article","og_title":"Promotech PRO-60\/110 HP | Kaasaskantavad h\u00fcdraulilised stantspingid","og_description":"H\u00fcdraulilised stantsimismasinad PRO-60 HP ja PRO-110 HP teevad augud sekunditega, surudes l\u00e4bi metalldetaili t\u00f6\u00f6riista, mida nimetatakse stantsmatriitsiks. Need kaasaskantavad masinad on saadaval kahes mudelis, mille stantsimisv\u00f5imsus on 35 ja 47 tonni. Need kiirendavad erineva kujuga aukude ja pilude, n\u00e4iteks \u00fcmmarguste, piklike, ovaalsete v\u00f5i kuusnurksete aukude ja pilude tegemist l\u00e4bim\u00f5\u00f5duga kuni 27 mm. T\u00e4isautomaatse stantsi ja...","og_url":"https:\/\/spectrebaltics.com\/toode\/promotech-pro-60-110-hp-kaasaskantavad-hudraulilised-stantspingid\/","og_site_name":"Spectrebaltics","og_image":[{"width":569,"height":900,"url":"https:\/\/spectrebaltics.com\/wp-content\/uploads\/2026\/05\/portable-hydraulic-punchers-1.png","type":"image\/png"}],"twitter_card":"summary_large_image","twitter_misc":{"\u041f\u0440\u0438\u043c\u0435\u0440\u043d\u043e\u0435 \u0432\u0440\u0435\u043c\u044f \u0434\u043b\u044f \u0447\u0442\u0435\u043d\u0438\u044f":"1 \u043c\u0438\u043d\u0443\u0442\u0430"},"schema":{"@context":"https:\/\/schema.org","@graph":[{"@type":"Organization","@id":"https:\/\/spectrebaltics.com\/ru\/#organization","name":"Spectrebaltics","url":"https:\/\/spectrebaltics.com\/ru\/","sameAs":[],"logo":{"@type":"ImageObject","@id":"https:\/\/spectrebaltics.com\/ru\/#logo","inLanguage":"ru-RU","url":"https:\/\/spectrebaltics.com\/wp-content\/uploads\/2024\/03\/Spectrebaltics-logo.svg","contentUrl":"https:\/\/spectrebaltics.com\/wp-content\/uploads\/2024\/03\/Spectrebaltics-logo.svg","caption":"Spectrebaltics"},"image":{"@id":"https:\/\/spectrebaltics.com\/ru\/#logo"}},{"@type":"WebSite","@id":"https:\/\/spectrebaltics.com\/ru\/#website","url":"https:\/\/spectrebaltics.com\/ru\/","name":"Spectrebaltics","description":"","publisher":{"@id":"https:\/\/spectrebaltics.com\/ru\/#organization"},"potentialAction":[{"@type":"SearchAction","target":{"@type":"EntryPoint","urlTemplate":"https:\/\/spectrebaltics.com\/ru\/?s={search_term_string}"},"query-input":"required name=search_term_string"}],"inLanguage":"ru-RU"},{"@type":"ImageObject","@id":"https:\/\/spectrebaltics.com\/toode\/promotech-pro-60-110-hp-kaasaskantavad-hudraulilised-stantspingid\/#primaryimage","inLanguage":"ru-RU","url":"https:\/\/spectrebaltics.com\/wp-content\/uploads\/2026\/05\/portable-hydraulic-punchers-1.png","contentUrl":"https:\/\/spectrebaltics.com\/wp-content\/uploads\/2026\/05\/portable-hydraulic-punchers-1.png","width":569,"height":900},{"@type":"WebPage","@id":"https:\/\/spectrebaltics.com\/toode\/promotech-pro-60-110-hp-kaasaskantavad-hudraulilised-stantspingid\/#webpage","url":"https:\/\/spectrebaltics.com\/toode\/promotech-pro-60-110-hp-kaasaskantavad-hudraulilised-stantspingid\/","name":"Promotech PRO-60\/110 HP | Kaasaskantavad h\u00fcdraulilised stantspingid","isPartOf":{"@id":"https:\/\/spectrebaltics.com\/ru\/#website"},"primaryImageOfPage":{"@id":"https:\/\/spectrebaltics.com\/toode\/promotech-pro-60-110-hp-kaasaskantavad-hudraulilised-stantspingid\/#primaryimage"},"datePublished":"2026-05-05T12:13:43+00:00","dateModified":"2026-05-05T12:13:43+00:00","breadcrumb":{"@id":"https:\/\/spectrebaltics.com\/toode\/promotech-pro-60-110-hp-kaasaskantavad-hudraulilised-stantspingid\/#breadcrumb"},"inLanguage":"ru-RU","potentialAction":[{"@type":"ReadAction","target":["https:\/\/spectrebaltics.com\/toode\/promotech-pro-60-110-hp-kaasaskantavad-hudraulilised-stantspingid\/"]}]},{"@type":"BreadcrumbList","@id":"https:\/\/spectrebaltics.com\/toode\/promotech-pro-60-110-hp-kaasaskantavad-hudraulilised-stantspingid\/#breadcrumb","itemListElement":[{"@type":"ListItem","position":1,"name":"Home","item":"https:\/\/spectrebaltics.com\/ru\/"},{"@type":"ListItem","position":2,"name":"\u041a\u0430\u0442\u0430\u043b\u043e\u0433","item":"https:\/\/spectrebaltics.com\/ru\/katalog\/"},{"@type":"ListItem","position":3,"name":"Promotech PRO-60\/110 HP | Kaasaskantavad h\u00fcdraulilised stantspingid"}]}]}},"_links":{"self":[{"href":"https:\/\/spectrebaltics.com\/ru\/wp-json\/wp\/v2\/product\/12761"}],"collection":[{"href":"https:\/\/spectrebaltics.com\/ru\/wp-json\/wp\/v2\/product"}],"about":[{"href":"https:\/\/spectrebaltics.com\/ru\/wp-json\/wp\/v2\/types\/product"}],"wp:featuredmedia":[{"embeddable":true,"href":"https:\/\/spectrebaltics.com\/ru\/wp-json\/wp\/v2\/media\/12762"}],"wp:attachment":[{"href":"https:\/\/spectrebaltics.com\/ru\/wp-json\/wp\/v2\/media?parent=12761"}],"wp:term":[{"taxonomy":"product_cat","embeddable":true,"href":"https:\/\/spectrebaltics.com\/ru\/wp-json\/wp\/v2\/product_cat?post=12761"},{"taxonomy":"product_tag","embeddable":true,"href":"https:\/\/spectrebaltics.com\/ru\/wp-json\/wp\/v2\/product_tag?post=12761"}],"curies":[{"name":"wp","href":"https:\/\/api.w.org\/{rel}","templated":true}]}}